{"id":556,"date":"2017-03-31T12:54:32","date_gmt":"2017-03-31T15:54:32","guid":{"rendered":"http:\/\/pesquisas.face.ufmg.br\/time\/?page_id=556"},"modified":"2020-06-29T21:13:09","modified_gmt":"2020-06-30T00:13:09","slug":"para-quem-fazemos","status":"publish","type":"page","link":"https:\/\/pesquisas.face.ufmg.br\/time\/para-quem-fazemos\/","title":{"rendered":"Para quem fazemos?"},"content":{"rendered":"<h2><span style=\"color: #800000\">Atores internos a universidade<\/span><\/h2>\n<p>As a\u00e7\u00f5es do TIME UFMG visam em primeira inst\u00e2ncia promover a forma\u00e7\u00e3o dos pesquisadores (de gradua\u00e7\u00e3o, mestrado e doutorado), profissionais (colaboradores de parceiros) e membros da comunidade externa na \u00e1rea cient\u00edfica, gerencial e de inova\u00e7\u00e3o. Para que isso seja vi\u00e1vel \u00e9 necess\u00e1rio integrar parceiros, conceber redes, desenvolver projetos, promover o empreendedorismo e a integra\u00e7\u00e3o com os ecossistemas de inova\u00e7\u00e3o. Mas isso s\u00f3 \u00e9 poss\u00edvel a partir da maior integra\u00e7\u00e3o entre atores internos e externos a universidade, conforme se destaca abaixo.<\/p>\n<h2><span style=\"color: #800000\">Atores e parceiros externos a universidade<\/span><\/h2>\n<p>A equipe do TIME\u00a0UFMG\u00a0j\u00e1\u00a0atuou em diferentes organiza\u00e7\u00f5es em projetos e pesquisas aplicadas. Em particular o coordenador do N\u00facleo, professor Pl\u00ednio Monteiro, realizou projetos de desenvolvimento entre 2003-2014, antes de\u00a0exercer a doc\u00eancia na\u00a0UFMG, em\u00a0diversos parceiros, tais como: Bayer, AlgarAgro, Braskem, Anglo American, Capric\u00f3rnio, Funda\u00e7\u00e3o Dom Cabral, MRS log\u00edstica, Banco de Desenvolvimento do Esp\u00edrito Santo, FUNDEP, Ale Combust\u00edveis, Belo Dente, Fiat autom\u00f3veis, Universidade FUMEC, Hospital S\u00e3o Camilo, CEMIG, SESI, Vitaderm, Sebrae, Di\u00e1rio do Com\u00e9rcio, Associa\u00e7\u00e3o Comercial de Minas Gerais, Mediphacos, TCE, CIPATEX, VOTORANTIM, lojas HAVAN, Posthaus, Gerdau, dentre outras. O n\u00facleo\u00a0TIME UFMG busca integrar e criar intera\u00e7\u00e3o entre os atores internos e externos visando o desenvolvimento cient\u00edfico e inova\u00e7\u00e3o.<\/p>\n<h2><span style=\"color: #800000\">Parceiros<\/span>\u00a0<span style=\"color: #800000\">atuais<\/span><\/h2>\n<p>Desde sua Funda\u00e7\u00e3o em 2016, a equipe do TIME UFMG j\u00e1 atuou em\u00a0projetos\u00a0com os seguintes parceiros:<\/p>\n<ul>\n<li><strong>Escola de Forma\u00e7\u00e3o do SEBRAE-MG:<\/strong> Projeto de desenvolvimento de material did\u00e1tico nas \u00e1reas de empreendedorismo e gest\u00e3o.<\/li>\n<li><strong>CEMIG:<\/strong> Projeto\u00a0P&amp;D 542,\u00a0intitulado &#8220;Desenvolvimento de Metodologia de An\u00e1lise e Modelagem dos Antecedentes de Produtividade de Empreiteiras de Concession\u00e1rias do Setor El\u00e9trico Brasileiro&#8221;.<\/li>\n<li><strong><strong>Acal Fortaleza e\u00a0<\/strong>Buhamra &amp; Romero:<\/strong>\u00a0pesquisa de\u00a0imagem, <em>branding<\/em> e h\u00e1bitos de consumo para subsidiar inova\u00e7\u00f5es no modelo de neg\u00f3cios da Acal Fortaleza<strong>\u00a0<\/strong><\/li>\n<\/ul>\n","protected":false},"excerpt":{"rendered":"<p>Atores internos a universidade As a\u00e7\u00f5es do TIME UFMG visam em primeira inst\u00e2ncia promover a forma\u00e7\u00e3o dos pesquisadores (de gradua\u00e7\u00e3o, mestrado e doutorado), profissionais (colaboradores de parceiros) e membros da comunidade externa na \u00e1rea cient\u00edfica, gerencial e de inova\u00e7\u00e3o. Para que isso seja vi\u00e1vel \u00e9 necess\u00e1rio integrar parceiros, conceber redes, desenvolver projetos, promover o empreendedorismo e a integra\u00e7\u00e3o com os ecossistemas de inova\u00e7\u00e3o. Mas isso s\u00f3 \u00e9 poss\u00edvel a partir da maior integra\u00e7\u00e3o entre atores internos e externos a universidade, conforme se destaca abaixo. Atores e parceiros externos a universidade A equipe do TIME\u00a0UFMG\u00a0j\u00e1\u00a0atuou em diferentes organiza\u00e7\u00f5es em projetos e pesquisas aplicadas. Em particular o<a class=\"more-link\" href=\"https:\/\/pesquisas.face.ufmg.br\/time\/para-quem-fazemos\/\">Read More &rarr;<\/a><\/p>\n","protected":false},"author":11,"featured_media":0,"parent":0,"menu_order":0,"comment_status":"closed","ping_status":"closed","template":"","meta":{"_crdt_document":"","content-type":"","_exactmetrics_skip_tracking":false,"_exactmetrics_sitenote_active":false,"_exactmetrics_sitenote_note":"","_exactmetrics_sitenote_category":0,"footnotes":""},"class_list":["entry","page","publish","author-time","post-556"],"_links":{"self":[{"href":"https:\/\/pesquisas.face.ufmg.br\/time\/wp-json\/wp\/v2\/pages\/556","targetHints":{"allow":["GET"]}}],"collection":[{"href":"https:\/\/pesquisas.face.ufmg.br\/time\/wp-json\/wp\/v2\/pages"}],"about":[{"href":"https:\/\/pesquisas.face.ufmg.br\/time\/wp-json\/wp\/v2\/types\/page"}],"author":[{"embeddable":true,"href":"https:\/\/pesquisas.face.ufmg.br\/time\/wp-json\/wp\/v2\/users\/11"}],"replies":[{"embeddable":true,"href":"https:\/\/pesquisas.face.ufmg.br\/time\/wp-json\/wp\/v2\/comments?post=556"}],"version-history":[{"count":10,"href":"https:\/\/pesquisas.face.ufmg.br\/time\/wp-json\/wp\/v2\/pages\/556\/revisions"}],"predecessor-version":[{"id":1903,"href":"https:\/\/pesquisas.face.ufmg.br\/time\/wp-json\/wp\/v2\/pages\/556\/revisions\/1903"}],"wp:attachment":[{"href":"https:\/\/pesquisas.face.ufmg.br\/time\/wp-json\/wp\/v2\/media?parent=556"}],"curies":[{"name":"wp","href":"https:\/\/api.w.org\/{rel}","templated":true}]}}