{"id":552,"date":"2017-03-31T12:50:08","date_gmt":"2017-03-31T15:50:08","guid":{"rendered":"http:\/\/pesquisas.face.ufmg.br\/time\/?page_id=552"},"modified":"2020-06-29T21:06:46","modified_gmt":"2020-06-30T00:06:46","slug":"como-fazemos","status":"publish","type":"page","link":"https:\/\/pesquisas.face.ufmg.br\/time\/como-fazemos\/","title":{"rendered":"Como fazemos?"},"content":{"rendered":"<h2><span style=\"color: #ff0000\"><img loading=\"lazy\" decoding=\"async\" class=\"size-medium wp-image-476 alignleft\" src=\"http:\/\/pesquisas.face.ufmg.br\/time\/wp-content\/uploads\/sites\/16\/2017\/03\/people-coffee-tea-meeting-large-300x200.jpg\" alt=\"\" width=\"300\" height=\"200\" srcset=\"https:\/\/pesquisas.face.ufmg.br\/time\/wp-content\/uploads\/sites\/16\/2017\/03\/people-coffee-tea-meeting-large-300x200.jpg 300w, https:\/\/pesquisas.face.ufmg.br\/time\/wp-content\/uploads\/sites\/16\/2017\/03\/people-coffee-tea-meeting-large-768x512.jpg 768w, https:\/\/pesquisas.face.ufmg.br\/time\/wp-content\/uploads\/sites\/16\/2017\/03\/people-coffee-tea-meeting-large-500x333.jpg 500w, https:\/\/pesquisas.face.ufmg.br\/time\/wp-content\/uploads\/sites\/16\/2017\/03\/people-coffee-tea-meeting-large-425x283.jpg 425w, https:\/\/pesquisas.face.ufmg.br\/time\/wp-content\/uploads\/sites\/16\/2017\/03\/people-coffee-tea-meeting-large-272x182.jpg 272w, https:\/\/pesquisas.face.ufmg.br\/time\/wp-content\/uploads\/sites\/16\/2017\/03\/people-coffee-tea-meeting-large.jpg 890w\" sizes=\"auto, (max-width: 300px) 100vw, 300px\" \/><strong>Parcerias em projetos, pesquisas e cursos<\/strong><\/span><\/h2>\n<p>Para a defini\u00e7\u00e3o do escopo de um projeto, pesquisa ou curso em parceria com empresas e organiza\u00e7\u00f5es p\u00fablicas e privadas,&nbsp;o TIME UFMG segue uma metodologia voltada para&nbsp;identificar os problemas e solu\u00e7\u00f5es potenciais&nbsp;aplicando&nbsp;o&nbsp;conhecimento cient\u00edfico visando&nbsp;a inova\u00e7\u00e3o em processos, produtos e servi\u00e7os. As etapas de condu\u00e7\u00e3o de um projeto s\u00e3o:<\/p>\n<h3>&nbsp;<img loading=\"lazy\" decoding=\"async\" class=\" wp-image-605 alignright\" src=\"http:\/\/pesquisas.face.ufmg.br\/time\/wp-content\/uploads\/sites\/16\/2017\/03\/Untitled-Diagram-300x269.png\" alt=\"\" width=\"321\" height=\"288\" srcset=\"https:\/\/pesquisas.face.ufmg.br\/time\/wp-content\/uploads\/sites\/16\/2017\/03\/Untitled-Diagram-300x269.png 300w, https:\/\/pesquisas.face.ufmg.br\/time\/wp-content\/uploads\/sites\/16\/2017\/03\/Untitled-Diagram-425x382.png 425w, https:\/\/pesquisas.face.ufmg.br\/time\/wp-content\/uploads\/sites\/16\/2017\/03\/Untitled-Diagram.png 491w\" sizes=\"auto, (max-width: 321px) 100vw, 321px\" \/><\/h3>\n<h3>Diagn\u00f3stico<\/h3>\n<p>O parceiro em potencial entra em contato com a equipe do TIME UFMG que ir\u00e1 definir em conjunto com os&nbsp;respons\u00e1veis&nbsp;e tomadores de decis\u00e3o o contexto e o problema&nbsp;vivenciados, bem como os cursos de a\u00e7\u00e3o poss\u00edveis.<\/p>\n<h3>Defini\u00e7\u00e3o de escopo &amp; alinhamento de expectativas<\/h3>\n<p>A equipe do TIME desenvolve uma minuta de projeto,&nbsp;na&nbsp;modalidade de extens\u00e3o,&nbsp;que \u00e9 apresentada, debatida e&nbsp;ajustada \u00e0s expectativas dos parceiros, bem como aos procedimentos internos da UFMG. Nesse momento chega-se ao custo do projeto, bem como a defini\u00e7\u00e3o dos recursos e investimentos requeridos ao parceiro e&nbsp;das&nbsp;contrapartidas da UFMG.<\/p>\n<h3>Tr\u00e2mites,&nbsp;aprova\u00e7\u00f5es &amp; formaliza\u00e7\u00e3o da parceria<\/h3>\n<p>O projeto \u00e9 encaminhado \u00e0s inst\u00e2ncias cab\u00edveis da UFMG para que o projeto possa ser analisado, o que permite firmar conv\u00eanios e\/ou contratos que formalizam a parceria.<\/p>\n<h3>In\u00edcio do projeto &amp; Condu\u00e7\u00e3o das atividades<\/h3>\n<p>O projeto \u00e9 conduzido de forma interativa e colaborativa, atrav\u00e9s de reuni\u00f5es, debates, apresenta\u00e7\u00f5es, em conformidade com o escopo definido.<\/p>\n<h3>Fechamento e feedback<\/h3>\n<p>Ao final do projeto a equipe prepara os produtos e relat\u00f3rios internos e externos, incluindo a publicidade e promo\u00e7\u00e3o da parceira perante a comunidade e sociedade.<\/p>\n<hr>\n<h2><span style=\"color: #ff0000\"><img loading=\"lazy\" decoding=\"async\" class=\"size-medium wp-image-463 alignleft\" src=\"http:\/\/pesquisas.face.ufmg.br\/time\/wp-content\/uploads\/sites\/16\/2017\/03\/hands-people-woman-working-large-300x200.jpg\" alt=\"\" width=\"300\" height=\"200\" srcset=\"https:\/\/pesquisas.face.ufmg.br\/time\/wp-content\/uploads\/sites\/16\/2017\/03\/hands-people-woman-working-large-300x200.jpg 300w, https:\/\/pesquisas.face.ufmg.br\/time\/wp-content\/uploads\/sites\/16\/2017\/03\/hands-people-woman-working-large-768x512.jpg 768w, https:\/\/pesquisas.face.ufmg.br\/time\/wp-content\/uploads\/sites\/16\/2017\/03\/hands-people-woman-working-large-500x333.jpg 500w, https:\/\/pesquisas.face.ufmg.br\/time\/wp-content\/uploads\/sites\/16\/2017\/03\/hands-people-woman-working-large-425x283.jpg 425w, https:\/\/pesquisas.face.ufmg.br\/time\/wp-content\/uploads\/sites\/16\/2017\/03\/hands-people-woman-working-large-272x182.jpg 272w, https:\/\/pesquisas.face.ufmg.br\/time\/wp-content\/uploads\/sites\/16\/2017\/03\/hands-people-woman-working-large.jpg 890w\" sizes=\"auto, (max-width: 300px) 100vw, 300px\" \/><strong>T\u00e9cnicas e metodologias&nbsp;utilizadas&nbsp;<\/strong><\/span><\/h2>\n<p>Nos projetos, pesquisas e cursos do TIME UFMG&nbsp;empregamos diferentes t\u00e9cnicas com rigor cient\u00edfico, visando o desenvolvimento de solu\u00e7\u00f5es ao mesmo tempo inovadoras e robustas. Abaixo algumas das t\u00e9cnicas empregadas em projetos&nbsp;do n\u00facleo TIME UFMG.<\/p>\n<h3><span style=\"color: #ff0000\">T\u00e9cnicas Qualitativas<\/span><\/h3>\n<ul>\n<li>Entrevistas em profundidade<\/li>\n<li>Grupos de foco (tradicional &amp; on line)<\/li>\n<li>Laddering (Mapa Hier\u00e1rquico de Valor)<\/li>\n<li>T\u00e9cnicas&nbsp;projetivas<\/li>\n<li>Di\u00e1rios de compra e comportamentos<\/li>\n<li>Tend\u00eancias e Padr\u00f5es em Redes sociais (Social networks)<\/li>\n<li>Etnografia e Netnografia<\/li>\n<li>Cliente Misterioso, Cliente Oculto ou Cliente Fantasma (Mistery shopping)<\/li>\n<\/ul>\n<h3><span style=\"color: #ff0000\">T\u00e9cnicas&nbsp;Quantitativas<\/span><\/h3>\n<ul>\n<li>Question\u00e1rios (Survey) e levantamentos<\/li>\n<li>Pesquisa por observa\u00e7\u00e3o<\/li>\n<li>Experimentos<\/li>\n<li>Levantamento e an\u00e1lise de dados secund\u00e1rios (desk research)<\/li>\n<li>Modelagem e an\u00e1lise integrada de bancos de dados de neg\u00f3cios<\/li>\n<\/ul>\n<h3><span style=\"color: #ff0000\">M\u00e9todos e t\u00e9cnicas estat\u00edsticas<\/span><\/h3>\n<ul>\n<li>Amostragem<\/li>\n<li>Estat\u00edstica Descritiva<\/li>\n<li>Testes Estat\u00edsticos de Hip\u00f3teses<\/li>\n<li>Correla\u00e7\u00f5es e associa\u00e7\u00f5es entre vari\u00e1veis<\/li>\n<li>An\u00e1lise de Regress\u00e3o Multivariada<\/li>\n<li>An\u00e1lise de S\u00e9ries Temporais (Previs\u00e3o)<\/li>\n<li>Planejamento de Experimentos<\/li>\n<li>An\u00e1lise Conjunta (Conjoint Analysis)<\/li>\n<li>Regress\u00e3o Log\u00edstica<\/li>\n<li>An\u00e1lise Discriminante<\/li>\n<li>Modelos de sobreviv\u00eancia (tabelas de sobreviv\u00eancia Cox, time dependent Cox-regression)<\/li>\n<li>An\u00e1lise Fatorial e An\u00e1lise de Componentes Principais<\/li>\n<li>An\u00e1lise de <em>Clusters<\/em> (Conglomerados)<\/li>\n<li>An\u00e1lise de Dados Categ\u00f3ricos<\/li>\n<li>An\u00e1lise de Correspond\u00eancia<\/li>\n<li>An\u00e1lise de Tabelas de Conting\u00eancia<\/li>\n<\/ul>\n","protected":false},"excerpt":{"rendered":"<p>Parcerias em projetos, pesquisas e cursos Para a defini\u00e7\u00e3o do escopo de um projeto, pesquisa ou curso em parceria com empresas e organiza\u00e7\u00f5es p\u00fablicas e privadas,&nbsp;o TIME UFMG segue uma metodologia voltada para&nbsp;identificar os problemas e solu\u00e7\u00f5es potenciais&nbsp;aplicando&nbsp;o&nbsp;conhecimento cient\u00edfico visando&nbsp;a inova\u00e7\u00e3o em processos, produtos e servi\u00e7os. As etapas de condu\u00e7\u00e3o de um projeto s\u00e3o: &nbsp; Diagn\u00f3stico O parceiro em potencial entra em contato com a equipe do TIME UFMG que ir\u00e1 definir em conjunto com os&nbsp;respons\u00e1veis&nbsp;e tomadores de decis\u00e3o o contexto e o problema&nbsp;vivenciados, bem como os cursos de a\u00e7\u00e3o poss\u00edveis. Defini\u00e7\u00e3o de escopo &amp; alinhamento de expectativas A equipe do TIME desenvolve uma minuta<a class=\"more-link\" href=\"https:\/\/pesquisas.face.ufmg.br\/time\/como-fazemos\/\">Read More &rarr;<\/a><\/p>\n","protected":false},"author":11,"featured_media":0,"parent":0,"menu_order":0,"comment_status":"closed","ping_status":"closed","template":"","meta":{"_crdt_document":"","content-type":"","_exactmetrics_skip_tracking":false,"_exactmetrics_sitenote_active":false,"_exactmetrics_sitenote_note":"","_exactmetrics_sitenote_category":0,"footnotes":""},"class_list":["entry","page","publish","author-time","post-552"],"_links":{"self":[{"href":"https:\/\/pesquisas.face.ufmg.br\/time\/wp-json\/wp\/v2\/pages\/552","targetHints":{"allow":["GET"]}}],"collection":[{"href":"https:\/\/pesquisas.face.ufmg.br\/time\/wp-json\/wp\/v2\/pages"}],"about":[{"href":"https:\/\/pesquisas.face.ufmg.br\/time\/wp-json\/wp\/v2\/types\/page"}],"author":[{"embeddable":true,"href":"https:\/\/pesquisas.face.ufmg.br\/time\/wp-json\/wp\/v2\/users\/11"}],"replies":[{"embeddable":true,"href":"https:\/\/pesquisas.face.ufmg.br\/time\/wp-json\/wp\/v2\/comments?post=552"}],"version-history":[{"count":18,"href":"https:\/\/pesquisas.face.ufmg.br\/time\/wp-json\/wp\/v2\/pages\/552\/revisions"}],"predecessor-version":[{"id":1896,"href":"https:\/\/pesquisas.face.ufmg.br\/time\/wp-json\/wp\/v2\/pages\/552\/revisions\/1896"}],"wp:attachment":[{"href":"https:\/\/pesquisas.face.ufmg.br\/time\/wp-json\/wp\/v2\/media?parent=552"}],"curies":[{"name":"wp","href":"https:\/\/api.w.org\/{rel}","templated":true}]}}