{"id":482,"date":"2017-03-31T08:02:43","date_gmt":"2017-03-31T11:02:43","guid":{"rendered":"http:\/\/pesquisas.face.ufmg.br\/time\/?page_id=482"},"modified":"2020-06-29T21:14:21","modified_gmt":"2020-06-30T00:14:21","slug":"quem-somos","status":"publish","type":"page","link":"https:\/\/pesquisas.face.ufmg.br\/time\/quem-somos\/","title":{"rendered":"Quem somos?"},"content":{"rendered":"<h1 style=\"text-align: left\"><span style=\"color: #c8102e\"><strong>Objetivos<\/strong><\/span><!--more--><img loading=\"lazy\" decoding=\"async\" class=\"wp-image-47 alignright\" src=\"http:\/\/pesquisas.face.ufmg.br\/time\/wp-content\/uploads\/sites\/16\/2016\/10\/16203260320_3b7bc32962_b-300x214.jpg\" alt=\"16203260320_3b7bc32962_b\" width=\"341\" height=\"243\" srcset=\"https:\/\/pesquisas.face.ufmg.br\/time\/wp-content\/uploads\/sites\/16\/2016\/10\/16203260320_3b7bc32962_b-300x214.jpg 300w, https:\/\/pesquisas.face.ufmg.br\/time\/wp-content\/uploads\/sites\/16\/2016\/10\/16203260320_3b7bc32962_b-768x548.jpg 768w, https:\/\/pesquisas.face.ufmg.br\/time\/wp-content\/uploads\/sites\/16\/2016\/10\/16203260320_3b7bc32962_b.jpg 1024w, https:\/\/pesquisas.face.ufmg.br\/time\/wp-content\/uploads\/sites\/16\/2016\/10\/16203260320_3b7bc32962_b-500x357.jpg 500w, https:\/\/pesquisas.face.ufmg.br\/time\/wp-content\/uploads\/sites\/16\/2016\/10\/16203260320_3b7bc32962_b-425x303.jpg 425w\" sizes=\"auto, (max-width: 341px) 100vw, 341px\" \/><\/h1>\n<p style=\"text-align: left\">O foco do TIME \u00e9 estudar e propor pr\u00e1ticas de inova\u00e7\u00e3o tecnol\u00f3gica relacionadas \u00e0s decis\u00f5es e a\u00e7\u00f5es organizacionais, especialmente as associadas \u00e0s trocas entre indiv\u00edduos e agentes sociais e ao empreendedorismo. Em conformidade com o artigo 2.\u00ba do decreto N\u00ba 5.798 de 2006 entendemos por inova\u00e7\u00e3o tecnol\u00f3gica \u201ca concep\u00e7\u00e3o de novo produto ou processo de fabrica\u00e7\u00e3o, bem como a agrega\u00e7\u00e3o de novas funcionalidades ou caracter\u00edsticas ao produto ou processo que implique melhorias incrementais e efetivo ganho de qualidade ou produtividade, resultando maior competitividade no mercado\u201d. O <strong>TIME <span style=\"color: #c8102e\"><a style=\"color: #c8102e\" href=\"https:\/\/www.ufmg.br\/\">UFMG<\/a><\/span><\/strong> busca alinhar-se a proposta do inciso XI do artigo 2.\u00ba da lei N.\u00ba 13.243 (2016) que destaca, dentre os papeis das ICTs no processo de inova\u00e7\u00e3o tem-se \u201co compartilhamento de recursos humanos, laborat\u00f3rios e equipamentos organizados e com predisposi\u00e7\u00e3o ao interc\u00e2mbio entre os entes envolvidos para consolida\u00e7\u00e3o, marketing e comercializa\u00e7\u00e3o de novas tecnologias\u201d. Colocando o marketing e o empreendedorismo como o foco da inova\u00e7\u00e3o tecnol\u00f3gica do <strong>TIME <a href=\"https:\/\/www.ufmg.br\/\"><span style=\"color: #c8102e\">UFMG<\/span><\/a><\/strong>\u00a0o n\u00facleo se prop\u00f5e a:<\/p>\n<ul style=\"text-align: left\">\n<li>Atuar como ponte de inova\u00e7\u00e3o e integra\u00e7\u00e3o entre agentes p\u00fablicos e privados envolvidos em processos de gest\u00e3o estrat\u00e9gica da inova\u00e7\u00e3o, empreendedorismo e marketing.<\/li>\n<li>Atuar na forma\u00e7\u00e3o e desenvolvimento de recursos humanos para atua\u00e7\u00e3o em \u00e1reas de em marketing, inova\u00e7\u00e3o, empreendedorismo e estrat\u00e9gia, integrando discentes de <strong>gradua\u00e7\u00e3o<\/strong> e <strong>p\u00f3s-gradua\u00e7\u00e3o<\/strong> com profissionais atuantes em organiza\u00e7\u00f5es p\u00fablicas e privadas nestas \u00e1reas.<\/li>\n<\/ul>\n<ul style=\"text-align: left\">\n<li>Inovar no desenvolvimento de estudos cient\u00edficos com cunho tecnol\u00f3gico e inovador nas \u00e1reas de marketing, empreendedorismo e estrat\u00e9gia, por meio de projetos, redes e interc\u00e2mbios entre a academia e organiza\u00e7\u00f5es nacionais e internacionais.<\/li>\n<li>Propor e promover a\u00e7\u00f5es de natureza cient\u00edfica na \u00e1rea de marketing, inova\u00e7\u00e3o, empreendedorismo e estrat\u00e9gia, buscando maior integra\u00e7\u00e3o entre organiza\u00e7\u00f5es p\u00fablicas e privadas que sirvam de base para programas de ensino, pesquisa e extens\u00e3o e na forma\u00e7\u00e3o de empreendedores e gestores nas \u00e1reas de marketing, estrat\u00e9gia e inova\u00e7\u00e3o.<\/li>\n<\/ul>\n<h2 style=\"text-align: center\"><\/h2>\n<hr \/>\n<h1 style=\"text-align: left\"><span style=\"color: #c8102e\"><strong>Hist\u00f3rico<\/strong><\/span><img loading=\"lazy\" decoding=\"async\" class=\"alignleft wp-image-140\" src=\"http:\/\/pesquisas.face.ufmg.br\/time\/wp-content\/uploads\/sites\/16\/2016\/10\/10953409_801412659894414_1523868707174284561_n-300x201.jpg\" alt=\"10953409_801412659894414_1523868707174284561_n\" width=\"487\" height=\"326\" srcset=\"https:\/\/pesquisas.face.ufmg.br\/time\/wp-content\/uploads\/sites\/16\/2016\/10\/10953409_801412659894414_1523868707174284561_n-300x201.jpg 300w, https:\/\/pesquisas.face.ufmg.br\/time\/wp-content\/uploads\/sites\/16\/2016\/10\/10953409_801412659894414_1523868707174284561_n-768x515.jpg 768w, https:\/\/pesquisas.face.ufmg.br\/time\/wp-content\/uploads\/sites\/16\/2016\/10\/10953409_801412659894414_1523868707174284561_n-500x335.jpg 500w, https:\/\/pesquisas.face.ufmg.br\/time\/wp-content\/uploads\/sites\/16\/2016\/10\/10953409_801412659894414_1523868707174284561_n-425x285.jpg 425w, https:\/\/pesquisas.face.ufmg.br\/time\/wp-content\/uploads\/sites\/16\/2016\/10\/10953409_801412659894414_1523868707174284561_n-272x182.jpg 272w, https:\/\/pesquisas.face.ufmg.br\/time\/wp-content\/uploads\/sites\/16\/2016\/10\/10953409_801412659894414_1523868707174284561_n.jpg 960w\" sizes=\"auto, (max-width: 487px) 100vw, 487px\" \/><\/h1>\n<p style=\"text-align: left\">Em um cen\u00e1rio de crescentes transforma\u00e7\u00f5es econ\u00f4micas, pol\u00edticas, sociais e culturais, caminhamos para uma economia cada vez mais baseada na criatividade. In\u00fameros organismos nacionais e internacionais t\u00eam destacado o papel da ci\u00eancia e tecnologia como elemento crucial para impulsionar a inova\u00e7\u00e3o como for\u00e7a motriz da competitividade com vistas ao desenvolvimento econ\u00f4mico e incremento do bem estar social.<\/p>\n<p style=\"text-align: left\">O reconhecimento desses desafios tem reflexos not\u00e1veis nas a\u00e7\u00f5es do governo brasileiro, com destaque de a\u00e7\u00f5es e programas desenvolvidas no <strong>Minist\u00e9rio da Educa\u00e7\u00e3o<\/strong> (<a href=\"https:\/\/www.mec.gov.br\/\">MEC<\/a>) e no <strong>Minist\u00e9rio da Ci\u00eancia Tecnologia e Inova\u00e7\u00e3o<\/strong> (<a href=\"http:\/\/www.mcti.gov.br\/\">MCTI<\/a>) e a promulga\u00e7\u00e3o de in\u00fameras leis e decretos, tais como a \u201cLei do Bem\u201d (N\u00ba 11.196, de 21 de novembro de 2005), a \u201c<strong>Lei da Ci\u00eancia, Tecnologia e Inova\u00e7\u00e3o<\/strong>\u201d (<a href=\"http:\/\/www.planalto.gov.br\/ccivil_03\/_ato2015-2018\/2016\/lei\/l13243.htm\">N\u00ba 13.243, de 11 de janeiro de 2016<\/a>), o \u201c<strong>decreto de incentivo \u00e0s atividades P&amp;D e CTI<\/strong>\u201d (<a href=\"http:\/\/www.planalto.gov.br\/ccivil_03\/_ato2004-2006\/2006\/decreto\/d5798.htm\">N\u00ba 5.798, de 7 de junho de 2006<\/a>) e a \u201c<strong>Lei da inova\u00e7\u00e3o<\/strong>\u201d (N\u00ba 10.973, de 2 de dezembro de 2004). Dentre os objetivos destas a\u00e7\u00f5es, destacam-se os mecanismos que buscam facilitar a integra\u00e7\u00e3o entre as Institui\u00e7\u00f5es de Ci\u00eancia, Tecnol\u00f3gica e Inova\u00e7\u00e3o (ICTs) e agentes p\u00fablicos e privados, assegurando os recursos humanos, econ\u00f4micos e financeiros para a promo\u00e7\u00e3o de atividades cient\u00edficas e tecnol\u00f3gicas com vistas ao desenvolvimento social. As universidades, como ICTs, exercem ent\u00e3o not\u00f3rio papel para o aprimoramento de pr\u00e1ticas que permitam ligar a produ\u00e7\u00e3o cient\u00edfica em prol da difus\u00e3o e implementa\u00e7\u00e3o da tecnologia e inova\u00e7\u00e3o.<\/p>\n<p style=\"text-align: left\">O <a href=\"http:\/\/www.cepead.face.ufmg.br\"><strong>CEPEAD<\/strong><\/a>, como centro de pesquisa no \u00e2mbito do <a href=\"http:\/\/www.face.ufmg.br\/departamentos\/ciencias-administrativas\/o-departamento.html\">CAD\/FACE\/UFMG<\/a>, localizado no <strong>campus Pampulha<\/strong>, representa um centro de excel\u00eancia cient\u00edfica com reconhecimento internacional. Como parte do processo de reestrutura\u00e7\u00e3o dos <strong>cursos<\/strong> de <strong>mestrado<\/strong> em <strong>administra\u00e7\u00e3o<\/strong> do programa, frente \u00e0s mudan\u00e7as sociais e culturais e as din\u00e2micas pr\u00f3prias da ci\u00eancia administrativa, criou-se no ano de 2016 a linha de pesquisa \u201cEstrat\u00e9gia, Marketing e Inova\u00e7\u00e3o\u201d (EMI). Tratando do estudo dos arranjos e sistemas estrat\u00e9gicos e de inova\u00e7\u00e3o e ao entendimento das trocas sociais entre indiv\u00edduos e agentes p\u00fablicos e privados, esta nova vertente de pesquisa revela ader\u00eancia \u00e0s propostas de transposi\u00e7\u00e3o da ci\u00eancia para fora dos limites da academia para fins de pesquisas acad\u00eamicas em novos modelos de gest\u00e3o e empreendedorismo, entendimento das din\u00e2micas de mercado na era digital e da gest\u00e3o de inova\u00e7\u00e3o tecnol\u00f3gica.<\/p>\n<p style=\"text-align: left\">\u00c9 nesse cen\u00e1rio que emerge o <strong>N\u00facleo de Tecnologias Inovadoras em Marketing e Empreendedorismo<\/strong> (TIME). Buscando abarcar o estudo de temas associados ao marketing e estrat\u00e9gia com \u00eanfase na tradu\u00e7\u00e3o da ci\u00eancia em a\u00e7\u00f5es de tecnologia e inova\u00e7\u00e3o, o n\u00facleo busca integrar pesquisadores e parceiros de diferentes institui\u00e7\u00f5es e forma\u00e7\u00f5es como forma de promover a competitividade e bem estar.<\/p>\n<hr \/>\n<h1><strong><span style=\"color: #c8102e\">Linhas e Temas de Pesquisa<img loading=\"lazy\" decoding=\"async\" class=\"wp-image-472 alignright\" src=\"http:\/\/pesquisas.face.ufmg.br\/time\/wp-content\/uploads\/sites\/16\/2017\/03\/man-people-space-desk-large-300x200.jpg\" alt=\"\" width=\"233\" height=\"155\" srcset=\"https:\/\/pesquisas.face.ufmg.br\/time\/wp-content\/uploads\/sites\/16\/2017\/03\/man-people-space-desk-large-300x200.jpg 300w, https:\/\/pesquisas.face.ufmg.br\/time\/wp-content\/uploads\/sites\/16\/2017\/03\/man-people-space-desk-large-768x512.jpg 768w, https:\/\/pesquisas.face.ufmg.br\/time\/wp-content\/uploads\/sites\/16\/2017\/03\/man-people-space-desk-large-500x333.jpg 500w, https:\/\/pesquisas.face.ufmg.br\/time\/wp-content\/uploads\/sites\/16\/2017\/03\/man-people-space-desk-large-425x283.jpg 425w, https:\/\/pesquisas.face.ufmg.br\/time\/wp-content\/uploads\/sites\/16\/2017\/03\/man-people-space-desk-large-272x182.jpg 272w, https:\/\/pesquisas.face.ufmg.br\/time\/wp-content\/uploads\/sites\/16\/2017\/03\/man-people-space-desk-large.jpg 890w\" sizes=\"auto, (max-width: 233px) 100vw, 233px\" \/><\/span><\/strong><\/h1>\n<p>Os profissionais do TIME atuam essencialmente em tr\u00eas linhas de pesquisa e suas interse\u00e7\u00f5es:<\/p>\n<ul>\n<li><strong>M\u00e9tricas, Modelos e Desempenho em Marketing e Estrat\u00e9gia:<\/strong> estuda os processos de inova\u00e7\u00e3o e cria\u00e7\u00e3o de modelos e m\u00e9tricas de avalia\u00e7\u00e3o da performance organizacional com \u00eanfase nos processos estrat\u00e9gicos e de marketing. Sua \u00eanfase est\u00e1 na inova\u00e7\u00e3o nos processos de avalia\u00e7\u00e3o do desempenho das pr\u00e1ticas organizacionais.<\/li>\n<\/ul>\n<ul>\n<li><strong>Inova\u00e7\u00e3o em pr\u00e1ticas Empreendedoras e de Marketing:<\/strong> Estudos relacionados \u00e0 gest\u00e3o, com \u00eanfase no composto de marketing. Inclui-se a estudos sobre a oferta, incluindo produtos, marcas e servi\u00e7os, bem como elementos associados \u00e0 distribui\u00e7\u00e3o, precifica\u00e7\u00e3o e comunica\u00e7\u00e3o. Inclui a an\u00e1lise dos relacionamentos e redes organizacionais e as trocas entre agentes de mercado.<\/li>\n<\/ul>\n<ul>\n<li><strong>Empreendedorismo, Intelig\u00eancia e Tecnologia de Marketing:<\/strong> Compreende a an\u00e1lise dos processos decis\u00f3rios associados ao fundamento estrat\u00e9gico do marketing e a utiliza\u00e7\u00e3o do arcabou\u00e7o de marketing na constitui\u00e7\u00e3o de procedimentos de apoio as decis\u00f5es de marketing. Aborda elementos associados \u00e0 pr\u00e1tica gerencial, especialmente aquelas voltadas a reestrutura\u00e7\u00e3o de modelos de neg\u00f3cios e inova\u00e7\u00e3o em estrat\u00e9gia, com \u00eanfase nos processos cognitivos, sociais e psicol\u00f3gicos de tomada de decis\u00e3o, incluindo os mecanismos de levantamento de informa\u00e7\u00f5es, em especial a intelig\u00eancia e a pesquisa de marketing e sua aplica\u00e7\u00e3o em uma perspectiva estrat\u00e9gica.<\/li>\n<\/ul>\n<hr \/>\n<h1><span style=\"color: #c8102e\"><strong>Participantes<\/strong><\/span><\/h1>\n<p>O TIME conta com os seguintes pesquisadores e profissionais:<\/p>\n<h3><img loading=\"lazy\" decoding=\"async\" class=\" wp-image-58 alignleft\" src=\"http:\/\/pesquisas.face.ufmg.br\/time\/wp-content\/uploads\/sites\/16\/2016\/10\/servletrecuperafoto-243x300.jpg\" alt=\"servletrecuperafoto\" width=\"114\" height=\"141\" srcset=\"https:\/\/pesquisas.face.ufmg.br\/time\/wp-content\/uploads\/sites\/16\/2016\/10\/servletrecuperafoto-243x300.jpg 243w, https:\/\/pesquisas.face.ufmg.br\/time\/wp-content\/uploads\/sites\/16\/2016\/10\/servletrecuperafoto.jpg 336w\" sizes=\"auto, (max-width: 114px) 100vw, 114px\" \/><span style=\"color: #c8102e\">Coordenador do N\u00facleo\u00a0e CRO (Chief Research Officer \u2013 Diretor de Pesquisas)<\/span><\/h3>\n<p>Professor\u00a0<strong>Pl\u00ednio\u00a0Rafael Reis Monteiro<\/strong>, Dr.<\/p>\n<p>Tem experi\u00eancia profissional e did\u00e1tica na \u00e1rea de <strong>marketing<\/strong> e <strong>estrat\u00e9gia<\/strong> com foco em metodologia\u00a0<strong>cient\u00edfica, informa\u00e7\u00f5es <\/strong>de suporte a<strong> decis\u00e3o gerencial<\/strong> e\u00a0desenvolvimento de <strong>solu\u00e7\u00f5es<\/strong>\u00a0<strong>organizacionais<\/strong>\u00a0empregando <strong>an\u00e1lise<\/strong>,<strong> pesquisa<\/strong> e <strong>intelig\u00eancia<\/strong> de <strong>neg\u00f3cios<\/strong><b><i>.\u00a0<\/i><\/b><\/p>\n<p>Consulte maiores informa\u00e7\u00f5es sobre o curr\u00edculo Endere\u00e7o para consulta do curr\u00edculo:\u00a0<a href=\"http:\/\/lattes.cnpq.br\/9153662205565773\">lattes.cnpq.br\/9153662205565773<\/a><\/p>\n<hr \/>\n<h3><span style=\"color: #c8102e\">Pesquisadores Colaboradores internos a UFMG<\/span><\/h3>\n<ul>\n<li><a href=\"http:\/\/lattes.cnpq.br\/5736078976141563\" target=\"_blank\" rel=\"noopener noreferrer\">Carlos Alberto Gon\u00e7alves<\/a>, Dr. \u2013 Universidade Federal de Minas Gerais<\/li>\n<li><a href=\"http:\/\/lattes.cnpq.br\/5063708689166645\" target=\"_blank\" rel=\"noopener noreferrer\">Juliana Maria Magalh\u00e3es Christino<\/a> \u2013 Universidade Federal de Minas Gerais<\/li>\n<li><a href=\"http:\/\/lattes.cnpq.br\/9503365193492380\" target=\"_blank\" rel=\"noopener noreferrer\">Marlusa Gosling<\/a>, Dr.a \u2013 Universidade Federal de Minas Gerais<\/li>\n<li><a href=\"http:\/\/lattes.cnpq.br\/2160652000585374\" target=\"_blank\" rel=\"noopener noreferrer\">Ricardo Teixeira Veiga<\/a>, Dr. \u2013 Universidade Federal de Minas Gerais<br \/>\n<hr \/>\n<\/li>\n<\/ul>\n<h3><span style=\"color: #c8102e\">Estudantes do Mestrado\/Doutorado do Cepead<\/span><\/h3>\n<ul>\n<li><a href=\"http:\/\/lattes.cnpq.br\/5728759983691616\">Andr\u00e9ia C\u00e1ssia de Moura<\/a> \u2013 Universidade Federal de Minas Gerais<\/li>\n<li><a href=\"http:\/\/lattes.cnpq.br\/3368687345275953\" target=\"_blank\" rel=\"noopener noreferrer\">Fernanda Matoso L. Diamantino<\/a> \u2013 Universidade Federal de Minas Gerais<\/li>\n<li>Alysson Silveira \u00a0\u2013 Universidade Federal de Minas Gerais<\/li>\n<li><a href=\"http:\/\/lattes.cnpq.br\/6857456429716800\" target=\"_blank\" rel=\"noopener noreferrer\">\u00c9rico Aur\u00e9lio A. Cardozo<\/a>\u00a0\u2013 Universidade Federal de Minas Gerais<\/li>\n<\/ul>\n<hr \/>\n<h3><span style=\"color: #c8102e\">Ex-alunos do Mestrado\/Doutorado do Cepead<\/span><\/h3>\n<ul>\n<li><a href=\"http:\/\/lattes.cnpq.br\/9347003375671272\" target=\"_blank\" rel=\"noopener noreferrer\">Laura Luttembarck Barreto Vianna<\/a> \u2013 Universidade Federal de Minas Gerais<\/li>\n<li>P\u00e2mela de Souza Dias\u2013 Universidade Federal de Minas Gerais<\/li>\n<li>Milena Carvalheira\u2013 Universidade Federal de Minas Gerais<\/li>\n<\/ul>\n<hr \/>\n<h3><span style=\"color: #c8102e\">Bolsistas de Inicia\u00e7\u00e3o Cient\u00edfica<\/span><\/h3>\n<ul>\n<li>Cainan Alves da Costa &#8211; Universidade Federal de Minas Gerais<\/li>\n<\/ul>\n<hr \/>\n<h3><span style=\"color: #c8102e\">Ex-bolsistas de Inicia\u00e7\u00e3o Cient\u00edfica<\/span><\/h3>\n<ul>\n<li>Luiz Henrique Fonseca \u2013 Universidade Federal de Minas Gerais, FAPEMIG<\/li>\n<li>Kair\u00ea Carvalho Zacariotti &#8211; Universidade Federal de Minas Gerais<\/li>\n<\/ul>\n<hr \/>\n<h3><span style=\"color: #c8102e\">Pesquisadores Colaboradores de Outras Institui\u00e7\u00f5es<\/span><\/h3>\n<ul>\n<li style=\"list-style-type: none\">\n<ul>\n<li>\u00c1urea Helena Puga \u2013 Funda\u00e7\u00e3o Dom Cabral<\/li>\n<li>Ernst Verwaal \u2013 Erasmus University Rotterdam<\/li>\n<li>Cid Gon\u00e7alves Filho \u2013 Universidade FUMEC<\/li>\n<li>Gustavo Quiroga Souki \u2013 Mestrado profissional em administra\u00e7\u00e3o UMA<\/li>\n<li>Guilherme Costa Valle Dornas \u2013 Funda\u00e7\u00e3o Dom Cabral e Siteware\/ControlCorp<\/li>\n<li>Jase R. Ramsey. John Cook School of Business.<\/li>\n<li>Luiz Rodrigo Moura \u2013 Mestrado profissional em administra\u00e7\u00e3o UNA<\/li>\n<li>Marcos Severo \u2013 Universidade Federal de Goi\u00e2nia<\/li>\n<li>Ricardo Limongini \u2013 Universidade Federal de Goi\u00e2nia<\/li>\n<li><a href=\"http:\/\/lattes.cnpq.br\/1835464845070768\" target=\"_blank\" rel=\"noopener noreferrer\">Rafael Tunes &#8211; Escola do Sebrae\/Sebrae Minas<\/a><\/li>\n<li>Thomas Brashear \u2013University of Massachusetts Amherst.<\/li>\n<\/ul>\n<\/li>\n<\/ul>\n<hr \/>\n<h3><span style=\"color: #c8102e\">Pesquisadores Volunt\u00e1rios<\/span><\/h3>\n<ul>\n<li>Matheus Lemos \u2013 Doutorando PUC Minas<\/li>\n<li>Nelson Reis Monteiro \u2013 Pesquisador<\/li>\n<\/ul>\n","protected":false},"excerpt":{"rendered":"<p>Objetivos<a class=\"more-link\" href=\"https:\/\/pesquisas.face.ufmg.br\/time\/quem-somos\/\">Read More &rarr;<\/a><\/p>\n","protected":false},"author":11,"featured_media":0,"parent":0,"menu_order":0,"comment_status":"closed","ping_status":"closed","template":"","meta":{"_crdt_document":"","content-type":"","_exactmetrics_skip_tracking":false,"_exactmetrics_sitenote_active":false,"_exactmetrics_sitenote_note":"","_exactmetrics_sitenote_category":0,"footnotes":""},"class_list":["entry","page","publish","author-time","has-more-link","post-482"],"_links":{"self":[{"href":"https:\/\/pesquisas.face.ufmg.br\/time\/wp-json\/wp\/v2\/pages\/482","targetHints":{"allow":["GET"]}}],"collection":[{"href":"https:\/\/pesquisas.face.ufmg.br\/time\/wp-json\/wp\/v2\/pages"}],"about":[{"href":"https:\/\/pesquisas.face.ufmg.br\/time\/wp-json\/wp\/v2\/types\/page"}],"author":[{"embeddable":true,"href":"https:\/\/pesquisas.face.ufmg.br\/time\/wp-json\/wp\/v2\/users\/11"}],"replies":[{"embeddable":true,"href":"https:\/\/pesquisas.face.ufmg.br\/time\/wp-json\/wp\/v2\/comments?post=482"}],"version-history":[{"count":22,"href":"https:\/\/pesquisas.face.ufmg.br\/time\/wp-json\/wp\/v2\/pages\/482\/revisions"}],"predecessor-version":[{"id":1904,"href":"https:\/\/pesquisas.face.ufmg.br\/time\/wp-json\/wp\/v2\/pages\/482\/revisions\/1904"}],"wp:attachment":[{"href":"https:\/\/pesquisas.face.ufmg.br\/time\/wp-json\/wp\/v2\/media?parent=482"}],"curies":[{"name":"wp","href":"https:\/\/api.w.org\/{rel}","templated":true}]}}