{"id":35,"date":"2016-10-21T11:24:22","date_gmt":"2016-10-21T13:24:22","guid":{"rendered":"http:\/\/pesquisas.face.ufmg.br\/time\/?page_id=35"},"modified":"2020-06-29T21:08:27","modified_gmt":"2020-06-30T00:08:27","slug":"contexto","status":"publish","type":"page","link":"https:\/\/pesquisas.face.ufmg.br\/time\/","title":{"rendered":"Apresenta\u00e7\u00e3o"},"content":{"rendered":"<hr>\n<h2><span style=\"color: #c8102e\"><strong>Ap<img loading=\"lazy\" decoding=\"async\" class=\"wp-image-422 alignleft\" src=\"http:\/\/pesquisas.face.ufmg.br\/time\/wp-content\/uploads\/sites\/16\/2016\/10\/picasion.com_394ddc52f235facc7943993969b9edb2.gif\" alt=\"\" width=\"150\" height=\"150\">resent<\/strong><strong>a\u00e7\u00e3o<\/strong><\/span><\/h2>\n<p>Somos um n\u00facleo que desenvolve pesquisas cient\u00edficas e solu\u00e7\u00f5es voltadas \u00e0&nbsp;inova\u00e7\u00e3o para empresas e organiza\u00e7\u00f5es p\u00fablicas e privadas nas \u00e1reas de marketing, estrat\u00e9gia e gest\u00e3o.<\/p>\n<p>&nbsp;<\/p>\n<h3 style=\"text-align: left\"><span style=\"color: #c8102e\"><strong>O que fazemos?<\/strong><\/span><\/h3>\n<p>O&nbsp;N\u00facleo&nbsp;de Tecnologias Inovadoras em Marketing &amp; Empreendedorismo (TIME <span style=\"color: #c8102e\"><a style=\"color: #c8102e\" href=\"https:\/\/www.ufmg.br\/\" target=\"_blank\" rel=\"noopener noreferrer\">UFMG<\/a><\/span>) desenvolve:<\/p>\n<ul>\n<li><a href=\"http:\/\/pesquisas.face.ufmg.br\/time\/projetos-e-pesquisas\/projetos-aplicados\/\">Projetos &amp; pesquisas aplicadas<\/a>&nbsp;para solucionar&nbsp;problemas&nbsp;gerenciais, apoiar decis\u00f5es e&nbsp;promover o avan\u00e7o cient\u00edfico.<\/li>\n<li><a href=\"http:\/\/pesquisas.face.ufmg.br\/time\/inteligencia\/\">Modelos de&nbsp;intelig\u00eancia de neg\u00f3cios<\/a>&nbsp;visando a aplica\u00e7\u00e3o de tecnologias que conduzam a&nbsp;competitividade e \u00e0 inova\u00e7\u00e3o gerencial<\/li>\n<li><a href=\"http:\/\/pesquisas.face.ufmg.br\/time\/projetos-e-pesquisas\/projetos-aplicados\/cursos\/\">Capacita\u00e7\u00f5es e cursos customizados<\/a>&nbsp;de curta ou m\u00e9dia dura\u00e7\u00e3o desenvolvidos de acordo com a demanda de parceiros (<em>in company<\/em>) e da&nbsp;sociedade<\/li>\n<li><a href=\"http:\/\/pesquisas.face.ufmg.br\/time\/producao\/\">Produtos em ci\u00eancia &amp;&nbsp;tecnologia<\/a>&nbsp;resultantes&nbsp;de pesquisas e projetos do TIME <span style=\"color: #c8102e\"><a style=\"color: #c8102e\" href=\"https:\/\/www.ufmg.br\/\" target=\"_blank\" rel=\"noopener noreferrer\">UFMG<\/a><\/span>.<\/li>\n<\/ul>\n","protected":false},"excerpt":{"rendered":"<p>Apresenta\u00e7\u00e3o Somos um n\u00facleo que desenvolve pesquisas cient\u00edficas e solu\u00e7\u00f5es voltadas \u00e0&nbsp;inova\u00e7\u00e3o para empresas e organiza\u00e7\u00f5es p\u00fablicas e privadas nas \u00e1reas de marketing, estrat\u00e9gia e gest\u00e3o. &nbsp; O que fazemos? O&nbsp;N\u00facleo&nbsp;de Tecnologias Inovadoras em Marketing &amp; Empreendedorismo (TIME UFMG) desenvolve: Projetos &amp; pesquisas aplicadas&nbsp;para solucionar&nbsp;problemas&nbsp;gerenciais, apoiar decis\u00f5es e&nbsp;promover o avan\u00e7o cient\u00edfico. Modelos de&nbsp;intelig\u00eancia de neg\u00f3cios&nbsp;visando a aplica\u00e7\u00e3o de tecnologias que conduzam a&nbsp;competitividade e \u00e0 inova\u00e7\u00e3o gerencial Capacita\u00e7\u00f5es e cursos customizados&nbsp;de curta ou m\u00e9dia dura\u00e7\u00e3o desenvolvidos de acordo com a demanda de parceiros (in company) e da&nbsp;sociedade Produtos em ci\u00eancia &amp;&nbsp;tecnologia&nbsp;resultantes&nbsp;de pesquisas e projetos do TIME UFMG.<a class=\"more-link\" href=\"https:\/\/pesquisas.face.ufmg.br\/time\/\">Read More &rarr;<\/a><\/p>\n","protected":false},"author":11,"featured_media":0,"parent":0,"menu_order":0,"comment_status":"closed","ping_status":"closed","template":"","meta":{"_crdt_document":"","content-type":"","_exactmetrics_skip_tracking":false,"_exactmetrics_sitenote_active":false,"_exactmetrics_sitenote_note":"","_exactmetrics_sitenote_category":0,"footnotes":""},"class_list":["entry","page","publish","author-time","post-35"],"_links":{"self":[{"href":"https:\/\/pesquisas.face.ufmg.br\/time\/wp-json\/wp\/v2\/pages\/35","targetHints":{"allow":["GET"]}}],"collection":[{"href":"https:\/\/pesquisas.face.ufmg.br\/time\/wp-json\/wp\/v2\/pages"}],"about":[{"href":"https:\/\/pesquisas.face.ufmg.br\/time\/wp-json\/wp\/v2\/types\/page"}],"author":[{"embeddable":true,"href":"https:\/\/pesquisas.face.ufmg.br\/time\/wp-json\/wp\/v2\/users\/11"}],"replies":[{"embeddable":true,"href":"https:\/\/pesquisas.face.ufmg.br\/time\/wp-json\/wp\/v2\/comments?post=35"}],"version-history":[{"count":54,"href":"https:\/\/pesquisas.face.ufmg.br\/time\/wp-json\/wp\/v2\/pages\/35\/revisions"}],"predecessor-version":[{"id":1898,"href":"https:\/\/pesquisas.face.ufmg.br\/time\/wp-json\/wp\/v2\/pages\/35\/revisions\/1898"}],"wp:attachment":[{"href":"https:\/\/pesquisas.face.ufmg.br\/time\/wp-json\/wp\/v2\/media?parent=35"}],"curies":[{"name":"wp","href":"https:\/\/api.w.org\/{rel}","templated":true}]}}