{"id":311,"date":"2017-03-20T15:32:22","date_gmt":"2017-03-20T18:32:22","guid":{"rendered":"http:\/\/pesquisas.face.ufmg.br\/time\/?page_id=311"},"modified":"2017-05-16T08:00:30","modified_gmt":"2017-05-16T11:00:30","slug":"producao","status":"publish","type":"page","link":"https:\/\/pesquisas.face.ufmg.br\/time\/atuacao\/producao\/","title":{"rendered":"Produ\u00e7\u00e3o em Ci\u00eancia, Tecnologia &amp; Inova\u00e7\u00e3o"},"content":{"rendered":"<p>Nesse\u00a0link voc\u00ea poder\u00e1 acessar a produ\u00e7\u00e3o principal\u00a0do TIME UFMG, especialmente publica\u00e7\u00f5es e projetos de pesquisa. Em cada se\u00e7\u00e3o existem documentos diversos\u00a0dispon\u00edveis para download: venha conferir!<\/p>\n<ul>\n<li><a href=\"http:\/\/pesquisas.face.ufmg.br\/time\/projetos-e-pesquisas\/projetos-de-pesquisa\/\">Projetos de Pesquisa<\/a>: projetos de pesquisa acad\u00eamica em andamento ou finalizados voltados ao\u00a0desenvolvimento cient\u00edfico<\/li>\n<li><a href=\"http:\/\/pesquisas.face.ufmg.br\/time\/projetos-e-pesquisas\/publicacoes\/\">Publica\u00e7\u00f5es:<\/a> artigos, livros, not\u00edcias e reportagens produzidas pelos pesquisadores\u00a0do TIME UFMG<\/li>\n<li><a href=\"http:\/\/pesquisas.face.ufmg.br\/time\/atuacao\/producao\/tccs\/\">TCCs<\/a>:<strong>\u00a0<\/strong>Monografias, disserta\u00e7\u00f5es e teses defendidas por alunos oriundos do TIME UFMG<\/li>\n<\/ul>\n","protected":false},"excerpt":{"rendered":"<p>Nesse\u00a0link voc\u00ea poder\u00e1 acessar a produ\u00e7\u00e3o principal\u00a0do TIME UFMG, especialmente publica\u00e7\u00f5es e projetos de pesquisa. Em cada se\u00e7\u00e3o existem documentos diversos\u00a0dispon\u00edveis para download: venha conferir! Projetos de Pesquisa: projetos de pesquisa acad\u00eamica em andamento ou finalizados voltados ao\u00a0desenvolvimento cient\u00edfico Publica\u00e7\u00f5es: artigos, livros, not\u00edcias e reportagens produzidas pelos pesquisadores\u00a0do TIME UFMG TCCs:\u00a0Monografias, disserta\u00e7\u00f5es e teses defendidas por alunos oriundos do TIME UFMG<a class=\"more-link\" href=\"https:\/\/pesquisas.face.ufmg.br\/time\/atuacao\/producao\/\">Read More &rarr;<\/a><\/p>\n","protected":false},"author":11,"featured_media":0,"parent":113,"menu_order":0,"comment_status":"closed","ping_status":"closed","template":"","meta":{"_crdt_document":"","content-type":"","_exactmetrics_skip_tracking":false,"_exactmetrics_sitenote_active":false,"_exactmetrics_sitenote_note":"","_exactmetrics_sitenote_category":0,"footnotes":""},"class_list":["entry","page","publish","author-time","post-311"],"_links":{"self":[{"href":"https:\/\/pesquisas.face.ufmg.br\/time\/wp-json\/wp\/v2\/pages\/311","targetHints":{"allow":["GET"]}}],"collection":[{"href":"https:\/\/pesquisas.face.ufmg.br\/time\/wp-json\/wp\/v2\/pages"}],"about":[{"href":"https:\/\/pesquisas.face.ufmg.br\/time\/wp-json\/wp\/v2\/types\/page"}],"author":[{"embeddable":true,"href":"https:\/\/pesquisas.face.ufmg.br\/time\/wp-json\/wp\/v2\/users\/11"}],"replies":[{"embeddable":true,"href":"https:\/\/pesquisas.face.ufmg.br\/time\/wp-json\/wp\/v2\/comments?post=311"}],"version-history":[{"count":11,"href":"https:\/\/pesquisas.face.ufmg.br\/time\/wp-json\/wp\/v2\/pages\/311\/revisions"}],"predecessor-version":[{"id":824,"href":"https:\/\/pesquisas.face.ufmg.br\/time\/wp-json\/wp\/v2\/pages\/311\/revisions\/824"}],"up":[{"embeddable":true,"href":"https:\/\/pesquisas.face.ufmg.br\/time\/wp-json\/wp\/v2\/pages\/113"}],"wp:attachment":[{"href":"https:\/\/pesquisas.face.ufmg.br\/time\/wp-json\/wp\/v2\/media?parent=311"}],"curies":[{"name":"wp","href":"https:\/\/api.w.org\/{rel}","templated":true}]}}