{"id":190,"date":"2017-02-01T08:26:29","date_gmt":"2017-02-01T10:26:29","guid":{"rendered":"http:\/\/pesquisas.face.ufmg.br\/time\/?page_id=190"},"modified":"2017-03-22T18:39:24","modified_gmt":"2017-03-22T21:39:24","slug":"oportunidades-vagas","status":"publish","type":"page","link":"https:\/\/pesquisas.face.ufmg.br\/time\/oportunidades-vagas\/","title":{"rendered":"Vagas"},"content":{"rendered":"<p>Nessa p\u00e1gina voc\u00ea encontra vagas\u00a0e oportunidades na \u00e1rea de gest\u00e3o, marketing estrat\u00e9gia e inova\u00e7\u00e3o, sendo a maioria delas vagas externas. <span style=\"text-decoration: underline\"><strong>O\u00a0TIME UFMG n\u00e3o recruta, seleciona ou avalia os perfis dos candidatos das vagas<\/strong> <\/span>aqui apresentadas, exceto a sele\u00e7\u00e3o de bolsistas\/pesquisadores do TIME UFMG. Por esse motivo \u00a0n\u00e3o temos informa\u00e7\u00f5es sobre os recrutadores, processos e crit\u00e9rios. Para se candidatar a vaga, procure nos links abaixo informa\u00e7\u00f5es e os procedimentos para candidatar-se a vaga desejada.<\/p>\n<p>Caso tenha interesse em trabalhar em projetos de pesquisa do <span style=\"text-decoration: underline\"><strong>TIME UFMG<\/strong><\/span>, d\u00ea uma olhada nas op\u00e7\u00f5es; 1)\u00a0Bolsista de Inicia\u00e7\u00e3o Cient\u00edfica (BIC) (necess\u00e1rio ser estudante da UFMG); 2) Mestrado\/doutorado em Administra\u00e7\u00e3o no CEPEAD.<\/p>\n<h1 style=\"text-align: center\">E BOA SORTE!<\/h1>\n<div class=\"job_listings\" data-location=\"\" data-keywords=\"\" data-show_filters=\"true\" data-show_pagination=\"false\" data-per_page=\"10\" data-orderby=\"featured\" data-order=\"DESC\" data-categories=\"\" data-disable-form-state-storage=\"\" data-featured_first=\"false\" data-post_id=\"190\" >\n<form class=\"job_filters\">\n\t\n\t<div class=\"search_jobs\">\n\t\t\n\t\t<div class=\"search_keywords\">\n\t\t\t<label for=\"search_keywords\">Palavras-chave<\/label>\n\t\t\t<input type=\"text\" name=\"search_keywords\" id=\"search_keywords\" placeholder=\"Palavras-chave\" value=\"\" \/>\n\t\t<\/div>\n\n\t\t<div class=\"search_location\">\n\t\t\t<label for=\"search_location\">Localiza\u00e7\u00e3o<\/label>\n\t\t\t<input type=\"text\" name=\"search_location\" id=\"search_location\" placeholder=\"Localiza\u00e7\u00e3o\" value=\"\" \/>\n\t\t<\/div>\n\n\t\t\t\t\t<div class=\"search_remote_position\">\n\t\t\t\t<input type=\"checkbox\" class=\"input-checkbox\" name=\"remote_position\" id=\"remote_position\" placeholder=\"Localiza\u00e7\u00e3o\" value=\"1\"  \/>\n\t\t\t\t<label for=\"remote_position\" id=\"remote_position_label\">Remote positions only<\/label>\n\t\t\t<\/div>\n\t\t\n\t\t<div style=\"clear: both\"><\/div>\n\n\t\t\n\t\t\t\t\t<div class=\"search_submit\">\n\t\t\t\t<input type=\"submit\" value=\"Search Jobs\">\n\t\t\t<\/div>\n\t\t\n\t\t\t<\/div>\n\n\t\t<ul class=\"job_types\">\n\t\t\t\t\t<li><label for=\"job_type_freelance\" class=\"freelance\"><input type=\"checkbox\" name=\"filter_job_type[]\" value=\"freelance\"  checked='checked' id=\"job_type_freelance\" \/> Freelance<\/label><\/li>\n\t\t\t\t\t<li><label for=\"job_type_full-time\" class=\"full-time\"><input type=\"checkbox\" name=\"filter_job_type[]\" value=\"full-time\"  checked='checked' id=\"job_type_full-time\" \/> Full Time<\/label><\/li>\n\t\t\t\t\t<li><label for=\"job_type_internship\" class=\"internship\"><input type=\"checkbox\" name=\"filter_job_type[]\" value=\"internship\"  checked='checked' id=\"job_type_internship\" \/> Internship<\/label><\/li>\n\t\t\t\t\t<li><label for=\"job_type_part-time\" class=\"part-time\"><input type=\"checkbox\" name=\"filter_job_type[]\" value=\"part-time\"  checked='checked' id=\"job_type_part-time\" \/> Part Time<\/label><\/li>\n\t\t\t\t\t<li><label for=\"job_type_temporary\" class=\"temporary\"><input type=\"checkbox\" name=\"filter_job_type[]\" value=\"temporary\"  checked='checked' id=\"job_type_temporary\" \/> Temporary<\/label><\/li>\n\t\t\t<\/ul>\n\t<input type=\"hidden\" name=\"filter_job_type[]\" value=\"\" \/>\n<div class=\"showing_jobs\"><\/div><\/form>\n\n\n<noscript>Seu navegador n\u00e3o suporta JavaScript ou est\u00e1 desativado. JavaScript deve estar habilitado para exibir an\u00fancios.<\/noscript>\n<ul class=\"job_listings\">\n<\/ul>\n<a class=\"load_more_jobs\" href=\"#\" style=\"display:none;\"><strong>Carregar mais an\u00fancios<\/strong><\/a><\/div>\n<div id=\"job-manager-job-dashboard\">\n\n\t<p class=\"account-sign-in\">Voc\u00ea deve estar conectado para gerenciar suas vagas. <a class=\"button\" href=\"https:\/\/pesquisas.face.ufmg.br\/time\/wp-login.php?redirect_to=https%3A%2F%2Fpesquisas.face.ufmg.br%2Ftime%2Foportunidades-vagas%2F\">Entrar<\/a><\/p>\n\n<\/div>\n\n<p>&nbsp;<\/p>\n","protected":false},"excerpt":{"rendered":"<p>Nessa p\u00e1gina voc\u00ea encontra vagas\u00a0e oportunidades na \u00e1rea de gest\u00e3o, marketing estrat\u00e9gia e inova\u00e7\u00e3o, sendo a maioria delas vagas externas. O\u00a0TIME UFMG n\u00e3o recruta, seleciona ou avalia os perfis dos candidatos das vagas aqui apresentadas, exceto a sele\u00e7\u00e3o de bolsistas\/pesquisadores do TIME UFMG. Por esse motivo \u00a0n\u00e3o temos informa\u00e7\u00f5es sobre os recrutadores, processos e crit\u00e9rios. Para se candidatar a vaga, procure nos links abaixo informa\u00e7\u00f5es e os procedimentos para candidatar-se a vaga desejada. Caso tenha interesse em trabalhar em projetos de pesquisa do TIME UFMG, d\u00ea uma olhada nas op\u00e7\u00f5es; 1)\u00a0Bolsista de Inicia\u00e7\u00e3o Cient\u00edfica (BIC) (necess\u00e1rio ser estudante da UFMG); 2) Mestrado\/doutorado em Administra\u00e7\u00e3o no<a class=\"more-link\" href=\"https:\/\/pesquisas.face.ufmg.br\/time\/oportunidades-vagas\/\">Read More &rarr;<\/a><\/p>\n","protected":false},"author":11,"featured_media":0,"parent":0,"menu_order":0,"comment_status":"closed","ping_status":"closed","template":"","meta":{"_crdt_document":"","content-type":"","_exactmetrics_skip_tracking":false,"_exactmetrics_sitenote_active":false,"_exactmetrics_sitenote_note":"","_exactmetrics_sitenote_category":0,"footnotes":""},"class_list":["entry","page","publish","author-time","post-190"],"_links":{"self":[{"href":"https:\/\/pesquisas.face.ufmg.br\/time\/wp-json\/wp\/v2\/pages\/190","targetHints":{"allow":["GET"]}}],"collection":[{"href":"https:\/\/pesquisas.face.ufmg.br\/time\/wp-json\/wp\/v2\/pages"}],"about":[{"href":"https:\/\/pesquisas.face.ufmg.br\/time\/wp-json\/wp\/v2\/types\/page"}],"author":[{"embeddable":true,"href":"https:\/\/pesquisas.face.ufmg.br\/time\/wp-json\/wp\/v2\/users\/11"}],"replies":[{"embeddable":true,"href":"https:\/\/pesquisas.face.ufmg.br\/time\/wp-json\/wp\/v2\/comments?post=190"}],"version-history":[{"count":10,"href":"https:\/\/pesquisas.face.ufmg.br\/time\/wp-json\/wp\/v2\/pages\/190\/revisions"}],"predecessor-version":[{"id":368,"href":"https:\/\/pesquisas.face.ufmg.br\/time\/wp-json\/wp\/v2\/pages\/190\/revisions\/368"}],"wp:attachment":[{"href":"https:\/\/pesquisas.face.ufmg.br\/time\/wp-json\/wp\/v2\/media?parent=190"}],"curies":[{"name":"wp","href":"https:\/\/api.w.org\/{rel}","templated":true}]}}