{"id":113,"date":"2016-05-27T10:30:20","date_gmt":"2016-05-27T13:30:20","guid":{"rendered":"http:\/\/pesquisas.face.ufmg.br\/time\/?page_id=113"},"modified":"2020-06-29T21:16:12","modified_gmt":"2020-06-30T00:16:12","slug":"atuacao","status":"publish","type":"page","link":"https:\/\/pesquisas.face.ufmg.br\/time\/atuacao\/","title":{"rendered":"O que fazemos?"},"content":{"rendered":"<h1><img loading=\"lazy\" decoding=\"async\" class=\"wp-image-579 alignleft\" src=\"http:\/\/pesquisas.face.ufmg.br\/time\/wp-content\/uploads\/sites\/16\/2016\/10\/picasion.com_394ddc52f235facc7943993969b9edb2-1.gif\" alt=\"\" width=\"121\" height=\"121\" \/><strong><span style=\"color: #c8102e\">Atua\u00e7\u00e3o<\/span><\/strong><\/h1>\n<p>O TIME\u00a0UFMG\u00a0atua em parceria com <strong>empresas<\/strong> e <strong>organiza\u00e7\u00f5es p\u00fablicas<\/strong> e <strong>privadas<\/strong> em projetos de <strong>pesquisa<\/strong> e <strong>desenvolvimento<\/strong>, visando a <strong>solu\u00e7\u00e3o de problemas<\/strong> dos parceiros, o <strong>avan\u00e7o cient\u00edfico<\/strong> e a <strong>inova\u00e7\u00e3o tecnol\u00f3gica<\/strong>.<\/p>\n<hr \/>\n<p>Clicando nos links abaixo voc\u00ea ver\u00e1 exemplos das \u00e1reas de atua\u00e7\u00e3o\u00a0do <strong>TIME UFMG<\/strong>, que desenvolve:<\/p>\n<ul>\n<li><a href=\"http:\/\/pesquisas.face.ufmg.br\/time\/projetos-e-pesquisas\/projetos-aplicados\/\">Projetos &amp; pesquisas aplicadas<\/a>\u00a0ao\u00a0desenvolvimento cient\u00edfico e a inova\u00e7\u00e3o, enfatizando a solu\u00e7\u00e3o de problemas\u00a0gerenciais<\/li>\n<li><a href=\"http:\/\/pesquisas.face.ufmg.br\/time\/inteligencia\/\">Modelos de\u00a0intelig\u00eancia de neg\u00f3cios<\/a>\u00a0visando a aplica\u00e7\u00e3o de t\u00e9cnicas que trazem maior competitividade gerencial<\/li>\n<li><a href=\"http:\/\/pesquisas.face.ufmg.br\/time\/projetos-e-pesquisas\/projetos-aplicados\/cursos\/\">Capacita\u00e7\u00e3o e cursos customizados<\/a>\u00a0de curta ou m\u00e9dia dura\u00e7\u00e3o desenvolvidos de acordo com a demanda de parceiros na modalidade <em>in company<\/em><\/li>\n<li><a href=\"http:\/\/pesquisas.face.ufmg.br\/time\/producao\/\">Produtos em ci\u00eancia &amp;\u00a0tecnologia<\/a>\u00a0resultantes\u00a0de pesquisas e projetos do TIME UFMG.<\/li>\n<\/ul>\n","protected":false},"excerpt":{"rendered":"<p>Atua\u00e7\u00e3o O TIME\u00a0UFMG\u00a0atua em parceria com empresas e organiza\u00e7\u00f5es p\u00fablicas e privadas em projetos de pesquisa e desenvolvimento, visando a solu\u00e7\u00e3o de problemas dos parceiros, o avan\u00e7o cient\u00edfico e a inova\u00e7\u00e3o tecnol\u00f3gica. Clicando nos links abaixo voc\u00ea ver\u00e1 exemplos das \u00e1reas de atua\u00e7\u00e3o\u00a0do TIME UFMG, que desenvolve: Projetos &amp; pesquisas aplicadas\u00a0ao\u00a0desenvolvimento cient\u00edfico e a inova\u00e7\u00e3o, enfatizando a solu\u00e7\u00e3o de problemas\u00a0gerenciais Modelos de\u00a0intelig\u00eancia de neg\u00f3cios\u00a0visando a aplica\u00e7\u00e3o de t\u00e9cnicas que trazem maior competitividade gerencial Capacita\u00e7\u00e3o e cursos customizados\u00a0de curta ou m\u00e9dia dura\u00e7\u00e3o desenvolvidos de acordo com a demanda de parceiros na modalidade in company Produtos em ci\u00eancia &amp;\u00a0tecnologia\u00a0resultantes\u00a0de pesquisas e projetos do TIME UFMG.<a class=\"more-link\" href=\"https:\/\/pesquisas.face.ufmg.br\/time\/atuacao\/\">Read More &rarr;<\/a><\/p>\n","protected":false},"author":11,"featured_media":0,"parent":0,"menu_order":0,"comment_status":"closed","ping_status":"closed","template":"","meta":{"_crdt_document":"","content-type":"","_exactmetrics_skip_tracking":false,"_exactmetrics_sitenote_active":false,"_exactmetrics_sitenote_note":"","_exactmetrics_sitenote_category":0,"footnotes":""},"class_list":["entry","page","publish","author-time","post-113"],"_links":{"self":[{"href":"https:\/\/pesquisas.face.ufmg.br\/time\/wp-json\/wp\/v2\/pages\/113","targetHints":{"allow":["GET"]}}],"collection":[{"href":"https:\/\/pesquisas.face.ufmg.br\/time\/wp-json\/wp\/v2\/pages"}],"about":[{"href":"https:\/\/pesquisas.face.ufmg.br\/time\/wp-json\/wp\/v2\/types\/page"}],"author":[{"embeddable":true,"href":"https:\/\/pesquisas.face.ufmg.br\/time\/wp-json\/wp\/v2\/users\/11"}],"replies":[{"embeddable":true,"href":"https:\/\/pesquisas.face.ufmg.br\/time\/wp-json\/wp\/v2\/comments?post=113"}],"version-history":[{"count":32,"href":"https:\/\/pesquisas.face.ufmg.br\/time\/wp-json\/wp\/v2\/pages\/113\/revisions"}],"predecessor-version":[{"id":1905,"href":"https:\/\/pesquisas.face.ufmg.br\/time\/wp-json\/wp\/v2\/pages\/113\/revisions\/1905"}],"wp:attachment":[{"href":"https:\/\/pesquisas.face.ufmg.br\/time\/wp-json\/wp\/v2\/media?parent=113"}],"curies":[{"name":"wp","href":"https:\/\/api.w.org\/{rel}","templated":true}]}}