{"id":2,"date":"2015-11-16T14:00:29","date_gmt":"2015-11-16T14:00:29","guid":{"rendered":"http:\/\/pesquisas.face.ufmg.br\/nufi\/?page_id=2"},"modified":"2020-09-17T11:40:04","modified_gmt":"2020-09-17T14:40:04","slug":"pagina-exemplo","status":"publish","type":"page","link":"https:\/\/pesquisas.face.ufmg.br\/nufi\/","title":{"rendered":"O N\u00facleo"},"content":{"rendered":"\n<p class=\"has-drop-cap wp-block-paragraph\">Criado em 1996, o N\u00facleo de Ensino, Pesquisa e Consultoria em Finan\u00e7as e Contabilidade (NUFI), tem como objetivo proporcionar a seus membros oportunidades de intera\u00e7\u00e3o entre a academia e o mercado. Isto vem sendo desenvolvido atrav\u00e9s dos diversos projetos executados e em andamento. Nesses \u00faltimos anos o NUFI vem se projetando no mundo acad\u00eamico e profissional, isto pode ser constatado pelo elevado n\u00famero de publica\u00e7\u00f5es e representa\u00e7\u00f5es de seus membros nas suas \u00e1reas de atua\u00e7\u00e3o.<\/p>\n\n\n\n<h3 class=\"wp-block-heading\"><a href=\"http:\/\/pesquisas.face.ufmg.br\/nufi\/linhas-de-pesquisa\/\"><strong>Campos tem\u00e1ticos<\/strong><\/a><\/h3>\n\n\n\n<h4 class=\"has-normal-font-size wp-block-heading\">Mercado Financeiro, de Capitais e Derivativos<\/h4>\n\n\n\n<h4 class=\"has-normal-font-size wp-block-heading\">Desempenho e Estrat\u00e9gias Financeiras de Empresas<\/h4>\n\n\n\n<h4 class=\"has-normal-font-size wp-block-heading\">Contabilidade Gerencial e Controladoria<\/h4>\n\n\n\n<h4 class=\"has-normal-font-size wp-block-heading\">Gest\u00e3o e Finan\u00e7as P\u00fablicas<\/h4>\n\n\n\n<h4 class=\"has-normal-font-size wp-block-heading\">Inova\u00e7\u00e3o e Transfer\u00eancia de Tecnologia em Finan\u00e7as e Contabilidade<\/h4>\n\n\n\n<h4 class=\"has-normal-font-size wp-block-heading\">Sustentabilidade e Empreendedorismo em Finan\u00e7as e Contabilidade<\/h4>\n","protected":false},"excerpt":{"rendered":"<p>Criado em 1996, o N\u00facleo de Ensino, Pesquisa e Consultoria em Finan\u00e7as e Contabilidade (NUFI), tem como objetivo proporcionar a seus membros oportunidades de intera\u00e7\u00e3o entre a academia e o &hellip; <a href=\"https:\/\/pesquisas.face.ufmg.br\/nufi\/\" class=\"more-link\">Continuar lendo <span class=\"screen-reader-text\">O N\u00facleo<\/span><\/a><\/p>\n","protected":false},"author":1,"featured_media":0,"parent":0,"menu_order":0,"comment_status":"closed","ping_status":"closed","template":"","meta":{"_crdt_document":"","_exactmetrics_skip_tracking":false,"_exactmetrics_sitenote_active":false,"_exactmetrics_sitenote_note":"","_exactmetrics_sitenote_category":0,"footnotes":""},"class_list":["post-2","page","type-page","status-publish","hentry"],"_links":{"self":[{"href":"https:\/\/pesquisas.face.ufmg.br\/nufi\/wp-json\/wp\/v2\/pages\/2","targetHints":{"allow":["GET"]}}],"collection":[{"href":"https:\/\/pesquisas.face.ufmg.br\/nufi\/wp-json\/wp\/v2\/pages"}],"about":[{"href":"https:\/\/pesquisas.face.ufmg.br\/nufi\/wp-json\/wp\/v2\/types\/page"}],"author":[{"embeddable":true,"href":"https:\/\/pesquisas.face.ufmg.br\/nufi\/wp-json\/wp\/v2\/users\/1"}],"replies":[{"embeddable":true,"href":"https:\/\/pesquisas.face.ufmg.br\/nufi\/wp-json\/wp\/v2\/comments?post=2"}],"version-history":[{"count":5,"href":"https:\/\/pesquisas.face.ufmg.br\/nufi\/wp-json\/wp\/v2\/pages\/2\/revisions"}],"predecessor-version":[{"id":40,"href":"https:\/\/pesquisas.face.ufmg.br\/nufi\/wp-json\/wp\/v2\/pages\/2\/revisions\/40"}],"wp:attachment":[{"href":"https:\/\/pesquisas.face.ufmg.br\/nufi\/wp-json\/wp\/v2\/media?parent=2"}],"curies":[{"name":"wp","href":"https:\/\/api.w.org\/{rel}","templated":true}]}}