{"id":18,"date":"2015-11-16T16:05:45","date_gmt":"2015-11-16T16:05:45","guid":{"rendered":"http:\/\/pesquisas.face.ufmg.br\/nufi\/?page_id=18"},"modified":"2022-04-26T22:33:10","modified_gmt":"2022-04-27T01:33:10","slug":"participantes","status":"publish","type":"page","link":"https:\/\/pesquisas.face.ufmg.br\/nufi\/participantes\/","title":{"rendered":"Participantes"},"content":{"rendered":"\n<p class=\"has-drop-cap wp-block-paragraph\">O NUFI \u00e9 composto por profissionais da \u00e1rea de Administra\u00e7\u00e3o, Contabilidade, Economia e Ci\u00eancia da Computa\u00e7\u00e3o. Est\u00e1 vinculado ao Departamento de Ci\u00eancias Administrativas (CAD) e ao Centro de P\u00f3s-Gradua\u00e7\u00e3o e Pesquisas em Administra\u00e7\u00e3o (CEPEAD) da Faculdade de Ci\u00eancias Econ\u00f4micas (FACE) da Universidade Federal de Minas Gerais (UFMG). Contando com a participa\u00e7\u00e3o de professores do Departamento de Ci\u00eancias Cont\u00e1beis da UFMG, outras Universidade no Brasil e no Exterior e professores da Universidade T\u00e9cnica de Lisboa, Universidades de Lancaster e Universidade Mend\u00e9s Pierre France.<\/p>\n\n\n\n<h3 class=\"wp-block-heading\"><span class=\"black\">L\u00edderes do Grupo<\/span><\/h3>\n\n\n\n<ul class=\"wp-block-list\"><li>Prof. Robert Aldo Iquiapaza<\/li><li>Prof. Hudson Fernandes Amaral<\/li><\/ul>\n\n\n\n<h3 class=\"wp-block-heading\"><span class=\"black\">Recursos Humanos<\/span><\/h3>\n\n\n\n<p class=\"wp-block-paragraph\">Informa\u00e7\u00f5es atualizadas podem ser consultadas na p\u00e1gina do <a href=\"http:\/\/dgp.cnpq.br\/dgp\/espelhogrupo\/3074266261074310#recursosHumanos\" target=\"_blank\" rel=\"noreferrer noopener\">NUFI CNPq<\/a> no CNPq.<\/p>\n\n\n\n<h4 class=\"wp-block-heading\"><span class=\"subtitulo\">Pesquisadores<\/span><\/h4>\n\n\n\n<ul class=\"wp-block-list\"><li>Ana Carolina Costa Corr\u00eaa<\/li><li>Andr\u00e9ia de Oliveira Santos<\/li><li>Ant\u00f4nio Artur de Souza<\/li><li>Aureliano Angel Bressan<\/li><li>Bruno P\u00e9rez Ferreira<\/li><li>Carolina Magda da Silva Roma<\/li><li>Eduardo Jos\u00e9 Zanoteli<\/li><li>Ewerton Alex Avelar<\/li><li>Felipe Apr\u00edgio dos Santos Teixeira Ribeiro<\/li><li>Fernanda Maciel Peixoto<\/li><li>Fl\u00e1vio Dias Rocha<\/li><li>Frank Magalh\u00e3es de Pinho<\/li><li>Get\u00falio Alves de Souza Matos<\/li><li>Gustavo Henrique de Oliveira Amaral<\/li><li>Hudson Fernandes Amaral<\/li><li>Jos\u00e9 Roberto de Souza Francisco<\/li><li>Joyce Mariella Medeiros Cavalcanti<\/li><li>Laise Ferraz Correia<\/li><li>Lousanne Cavalcanti Barros Resende<\/li><li>Marcos Ant\u00f4nio de Camargos<\/li><li>Robert Aldo Iquiapaza<\/li><\/ul>\n\n\n\n<h4 class=\"wp-block-heading\"><span class=\"subtitulo\">Estudantes<\/span><\/h4>\n\n\n\n<ul class=\"wp-block-list\"><li>Camila Viana Brasil<\/li><li>Cesar Augusto Camargos Rocha<\/li><li>Daniel Pereira Alves de Abreu<\/li><li>Diego Reis Chain<\/li><li>Eduardo Amat Silva<\/li><li>F\u00e1bio Sim\u00e3o Dami\u00e3o<\/li><li>Guilherme Ara\u00fajo Lima<\/li><li>J\u00e9ssica Santos de Paula<\/li><li>Jo\u00e3o Guilherme Magalh\u00e3es-Timotio<\/li><li>Leonardo Vieira Bortolini<\/li><li>Leticia Fernandes Pereira<\/li><li>Lucas Machado Coelho Silva<\/li><li>M\u00e1rcia Tereza Miranda<\/li><li>Marcos Vinicius Lopes Pereira<\/li><li>Paulo Henrique Lima Pe\u00e7anha<\/li><li>Pedro Augusto Alvim Sabino<\/li><li>Ricardo Medeiros<\/li><li>Sabrina Espinele da Silva<\/li><li>Simone Evangelista Fonseca<\/li><li>Susy Naiara Alves da Silva<\/li><li>Vin\u00edcius Bortolussi Roman<\/li><li>Wanderci Alves Bitencourt<\/li><\/ul>\n\n\n\n<h4 class=\"wp-block-heading\">Pesquisadores Anteriores<\/h4>\n\n\n\n<ul class=\"wp-block-list\"><li>Antonio Dias Pereira Filho<\/li><li>Francisco Vidal Barbosa<\/li><li>Gustavo Alves da Costa<\/li><li>Ivan Beck CKagnazaroff<\/li><li>Juliano Lima Pinheiro<\/li><li>Luiz Alberto Bertucci<\/li><li>Simone Let\u00edcia Raimundini<\/li><li>Francisco Vidal Barbosa<\/li><li>Wagner Moura Lamounier<\/li><\/ul>\n\n\n\n<h4 class=\"wp-block-heading\">Estudantes Egressos<\/h4>\n\n\n\n<ul class=\"wp-block-list\"><li>Bruno C\u00e9sar de Melo Moreira<\/li><li>Bruno Vidigal Coscarelli<\/li><li>Carolina Magda da Silva Roma<\/li><li>David John Gruberger<\/li><li>Eduardo Senra Coutinho<\/li><li>Eleonora Cruz Santos<\/li><li>Fernanda C\u00edntia de Souza<\/li><li>Fl\u00e1via Vital Januzzi<\/li><li>Fl\u00e1vio Dias Rocha<\/li><li>Gilda Alves Costa Pereira<\/li><li>Graziella Lage Laureano<\/li><li>Igor Vasconcelos Nogueira<\/li><li>Isabela Travaglia Santos<\/li><li>Jo\u00e3o Paulo Guerra<\/li><li>Laise Ferraz Correia<\/li><li>Leandro Augusto Lacerda Campos<\/li><li>Marcos Vinicius Lopes Pereira<\/li><li>Marcos Ant\u00f4nio de Camargos<\/li><li>Maria Celia Vilela Ribeiro<\/li><li>Maria Elisa Lima Pereira<\/li><li>Maria Luiza Pessoa de Novaes<\/li><li>Marina da Silva Borges Ara\u00fajo<\/li><li>Nelson Ferreira Fonseca<\/li><li>Patr\u00edcia Cristina Duarte<\/li><li>Pedro Pinheiro Costa Lage<\/li><li>Rafaela de Oliveira Vitoria<\/li><li>Rejane Almeida Silva<\/li><li>Renato Lazo Paz<\/li><li>Renata Turola Takamatsu<\/li><li>Roberto Kaehler de Albuquerque Maranh\u00e3o<\/li><li>Robson de Souza Baesso<\/li><li>Rodrigo Araujo Alves<\/li><li>Wesley Pereira Tomaz<\/li><\/ul>\n","protected":false},"excerpt":{"rendered":"<p>O NUFI \u00e9 composto por profissionais da \u00e1rea de Administra\u00e7\u00e3o, Contabilidade, Economia e Ci\u00eancia da Computa\u00e7\u00e3o. Est\u00e1 vinculado ao Departamento de Ci\u00eancias Administrativas (CAD) e ao Centro de P\u00f3s-Gradua\u00e7\u00e3o e &hellip; <a href=\"https:\/\/pesquisas.face.ufmg.br\/nufi\/participantes\/\" class=\"more-link\">Continuar lendo <span class=\"screen-reader-text\">Participantes<\/span><\/a><\/p>\n","protected":false},"author":1,"featured_media":0,"parent":0,"menu_order":0,"comment_status":"closed","ping_status":"closed","template":"","meta":{"_crdt_document":"","_exactmetrics_skip_tracking":false,"_exactmetrics_sitenote_active":false,"_exactmetrics_sitenote_note":"","_exactmetrics_sitenote_category":0,"footnotes":""},"class_list":["post-18","page","type-page","status-publish","hentry"],"_links":{"self":[{"href":"https:\/\/pesquisas.face.ufmg.br\/nufi\/wp-json\/wp\/v2\/pages\/18","targetHints":{"allow":["GET"]}}],"collection":[{"href":"https:\/\/pesquisas.face.ufmg.br\/nufi\/wp-json\/wp\/v2\/pages"}],"about":[{"href":"https:\/\/pesquisas.face.ufmg.br\/nufi\/wp-json\/wp\/v2\/types\/page"}],"author":[{"embeddable":true,"href":"https:\/\/pesquisas.face.ufmg.br\/nufi\/wp-json\/wp\/v2\/users\/1"}],"replies":[{"embeddable":true,"href":"https:\/\/pesquisas.face.ufmg.br\/nufi\/wp-json\/wp\/v2\/comments?post=18"}],"version-history":[{"count":4,"href":"https:\/\/pesquisas.face.ufmg.br\/nufi\/wp-json\/wp\/v2\/pages\/18\/revisions"}],"predecessor-version":[{"id":72,"href":"https:\/\/pesquisas.face.ufmg.br\/nufi\/wp-json\/wp\/v2\/pages\/18\/revisions\/72"}],"wp:attachment":[{"href":"https:\/\/pesquisas.face.ufmg.br\/nufi\/wp-json\/wp\/v2\/media?parent=18"}],"curies":[{"name":"wp","href":"https:\/\/api.w.org\/{rel}","templated":true}]}}