{"id":12,"date":"2015-11-16T15:47:57","date_gmt":"2015-11-16T15:47:57","guid":{"rendered":"http:\/\/pesquisas.face.ufmg.br\/nufi\/?page_id=12"},"modified":"2022-04-26T22:45:09","modified_gmt":"2022-04-27T01:45:09","slug":"objetivos-e-atuacao","status":"publish","type":"page","link":"https:\/\/pesquisas.face.ufmg.br\/nufi\/objetivos-e-atuacao\/","title":{"rendered":"Objetivos e atua\u00e7\u00e3o"},"content":{"rendered":"\n<p class=\"has-drop-cap wp-block-paragraph\">O N\u00facleo de Ensino, Pesquisa e Consultoria em Finan\u00e7as e Contabilidade (NUFI), tem como objetivo proporcionar a seus membros oportunidades de intera\u00e7\u00e3o entre a academia e o mercado. Isto vem sendo desenvolvido atrav\u00e9s dos diversos projetos executados em andamento. Nestes \u00faltimos anos o NUFI vem se projetando no mundo acad\u00eamico e profissional, isto pode ser constatado pelo elevado n\u00famero de publica\u00e7\u00f5es e representa\u00e7\u00f5es de seus membros nas suas \u00e1reas de atua\u00e7\u00e3o.<\/p>\n\n\n\n<p class=\"wp-block-paragraph\">Por meio das linhas de pesquisa, o NUFI tem como finalidade que suas pesquisas gerem: Teses, Disserta\u00e7\u00f5es, Artigos, Livros e Cap\u00edtulos de Livros, Monografias e outros; e tamb\u00e9m a sua divulga\u00e7\u00e3o em Confer\u00eancias, Congressos, Semin\u00e1rios, palestras e demais meios de comunica\u00e7\u00e3o.<\/p>\n\n\n\n<p class=\"wp-block-paragraph\">Poder consultar algumas de nossas publica\u00e7\u00f5es na p\u00e1gina do NUFI na rede <a rel=\"noreferrer noopener\" href=\"https:\/\/www.researchgate.net\/lab\/Nucleo-de-Ensino-Pesquisa-e-Consultoria-em-Financas-e-Contabilidade-NUFI-Robert-Iquiapaza\" target=\"_blank\">Reserchgate<\/a>. E pode tamb\u00e9m consultar o curriculum na plataforma Lattes de cada um dos nossos <a href=\"http:\/\/dgp.cnpq.br\/dgp\/espelhogrupo\/3074266261074310#indicadores\" target=\"_blank\" rel=\"noreferrer noopener\">pesquisadores e estudantes<\/a>.<\/p>\n","protected":false},"excerpt":{"rendered":"<p>O N\u00facleo de Ensino, Pesquisa e Consultoria em Finan\u00e7as e Contabilidade (NUFI), tem como objetivo proporcionar a seus membros oportunidades de intera\u00e7\u00e3o entre a academia e o mercado. Isto vem &hellip; <a href=\"https:\/\/pesquisas.face.ufmg.br\/nufi\/objetivos-e-atuacao\/\" class=\"more-link\">Continuar lendo <span class=\"screen-reader-text\">Objetivos e atua\u00e7\u00e3o<\/span><\/a><\/p>\n","protected":false},"author":1,"featured_media":0,"parent":0,"menu_order":0,"comment_status":"closed","ping_status":"closed","template":"","meta":{"_crdt_document":"","_exactmetrics_skip_tracking":false,"_exactmetrics_sitenote_active":false,"_exactmetrics_sitenote_note":"","_exactmetrics_sitenote_category":0,"footnotes":""},"class_list":["post-12","page","type-page","status-publish","hentry"],"_links":{"self":[{"href":"https:\/\/pesquisas.face.ufmg.br\/nufi\/wp-json\/wp\/v2\/pages\/12","targetHints":{"allow":["GET"]}}],"collection":[{"href":"https:\/\/pesquisas.face.ufmg.br\/nufi\/wp-json\/wp\/v2\/pages"}],"about":[{"href":"https:\/\/pesquisas.face.ufmg.br\/nufi\/wp-json\/wp\/v2\/types\/page"}],"author":[{"embeddable":true,"href":"https:\/\/pesquisas.face.ufmg.br\/nufi\/wp-json\/wp\/v2\/users\/1"}],"replies":[{"embeddable":true,"href":"https:\/\/pesquisas.face.ufmg.br\/nufi\/wp-json\/wp\/v2\/comments?post=12"}],"version-history":[{"count":4,"href":"https:\/\/pesquisas.face.ufmg.br\/nufi\/wp-json\/wp\/v2\/pages\/12\/revisions"}],"predecessor-version":[{"id":73,"href":"https:\/\/pesquisas.face.ufmg.br\/nufi\/wp-json\/wp\/v2\/pages\/12\/revisions\/73"}],"wp:attachment":[{"href":"https:\/\/pesquisas.face.ufmg.br\/nufi\/wp-json\/wp\/v2\/media?parent=12"}],"curies":[{"name":"wp","href":"https:\/\/api.w.org\/{rel}","templated":true}]}}