{"id":8,"date":"2015-11-04T13:55:43","date_gmt":"2015-11-04T13:55:43","guid":{"rendered":"http:\/\/pesquisas.face.ufmg.br\/nipe-log\/?page_id=8"},"modified":"2015-11-04T13:55:43","modified_gmt":"2015-11-04T13:55:43","slug":"objetivos","status":"publish","type":"page","link":"https:\/\/pesquisas.face.ufmg.br\/nipe-log\/objetivos\/","title":{"rendered":"Objetivos"},"content":{"rendered":"<p>S\u00e3o objetivos espec\u00edficos do NIPE-LOG:<\/p>\n<ul>\n<li>Promover pesquisas em temas relevantes ao campo da gest\u00e3o de opera\u00e7\u00f5es log\u00edsticas, priorizando enfoques interdisciplinares e integrados da log\u00edstica, do marketing e de sub\u00e1reas do conhecimento da Economia e das Engenharias.<\/li>\n<li>Atender \u00e0s demandas da comunidade empresarial e da Administra\u00e7\u00e3o P\u00fablica relativas ao desenvolvimento de diagn\u00f3sticos de efici\u00eancia ou de gargalos em sistemas log\u00edsticos espec\u00edficos, bem como ao desenvolvimento de modelos matem\u00e1ticos de otimiza\u00e7\u00e3o da performance que possam contribuir para o incremento da competitividade e efici\u00eancia operacional de institui\u00e7\u00f5es p\u00fablicas ou privadas, com ou sem fins lucrativos.<\/li>\n<li>Conceber e implementar cursos de extens\u00e3o, de interesse p\u00fablico ou privado, na \u00e1rea de gest\u00e3o de opera\u00e7\u00f5es log\u00edsticas, em temas considerados emergentes ou de especial interesse para a comunidade cient\u00edfica e empresas.<\/li>\n<li>Promover palestras e semin\u00e1rios sobre diferentes temas da \u00e1rea de opera\u00e7\u00f5es, a partir de iniciativas conjuntas do CEPEAD\/UFMG e de outras institui\u00e7\u00f5es de ensino superior p\u00fablico ou privado do Pa\u00eds.<\/li>\n<li>Establecer, de forma continuada e sistem\u00e1tica, estudos tem\u00e1ticos que envolvam a participa\u00e7\u00e3o de alunos do curso de gradua\u00e7\u00e3o em Administra\u00e7\u00e3o do CAD\/UFMG, dos cursos de mestrado e doutorado do CEPEAD\/UFMG, bem como discentes de outros programas de p\u00f3s-gradua\u00e7\u00e3o, internos ou externos \u00e0 UFMG, interessados em desenvolver tais atividades no \u00e2mbito do NIPE-LOG.<\/li>\n<\/ul>\n","protected":false},"excerpt":{"rendered":"<p>S\u00e3o objetivos espec\u00edficos do NIPE-LOG: Promover pesquisas em temas relevantes ao campo da gest\u00e3o de opera\u00e7\u00f5es log\u00edsticas, priorizando enfoques interdisciplinares e integrados da log\u00edstica, do marketing e de sub\u00e1reas do &hellip; <a href=\"https:\/\/pesquisas.face.ufmg.br\/nipe-log\/objetivos\/\" class=\"more-link\">Continue reading <span class=\"screen-reader-text\">Objetivos<\/span><\/a><\/p>\n","protected":false},"author":1,"featured_media":0,"parent":0,"menu_order":0,"comment_status":"closed","ping_status":"closed","template":"","meta":{"_crdt_document":"","_exactmetrics_skip_tracking":false,"_exactmetrics_sitenote_active":false,"_exactmetrics_sitenote_note":"","_exactmetrics_sitenote_category":0,"footnotes":""},"class_list":["post-8","page","type-page","status-publish","hentry"],"_links":{"self":[{"href":"https:\/\/pesquisas.face.ufmg.br\/nipe-log\/wp-json\/wp\/v2\/pages\/8","targetHints":{"allow":["GET"]}}],"collection":[{"href":"https:\/\/pesquisas.face.ufmg.br\/nipe-log\/wp-json\/wp\/v2\/pages"}],"about":[{"href":"https:\/\/pesquisas.face.ufmg.br\/nipe-log\/wp-json\/wp\/v2\/types\/page"}],"author":[{"embeddable":true,"href":"https:\/\/pesquisas.face.ufmg.br\/nipe-log\/wp-json\/wp\/v2\/users\/1"}],"replies":[{"embeddable":true,"href":"https:\/\/pesquisas.face.ufmg.br\/nipe-log\/wp-json\/wp\/v2\/comments?post=8"}],"version-history":[{"count":1,"href":"https:\/\/pesquisas.face.ufmg.br\/nipe-log\/wp-json\/wp\/v2\/pages\/8\/revisions"}],"predecessor-version":[{"id":10,"href":"https:\/\/pesquisas.face.ufmg.br\/nipe-log\/wp-json\/wp\/v2\/pages\/8\/revisions\/10"}],"wp:attachment":[{"href":"https:\/\/pesquisas.face.ufmg.br\/nipe-log\/wp-json\/wp\/v2\/media?parent=8"}],"curies":[{"name":"wp","href":"https:\/\/api.w.org\/{rel}","templated":true}]}}