{"id":35,"date":"2015-11-04T14:43:08","date_gmt":"2015-11-04T14:43:08","guid":{"rendered":"http:\/\/pesquisas.face.ufmg.br\/nipe-log\/?page_id=35"},"modified":"2015-11-04T16:08:52","modified_gmt":"2015-11-04T16:08:52","slug":"downloads","status":"publish","type":"page","link":"https:\/\/pesquisas.face.ufmg.br\/nipe-log\/downloads\/","title":{"rendered":"Downloads"},"content":{"rendered":"<ol>\n<li>BRONZO, M., OLIVEIRA, M. P. V., \u00a0McCORMACK, K. <a href=\"http:\/\/pesquisas.face.ufmg.br\/nipe-log\/wp-content\/uploads\/sites\/4\/2015\/11\/O1_L11.pdf\" target=\"_blank\">Planning,Capabilities and Performance: an integrative value approach<\/a>. Management Decision. v.50, p.1001 &#8211; 1021, 2012.<\/li>\n<li>MARTINS, R. S., SOUZA FILHO, O. V., PEREIRA, Susana Carla Farias, SERIO, L. C. <a href=\"http:\/\/pesquisas.face.ufmg.br\/nipe-log\/wp-content\/uploads\/sites\/4\/2015\/11\/O2_L2.pdf\" target=\"_blank\">Buyer-Supplier Collaborative Relationships in The Brazilian Automotive Chain<\/a>. Journal of Operations and Supply Chain Management. , v.5, p.16 &#8211; 30, 2012.<\/li>\n<li>XAVIER, W. S., MARTINS, R. S. <a href=\"http:\/\/pesquisas.face.ufmg.br\/nipe-log\/wp-content\/uploads\/sites\/4\/2015\/11\/O3_L3.pdf\" target=\"_blank\">Logistic Strategy and Organizational Structure in Brazilian Small and Medium-sized Enterprises (SMEs)<\/a>. Organizations and Markets in Emerging Economies. , v.2, p.91 &#8211; 116, 2011.<\/li>\n<li>OLIVEIRA, M. P. V., McCORMACK,K., BRONZO, M., TRKMAN , P., BERGH, J. V. D. <a href=\"http:\/\/pesquisas.face.ufmg.br\/nipe-log\/wp-content\/uploads\/sites\/4\/2015\/11\/O4_L4.pdf\" target=\"_blank\">Supply chain process collaboration and internet utilization: an international perspective of business to business relationships<\/a>. Economy and Business Review. , v.13, p.203 &#8211; 226, 2011.<\/li>\n<li>MARTINS, R. S., XAVIER, W. S., SOUZA FILHO, O. V., MARTINS, G. S. <a href=\"http:\/\/pesquisas.face.ufmg.br\/nipe-log\/wp-content\/uploads\/sites\/4\/2015\/11\/O5_L7.pdf\" target=\"_blank\">Transport Management in Small and Medium-Sized \u00a0Enterprises in Brazil<\/a>. Journal of Operations and Supply Chain Management. , v.3, p.55 &#8211; 66, 2010.<\/li>\n<li>OLIVEIRA, M. P. V. BRONZO, M., McCORMACK,K. <a href=\"http:\/\/pesquisas.face.ufmg.br\/nipe-log\/wp-content\/uploads\/sites\/4\/2015\/11\/O6_L10.pdf\" target=\"_blank\">The supply chain process management maturity model \u2013SCPM3<\/a> In: Supply Chain Management: Pathways for Research and Practice. INTECH, 2011, p.201-218.<\/li>\n<li>CSILLAG, J. M., MARTINS, R. S., PRIMO, M. A.<a href=\"http:\/\/pesquisas.face.ufmg.br\/nipe-log\/wp-content\/uploads\/sites\/4\/2015\/11\/O7_L12.pdf\" target=\"_blank\"> Estudos de Caso como Op\u00e7\u00e3o de Pesquisa Emp\u00edrica em Opera\u00e7\u00f5es<\/a>. RAE (Impresso). , v.63, p.380 &#8211; 385, 2012.<\/li>\n<li>RESENDE, P. T. V., BRONZO, M., OLIVEIRA, M. P. V., SOUSA, P. R., FERREIRA, R. L., MCCORMACK, K. <a href=\"http:\/\/pesquisas.face.ufmg.br\/nipe-log\/wp-content\/uploads\/sites\/4\/2015\/11\/O8_13.pdf\" target=\"_blank\">Como alavancar o desempenho competitivo<\/a>. Harvard Business Review \u00a0v.Jan, p.73 &#8211; 79, 2012<\/li>\n<li>BRONZO, M., RESENDE, P. T. V., OLIVEIRA, M. P. V., MCCORMACK, K., SOUSA, P. R., FERREIRA, R. L. <a href=\"http:\/\/pesquisas.face.ufmg.br\/nipe-log\/wp-content\/uploads\/sites\/4\/2015\/11\/O9_L14.pdf\" target=\"_blank\">Gest\u00e3o de processos, indicadores anal\u00edticos e impactos sobre o desempenho competitivo em grandes e m\u00e9dias empresas brasileiras dos setores da ind\u00fastria e de servi\u00e7os<\/a>. Gest\u00e3o &amp; Produ\u00e7\u00e3o (UFSCAR. Impresso). , v.19, p.389 &#8211; 404, 2012.<\/li>\n<li>MARTINS, R. S.; SOUZA FILHO, O. V.; Pereira, Susana Carla Farias. <a href=\"http:\/\/pesquisas.face.ufmg.br\/nipe-log\/wp-content\/uploads\/sites\/4\/2015\/11\/O10_L15.pdf\" target=\"_blank\">Alinhamento Estrat\u00e9gico nas Cadeias de Suprimentos da Ind\u00fastria Automobil\u00edstica Brasileira<\/a>. REAd. Revista Eletr\u00f4nica de Administra\u00e7\u00e3o (Porto Alegre. Online), v. 73, p. 581-606, 2012.<\/li>\n<li>TORRES J\u00daNIOR, N., MIYAKE, D. I. <a href=\"http:\/\/pesquisas.face.ufmg.br\/nipe-log\/wp-content\/uploads\/sites\/4\/2015\/11\/O11_L22.pdf\" target=\"_blank\">A Participa\u00e7\u00e3o do Cliente em Processos de Servi\u00e7o e as Implica\u00e7\u00f5es dos Poss\u00edveis Pap\u00e9is do Cliente na Cria\u00e7\u00e3o de Valor<\/a>. Produto &amp; Produ\u00e7\u00e3o (Online). , v.12, p.91 &#8211; 120, 2011.<\/li>\n<li>XAVIER, W. S., MARTINS, R. S. <a href=\"http:\/\/pesquisas.face.ufmg.br\/nipe-log\/wp-content\/uploads\/sites\/4\/2015\/11\/O12_L21.pdf\" target=\"_blank\">Impactos de estruturas de decis\u00e3o e planejamento em estrat\u00e9gias log\u00edsticas: estudo multicasos no setor moveleiro<\/a>. Base (UNISINOS). , v.8, p.122 &#8211; 132, 2011.<\/li>\n<li>TORRES J\u00daNIOR, N., MIYAKE, D. I. <a href=\"http:\/\/pesquisas.face.ufmg.br\/nipe-log\/wp-content\/uploads\/sites\/4\/2015\/11\/O13_L23.pdf\" target=\"_blank\">Melhoria de desempenho em servi\u00e7os: alternativas para lidar com o trade-off entre efici\u00eancia e efic\u00e1cia<\/a>. Revista Produ\u00e7\u00e3o Online. , v.11, p.162 &#8211; 193, 2011.<\/li>\n<li>TRKMAN , P., BRONZO, M., OLIVEIRA, M. P. V., McCORMACK,K. <a href=\"http:\/\/pesquisas.face.ufmg.br\/nipe-log\/wp-content\/uploads\/sites\/4\/2015\/11\/O14_L36.pdf\" target=\"_blank\">Business analytics, process maturity and supply chain performance<\/a> In: 7th International Workshop on Business Process Intelligence (BPI &#8217;11), 2011, Clermont-Ferrand.7th International Workshop on Business Process Intelligence (BPI &#8217;11), 2011.<\/li>\n<li>SANTOS, N. M.; MARTINS, R. S. <a href=\"http:\/\/pesquisas.face.ufmg.br\/nipe-log\/wp-content\/uploads\/sites\/4\/2015\/11\/O15_L16.pdf\" target=\"_blank\">Gest\u00e3o de Relacionamentos por meio da Log\u00edstica no Setor Farmac\u00eautico Brasileiro<\/a>. Revista de Neg\u00f3cios (Online), v. 17, p. 3-19, 2012.<\/li>\n<li><a href=\"http:\/\/pesquisas.face.ufmg.br\/nipe-log\/wp-content\/uploads\/sites\/4\/2015\/11\/O16_L33.pdf\" target=\"_blank\">Collaborative Practices in the Management of the Brazilian Automotive Chain: Does the Origin of Automakers Matter?<\/a> In: 2012 Production and Operation Management Society (POMS) Annual Conference, 2012, Chicago. Proceedings of&#8230;. , 2012.<\/li>\n<li>MARTINS, R. S., XAVIER, W. S., SOUZA FILHO, O. V., MARTINS, G. S. <a href=\"http:\/\/pesquisas.face.ufmg.br\/nipe-log\/wp-content\/uploads\/sites\/4\/2015\/11\/O17_L20.pdf\" target=\"_blank\">Gest\u00e3o do Transporte Orientada para os Clientes: N\u00edvel de Servi\u00e7o Desejado e Percebido<\/a>. RAC. Revista de Administra\u00e7\u00e3o Contempor\u00e2nea (Impresso). , v.15, p.1100 &#8211; 1119, 2011.<\/li>\n<li>RESENDE, R. C., MARTINS, R. S., LOBO, D. S. <a href=\"http:\/\/pesquisas.face.ufmg.br\/nipe-log\/wp-content\/uploads\/sites\/4\/2015\/11\/O18_L32.pdf\" target=\"_blank\">An Indicator-based Management Model for Service Levels in Shared Services Centers<\/a> In: 4th World Conference Production and Operations Management e 19th International Annual EurOMA Conference, 2012, Amsterd\u00e3.<\/li>\n<li>MARTINS, R. S., LOBO, D. S. <a href=\"http:\/\/pesquisas.face.ufmg.br\/nipe-log\/wp-content\/uploads\/sites\/4\/2015\/11\/O19_L38.pdf\" target=\"_blank\">Desired and Perceived Levels of Service in Transport Contracts &#8211; POMS 2011<\/a> In: 2011 Production and Operation Management Society (POMS) Annual Conference, 2011, Reno, EUA. \u00a0 Proceedings of&#8230;. , 2011.<\/li>\n<li>MARTINS, R. S., XAVIER, W. S., MARTINS, G. S., SOUZA FILHO, O. V. <a href=\"http:\/\/pesquisas.face.ufmg.br\/nipe-log\/wp-content\/uploads\/sites\/4\/2015\/11\/O20_L19.pdf\" target=\"_blank\">Estrat\u00e9gias de Gest\u00e3o de Opera\u00e7\u00f5es Log\u00edsticas em Organiza\u00e7\u00f5es Industriais de um Arranjo Produtivo Local (APL)<\/a>. Revista de Administra\u00e7\u00e3o da UNIMEP. , v.9, p.1 &#8211; 32, 2011.<\/li>\n<li>MARTINS, R. S., SOUZA FILHO, O. V., LOBO, D. S. <a href=\"http:\/\/pesquisas.face.ufmg.br\/nipe-log\/wp-content\/uploads\/sites\/4\/2015\/11\/O21_L49.pdf\" target=\"_blank\">Log\u00edstica como Driver para a Forma\u00e7\u00e3o da Cadeia de Neg\u00f3cios na Ind\u00fastria L\u00e1ctea<\/a> In: XXXV Encontro da ANPAD, 2011, Rio de Janeiro. \u00a0 Anais do&#8230;. , 2011.<\/li>\n<li>TRKMAN,P.; McCORMACK,K.; OLIVEIRA,M.P.V.; BRONZO,M. <a title=\"The impact of business analytics on supply chain performance. Decision Support Systems\" href=\"http:\/\/pesquisas.face.ufmg.br\/nipe-log\/wp-content\/uploads\/sites\/4\/2015\/11\/Artigo33.pdf\" target=\"_blank\">The impact of business analytics on supply chain performance. Decision Support Systems<\/a>, Volume 49, Issue 3,June 2010,pp.318-327.<\/li>\n<li>LOPES, A.L.M; LIMA, M.V.A. CARNEIRO, M.L.; SCHNEIDER, A.B. ADRIANO, A.P. <a href=\"http:\/\/pesquisas.face.ufmg.br\/nipe-log\/wp-content\/uploads\/sites\/4\/2015\/11\/Artigo23.pdf\">Utilizando Data Envelopment Analysis &#8211; DEA e o Modelo de Otimiza\u00e7\u00e3o de Markowitz na Sele\u00e7\u00e3o de Ativos no Mercado de Renda Vari\u00e1vel Brasileiro.<\/a>xli Simp\u00f3sio Brasileiro de Pesquisa Operacional. Porto Seguro, BA.<\/li>\n<li>McCORMACK, K.; DESCHOOLMEESTER, D.; WILLEMS, J.; WILLAERT, P.; VAN DEN BERGH, J.; STEMBERGER, M; SKRINJAR, R. TRKMAN, P.; LADEIRA, M.B.; OLIVEIRA, M. P. V.; BOSILJ, V; VLAHOVIC, N. <a href=\"http:\/\/pesquisas.face.ufmg.br\/nipe-log\/wp-content\/uploads\/sites\/4\/2015\/11\/Artigo24.pdf\">A Global Investigation of Key Turning Points in Business Process Maturity.<\/a> Business Process Management Journal, v.15, p.792-815, 2009.<\/li>\n<li>SAURIN, V.; LOPES, A. L. M. ; AFFONSO Jr., N, C. . <a href=\"http:\/\/pesquisas.face.ufmg.br\/nipe-log\/wp-content\/uploads\/sites\/4\/2015\/11\/Artigo25.pdf\">Compara\u00e7\u00e3o dos modelos de avalia\u00e7\u00e3o de empresas com base no fluxo de caixa descontado e no lucro residual: estudo de caso de uma empresa de energia el\u00e9trica.<\/a> RAM. Revista de Administra\u00e7\u00e3o Mackenzie, v. 10, p. 89-113, 2009.<\/li>\n<li>TORRES J\u00daNIOR, N. ; MIYAKE, D. I. <a href=\"http:\/\/pesquisas.face.ufmg.br\/nipe-log\/wp-content\/uploads\/sites\/4\/2015\/11\/Artigo26.pdf\">Os pap\u00e9is do cliente nos servi\u00e7os: uma discuss\u00e3o acerca das possibilidades de participa\u00e7\u00e3o do cliente na cria\u00e7\u00e3o de valor e melhoria da qualidade.<\/a> Revista Gest\u00e3o Industrial (Online), v. 05, p. 176-191, 2009.<\/li>\n<li>DUTRA, A. ; Ensslen, S.R. ; ENSSLEIN, L. ; LIMA, Marcus Vinicius Andrade de ; LOPES, A. L. M. . <a href=\"http:\/\/pesquisas.face.ufmg.br\/nipe-log\/wp-content\/uploads\/sites\/4\/2015\/11\/Artigo27.pdf\">Inova\u00e7\u00e3o no processo de avalia\u00e7\u00e3o do desempenho organizacional: o uso da dimens\u00e3o integrativa.<\/a> RAI. Revista de Administra\u00e7\u00e3o e Inova\u00e7\u00e3o, v. 5, p. 1-18, 2008.<\/li>\n<li>LOPES, A. L. M. ; LIMA, Marcus Vinicius Andrade de ; DUTRA, A. ; Saurin, Valter .<a href=\"http:\/\/pesquisas.face.ufmg.br\/nipe-log\/wp-content\/uploads\/sites\/4\/2015\/11\/Artigo28.pdf\"> Data Envelopment Analysis &#8211; DEA como estrat\u00e9gia para sele\u00e7\u00e3o de carteiras de investimento: uma aplica\u00e7\u00e3o a 13 anos do mercado de a\u00e7\u00f5es brasileiro.<\/a> In: XXXII EnANPAD, 2008, Rio de Janeiro. XXXII EnANPAD, 2008.<\/li>\n<li>MARTINS, R. S. ; LOBO, D. S. ; Labegalini, L. ; CARRIERI, A. P.<a href=\"http:\/\/pesquisas.face.ufmg.br\/nipe-log\/wp-content\/uploads\/sites\/4\/2015\/11\/Artigo29.pdf\"> Logistics Managers Stated Preferences for Supply Management Attributes for the Case of Inns in Brazil.<\/a> International Journal of Tourism and Hospitality Research, v. 19, p. 323-339, 2008.<\/li>\n<li>MARTINS, R. S. <a href=\"http:\/\/pesquisas.face.ufmg.br\/nipe-log\/wp-content\/uploads\/sites\/4\/2015\/11\/Artigo30.pdf\">Estudo da forma\u00e7\u00e3o do frete rodovi\u00e1rio e potencial de conflitos em negocia\u00e7\u00f5es em cadeias do agroneg\u00f3cio brasileiro.<\/a> Organiza\u00e7\u00f5es Rurais e Agroindustriais, v. 10, p. 75-89, 2008.<\/li>\n<li>SOUZA FILHO, O. V.; MARTINS, R. S. . <a href=\"http:\/\/pesquisas.face.ufmg.br\/nipe-log\/wp-content\/uploads\/sites\/4\/2015\/11\/Artigo11.pdf\">Strategic alignment in the Brazilian Automotive Chain: Relationship between the first and second tier<\/a>. Journal of Operations and Supply Chain Management, v. 1, p. 41-56, 2008.<\/li>\n<li>McCORMACK,Kevin, BRONZO, Marcelo, OLIVEIRA, Marcos Paulo Valadares. <a href=\"http:\/\/pesquisas.face.ufmg.br\/nipe-log\/wp-content\/uploads\/sites\/4\/2015\/11\/Artigo12.pdf\">Supply Chain Maturity and Performance in Brazil.<\/a> Supply Chain Management: an International Journal (SCMIJ), July, v.13, no. 4, p.272 &#8211; 282, Emerald Publishing, 2008.<\/li>\n<li>MESQUITA, A.,; MARTINS, R. S. . <a href=\"http:\/\/pesquisas.face.ufmg.br\/nipe-log\/wp-content\/uploads\/sites\/4\/2015\/11\/Artigo13.pdf\">Desafiso log\u00edsticos \u00e0s redes de neg\u00f3cios no Brasil: o que podem as parcerias p\u00fablico-privadas (PPP)?<\/a>. RAP. Revista Brasileira de Administra\u00e7\u00e3o P\u00fablica, 2008.<\/li>\n<li>LABEGALINI, L. ; DIAS, C. G. ; MARTINS, R. S. . <a href=\"http:\/\/pesquisas.face.ufmg.br\/nipe-log\/wp-content\/uploads\/sites\/4\/2015\/11\/Artigo14.pdf\">Efici\u00eancia log\u00edstica e das opera\u00e7\u00f5es de cargas dos aeroportos brasileiros: uma aplica\u00e7\u00e3o da DEA (Data Envelopment Analysis)<\/a> &#8211; XI SIMPOI. In: XI Simp\u00f3sio de Administra\u00e7\u00e3o da Produ\u00e7\u00e3o, Log\u00edstica e Opera\u00e7\u00f5es Internacionais, 2008, S\u00e3o Paulo. Anais do&#8230;, 2008.( Men\u00e7\u00e3o Honrosa &#8211; Melhor artigo apresentado no XI Simp\u00f3sio de Administra\u00e7\u00e3o da Produ\u00e7\u00e3o, Log\u00edstica e Opera\u00e7\u00f5es Internacionais, Funda\u00e7\u00e3o Get\u00falio Vargas &#8211; EAESP)<\/li>\n<li>OLIVEIRA, Marcos Paulo Valadares; McCORMACK,Kevin.; BRONZO, Marcelo. <a href=\"http:\/\/pesquisas.face.ufmg.br\/nipe-log\/wp-content\/uploads\/sites\/4\/2015\/11\/Artigo15.pdf\">An empirical approach for the relationship between logistical performance and logistical process maturity In: Nuran Acur, Nesim, K. Erkip<\/a>; Evrim Didem G\u00fcne (Org) Managing operations in an expanding Europe. Ankara: Editora da Universidade Bilkent, 2007<\/li>\n<li>SILVA, Ana Lu\u00edsa Borges.;BRONZO, Marcelo; OLIVEIRA, Marcos Paulo Valadares. <a href=\"http:\/\/pesquisas.face.ufmg.br\/nipe-log\/wp-content\/uploads\/sites\/4\/2015\/11\/Artigo16.pdf\">A aplica\u00e7\u00e3o do modelo de redes bayesianas para o gerenciamento de riscos de ruptura em gerenciamento de cadeias de suprimento<\/a>. XI SIMPOI. In: XI Simp\u00f3sio de Administra\u00e7\u00e3o da Produ\u00e7\u00e3o, Log\u00edstica e Opera\u00e7\u00f5es Internacionais, 2008, S\u00e3o Paulo. Anais do evento, 2008.<\/li>\n<li>THOMAZ E SERRA, L ; MARTINS, R. S. ; LADEIRA, M. B. . <a href=\"http:\/\/pesquisas.face.ufmg.br\/nipe-log\/wp-content\/uploads\/sites\/4\/2015\/11\/Artigo17.pdf\">The Public-Private Environment in the Decision Making Process Regarding the Portuary Operation in Brazil: A Case Study &#8211; SIMPOI \/ POMS 2007<\/a>. In: SIMPOI \/ POMS 2007 &#8211; Symposium on Production, Logistics and International Operations (SIMPOI) &#8211; Production and Operations Management Society International Conference (POMS), 2007, Rio de Janeiro. Proceedings of&#8230;, 2007.<\/li>\n<li>SILVA, G. J. C ; JAYME JR., F. G. ; MARTINS, R. S. . <a href=\"http:\/\/pesquisas.face.ufmg.br\/nipe-log\/wp-content\/uploads\/sites\/4\/2015\/11\/Artigo18.pdf\">Gasto P\u00fablico com Infra-Estrutura de Transporte e Crescimento: Uma An\u00e1lise Para os Estados Brasileiros (1986-2003). 2007<\/a>.( Pr\u00eamio IPEA-CAIXA 2007 &#8211; 1o lugar Profissionais: Gasto P\u00fablico com Infra-Estrutura de Transporte e Crescimento (1986-2003), TEMA 2 DETERMINANTES DO CRESCIMENTO, Instituto de Pesquisa Econ\u00f4mica Aplicada\/Escola de Administra\u00e7\u00e3o Fazend\u00e1ria)<\/li>\n<li>OLIVEIRA, Marcos Paulo Valadares de, BRONZO, M., DIAS, Alexandre Teixeira. <a href=\"http:\/\/pesquisas.face.ufmg.br\/nipe-log\/wp-content\/uploads\/sites\/4\/2015\/11\/Artigo19.pdf\">Os impactos das vari\u00e1veis de custos e servi\u00e7os no desempenho log\u00edstico<\/a> In: SIMPOI POMS 2007, Rio de Janeiro.<\/li>\n<li>BRONZO, M.; OLIVEIRA, M.P.O. <a href=\"http:\/\/pesquisas.face.ufmg.br\/nipe-log\/wp-content\/uploads\/sites\/4\/2015\/11\/Artigo20.pdf\" target=\"_blank\">A log\u00edstica integrada e o desempenho de processos nos ciclos de suprimento, produ\u00e7\u00e3o e distribui\u00e7\u00e3o: um estudo multisetorial das empresas industriais do Estado de Minas Gerais<\/a>. Projeto de Pesquisa. Universidade Federal de Minas Gerais, 2008.<\/li>\n<li>MARTINS, R. S. ; MARTINS, S. S. ; LOBO, D. S. ; Ara\u00fajo, M. P. ; CYPRIANO, L. A. ; IIJIMA, H. K. F. . <a href=\"http:\/\/pesquisas.face.ufmg.br\/nipe-log\/wp-content\/uploads\/sites\/4\/2015\/11\/Artigo21.pdf\">Explanatory variables for road freight rates in Brazil: evidence from agribusiness supply chains<\/a>. In: Nuran Acur, Nesim K. Erkip; Evrim Didem G\u00fcne. (Org.). Managing operations in an expanding Europe. Ankara: Editora da Universidade Bilkent, 2007<\/li>\n<li>VIEIRA, Frederico Luiz.; BRONZO, Marcelo. <a href=\"http:\/\/pesquisas.face.ufmg.br\/nipe-log\/wp-content\/uploads\/sites\/4\/2015\/11\/Artigo22.pdf\">Estruturas de relacionamento e qualidade dos servi\u00e7os log\u00edsticos em canais de marketing<\/a>. XXXII Encontro da ANPAD. Anais ENANPAD 2008. Rio de Janeiro, 2008.<\/li>\n<li>MARTINS, R. S. ; LOBO, D. S. ; OLIVEIRA, H. F. ; MARTINS, P. C. ; YAMAGUCHI, L. C. T. ; ROCHA JUNIOR, W. F. . <a href=\"http:\/\/pesquisas.face.ufmg.br\/nipe-log\/wp-content\/uploads\/sites\/4\/2015\/11\/Artigo1.pdf\">Operations Planning and Strategy of Milk Collection: Developing a Process for Optimization<\/a>. In: Mendibil, Kepa; Shamsuddin, Alina. (Org.). Moving Up The Value Chain. Glasgow: Editora da University of Strathclyde, 2006, v. II, p. 331-340.<\/li>\n<li>BRONZO, M. <a href=\"http:\/\/pesquisas.face.ufmg.br\/nipe-log\/wp-content\/uploads\/sites\/4\/2015\/11\/Artigo2.pdf\">Desempenho e organiza\u00e7\u00e3o da fun\u00e7\u00e3o log\u00edstica dos fornecedores de primeiro v\u00ednculo da cadeia de suprimentos da Fiat Autom\u00f3veis no Brasil<\/a>. Relat\u00f3rio de Pesquisa. Pr\u00f3-Reitoria de Pesquisa\/FUNDEP\/UFMG. Centro de P\u00f3s-Gradua\u00e7\u00e3o e Pesquisas em Administra\u00e7\u00e3o. Universidade Federal de Minas Gerais. 2005<\/li>\n<li>OLIVEIRA, M. P. V.; BRONZO, M. <a href=\"http:\/\/pesquisas.face.ufmg.br\/nipe-log\/wp-content\/uploads\/sites\/4\/2015\/11\/Artigo3.pdf\">Performance and Maturity Models: A theoretical approach of relationships between performance measurement systems and maturity models for logistical processes.<\/a>. In: IPSERA, 2006, San Diego &#8211; California.<\/li>\n<li>MARTINS, R. S.; LEMOS, M. B. . <a href=\"http:\/\/pesquisas.face.ufmg.br\/nipe-log\/wp-content\/uploads\/sites\/4\/2015\/11\/Artigo4.pdf\">Corredor Centro-Leste: Sistemas de Transporte de Minas Gerais na Perspectivas dos Eixos de Desenvolvimento e Integra\u00e7\u00e3o 2006<\/a> (TEXTO PARA DISCUSS\u00c3O).<\/li>\n<li>BRONZO, M.; OLIVEIRA, M. P. V. <a href=\"http:\/\/pesquisas.face.ufmg.br\/nipe-log\/wp-content\/uploads\/sites\/4\/2015\/11\/Artigo5.pdf\">Logistical organisation and performance: Empirical evidences from the automotive industry<\/a>. In: Mendibil, Kepa; Shamsuddin, Alina (Org.). Moving up the value chain &#8211; Editora da University of Strathclyde, 2006, v. II, p.1017-1026.<\/li>\n<li>MARTINS, R. S.; ARA\u00daJO, M. P. ; LOBO, D. S. . <a href=\"http:\/\/pesquisas.face.ufmg.br\/nipe-log\/wp-content\/uploads\/sites\/4\/2015\/11\/Artigo6.pdf\">Sazonalidade nos fretes e prefer\u00eancias dos embarcadores no mercado de transporte de gran\u00e9is agr\u00edcolas<\/a>. Revista de economia e administra\u00e7\u00e3o, S\u00e3o Paulo, v. 4, n. 1, p. 68-95, 2005.<\/li>\n<li>CHAVES, G. L. D. ; MARTINS, R. S. ; ROCHA JUNIOR, W. F. ; OPAZO, M. U. . <a href=\"http:\/\/pesquisas.face.ufmg.br\/nipe-log\/wp-content\/uploads\/sites\/4\/2015\/11\/Artigo7.pdf\">Reverse logistics: the generation of competitive advantage for the companies of western region of Paran\u00e1 state<\/a>. In: V International Pensa Conference on Agri-Food Chain\/Networks Economics and Management, 2005, Ribeirao Preto. Proceedings of&#8230;, 2005.<\/li>\n<li>MARTINS, R. S. ; LOBO, D. S. ; MARTINS, P. C. ; YAMAGUCHI, L. C. T. ; ROCHA JUNIOR, W. F. ; OLIVEIRA, H. F. . <a href=\"http:\/\/pesquisas.face.ufmg.br\/nipe-log\/wp-content\/uploads\/sites\/4\/2015\/11\/Artigo8.pdf\">Desenvolvimento de uma ferramenta para a gest\u00e3o da log\u00edstica da capta\u00e7\u00e3o de leite de uma cooperativa agropecu\u00e1ria<\/a>. Gest\u00e3o &amp; Produ\u00e7\u00e3o, S\u00e3o Carlos &#8211; UFSCar, v. 11, n. 3, p. 429-440, 2004.<\/li>\n<li>MARTINS, R. S. ; LEMOS, M. B. ; CUTTINO, J. C. ; BOSKE, L. B. ; CYPRIANO, L. A. . <a href=\"http:\/\/pesquisas.face.ufmg.br\/nipe-log\/wp-content\/uploads\/sites\/4\/2015\/11\/Artigo9.pdf\">Investment Shortages in the Transportation System: Theoretical Discussion and Evidence from the Brazilian Agribusiness Case<\/a>, 52nd Annual North American Meetings of the Regional Science Association International. 2005. (Apresenta\u00e7\u00e3o de Trabalho\/Congresso).<\/li>\n<li>OLIVEIRA, M. P. V. ; BRONZO, M. <a href=\"http:\/\/pesquisas.face.ufmg.br\/nipe-log\/wp-content\/uploads\/sites\/4\/2015\/11\/Artigo10.pdf\">Pesquisa IMAM\/CEPEAD descreve os n\u00edveis de maturidade dos processos log\u00edsticos de empresas brasileiras<\/a>. Log\u00edstica: Movimenta\u00e7\u00e3o e Armazenagem de Materiais, S\u00e3o Paulo, v. 192, p. 140 &#8211; 143, 13 set. 2006.<\/li>\n<li>TORRES J\u00daNIOR, N.; MIYAKE, D.I.; PEREIRA, C. C. de P. <a href=\"http:\/\/pesquisas.face.ufmg.br\/nipe-log\/wp-content\/uploads\/sites\/4\/2015\/11\/Artigo31.pdf\">Proposta de um modelo de refer\u00eancia para a descri\u00e7\u00e3o do processo de desenvolvimento de servi\u00e7os.<\/a> In: XIII SIMPEP, 2006, Bauru. XIII SIMPEP &#8211; Bauru &#8211; SP, 2006.<\/li>\n<li>LORENZETT, Jo\u00e3o Roberto ; LOPES, A. L. M. ; LIMA, Marcus Vinicius Andrade de . <a href=\"http:\/\/pesquisas.face.ufmg.br\/nipe-log\/wp-content\/uploads\/sites\/4\/2015\/11\/Artigo32.pdf\">Aplica\u00e7\u00e3o de M\u00e9todo de Pesquisa Operacional(DEA) na Avalia\u00e7\u00e3o de Desempenho de Unidades Produtivas para a \u00c1rea de Educa\u00e7\u00e3o Profissional.<\/a> In: Encontro da Anpad, 2004, Curitiba. XXVIII Encontro da Anpad, 2004. v. \u00fanico.<\/li>\n<\/ol>\n","protected":false},"excerpt":{"rendered":"<p>BRONZO, M., OLIVEIRA, M. P. V., \u00a0McCORMACK, K. Planning,Capabilities and Performance: an integrative value approach. Management Decision. v.50, p.1001 &#8211; 1021, 2012. MARTINS, R. S., SOUZA FILHO, O. V., PEREIRA, &hellip; <a href=\"https:\/\/pesquisas.face.ufmg.br\/nipe-log\/downloads\/\" class=\"more-link\">Continue reading <span class=\"screen-reader-text\">Downloads<\/span><\/a><\/p>\n","protected":false},"author":1,"featured_media":0,"parent":0,"menu_order":0,"comment_status":"closed","ping_status":"closed","template":"","meta":{"_crdt_document":"","_exactmetrics_skip_tracking":false,"_exactmetrics_sitenote_active":false,"_exactmetrics_sitenote_note":"","_exactmetrics_sitenote_category":0,"footnotes":""},"class_list":["post-35","page","type-page","status-publish","hentry"],"_links":{"self":[{"href":"https:\/\/pesquisas.face.ufmg.br\/nipe-log\/wp-json\/wp\/v2\/pages\/35","targetHints":{"allow":["GET"]}}],"collection":[{"href":"https:\/\/pesquisas.face.ufmg.br\/nipe-log\/wp-json\/wp\/v2\/pages"}],"about":[{"href":"https:\/\/pesquisas.face.ufmg.br\/nipe-log\/wp-json\/wp\/v2\/types\/page"}],"author":[{"embeddable":true,"href":"https:\/\/pesquisas.face.ufmg.br\/nipe-log\/wp-json\/wp\/v2\/users\/1"}],"replies":[{"embeddable":true,"href":"https:\/\/pesquisas.face.ufmg.br\/nipe-log\/wp-json\/wp\/v2\/comments?post=35"}],"version-history":[{"count":5,"href":"https:\/\/pesquisas.face.ufmg.br\/nipe-log\/wp-json\/wp\/v2\/pages\/35\/revisions"}],"predecessor-version":[{"id":95,"href":"https:\/\/pesquisas.face.ufmg.br\/nipe-log\/wp-json\/wp\/v2\/pages\/35\/revisions\/95"}],"wp:attachment":[{"href":"https:\/\/pesquisas.face.ufmg.br\/nipe-log\/wp-json\/wp\/v2\/media?parent=35"}],"curies":[{"name":"wp","href":"https:\/\/api.w.org\/{rel}","templated":true}]}}