{"id":25,"date":"2015-11-04T14:15:13","date_gmt":"2015-11-04T14:15:13","guid":{"rendered":"http:\/\/pesquisas.face.ufmg.br\/nipe-log\/?page_id=25"},"modified":"2015-11-04T14:15:13","modified_gmt":"2015-11-04T14:15:13","slug":"teses-e-dissertacoes","status":"publish","type":"page","link":"https:\/\/pesquisas.face.ufmg.br\/nipe-log\/teses-e-dissertacoes\/","title":{"rendered":"Teses e Disserta\u00e7\u00f5es"},"content":{"rendered":"<h3>\n&#8220;Modelo de Maturidade de Processos em Cadeias de Suprimentos: Preced\u00eancias e os Pontos-Chave de Transi\u00e7\u00e3o&#8221;<\/h3>\n<p style=\"padding-left: 30px;\">Autoria: Marcos Paulo Valadares de Oliveira<br \/>\nEntrada: 3\/2007 &#8211; Defesa: 15\/09\/2009<\/p>\n<h2>Disserta\u00e7\u00f5es<\/h2>\n<h3>&#8220;Forma\u00e7\u00e3o de Estrat\u00e9gia Log\u00edstica: Um estudo multicasos no setor moveleiro.&#8221;<\/h3>\n<p style=\"padding-left: 30px;\">Autoria: Wescley Silva Xavier<br \/>\nConclus\u00e3o: 2009<\/p>\n<h3>&#8220;Servi\u00e7os Log\u00edsticos em Canais de Distribui\u00e7\u00e3o &#8211; Um Estudo de Caso no Setor de Alimentos&#8221;<\/h3>\n<p style=\"padding-left: 30px;\">Autoria: Frederico Luiz Vieira<br \/>\nConclus\u00e3o: 2009<\/p>\n<h3>&#8220;O Planejamento do Seis Sigma em uma Organiza\u00e7\u00e3o Banc\u00e1ria:Suas etapas, seus fatores cr\u00edticos de sucesso e seus aspectos facilitadores e dificultadores&#8221;<\/h3>\n<p style=\"padding-left: 30px;\">Autoria: Carolina Goyat\u00e1 Dias<br \/>\nConclus\u00e3o: 2008<\/p>\n<h3>&#8220;An\u00e1lise dos relacionamentos na cadeia automobil\u00edstica de Minas Gerais sob a \u00f3tica da Network Theory: estudos de m\u00faltiplos casos&#8221;.<\/h3>\n<p style=\"padding-left: 30px;\">Autoria: Osmar Vieira Filho<br \/>\nConclus\u00e3o: 2008<\/p>\n<h3>&#8220;Estruturas de relacionamento e qualidade dos servi\u00e7os log\u00edsticos em canais de marketing&#8221;<\/h3>\n<p style=\"padding-left: 30px;\">Universidade Federal de Minas Gerais<br \/>\nAutoria: Frederico Luiz Vieira<br \/>\nIn\u00edcio: 2007<\/p>\n<h3>&#8220;An\u00e1lise Estrutural de Construtos e Rela\u00e7\u00f5es entre Maturidade e Desempenho Log\u00edstico&#8221;<\/h3>\n<p style=\"padding-left: 30px;\">Centro de P\u00f3s-Gradua\u00e7\u00e3o e Pesquisas em Administra\u00e7\u00e3o<br \/>\nUniversidade Federal de Minas Gerais<br \/>\nAutoria: Marcos Paulo Valadares de Oliveira<br \/>\nConclus\u00e3o: 2006<\/p>\n<h3>&#8220;A pol\u00edtica de gest\u00e3o de suprimentos no Governo de Minas Gerais: o choque de gest\u00e3o na perspectiva de seus gestores&#8221;<\/h3>\n<p style=\"padding-left: 30px;\">Centro de P\u00f3s-Gradua\u00e7\u00e3o e Pesquisas em Administra\u00e7\u00e3o<br \/>\nUniversidade Federal de Minas Gerais<br \/>\nAutoria: Frederico de Santana Tescarolo<br \/>\nConclus\u00e3o: 2005<\/p>\n<h3>&#8220;Log\u00edstica reversa na ind\u00fastria de alimentos&#8221;.<\/h3>\n<p style=\"padding-left: 30px;\">Mestrado em Desenvolvimento Regional e Agroneg\u00f3cios<br \/>\nUniversidade Estadual do Oeste do Paran\u00e1, 2005.<br \/>\nAutoria: Gisele Chaves<br \/>\nConclus\u00e3o: 2005<\/p>\n<h3>&#8220;Alternativas declaradas de log\u00edstica para o suprimento da ind\u00fastria ervateira&#8221;.<\/h3>\n<p style=\"padding-left: 30px;\">Mestrado em Desenvolvimento Regional e Agroneg\u00f3cios &#8211;<br \/>\nUniversidade Estadual do Oeste do Paran\u00e1, 2005.<br \/>\nAutoria: L\u00e9o Mathias Miloca<br \/>\nConclus\u00e3o: 2005<\/p>\n","protected":false},"excerpt":{"rendered":"<p>&#8220;Modelo de Maturidade de Processos em Cadeias de Suprimentos: Preced\u00eancias e os Pontos-Chave de Transi\u00e7\u00e3o&#8221; Autoria: Marcos Paulo Valadares de Oliveira Entrada: 3\/2007 &#8211; Defesa: 15\/09\/2009 Disserta\u00e7\u00f5es &#8220;Forma\u00e7\u00e3o de Estrat\u00e9gia &hellip; <a href=\"https:\/\/pesquisas.face.ufmg.br\/nipe-log\/teses-e-dissertacoes\/\" class=\"more-link\">Continue reading <span class=\"screen-reader-text\">Teses e Disserta\u00e7\u00f5es<\/span><\/a><\/p>\n","protected":false},"author":1,"featured_media":0,"parent":0,"menu_order":0,"comment_status":"closed","ping_status":"closed","template":"","meta":{"_crdt_document":"","_exactmetrics_skip_tracking":false,"_exactmetrics_sitenote_active":false,"_exactmetrics_sitenote_note":"","_exactmetrics_sitenote_category":0,"footnotes":""},"class_list":["post-25","page","type-page","status-publish","hentry"],"_links":{"self":[{"href":"https:\/\/pesquisas.face.ufmg.br\/nipe-log\/wp-json\/wp\/v2\/pages\/25","targetHints":{"allow":["GET"]}}],"collection":[{"href":"https:\/\/pesquisas.face.ufmg.br\/nipe-log\/wp-json\/wp\/v2\/pages"}],"about":[{"href":"https:\/\/pesquisas.face.ufmg.br\/nipe-log\/wp-json\/wp\/v2\/types\/page"}],"author":[{"embeddable":true,"href":"https:\/\/pesquisas.face.ufmg.br\/nipe-log\/wp-json\/wp\/v2\/users\/1"}],"replies":[{"embeddable":true,"href":"https:\/\/pesquisas.face.ufmg.br\/nipe-log\/wp-json\/wp\/v2\/comments?post=25"}],"version-history":[{"count":1,"href":"https:\/\/pesquisas.face.ufmg.br\/nipe-log\/wp-json\/wp\/v2\/pages\/25\/revisions"}],"predecessor-version":[{"id":27,"href":"https:\/\/pesquisas.face.ufmg.br\/nipe-log\/wp-json\/wp\/v2\/pages\/25\/revisions\/27"}],"wp:attachment":[{"href":"https:\/\/pesquisas.face.ufmg.br\/nipe-log\/wp-json\/wp\/v2\/media?parent=25"}],"curies":[{"name":"wp","href":"https:\/\/api.w.org\/{rel}","templated":true}]}}