{"id":2,"date":"2015-11-04T13:38:39","date_gmt":"2015-11-04T13:38:39","guid":{"rendered":"http:\/\/pesquisas.face.ufmg.br\/nipe-log\/?page_id=2"},"modified":"2015-11-11T12:21:58","modified_gmt":"2015-11-11T12:21:58","slug":"o-nucleo","status":"publish","type":"page","link":"https:\/\/pesquisas.face.ufmg.br\/nipe-log\/","title":{"rendered":"O N\u00facleo"},"content":{"rendered":"<p>Miss\u00e3o do NIPE-LOG<\/p>\n<p>Desenvolver atividades de pesquisa e de extens\u00e3o no campo da gest\u00e3o de opera\u00e7\u00f5es log\u00edsticas, a partir de iniciativas que promovam o conhecimento t\u00e9cnico-cient\u00edfico e pr\u00e1tico de sistemas log\u00edsticos de empresas e de cadeias de suprimentos de bens e de servi\u00e7os.<\/p>\n","protected":false},"excerpt":{"rendered":"<p>Miss\u00e3o do NIPE-LOG Desenvolver atividades de pesquisa e de extens\u00e3o no campo da gest\u00e3o de opera\u00e7\u00f5es log\u00edsticas, a partir de iniciativas que promovam o conhecimento t\u00e9cnico-cient\u00edfico e pr\u00e1tico de sistemas &hellip; <a href=\"https:\/\/pesquisas.face.ufmg.br\/nipe-log\/\" class=\"more-link\">Continue reading <span class=\"screen-reader-text\">O N\u00facleo<\/span><\/a><\/p>\n","protected":false},"author":1,"featured_media":0,"parent":0,"menu_order":0,"comment_status":"closed","ping_status":"closed","template":"page-templates\/front-page.php","meta":{"_crdt_document":"","_exactmetrics_skip_tracking":false,"_exactmetrics_sitenote_active":false,"_exactmetrics_sitenote_note":"","_exactmetrics_sitenote_category":0,"footnotes":""},"class_list":["post-2","page","type-page","status-publish","hentry"],"_links":{"self":[{"href":"https:\/\/pesquisas.face.ufmg.br\/nipe-log\/wp-json\/wp\/v2\/pages\/2","targetHints":{"allow":["GET"]}}],"collection":[{"href":"https:\/\/pesquisas.face.ufmg.br\/nipe-log\/wp-json\/wp\/v2\/pages"}],"about":[{"href":"https:\/\/pesquisas.face.ufmg.br\/nipe-log\/wp-json\/wp\/v2\/types\/page"}],"author":[{"embeddable":true,"href":"https:\/\/pesquisas.face.ufmg.br\/nipe-log\/wp-json\/wp\/v2\/users\/1"}],"replies":[{"embeddable":true,"href":"https:\/\/pesquisas.face.ufmg.br\/nipe-log\/wp-json\/wp\/v2\/comments?post=2"}],"version-history":[{"count":1,"href":"https:\/\/pesquisas.face.ufmg.br\/nipe-log\/wp-json\/wp\/v2\/pages\/2\/revisions"}],"predecessor-version":[{"id":5,"href":"https:\/\/pesquisas.face.ufmg.br\/nipe-log\/wp-json\/wp\/v2\/pages\/2\/revisions\/5"}],"wp:attachment":[{"href":"https:\/\/pesquisas.face.ufmg.br\/nipe-log\/wp-json\/wp\/v2\/media?parent=2"}],"curies":[{"name":"wp","href":"https:\/\/api.w.org\/{rel}","templated":true}]}}