{"id":11,"date":"2015-11-04T13:56:45","date_gmt":"2015-11-04T13:56:45","guid":{"rendered":"http:\/\/pesquisas.face.ufmg.br\/nipe-log\/?page_id=11"},"modified":"2015-11-04T13:56:45","modified_gmt":"2015-11-04T13:56:45","slug":"areas-de-pesquisas","status":"publish","type":"page","link":"https:\/\/pesquisas.face.ufmg.br\/nipe-log\/areas-de-pesquisas\/","title":{"rendered":"\u00c1reas de pesquisas"},"content":{"rendered":"<p>Entre as \u00e1reas relevantes para a pesquisa e para os diagn\u00f3sticos empresariais, o NIPE-LOG desenvolve estudos e an\u00e1lises sobre os seguintes temas no campo da gest\u00e3o das opera\u00e7\u00f5es log\u00edsticas:<\/p>\n<ul>\n<li>Planejamento e modelagem de sistemas log\u00edsticos<\/li>\n<li>Performance de fun\u00e7\u00f5es da log\u00edstica integrada (compras, estoque, transporte, armazenagem, gerenciamento de pedidos, n\u00edveis de servi\u00e7o) e mapeamento da performance log\u00edstica de cadeias de suprimentos<\/li>\n<li>Estudos de melhores pr\u00e1ticas dos processos log\u00edsticos nos ciclos de suprimento, manufatura e distribui\u00e7\u00e3o f\u00edsica<\/li>\n<li>Integra\u00e7\u00e3o de processos-chave de neg\u00f3cios de marketing e log\u00edstica nos contextos de empresas e cadeias de suprimentos<\/li>\n<li>Gest\u00e3o de ambientes colaborativos na supply chain management<\/li>\n<li>Segmenta\u00e7\u00e3o de fornecedores em processos de suprimento e de inova\u00e7\u00e3o<\/li>\n<li>Modelos de maturidade para cadeias de suprimentos<\/li>\n<li>Capacidades log\u00edsticas e orienta\u00e7\u00e3o para a cadeia de suprimentos (SCO-Supply Chain Orientation)<\/li>\n<li>Log\u00edstica no varejo<\/li>\n<li>Gest\u00e3o de cadeias de suprimentos globais<\/li>\n<li>A log\u00edstica no contexto dos arranjos produtivos locais (APL\u00b4s)<\/li>\n<li>Filosofia e t\u00e9cnicas da produ\u00e7\u00e3o e do suprimento enxutos<\/li>\n<li>Apoio ao desenvolvimento de projetos governamentais no \u00e2mbito da<\/li>\n<li>Administra\u00e7\u00e3o P\u00fablica<\/li>\n<\/ul>\n","protected":false},"excerpt":{"rendered":"<p>Entre as \u00e1reas relevantes para a pesquisa e para os diagn\u00f3sticos empresariais, o NIPE-LOG desenvolve estudos e an\u00e1lises sobre os seguintes temas no campo da gest\u00e3o das opera\u00e7\u00f5es log\u00edsticas: Planejamento &hellip; <a href=\"https:\/\/pesquisas.face.ufmg.br\/nipe-log\/areas-de-pesquisas\/\" class=\"more-link\">Continue reading <span class=\"screen-reader-text\">\u00c1reas de pesquisas<\/span><\/a><\/p>\n","protected":false},"author":1,"featured_media":0,"parent":0,"menu_order":0,"comment_status":"closed","ping_status":"closed","template":"","meta":{"_crdt_document":"","_exactmetrics_skip_tracking":false,"_exactmetrics_sitenote_active":false,"_exactmetrics_sitenote_note":"","_exactmetrics_sitenote_category":0,"footnotes":""},"class_list":["post-11","page","type-page","status-publish","hentry"],"_links":{"self":[{"href":"https:\/\/pesquisas.face.ufmg.br\/nipe-log\/wp-json\/wp\/v2\/pages\/11","targetHints":{"allow":["GET"]}}],"collection":[{"href":"https:\/\/pesquisas.face.ufmg.br\/nipe-log\/wp-json\/wp\/v2\/pages"}],"about":[{"href":"https:\/\/pesquisas.face.ufmg.br\/nipe-log\/wp-json\/wp\/v2\/types\/page"}],"author":[{"embeddable":true,"href":"https:\/\/pesquisas.face.ufmg.br\/nipe-log\/wp-json\/wp\/v2\/users\/1"}],"replies":[{"embeddable":true,"href":"https:\/\/pesquisas.face.ufmg.br\/nipe-log\/wp-json\/wp\/v2\/comments?post=11"}],"version-history":[{"count":1,"href":"https:\/\/pesquisas.face.ufmg.br\/nipe-log\/wp-json\/wp\/v2\/pages\/11\/revisions"}],"predecessor-version":[{"id":13,"href":"https:\/\/pesquisas.face.ufmg.br\/nipe-log\/wp-json\/wp\/v2\/pages\/11\/revisions\/13"}],"wp:attachment":[{"href":"https:\/\/pesquisas.face.ufmg.br\/nipe-log\/wp-json\/wp\/v2\/media?parent=11"}],"curies":[{"name":"wp","href":"https:\/\/api.w.org\/{rel}","templated":true}]}}