{"id":64,"date":"2015-11-16T13:25:16","date_gmt":"2015-11-16T13:25:16","guid":{"rendered":"http:\/\/pesquisas.face.ufmg.br\/nigone\/?page_id=64"},"modified":"2015-11-16T13:25:16","modified_gmt":"2015-11-16T13:25:16","slug":"links-de-interesse","status":"publish","type":"page","link":"https:\/\/pesquisas.face.ufmg.br\/nigone\/links-de-interesse\/","title":{"rendered":"Links de interesse"},"content":{"rendered":"<p><a href=\"http:\/\/www.cepead.face.ufmg.br\/nucleos\/nigone\/competencias.html\" target=\"_blank\">III Workshop Gest\u00e3o de Compet\u00eancias nas Organiza\u00e7\u00f5es<\/a><\/p>\n<p><a href=\"http:\/\/www.cepead.face.ufmg.br\/nucleos\/nigone\/competencias\" target=\"_blank\">I Workshop Gest\u00e3o de Compet\u00eancias nas Organiza\u00e7\u00f5es<\/a><\/p>\n<p><a href=\"http:\/\/www.cnpq.br\/\" target=\"_blank\">CNPQ<\/a><\/p>\n<p><a href=\"http:\/\/www.ufmg.br\/\" target=\"_blank\">UFMG<\/a><\/p>\n<p><a href=\"http:\/\/web.hec.ca\/criteos\/fichiers\/index.cfm?no_lang=4&amp;no_menu=1-%20\" target=\"_blank\">F\u00f3rum CRITEOS 2005 &#8211; Brasil<\/a><\/p>\n<p>Sa\u00fade, Trabalho e Efic\u00e1cia Organizacional<\/p>\n<p>14, 15 e 16 de Dezembro\/Porto Alegre<\/p>\n<p><a href=\"http:\/\/www.aomonline.org\/\" target=\"_blank\">Academy of Management<\/a><\/p>\n<p><a href=\"http:\/\/www.rae.com.br\/\" target=\"_blank\">Revista de Administra\u00e7\u00e3o de Empresas RAE<\/a><\/p>\n<p><a href=\"http:\/\/www.anpad.org.br\/\" target=\"_blank\">ANPAD<\/a><\/p>\n","protected":false},"excerpt":{"rendered":"<p>III Workshop Gest\u00e3o de Compet\u00eancias nas Organiza\u00e7\u00f5es I Workshop Gest\u00e3o de Compet\u00eancias nas Organiza\u00e7\u00f5es CNPQ UFMG F\u00f3rum CRITEOS 2005 &#8211; Brasil Sa\u00fade, Trabalho e Efic\u00e1cia Organizacional 14, 15 e 16 &hellip; <a href=\"https:\/\/pesquisas.face.ufmg.br\/nigone\/links-de-interesse\/\" class=\"more-link\">Continue reading <span class=\"screen-reader-text\">Links de interesse<\/span><\/a><\/p>\n","protected":false},"author":1,"featured_media":0,"parent":0,"menu_order":0,"comment_status":"closed","ping_status":"closed","template":"","meta":{"_crdt_document":"","_exactmetrics_skip_tracking":false,"_exactmetrics_sitenote_active":false,"_exactmetrics_sitenote_note":"","_exactmetrics_sitenote_category":0,"footnotes":""},"class_list":["post-64","page","type-page","status-publish","hentry"],"_links":{"self":[{"href":"https:\/\/pesquisas.face.ufmg.br\/nigone\/wp-json\/wp\/v2\/pages\/64","targetHints":{"allow":["GET"]}}],"collection":[{"href":"https:\/\/pesquisas.face.ufmg.br\/nigone\/wp-json\/wp\/v2\/pages"}],"about":[{"href":"https:\/\/pesquisas.face.ufmg.br\/nigone\/wp-json\/wp\/v2\/types\/page"}],"author":[{"embeddable":true,"href":"https:\/\/pesquisas.face.ufmg.br\/nigone\/wp-json\/wp\/v2\/users\/1"}],"replies":[{"embeddable":true,"href":"https:\/\/pesquisas.face.ufmg.br\/nigone\/wp-json\/wp\/v2\/comments?post=64"}],"version-history":[{"count":1,"href":"https:\/\/pesquisas.face.ufmg.br\/nigone\/wp-json\/wp\/v2\/pages\/64\/revisions"}],"predecessor-version":[{"id":66,"href":"https:\/\/pesquisas.face.ufmg.br\/nigone\/wp-json\/wp\/v2\/pages\/64\/revisions\/66"}],"wp:attachment":[{"href":"https:\/\/pesquisas.face.ufmg.br\/nigone\/wp-json\/wp\/v2\/media?parent=64"}],"curies":[{"name":"wp","href":"https:\/\/api.w.org\/{rel}","templated":true}]}}