{"id":49,"date":"2015-11-16T13:15:23","date_gmt":"2015-11-16T13:15:23","guid":{"rendered":"http:\/\/pesquisas.face.ufmg.br\/nigone\/?page_id=49"},"modified":"2015-11-16T13:18:03","modified_gmt":"2015-11-16T13:18:03","slug":"parcerias","status":"publish","type":"page","link":"https:\/\/pesquisas.face.ufmg.br\/nigone\/parcerias\/","title":{"rendered":"Parcerias"},"content":{"rendered":"<p><a href=\"http:\/\/pascal.iseg.utl.pt\/~cedin\/\" target=\"_blank\"><img loading=\"lazy\" decoding=\"async\" class=\"alignleft size-full wp-image-53\" src=\"http:\/\/pesquisas.face.ufmg.br\/nigone\/wp-content\/uploads\/sites\/13\/2015\/11\/logo_cedin.gif\" alt=\"logo_cedin\" width=\"90\" height=\"90\" \/><\/a>O <strong>CEDIN &#8211; Centro de Estudos de Economia Europeia e Internacional<\/strong>, criado em 1989, \u00e9 um centro integrado na rede de Unidades de Investiga\u00e7\u00e3o e Presta\u00e7\u00e3o de Servi\u00e7os (UIPS) do Instituto Superior de Economia e Gest\u00e3o (ISEG), da Universidade T\u00e9cnica de Lisboa (UTL).<\/p>\n<p><a href=\"http:\/\/pascal.iseg.utl.pt\/~socius\/\" target=\"_blank\"><img loading=\"lazy\" decoding=\"async\" class=\"alignleft size-full wp-image-58\" src=\"http:\/\/pesquisas.face.ufmg.br\/nigone\/wp-content\/uploads\/sites\/13\/2015\/11\/logo-Socius.gif\" alt=\"logo-Socius\" width=\"167\" height=\"48\" \/><\/a>O <strong>SOCIUS &#8211; Centro de Investiga\u00e7\u00e3o em Sociologia Econ\u00f4mica e das Organiza\u00e7\u00f5es<\/strong> &#8211; \u00e9 um Centro de Investiga\u00e7\u00e3o integrado no Instituto Superior de Economia e Gest\u00e3o da Universidade T\u00e9cnica de Lisboa criado em Maio de 1991, por docentes e investigadores do ISEG e outros membros do exterior.<\/p>\n<p><a href=\"http:\/\/www.fjp.gov.br\/produtos\/cees\/nesp\/\" target=\"_blank\"><img loading=\"lazy\" decoding=\"async\" class=\"alignleft size-full wp-image-55\" src=\"http:\/\/pesquisas.face.ufmg.br\/nigone\/wp-content\/uploads\/sites\/13\/2015\/11\/logo_nesp.gif\" alt=\"logo_nesp\" width=\"250\" height=\"40\" \/><\/a>O <strong>NESP &#8211; N\u00facleo de Estudos em Seguran\u00e7a P\u00fablica da Funda\u00e7\u00e3o Jo\u00e3o Pinheiro<\/strong> &#8211; \u00e9 um grupo de pesquisadores voltados para a reflex\u00e3o, pesquisa e atua\u00e7\u00e3o no Sistema de Justi\u00e7a Criminal da sociedade brasileira, no entendimento de suas caracter\u00edsticas e na procura de solu\u00e7\u00f5es para os seus problemas.<\/p>\n<p><a href=\"http:\/\/gineit.ea.ufrgs.br\/sobreogineit.htm\" target=\"_blank\"><img loading=\"lazy\" decoding=\"async\" class=\"alignleft size-full wp-image-54\" src=\"http:\/\/pesquisas.face.ufmg.br\/nigone\/wp-content\/uploads\/sites\/13\/2015\/11\/logo_gineit.gif\" alt=\"logo_gineit\" width=\"100\" height=\"65\" \/><\/a>O <strong>GINEIT<\/strong> foi criado em julho de 1995 junto ao PPGA\/UFRGS, tendo como objetivo o desenvolvimento de pesquisas sobre a inova\u00e7\u00e3o e o trabalho, visando contribuir para o conhecimento do e sobre o trabalho e fatores que interferem na vida daqueles que trabalham.<\/p>\n<p><a href=\"http:\/\/www.wwf.org.br\/\" target=\"_blank\"><img loading=\"lazy\" decoding=\"async\" class=\"alignleft size-full wp-image-57\" src=\"http:\/\/pesquisas.face.ufmg.br\/nigone\/wp-content\/uploads\/sites\/13\/2015\/11\/logo_wwf.gif\" alt=\"logo_wwf\" width=\"120\" height=\"60\" \/><\/a>Atuando no pa\u00eds desde 1971, o <strong>WWF-Brasil<\/strong> \u00e9 uma organiza\u00e7\u00e3o n\u00e3o-governamental brasileira que integra a maior rede mundial de conserva\u00e7\u00e3o da natureza. A sua miss\u00e3o \u00e9 contribuir para que a sociedade brasileira conserve a natureza, harmonizando a atividade humana com a preserva\u00e7\u00e3o da biodiversidade e com o uso racional dos recursos naturais, para o benef\u00edcio dos cidad\u00e3os de hoje e das futuras gera\u00e7\u00f5es.<\/p>\n<p><a href=\"http:\/\/www.amda.org.br\/\" target=\"_blank\"><img loading=\"lazy\" decoding=\"async\" class=\"alignleft size-full wp-image-50\" src=\"http:\/\/pesquisas.face.ufmg.br\/nigone\/wp-content\/uploads\/sites\/13\/2015\/11\/logo_amda.jpg\" alt=\"logo_amda\" width=\"250\" height=\"48\" \/><\/a>A<strong> Associa\u00e7\u00e3o Mineira de Defesa do Ambiente (Amda)<\/strong> \u00e9 uma organiza\u00e7\u00e3o n\u00e3o-governamental (ONG), sem fins lucrativos e v\u00ednculos partid\u00e1rios, fundada em agosto de 1978, que tem por objetivo lutar para deter o processo de degrada\u00e7\u00e3o ambiental em suas m\u00faltiplas manifesta\u00e7\u00f5es, sob perspectiva de concilia\u00e7\u00e3o entre as atividades econ\u00f4micas necess\u00e1rias ao bem estar humano e a preserva\u00e7\u00e3o do meio ambiente. \u00c9 reconhecida como de utilidade p\u00fablica municipal e estadual.<\/p>\n<p><a href=\"http:\/\/www.rits.org.br\/\" target=\"_blank\"><img loading=\"lazy\" decoding=\"async\" class=\"alignleft size-full wp-image-56\" src=\"http:\/\/pesquisas.face.ufmg.br\/nigone\/wp-content\/uploads\/sites\/13\/2015\/11\/logo_url1.jpg\" alt=\"logo_url1\" width=\"115\" height=\"39\" \/><\/a>A <strong>Rede de Informa\u00e7\u00f5es para o Terceiro Setor (RITS)<\/strong> \u00e9 uma organiza\u00e7\u00e3o privada, aut\u00f4noma e sem finalidade lucrativa fundada em 1997 com a miss\u00e3o de ser uma rede virtual de informa\u00e7\u00f5es, voltada para o fortalecimento das organiza\u00e7\u00f5es da sociedade civil e dos movimentos sociais.<\/p>\n<p><a href=\"http:\/\/www.ceats.org.br\/\" target=\"_blank\"><img loading=\"lazy\" decoding=\"async\" class=\"alignleft size-full wp-image-52\" src=\"http:\/\/pesquisas.face.ufmg.br\/nigone\/wp-content\/uploads\/sites\/13\/2015\/11\/logo_ceats.gif\" alt=\"logo_ceats\" width=\"80\" height=\"79\" \/><\/a>O <strong>CEATS \u2013 Centro de Empreendedorismo Social e Administra\u00e7\u00e3o em Terceiro Setor<\/strong> foi constitu\u00eddo em 1998 na Faculdade de Economia, Administra\u00e7\u00e3o e Contabilidade da Universidade de S\u00e3o Paulo, com suporte da FIA \/ USP \u2013 Funda\u00e7\u00e3o Instituto de Administra\u00e7\u00e3o, entidade sem fins lucrativos conveniada com a Faculdade de Administra\u00e7\u00e3o. Realiza estudos, pesquisas, programas de ensino, de consultoria e de capacita\u00e7\u00e3o, voltados para o empreendedorismo e gest\u00e3o social.<\/p>\n<p><a href=\"http:\/\/www.ceats.org.br\/\" target=\"_blank\"><img loading=\"lazy\" decoding=\"async\" class=\"alignleft size-full wp-image-51\" src=\"http:\/\/pesquisas.face.ufmg.br\/nigone\/wp-content\/uploads\/sites\/13\/2015\/11\/logo_amigo_apae.gif\" alt=\"logo_amigo_apae\" width=\"100\" height=\"92\" \/><\/a>A <strong>APAE\/Contagem (Associa\u00e7\u00e3o de Pais e Amigos dos Excepcionais de Contagem)\u00a0<\/strong>\u00e9 uma institui\u00e7\u00e3o sem fins lucrativos, n\u00e3o governamental , que atende a pessoas portadoras de necessidades especiais.<\/p>\n","protected":false},"excerpt":{"rendered":"<p>O CEDIN &#8211; Centro de Estudos de Economia Europeia e Internacional, criado em 1989, \u00e9 um centro integrado na rede de Unidades de Investiga\u00e7\u00e3o e Presta\u00e7\u00e3o de Servi\u00e7os (UIPS) do &hellip; <a href=\"https:\/\/pesquisas.face.ufmg.br\/nigone\/parcerias\/\" class=\"more-link\">Continue reading <span class=\"screen-reader-text\">Parcerias<\/span><\/a><\/p>\n","protected":false},"author":1,"featured_media":0,"parent":0,"menu_order":0,"comment_status":"closed","ping_status":"closed","template":"","meta":{"_crdt_document":"","_exactmetrics_skip_tracking":false,"_exactmetrics_sitenote_active":false,"_exactmetrics_sitenote_note":"","_exactmetrics_sitenote_category":0,"footnotes":""},"class_list":["post-49","page","type-page","status-publish","hentry"],"_links":{"self":[{"href":"https:\/\/pesquisas.face.ufmg.br\/nigone\/wp-json\/wp\/v2\/pages\/49","targetHints":{"allow":["GET"]}}],"collection":[{"href":"https:\/\/pesquisas.face.ufmg.br\/nigone\/wp-json\/wp\/v2\/pages"}],"about":[{"href":"https:\/\/pesquisas.face.ufmg.br\/nigone\/wp-json\/wp\/v2\/types\/page"}],"author":[{"embeddable":true,"href":"https:\/\/pesquisas.face.ufmg.br\/nigone\/wp-json\/wp\/v2\/users\/1"}],"replies":[{"embeddable":true,"href":"https:\/\/pesquisas.face.ufmg.br\/nigone\/wp-json\/wp\/v2\/comments?post=49"}],"version-history":[{"count":4,"href":"https:\/\/pesquisas.face.ufmg.br\/nigone\/wp-json\/wp\/v2\/pages\/49\/revisions"}],"predecessor-version":[{"id":63,"href":"https:\/\/pesquisas.face.ufmg.br\/nigone\/wp-json\/wp\/v2\/pages\/49\/revisions\/63"}],"wp:attachment":[{"href":"https:\/\/pesquisas.face.ufmg.br\/nigone\/wp-json\/wp\/v2\/media?parent=49"}],"curies":[{"name":"wp","href":"https:\/\/api.w.org\/{rel}","templated":true}]}}