{"id":25,"date":"2015-11-16T12:22:11","date_gmt":"2015-11-16T12:22:11","guid":{"rendered":"http:\/\/pesquisas.face.ufmg.br\/nigone\/?page_id=25"},"modified":"2015-11-16T12:22:54","modified_gmt":"2015-11-16T12:22:54","slug":"participantes","status":"publish","type":"page","link":"https:\/\/pesquisas.face.ufmg.br\/nigone\/participantes\/","title":{"rendered":"Participantes"},"content":{"rendered":"<p><strong>Alina Gomide Vasconcelos<\/strong> (FAFICH\/UFMG \u2013 Mestrado em Psicologia)<br \/>\n<a href=\"mailto:alinagomide@gmail.com\">alinagomide@gmail.com<\/a><br \/>\n<a href=\"http:\/\/lattes.cnpq.br\/2215024278365580\" target=\"_blank\">Curr\u00edculo Lattes<\/a><\/p>\n<p><strong>Aline Saraiva Teixeira<\/strong><br \/>\n<a href=\"mailto:alinesteixeira@gmail.com\">alinesteixeira@gmail.com<\/a><br \/>\n<a href=\"http:\/\/buscatextual.cnpq.br\/buscatextual\/visualizacv.jsp?id=K4710311Z4&amp;dataRevisao=null\" target=\"_blank\">Curr\u00edculo Lattes<\/a><\/p>\n<p><strong>Allan Claudius Queiroz Barbosa<\/strong> (UFMG)<br \/>\nCoordenador<br \/>\n<a href=\"mailto:allan@ufmg.br\">allan@ufmg.br<\/a><br \/>\n<a href=\"http:\/\/buscatextual.cnpq.br\/buscatextual\/visualizacv.jsp?id=K4782172T5&amp;dataRevisao=null\" target=\"_blank\">Curr\u00edculo Lattes<\/a><\/p>\n<p><strong>Amyra Mois\u00e9s Sarsur<\/strong> (USP)<br \/>\n<a href=\"mailto:asarsur@usp.br\">asarsur@usp.br<\/a><br \/>\n<a href=\"http:\/\/buscatextual.cnpq.br\/buscatextual\/visualizacv.jsp?id=K4708448A7&amp;dataRevisao=null\" target=\"_blank\">Curr\u00edculo Lattes<\/a><\/p>\n<p><strong>Ana Alice Duarte Maciel <\/strong>(UFMG)<br \/>\n<a href=\"mailto:anaalicepsi@yahoo.com.br\">anaalicepsi@yahoo.com.b<\/a><\/p>\n<p><strong>Bruno Vilela Fialho<\/strong> (UFMG)<br \/>\n<a href=\"mailto:brunovilela@superig.com.br\">brunovilela@superig.com.br<\/a><\/p>\n<p><strong>Carolina Godoy Vieira de Souza<\/strong> (UFMG)<br \/>\n<a href=\"mailto:cgvsouza02@hotmail.com\">cgvsouza02@hotmail.com<\/a><\/p>\n<p><strong>Cla\u00fadia Santos de Castro<\/strong><br \/>\n<a href=\"mailto:claudia@ufv.br\">claudia@ufv.br<\/a><\/p>\n<p><strong>Cristina Parente <\/strong>(Universidade do Porto, Portugal)<br \/>\n<a href=\"mailto:cparente@letras.up.pt\">cparente@letras.up.pt<\/a><\/p>\n<p><strong>Daniel Paulino Teixeira Lopes<\/strong> (UFMG\/PRODEMGE)<br \/>\n<a href=\"mailto:daniel.lopes@globo.com\">daniel.lopes@globo.com<\/a><\/p>\n<p><strong>Dalini Marcolino Ferraz<\/strong> (Fiber Consulting)<br \/>\n<a href=\"mailto:dalini@gmail.com\">dalini@gmail.com<\/a><br \/>\n<a href=\"http:\/\/buscatextual.cnpq.br\/buscatextual\/visualizacv.jsp?id=K4702350Z5&amp;dataRevisao=null\" target=\"_blank\">Curr\u00edculo Lattes<\/a><\/p>\n<p><strong>Eduardo Penna de S\u00e1<\/strong> (UFMG)<br \/>\n<a href=\"mailto:ep@cepead.face.ufmg.br\">ep@cepead.face.ufmg.br<\/a><br \/>\n<a href=\"http:\/\/buscatextual.cnpq.br\/buscatextual\/visualizacv.jsp?id=K4564631Z9&amp;dataRevisao=null\" target=\"_blank\">Curr\u00edculo Lattes<\/a><\/p>\n<p><strong>Elziane Bouzada Dias Campos<\/strong> (FAFICH\/UFMG)<br \/>\n<a href=\"mailto:elzibdc@yahoo.com.br\">elzibdc@yahoo.com.br<\/a><\/p>\n<p><strong>Epaminondas Bitencourt Neto<\/strong><\/p>\n<p><strong>Fernanda Machado Freitas<\/strong> (Universidade Federal de Vi\u00e7osa (UFV))<br \/>\n<a href=\"mailto:fmfprojetos@hotmail.com\">fmfprojetos@hotmail.com<\/a><br \/>\n<a href=\"http:\/\/lattes.cnpq.br\/1944540117224477\" target=\"_blank\">Curr\u00edculo Lattes<\/a><\/p>\n<p><strong>Filomena Ferreira<\/strong> (ISEG\/UTL &#8211; International Office)<br \/>\n<a href=\"mailto:fferreira@iseg.utl.pt\">fferreira@iseg.utl.pt<\/a><\/p>\n<p><strong>Frederico Montezuma Pereira da Silva<\/strong> (UFMG)<br \/>\n<a href=\"mailto:fredmontezuma@hotmail.com\">fredmontezuma@hotmail.com<\/a><\/p>\n<p><strong>Gislane Gandra<\/strong> (FAFICH\/UFMG)<br \/>\n<a href=\"mailto:gislaine_g@hotmail.com\">gislaine_g@hotmail.com<\/a><\/p>\n<p><strong>Jacqueline Saldanha Mendes da Costa<\/strong> (UFMG)<br \/>\n<a href=\"mailto:saldanha@cepead.face.ufmg.br\">saldanha@cepead.face.ufmg.br<\/a><\/p>\n<p><strong>Jos\u00e9 Wanderley Novato Silva<\/strong> (Puc Minas)<br \/>\n<a href=\"mailto:jwnovato@hotmail.com\">jwnovato@hotmail.com<\/a><\/p>\n<p><strong>Juliana Amorim Castro Kiefer de Oliveira<\/strong> (FACE\/UFMG)<br \/>\n<a href=\"mailto:julianakiefer@yahoo.com.br\">julianakiefer@yahoo.com.br<\/a><\/p>\n<p><strong>Juliana Andrade<\/strong> (UFMG)<br \/>\n<a href=\"mailto:juolive@terra.com.br\">juolive@terra.com.br<\/a><\/p>\n<p><strong>J\u00fania Mar\u00e7al Rodrigues<\/strong> (UFMG)<br \/>\n<a href=\"mailto:jmr@cepead.face.ufmg.br\">jmr@cepead.face.ufmg.br<\/a><br \/>\n<a href=\"http:\/\/buscatextual.cnpq.br\/buscatextual\/visualizacv.jsp?id=K4756526Z9&amp;dataRevisao=null\" target=\"_blank\">Curr\u00edculo Lattes<\/a><\/p>\n<p><strong>Karine Gosling <\/strong>(Escola de Enfermagem\/UFMG)<\/p>\n<p><strong>K\u00e9ssia Rubira Stransky Penna<\/strong> (UFMG)<br \/>\n<a href=\"mailto:kessinha_penna@hotmail.com\">kessinha_penna@hotmail.com<\/a><\/p>\n<p><strong>L\u00edvia Sayuri Jacob Toma<\/strong> (PUC Minas \u2013 Serro)<br \/>\n<a href=\"mailto:liviatoma@hotmail.com\">liviatoma@hotmail.com<\/a><br \/>\n<a href=\"http:\/\/buscatextual.cnpq.br\/buscatextual\/visualizacv.jsp?id=K4702646A5&amp;dataRevisao=null\" target=\"_blank\">Curr\u00edculo Lattes<\/p>\n<p><\/a><strong>Luana Paula de Almeida Silva <\/strong>(Escola de Enfermagem\/UFMG)<br \/>\n<a href=\"mailto:dudala@uai.com.br\">dudala@uai.com.br<\/a><\/p>\n<p><strong>Marcus Vin\u00edcius Gon\u00e7alves da Cruz <\/strong>(FJP-UFMG)<br \/>\n<a href=\"mailto:mvgcruz@cepead.face.ufmg.br\">mvgcruz@cepead.face.ufmg.br<\/a><br \/>\n<a href=\"http:\/\/buscatextual.cnpq.br\/buscatextual\/visualizacv.jsp?id=K4798673D6&amp;dataRevisao=null\" target=\"_blank\">Curr\u00edculo Lattes<\/a><\/p>\n<p><strong>Maria Ant\u00f3nia Rocha da Fonseca Lopes<\/strong> (Unversidade Eduardo Mondlane \u2013 Mo\u00e7ambique)<br \/>\n<a href=\"mailto:marflope@zebra.uem.mz\">marflope@zebra.uem.mz<\/a><\/p>\n<p><strong>Maria Luzia Lamounier<\/strong> (UFMG)<br \/>\n<a href=\"mailto:luzialamounier@hotmail.com\">luzialamounier@hotmail.com<\/a><\/p>\n<p><strong>Nubia Cristina da Silva<\/strong> (UFMG)<br \/>\n<a href=\"mailto:nubinha@ufmg.br\">nubinha@ufmg.br<\/a><\/p>\n<p><strong>Patr\u00edcia Regina Schneider Cabral<\/strong><br \/>\n<a href=\"mailto:patyrsc@yahoo.com.br\">patyrsc@yahoo.com.br<\/a><\/p>\n<p><strong>Raquel Braga Rodrigues<\/strong> (UFMG)<br \/>\n<a href=\"mailto:braga.raquel@gmail.com\">braga.raquel@gmail.com<\/a><\/p>\n<p><strong>Renata Barcelos Moreira Santos<\/strong> (UFMG)<br \/>\n<a href=\"mailto:rbms@cepead.face.ufmg.br\">rbms@cepead.face.ufmg.br<\/a><b><br \/>\n<\/b><a href=\"http:\/\/buscatextual.cnpq.br\/buscatextual\/visualizacv.jsp?id=K4564489A5&amp;dataRevisao=null\" target=\"_blank\">Curr\u00edculo Lattes<\/a><\/p>\n<p><strong>Rosemirtes Dolabella<\/strong> (Unisinos)<br \/>\n<a href=\"mailto:rosemirtes@terra.com.br\">rosemirtes@terra.com.br<\/a><\/p>\n<p><strong>Selma Carvalho<\/strong> (EAESP\/FGV)<br \/>\n<a href=\"mailto:selmasc@uol.com.br\">selmasc@uol.com.br<\/a><b><br \/>\n<\/b><a href=\"http:\/\/buscatextual.cnpq.br\/buscatextual\/visualizacv.jsp?id=K4735964D6&amp;dataRevisao=null\" target=\"_blank\">Curr\u00edculo Lattes<\/a><\/p>\n<h4>PROFESSORES E PESQUISADORES ASSOCIADOS<\/h4>\n<p><strong>Candido Luiz de LimaFernandes<\/strong> (FACE\/UFMG)<br \/>\n<a href=\"mailto:lima@cedeplar.ufmg.br\">lima@cedeplar.ufmg.br<\/a><br \/>\n<a href=\"http:\/\/buscatextual.cnpq.br\/buscatextual\/visualizacv.jsp?id=K4787669U1\" target=\"_blank\">Curr\u00edculo Lattes<\/a><\/p>\n<p><strong>Cl\u00e1udia C. Bitencourt<\/strong> (Unisinos &#8211; RS)<br \/>\n<a href=\"mailto:claudiab@mercado.unisinos.br\">claudiab@mercado.unisinos.br<\/a><br \/>\n<a class=\"menu\" href=\"http:\/\/buscatextual.cnpq.br\/buscatextual\/visualizacv.jsp?id=K4798617T1&amp;dataRevisao=null\" target=\"_blank\">Curr\u00edculo Lattes<\/a><\/p>\n<p><strong>Cristina Abranches Mota Batista<\/strong> (APAE Contagem)<br \/>\n<a href=\"mailto:crisabranches@terra.com.br\">crisabranches@terra.com.br<\/a><br \/>\n<a class=\"menu\" href=\"http:\/\/buscatextual.cnpq.br\/buscatextual\/visualizacv.jsp?id=K4779578H7&amp;dataRevisao=null\" target=\"_blank\">Curr\u00edculo Lattes<\/a><\/p>\n<p><strong>Grace Vieira Becker<\/strong> (PUC RS)<br \/>\n<a href=\"mailto:gubecker@usp.br\">gubecker@usp.br<\/a><\/p>\n<p><strong>Gustavo Abel Carrillo Guzman<\/strong> (Griffith University, Department of Management , Australia)<br \/>\n<a href=\"mailto:g.guzman@griffith.edu.au\">g.guzman@griffith.edu.au<\/a><\/p>\n<p><strong>Joaquim Alexandre Ramos Silva<\/strong> (ISEG-UTL)<br \/>\n<a href=\"mailto:jrsilva@iseg.utl.pt\">jrsilva@iseg.utl.pt<\/a><\/p>\n<p><strong>Jorge J\u00falio Landeiro Vaz<\/strong> (ISEG\/UTL Portugal)<br \/>\n<a href=\"mailto:jjlvaz@iseg.utl.pt\">jjlvaz@iseg.utl.pt<\/a><\/p>\n<p><strong>Jos\u00e9 Maria Carvalho Ferreira<\/strong> (ISEG\/UTL)<br \/>\n<a href=\"mailto:jmcf@iseg.utl.pt\">jmcf@iseg.utl.pt<\/a><\/p>\n<p><strong>Joyce de Souza Cunha Melo<\/strong> (Petrobras)<br \/>\n<a href=\"mailto:joycem@petrobras.com.br\">joycem@petrobras.com.br<\/p>\n<p><\/a><strong>Maria Auxiliadora Diniz de S\u00e1<\/strong> (UFPb)<br \/>\n<a href=\"mailto:madinizdesa@pbnet.com.br\">madinizdesa@pbnet.com.br<\/a><strong><br \/>\n<\/strong><a href=\"http:\/\/lattes.cnpq.br\/0029801994632322\" target=\"_blank\">Curriculo lattes<\/a><\/p>\n<p><strong>Maur\u00edcio Melo Dolabella<\/strong> (Departamento de Ci\u00eancias Cont\u00e1beis da UFMG)<br \/>\n<a href=\"mailto:mmd@face.ufmg.br\">mmd@face.ufmg.br<\/a><br \/>\n<a href=\"http:\/\/buscatextual.cnpq.br\/buscatextual\/visualizacv.jsp?id=K4766586E4\" target=\"_blank\">Curr\u00edculo Lattes<\/a><\/p>\n<p><strong>Orlando Petiz Pereira<\/strong> (Universidade do Minho, Escola de Economia e Gest\u00e3o, Departamento de Economia &#8211; Portugal)<br \/>\n<a href=\"mailto:orlandop@eeg.uminho.pt\">orlandop@eeg.uminho.pt<\/a><\/p>\n<p><strong>Valmiria Carolina Piccinini<\/strong> (UFRGS)<br \/>\n<a href=\"mailto:vpiccinini@ea.ufrgs.br\">vpiccinini@ea.ufrgs.br<\/a><br \/>\n<a class=\"menu\" href=\"http:\/\/buscatextual.cnpq.br\/buscatextual\/visualizacv.jsp?id=K4787560U6&amp;dataRevisao=null\" target=\"_blank\">Curr\u00edculo Lattes<\/a><\/p>\n<p><strong>Yeda Swirski de Souza<\/strong> (Unisinos)<br \/>\n<a href=\"mailto:yedasou@unisinos.br\">yedasou@unisinos.br<\/a><br \/>\n<a href=\"http:\/\/lattes.cnpq.br\/2454662413132139\" target=\"_blank\">Curr\u00edculo Lattes<\/a><\/p>\n","protected":false},"excerpt":{"rendered":"<p>Alina Gomide Vasconcelos (FAFICH\/UFMG \u2013 Mestrado em Psicologia) alinagomide@gmail.com Curr\u00edculo Lattes Aline Saraiva Teixeira alinesteixeira@gmail.com Curr\u00edculo Lattes Allan Claudius Queiroz Barbosa (UFMG) Coordenador allan@ufmg.br Curr\u00edculo Lattes Amyra Mois\u00e9s Sarsur (USP) &hellip; <a href=\"https:\/\/pesquisas.face.ufmg.br\/nigone\/participantes\/\" class=\"more-link\">Continue reading <span class=\"screen-reader-text\">Participantes<\/span><\/a><\/p>\n","protected":false},"author":1,"featured_media":0,"parent":0,"menu_order":0,"comment_status":"closed","ping_status":"closed","template":"","meta":{"_crdt_document":"","_exactmetrics_skip_tracking":false,"_exactmetrics_sitenote_active":false,"_exactmetrics_sitenote_note":"","_exactmetrics_sitenote_category":0,"footnotes":""},"class_list":["post-25","page","type-page","status-publish","hentry"],"_links":{"self":[{"href":"https:\/\/pesquisas.face.ufmg.br\/nigone\/wp-json\/wp\/v2\/pages\/25","targetHints":{"allow":["GET"]}}],"collection":[{"href":"https:\/\/pesquisas.face.ufmg.br\/nigone\/wp-json\/wp\/v2\/pages"}],"about":[{"href":"https:\/\/pesquisas.face.ufmg.br\/nigone\/wp-json\/wp\/v2\/types\/page"}],"author":[{"embeddable":true,"href":"https:\/\/pesquisas.face.ufmg.br\/nigone\/wp-json\/wp\/v2\/users\/1"}],"replies":[{"embeddable":true,"href":"https:\/\/pesquisas.face.ufmg.br\/nigone\/wp-json\/wp\/v2\/comments?post=25"}],"version-history":[{"count":2,"href":"https:\/\/pesquisas.face.ufmg.br\/nigone\/wp-json\/wp\/v2\/pages\/25\/revisions"}],"predecessor-version":[{"id":28,"href":"https:\/\/pesquisas.face.ufmg.br\/nigone\/wp-json\/wp\/v2\/pages\/25\/revisions\/28"}],"wp:attachment":[{"href":"https:\/\/pesquisas.face.ufmg.br\/nigone\/wp-json\/wp\/v2\/media?parent=25"}],"curies":[{"name":"wp","href":"https:\/\/api.w.org\/{rel}","templated":true}]}}