{"id":22,"date":"2015-11-16T12:20:50","date_gmt":"2015-11-16T12:20:50","guid":{"rendered":"http:\/\/pesquisas.face.ufmg.br\/nigone\/?page_id=22"},"modified":"2015-11-16T12:20:50","modified_gmt":"2015-11-16T12:20:50","slug":"extensao-e-servicos","status":"publish","type":"page","link":"https:\/\/pesquisas.face.ufmg.br\/nigone\/extensao-e-servicos\/","title":{"rendered":"Extens\u00e3o e servi\u00e7os"},"content":{"rendered":"<p>O Nig.One realiza atividades de consultoria, palestras e cursos devidamente aprovadas pelas inst\u00e2ncias colegiadas da Faculdade de Ci\u00eancias Econ\u00f4micas e Departamento de Ci\u00eancias Administrativas da UFMG, em conformidade com a regulamenta\u00e7\u00e3o atual.<\/p>\n","protected":false},"excerpt":{"rendered":"<p>O Nig.One realiza atividades de consultoria, palestras e cursos devidamente aprovadas pelas inst\u00e2ncias colegiadas da Faculdade de Ci\u00eancias Econ\u00f4micas e Departamento de Ci\u00eancias Administrativas da UFMG, em conformidade com a &hellip; <a href=\"https:\/\/pesquisas.face.ufmg.br\/nigone\/extensao-e-servicos\/\" class=\"more-link\">Continue reading <span class=\"screen-reader-text\">Extens\u00e3o e servi\u00e7os<\/span><\/a><\/p>\n","protected":false},"author":1,"featured_media":0,"parent":0,"menu_order":0,"comment_status":"closed","ping_status":"closed","template":"","meta":{"_crdt_document":"","_exactmetrics_skip_tracking":false,"_exactmetrics_sitenote_active":false,"_exactmetrics_sitenote_note":"","_exactmetrics_sitenote_category":0,"footnotes":""},"class_list":["post-22","page","type-page","status-publish","hentry"],"_links":{"self":[{"href":"https:\/\/pesquisas.face.ufmg.br\/nigone\/wp-json\/wp\/v2\/pages\/22","targetHints":{"allow":["GET"]}}],"collection":[{"href":"https:\/\/pesquisas.face.ufmg.br\/nigone\/wp-json\/wp\/v2\/pages"}],"about":[{"href":"https:\/\/pesquisas.face.ufmg.br\/nigone\/wp-json\/wp\/v2\/types\/page"}],"author":[{"embeddable":true,"href":"https:\/\/pesquisas.face.ufmg.br\/nigone\/wp-json\/wp\/v2\/users\/1"}],"replies":[{"embeddable":true,"href":"https:\/\/pesquisas.face.ufmg.br\/nigone\/wp-json\/wp\/v2\/comments?post=22"}],"version-history":[{"count":1,"href":"https:\/\/pesquisas.face.ufmg.br\/nigone\/wp-json\/wp\/v2\/pages\/22\/revisions"}],"predecessor-version":[{"id":24,"href":"https:\/\/pesquisas.face.ufmg.br\/nigone\/wp-json\/wp\/v2\/pages\/22\/revisions\/24"}],"wp:attachment":[{"href":"https:\/\/pesquisas.face.ufmg.br\/nigone\/wp-json\/wp\/v2\/media?parent=22"}],"curies":[{"name":"wp","href":"https:\/\/api.w.org\/{rel}","templated":true}]}}