{"id":75,"date":"2019-11-05T15:21:39","date_gmt":"2019-11-05T17:21:39","guid":{"rendered":"https:\/\/pesquisas.face.ufmg.br\/neps\/?page_id=75"},"modified":"2019-11-05T15:42:13","modified_gmt":"2019-11-05T17:42:13","slug":"contato","status":"publish","type":"page","link":"https:\/\/pesquisas.face.ufmg.br\/neps\/contato\/","title":{"rendered":"Contato"},"content":{"rendered":"\n<p class=\"wp-block-paragraph\"><strong>Faculdade de Ci\u00eancias Econ\u00f4micas<\/strong><\/p> <p class=\"wp-block-paragraph\">Av. Ant\u00f4nio Carlos, 6627 &#8211; sala 4062 &#8211; FACE-UFMG<\/p> <p class=\"wp-block-paragraph\">telefone: (31) 3409-7239 &#8211; e-mail: nepsufmg@gmail.com<\/p>\n","protected":false},"excerpt":{"rendered":"<p>Faculdade de Ci\u00eancias Econ\u00f4micas Av. Ant\u00f4nio Carlos, 6627 &#8211; sala 4062 &#8211; FACE-UFMG telefone: (31) 3409-7239 &#8211; e-mail: nepsufmg@gmail.com<\/p>\n","protected":false},"author":10,"featured_media":0,"parent":0,"menu_order":0,"comment_status":"closed","ping_status":"closed","template":"page-nosidebar-notitle.php","meta":{"_crdt_document":"","_exactmetrics_skip_tracking":false,"_exactmetrics_sitenote_active":false,"_exactmetrics_sitenote_note":"","_exactmetrics_sitenote_category":0,"footnotes":""},"class_list":["post-75","page","type-page","status-publish","hentry"],"_links":{"self":[{"href":"https:\/\/pesquisas.face.ufmg.br\/neps\/wp-json\/wp\/v2\/pages\/75","targetHints":{"allow":["GET"]}}],"collection":[{"href":"https:\/\/pesquisas.face.ufmg.br\/neps\/wp-json\/wp\/v2\/pages"}],"about":[{"href":"https:\/\/pesquisas.face.ufmg.br\/neps\/wp-json\/wp\/v2\/types\/page"}],"author":[{"embeddable":true,"href":"https:\/\/pesquisas.face.ufmg.br\/neps\/wp-json\/wp\/v2\/users\/10"}],"replies":[{"embeddable":true,"href":"https:\/\/pesquisas.face.ufmg.br\/neps\/wp-json\/wp\/v2\/comments?post=75"}],"version-history":[{"count":3,"href":"https:\/\/pesquisas.face.ufmg.br\/neps\/wp-json\/wp\/v2\/pages\/75\/revisions"}],"predecessor-version":[{"id":82,"href":"https:\/\/pesquisas.face.ufmg.br\/neps\/wp-json\/wp\/v2\/pages\/75\/revisions\/82"}],"wp:attachment":[{"href":"https:\/\/pesquisas.face.ufmg.br\/neps\/wp-json\/wp\/v2\/media?parent=75"}],"curies":[{"name":"wp","href":"https:\/\/api.w.org\/{rel}","templated":true}]}}