{"id":78,"date":"2017-06-13T09:25:17","date_gmt":"2017-06-13T12:25:17","guid":{"rendered":"http:\/\/pesquisas.face.ufmg.br\/nemea\/?page_id=78"},"modified":"2019-02-28T15:35:41","modified_gmt":"2019-02-28T18:35:41","slug":"linhas-de-pesquisa","status":"publish","type":"page","link":"https:\/\/pesquisas.face.ufmg.br\/nemea\/linhas-de-pesquisa\/","title":{"rendered":"Linhas de Pesquisa"},"content":{"rendered":"<ul>\n<li>Demografia e Envelhecimento Populacional<\/li>\n<li>Distribui\u00e7\u00e3o de Renda<\/li>\n<li>Econometria Espacial<\/li>\n<li>Economia da Sa\u00fade<\/li>\n<li>Economia do Meio Ambiente<\/li>\n<li>Economia Industrial<\/li>\n<li>Economia Regional e Urbana<\/li>\n<li>Equil\u00edbrio Geral Comput\u00e1vel<\/li>\n<li>Modelos de Insumo-Produto<\/li>\n<li>Pol\u00edticas P\u00fablicas<\/li>\n<\/ul>\n","protected":false},"excerpt":{"rendered":"<p>Demografia e Envelhecimento Populacional Distribui\u00e7\u00e3o de Renda Econometria Espacial Economia da Sa\u00fade Economia do Meio Ambiente Economia Industrial Economia Regional e Urbana Equil\u00edbrio Geral Comput\u00e1vel Modelos de Insumo-Produto Pol\u00edticas P\u00fablicas<\/p>\n","protected":false},"author":15,"featured_media":0,"parent":0,"menu_order":0,"comment_status":"closed","ping_status":"closed","template":"","meta":{"_crdt_document":"","_exactmetrics_skip_tracking":false,"_exactmetrics_sitenote_active":false,"_exactmetrics_sitenote_note":"","_exactmetrics_sitenote_category":0,"footnotes":""},"class_list":["post-78","page","type-page","status-publish","hentry"],"_links":{"self":[{"href":"https:\/\/pesquisas.face.ufmg.br\/nemea\/wp-json\/wp\/v2\/pages\/78","targetHints":{"allow":["GET"]}}],"collection":[{"href":"https:\/\/pesquisas.face.ufmg.br\/nemea\/wp-json\/wp\/v2\/pages"}],"about":[{"href":"https:\/\/pesquisas.face.ufmg.br\/nemea\/wp-json\/wp\/v2\/types\/page"}],"author":[{"embeddable":true,"href":"https:\/\/pesquisas.face.ufmg.br\/nemea\/wp-json\/wp\/v2\/users\/15"}],"replies":[{"embeddable":true,"href":"https:\/\/pesquisas.face.ufmg.br\/nemea\/wp-json\/wp\/v2\/comments?post=78"}],"version-history":[{"count":3,"href":"https:\/\/pesquisas.face.ufmg.br\/nemea\/wp-json\/wp\/v2\/pages\/78\/revisions"}],"predecessor-version":[{"id":530,"href":"https:\/\/pesquisas.face.ufmg.br\/nemea\/wp-json\/wp\/v2\/pages\/78\/revisions\/530"}],"wp:attachment":[{"href":"https:\/\/pesquisas.face.ufmg.br\/nemea\/wp-json\/wp\/v2\/media?parent=78"}],"curies":[{"name":"wp","href":"https:\/\/api.w.org\/{rel}","templated":true}]}}