{"id":63,"date":"2017-06-13T09:19:07","date_gmt":"2017-06-13T12:19:07","guid":{"rendered":"http:\/\/pesquisas.face.ufmg.br\/nemea\/?page_id=63"},"modified":"2019-02-27T22:54:29","modified_gmt":"2019-02-28T01:54:29","slug":"livros-e-capitulos","status":"publish","type":"page","link":"https:\/\/pesquisas.face.ufmg.br\/nemea\/livros-e-capitulos\/","title":{"rendered":"Livros e Cap\u00edtulos"},"content":{"rendered":"<h1><strong>2018<\/strong><\/h1>\n<ul>\n<li><strong><span style=\"color: #cc4949\">Mudan\u00e7as clim\u00e1ticas, meio ambiente e sustentabilidade: necessidades e alternativas de pol\u00edticas p\u00fablicas no Brasil<\/span><br \/>\n<\/strong>Edson Domingues (<u><a href=\"http:\/\/lattes.cnpq.br\/2059703319050475\">Lattes<\/a><\/u>); Aline Souza Magalh\u00e3es\u00a0(<u><a href=\"http:\/\/lattes.cnpq.br\/2334700749602128\">Lattes<\/a><\/u>);<br \/>\nEm: <u>Alternativas para uma crise de m\u00faltiplas dimens\u00f5es.<br \/>\n<\/u>De: M\u00f4nica Viegas Andrade; Eduardo da Motta e Albuquerque.<\/li>\n<\/ul>\n<h1><\/h1>\n<h1>2014<\/h1>\n<ul>\n<li><strong><span style=\"color: #cc4949\">Estado da arte de metodologias e ferramentas volunt\u00e1rias de compensa\u00e7\u00e3o pelo setor privado<\/span><br \/>\n<\/strong>Bruna Stein Ciasca (<a href=\"http:\/\/lattes.cnpq.br\/4985627279286661\">Lattes<\/a>);<br \/>\nEm: <u>Manual FUNBIO<br \/>\n<\/u><\/li>\n<\/ul>\n<h1><\/h1>\n<h1><strong>2012<\/strong><\/h1>\n<ul>\n<li><span style=\"color: #cc4949\"><strong>Assessing the ex ante impacts of transportation infrastructure in Brazil.<\/strong><\/span><br \/>\nEduardo Amaral Haddad (<a href=\"http:\/\/lattes.cnpq.br\/1343302903420183\">Lattes<\/a>); Fernando Salgueiro Perobelli (<u><a href=\"http:\/\/lattes.cnpq.br\/0592576058333460\">Lattes<\/a><\/u>); Edson Domingues (<u><a href=\"http:\/\/lattes.cnpq.br\/2059703319050475\">Lattes<\/a><\/u>); Maur\u00edcio Aguiar<br \/>\nEm: <u>Impact Evaluation Infrastructure Interventions.<br \/>\n<\/u>De: Henrik Hansen, Ole Winckler Andersen, Howard White.<\/li>\n<li><span style=\"color: #cc4949\"><strong>Environmental regulation in Brazil\u2019s watershed: Some macro and micro-level considerations<\/strong><\/span><br \/>\nBruna Stein Ciasca (<a href=\"http:\/\/lattes.cnpq.br\/4985627279286661\">Lattes<\/a>)<br \/>\nEm: <u>Sustainable water management in the tropics and subtropics and case studies in Brazil.<br \/>\n<\/u>De: Carolina Bilibio, Oliver Hensel, Jeferson Selbach<\/li>\n<\/ul>\n<h1><\/h1>\n<h1><strong>2011<\/strong><\/h1>\n<ul>\n<li><strong><span style=\"color: #cc4949\">Copa do Mundo 2014: Impactos econ\u00f4micos no Brasil, em Minas Gerais e Belo Horizonte.<\/span><br \/>\n<\/strong>Edson Domingues (<u><a href=\"http:\/\/lattes.cnpq.br\/2059703319050475\">Lattes<\/a><\/u>); Aline Souza Magalh\u00e3es\u00a0(<u><a href=\"http:\/\/lattes.cnpq.br\/2334700749602128\">Lattes<\/a><\/u>); Admir Antonio Betarelli Junior (<u><a href=\"http:\/\/lattes.cnpq.br\/3620301469610793\">Lattes<\/a><\/u>)<br \/>\nEm: <u>Modelos Operacionais de Economia Regional.<br \/>\n<\/u>De: Eduardo Amaral Haddad; Pedro Nogueira Ramos; Eduardo Anselmo de Castro.<\/li>\n<li><strong><span style=\"color: #cc4949\">Investimentos em transporte e desigualdade regional no Brasil: Estimativas dos impactos.<\/span><br \/>\n<\/strong>Martins, S.; Edson Domingues (<u><a href=\"http:\/\/lattes.cnpq.br\/2059703319050475\">Lattes<\/a><\/u>); Mauro Borges Lemos (<a href=\"http:\/\/lattes.cnpq.br\/1385770521590100\">Lattes<\/a>); Sueli Moro (<a href=\"http:\/\/lattes.cnpq.br\/3056240423712146\">Lattes<\/a>); Ricardo Machado Ruiz (<a href=\"http:\/\/lattes.cnpq.br\/9714251804407567\">Lattes<\/a>); Ribeiro, L; Joaquim Bento de Souza Ferreira Filho (<a href=\"http:\/\/lattes.cnpq.br\/2464089587609552\">Lattes<\/a>)<br \/>\nEm: <u>As quest\u00f5es agr\u00e1ria e da infraestrutura de transporte para o agroneg\u00f3cio<\/u>.<br \/>\nDe: Erly Cardoso Teixeira; Leonardo Bornacki de Mattos; Carlos Ant\u00f4nio Moreira Leite.<\/li>\n<li><strong><span style=\"color: #cc4949\">A Ind\u00fastria Aeron\u00e1utica.<\/span><br \/>\n<\/strong>Ricardo Machado Ruiz (<a href=\"http:\/\/lattes.cnpq.br\/9714251804407567\">Lattes<\/a>); Edson Domingues (<u><a href=\"http:\/\/lattes.cnpq.br\/2059703319050475\">Lattes<\/a><\/u>); Pedro Vasconcelos Maia do Amaral (<a href=\"http:\/\/lattes.cnpq.br\/9862252313257052\">Lattes<\/a>)<br \/>\nEm: <u>O N\u00facleo Tecnol\u00f3gico da Ind\u00fastria Brasileira<\/u><u>.<br \/>\n<\/u>De: Jo\u00e3o Alberto De Negri; Mauro Borges Lemos.<\/li>\n<li><strong><span style=\"color: #cc4949\">Ind\u00fastria de Couro, Cal\u00e7ados e Artefatos.<\/span><br \/>\n<\/strong>Mauro Borges Lemos (<a href=\"http:\/\/lattes.cnpq.br\/1385770521590100\">Lattes<\/a>); Edson Domingues (<u><a href=\"http:\/\/lattes.cnpq.br\/2059703319050475\">Lattes<\/a><\/u>); Pedro Vasconcelos Maia do Amaral (<a href=\"http:\/\/lattes.cnpq.br\/9862252313257052\">Lattes<\/a>); Ricardo Machado Ruiz (<a href=\"http:\/\/lattes.cnpq.br\/9714251804407567\">Lattes<\/a>)<br \/>\nEm: <u>O N\u00facleo Tecnol\u00f3gico da Ind\u00fastria Brasileira.<br \/>\n<\/u>De: Jo\u00e3o Alberto De Negri; Mauro Borges Lemos.<\/li>\n<li><strong><span style=\"color: #cc4949\">Ind\u00fastria de M\u00f3veis, Madeiras e Artefatos.<\/span><br \/>\n<\/strong>Mauro Borges Lemos (<a href=\"http:\/\/lattes.cnpq.br\/1385770521590100\">Lattes<\/a>); Edson Domingues (<u><a href=\"http:\/\/lattes.cnpq.br\/2059703319050475\">Lattes<\/a><\/u>); Pedro Vasconcelos Maia do Amaral (<a href=\"http:\/\/lattes.cnpq.br\/9862252313257052\">Lattes<\/a>); Ricardo Machado Ruiz (<a href=\"http:\/\/lattes.cnpq.br\/9714251804407567\">Lattes<\/a>)<br \/>\nEm: <u>O N\u00facleo Tecnol\u00f3gico da Ind\u00fastria Brasileira.<br \/>\n<\/u>De: Jo\u00e3o Alberto De Negri; Mauro Borges Lemos.<\/li>\n<li><span style=\"color: #cc4949\"><strong>Ind\u00fastria T\u00eaxtil e de Vestu\u00e1rio<\/strong>.<\/span><br \/>\nGon\u00e7alves, E.; Mauro Borges Lemos (<a href=\"http:\/\/lattes.cnpq.br\/1385770521590100\">Lattes<\/a>); Edson Domingues (<u><a href=\"http:\/\/lattes.cnpq.br\/2059703319050475\">Lattes<\/a><\/u>); Pedro Vasconcelos Maia do Amaral (<a href=\"http:\/\/lattes.cnpq.br\/9862252313257052\">Lattes<\/a>); Ricardo Machado Ruiz (<a href=\"http:\/\/lattes.cnpq.br\/9714251804407567\">Lattes<\/a>)<br \/>\nEm: <u>O N\u00facleo Tecnol\u00f3gico da Ind\u00fastria Brasileira.<br \/>\n<\/u>De: Jo\u00e3o Alberto De Negri; Mauro Borges Lemos.<\/li>\n<\/ul>\n<h1><strong>\u00a0<\/strong><\/h1>\n<h1><strong>2010<\/strong><\/h1>\n<ul>\n<li><strong><span style=\"color: #cc4949\">Diferen\u00e7as de escala no mercado de equipamentos de telecomunica\u00e7\u00f5es.<\/span><br \/>\n<\/strong>Luis Claudio Kubota (<a href=\"http:\/\/lattes.cnpq.br\/5089735956295065\">Lattes<\/a>);\u00a0Edson Domingues (<u><a href=\"http:\/\/lattes.cnpq.br\/2059703319050475\">Lattes<\/a><\/u>); Daniele Nogueira Milani (<a href=\"http:\/\/lattes.cnpq.br\/2642364308751830\">Lattes<\/a>)<br \/>\nEm: <u>Panorama da comunica\u00e7\u00e3o e das telecomunica\u00e7\u00f5es no Brasil.<\/u><br \/>\nDe: Daniel Castro, Jos\u00e9 Marques de Melo, Cosette Castro.<\/li>\n<\/ul>\n<h1><\/h1>\n<h1><strong>2009<\/strong><\/h1>\n<ul>\n<li><strong><span style=\"color: #cc4949\">Interdependence Among the Brazilian States: An Input-Output Approach.<\/span><br \/>\n<\/strong>Fernando Salgueiro Perobelli (<u><a href=\"http:\/\/lattes.cnpq.br\/0592576058333460\">Lattes<\/a><\/u>); Eduardo Amaral Haddad (<a href=\"http:\/\/lattes.cnpq.br\/1343302903420183\">Lattes<\/a>); Edson Domingues (<u><a href=\"http:\/\/lattes.cnpq.br\/2059703319050475\">Lattes<\/a><\/u>)<strong><br \/>\n<\/strong>Em: <u>Technological Change And Mature Industrial Regions: Firms, Knowledge and Policy<\/u>.<br \/>\nDe: Farshchi Mahtab; Janne Odile; Philip McCann.<\/li>\n<\/ul>\n<h1><\/h1>\n<h1><strong>2006<\/strong><\/h1>\n<ul>\n<li><strong><span style=\"color: #cc4949\">Organiza\u00e7\u00e3o Territorial dos Servi\u00e7os no Brasil: polariza\u00e7\u00e3o com fr\u00e1gil dispers\u00e3o.<\/span><br \/>\n<\/strong>Edson Domingues (<u><a href=\"http:\/\/lattes.cnpq.br\/2059703319050475\">Lattes<\/a><\/u>); Ricardo Machado Ruiz (<a href=\"http:\/\/lattes.cnpq.br\/9714251804407567\">Lattes<\/a>)<strong>; <\/strong>Sueli Moro (<a href=\"http:\/\/lattes.cnpq.br\/3056240423712146\">Lattes<\/a>); Mauro Borges Lemos (<a href=\"http:\/\/lattes.cnpq.br\/1385770521590100\">Lattes<\/a>)<br \/>\nEm: <u>Estrutura e din\u00e2mica do setor de servi\u00e7os no Brasil.<br \/>\n<\/u>De: Jo\u00e3o Alberto de Negri; Luis Claudio Kubota<\/li>\n<li><strong><span style=\"color: #cc4949\">A dimens\u00e3o espacial do potencial esportador das firmas industriais brasileiras.<\/span><br \/>\n<\/strong>Sueli Moro (<a href=\"http:\/\/lattes.cnpq.br\/3056240423712146\">Lattes<\/a>); Mauro Borges Lemos (<a href=\"http:\/\/lattes.cnpq.br\/1385770521590100\">Lattes<\/a>); Edson Domingues (<u><a href=\"http:\/\/lattes.cnpq.br\/2059703319050475\">Lattes<\/a><\/u>); Ricardo Machado Ruiz (<a href=\"http:\/\/lattes.cnpq.br\/9714251804407567\">Lattes<\/a>)<br \/>\nEm: <u>As empresas brasileiras e o com\u00e9rcio internacional<\/u>.<br \/>\nDe: Jo\u00e3o Alberto de Negri e Bruno C\u00e9sar Ara\u00fajo.<\/li>\n<\/ul>\n<h1><strong>\u00a0<\/strong><\/h1>\n<h1><strong>2005<\/strong><\/h1>\n<ul>\n<li><span style=\"color: #cc4949\"><strong>A Organiza\u00e7\u00e3o Territorial da Ind\u00fastria no Brasil.<\/strong><\/span><br \/>\nMauro Borges Lemos (<a href=\"http:\/\/lattes.cnpq.br\/1385770521590100\">Lattes<\/a>); Sueli Moro (<a href=\"http:\/\/lattes.cnpq.br\/3056240423712146\">Lattes<\/a>); Edson Domingues (<u><a href=\"http:\/\/lattes.cnpq.br\/2059703319050475\">Lattes<\/a><\/u>); Ricardo Machado Ruiz (<a href=\"http:\/\/lattes.cnpq.br\/9714251804407567\">Lattes<\/a>)<br \/>\nEm: <u>Inova\u00e7\u00e3o, Padr\u00f5es Tecnol\u00f3gicos e Desempenho das Firmas Industriais Brasileiras.<br \/>\n<\/u>De: Jo\u00e3o Alberto de Negri; Mauro Salermo.<\/li>\n<li><strong><span style=\"color: #cc4949\">Espa\u00e7os Preferenciais e Aglomera\u00e7\u00f5es Industriais.<\/span><br \/>\n<\/strong>Mauro Borges Lemos (<a href=\"http:\/\/lattes.cnpq.br\/1385770521590100\">Lattes<\/a>); Sueli Moro (<a href=\"http:\/\/lattes.cnpq.br\/3056240423712146\">Lattes<\/a>); Ricardo Machado Ruiz (<a href=\"http:\/\/lattes.cnpq.br\/9714251804407567\">Lattes<\/a>); Edson Domingues (<u><a href=\"http:\/\/lattes.cnpq.br\/2059703319050475\">Lattes<\/a><\/u>)<br \/>\nEm: <u>Inova\u00e7\u00e3o, Padr\u00f5es Tecnol\u00f3gicos e Desempenho das Firmas Industriais Brasileiras.<\/u><u><br \/>\n<\/u>De: Jo\u00e3o Alberto de Negri; Mario Selermo.<\/li>\n<li><strong><span style=\"color: #cc4949\">Empresas Estrangeiras em Espa\u00e7os Perif\u00e9ricos: o caso brasileiro.<\/span><br \/>\n<\/strong>Mauro Borges Lemos (<a href=\"http:\/\/lattes.cnpq.br\/1385770521590100\">Lattes<\/a>); Edson Domingues (<u><a href=\"http:\/\/lattes.cnpq.br\/2059703319050475\">Lattes<\/a><\/u>); Sueli Moro (<a href=\"http:\/\/lattes.cnpq.br\/3056240423712146\">Lattes<\/a>); Ricardo Machado Ruiz (<a href=\"http:\/\/lattes.cnpq.br\/9714251804407567\">Lattes<\/a>)<br \/>\nEm: <u>Inova\u00e7\u00e3o, Padr\u00f5es Tecnol\u00f3gicos e Desempenho das Firmas Industriais Brasileiras.<br \/>\n<\/u>De: Jo\u00e3o Alberto de Negri; Mario Selermo.<\/li>\n<\/ul>\n<h1><\/h1>\n<h1><strong>2003<\/strong><\/h1>\n<ul>\n<li><span style=\"color: #cc4949\"><strong>Proje\u00e7\u00f5es setoriais e regionais para a economia brasileira: 2001-2007<\/strong>.<\/span><br \/>\nEduardo Amaral Haddad (<a href=\"http:\/\/lattes.cnpq.br\/1343302903420183\">Lattes<\/a>); Edson Domingues (<u><a href=\"http:\/\/lattes.cnpq.br\/2059703319050475\">Lattes<\/a><\/u>)<br \/>\nEm: <u>Mercado de trabalho no Brasil: padr\u00f5es de comportamento e transforma\u00e7\u00f5es institucionais<\/u>.<br \/>\nDe: Jos\u00e9 Paulo Zeetano Chahad; Paulo Picchetti.<\/li>\n<li><span style=\"color: #cc4949\"><strong>Impactos setoriais e regionais da integra\u00e7\u00e3o<\/strong>.<\/span><br \/>\nEduardo Amaral Haddad (<a href=\"http:\/\/lattes.cnpq.br\/1343302903420183\">Lattes<\/a>); Edson Domingues (<u><a href=\"http:\/\/lattes.cnpq.br\/2059703319050475\">Lattes<\/a><\/u>);<br \/>\nFernando Salgueiro Perobelli (<u><a href=\"http:\/\/lattes.cnpq.br\/0592576058333460\">Lattes<\/a><\/u>)<br \/>\nEm: <u>Aspectos Estrat\u00e9gicos da Pol\u00edtica Comercial Brasileira.<br \/>\n<\/u>De: Lu\u00eds Fernando<\/li>\n<\/ul>\n","protected":false},"excerpt":{"rendered":"<p>2018 Mudan\u00e7as clim\u00e1ticas, meio ambiente e sustentabilidade: necessidades e alternativas de pol\u00edticas p\u00fablicas no Brasil Edson Domingues (Lattes); Aline Souza Magalh\u00e3es\u00a0(Lattes); Em: Alternativas para uma crise de m\u00faltiplas dimens\u00f5es. De:&#8230; <\/p>\n","protected":false},"author":15,"featured_media":0,"parent":0,"menu_order":0,"comment_status":"closed","ping_status":"closed","template":"","meta":{"_crdt_document":"","_exactmetrics_skip_tracking":false,"_exactmetrics_sitenote_active":false,"_exactmetrics_sitenote_note":"","_exactmetrics_sitenote_category":0,"footnotes":""},"class_list":["post-63","page","type-page","status-publish","hentry"],"_links":{"self":[{"href":"https:\/\/pesquisas.face.ufmg.br\/nemea\/wp-json\/wp\/v2\/pages\/63","targetHints":{"allow":["GET"]}}],"collection":[{"href":"https:\/\/pesquisas.face.ufmg.br\/nemea\/wp-json\/wp\/v2\/pages"}],"about":[{"href":"https:\/\/pesquisas.face.ufmg.br\/nemea\/wp-json\/wp\/v2\/types\/page"}],"author":[{"embeddable":true,"href":"https:\/\/pesquisas.face.ufmg.br\/nemea\/wp-json\/wp\/v2\/users\/15"}],"replies":[{"embeddable":true,"href":"https:\/\/pesquisas.face.ufmg.br\/nemea\/wp-json\/wp\/v2\/comments?post=63"}],"version-history":[{"count":9,"href":"https:\/\/pesquisas.face.ufmg.br\/nemea\/wp-json\/wp\/v2\/pages\/63\/revisions"}],"predecessor-version":[{"id":396,"href":"https:\/\/pesquisas.face.ufmg.br\/nemea\/wp-json\/wp\/v2\/pages\/63\/revisions\/396"}],"wp:attachment":[{"href":"https:\/\/pesquisas.face.ufmg.br\/nemea\/wp-json\/wp\/v2\/media?parent=63"}],"curies":[{"name":"wp","href":"https:\/\/api.w.org\/{rel}","templated":true}]}}