{"id":61,"date":"2017-06-13T09:18:48","date_gmt":"2017-06-13T12:18:48","guid":{"rendered":"http:\/\/pesquisas.face.ufmg.br\/nemea\/?page_id=61"},"modified":"2021-02-24T12:59:52","modified_gmt":"2021-02-24T15:59:52","slug":"artigos","status":"publish","type":"page","link":"https:\/\/pesquisas.face.ufmg.br\/nemea\/artigos\/","title":{"rendered":"Artigos"},"content":{"rendered":"<h1><strong>2017<\/strong><\/h1>\n<ul>\n<li><strong>Controlling deforestation in the Brazilian Amazon: Regional economic impacts and land-use change<\/strong><strong><br \/><\/strong>Peri\u00f3dico: Land use policy<br \/>Terciane Sabadini Carvalho; Edson Domingues<\/li>\n<li><strong>Structuring investment and regional inequalities in the Brazilian Northeast<\/strong><strong><br \/><\/strong>Peri\u00f3dico: Regional Studies<br \/>Luiz Carlos de Santana Ribeiro;\u00a0Edson Domingues;\u00a0Fernando Salgueiro Perobelli; Geoffrey J.D. Hewings<\/li>\n<\/ul>\n<p><strong>\u00a0<\/strong><\/p>\n<h1><strong>2016<\/strong><\/h1>\n<ul>\n<li><strong>Desmatamento e a contribui\u00e7\u00e3o econ\u00f4mica da floresta na Amaz\u00f4nia<\/strong><strong><br \/><\/strong>Peri\u00f3dico: Estudos Econ\u00f4micos<br \/>Terciane Sabadini Carvalh<u>o<\/u>; Aline Souza Magalh\u00e3es;\u00a0Edson Domingues<\/li>\n<li><strong>Medidas recentes de desonera\u00e7\u00e3o tribut\u00e1ria no Brasil: Uma an\u00e1lise de equil\u00edbrio geral comput\u00e1vel<\/strong><strong><br \/><\/strong>Peri\u00f3dico: Revista Brasileira de Economia<br \/>D\u00e9bora Freire Cardoso;\u00a0K\u00eania Barreiro de Souza;\u00a0Edson Domingues<\/li>\n<\/ul>\n<ul>\n<li><strong>A din\u00e2mica do emprego na ind\u00fastria brasileira: comportamento recente (2006-10) e o efeito de restri\u00e7\u00f5es de m\u00e3o-de-obra especializada<\/strong><strong><br \/><\/strong>Peri\u00f3dico: Estudos Econ\u00f4micos<br \/>Edson Domingues;\u00a0K\u00eania Barreiro de Souza;\u00a0D\u00e9bora Freire Cardoso;\u00a0Terciane Sabadini Carvalho;\u00a0Flaviane Souza Santiago; Aline Souza Magalh\u00e3es;\u00a0Admir Antonio Betarelli Junior<\/li>\n<\/ul>\n<ul>\n<li><strong>Increased Energy Efficiency in Brazil: an option for a low carbon economy?<\/strong><strong><br \/><\/strong>Peri\u00f3dico: Economia Aplicada<br \/>Aline Souza Magalh\u00e3es;\u00a0Edson Domingues<\/li>\n<\/ul>\n<p><strong>\u00a0<\/strong><\/p>\n<h1><strong>2015<\/strong><\/h1>\n<ul>\n<li><strong>An\u00e1lisis sist\u00e9mico del sector de salud mediante la matriz de insumo-producto, 2000-2005<\/strong><strong><br \/><\/strong>Peri\u00f3dico: Revista de la CEPAL<br \/>Fernando Salgueiro Perobelli; M\u00f4nica Viegas Andrade; Edson Domingues<\/li>\n<\/ul>\n<ul>\n<li><strong>The contribution of universities and research institutes to Brazilian innovation system<\/strong><strong><br \/><\/strong>Peri\u00f3dico: Innovation and Development<br \/>Catari Vilela Chaves; M\u00e1rcia Siqueira Rapini ;\u00a0Wilson Suzigan; Ana Cristina Fernandes ;\u00a0Edson Domingues<\/li>\n<\/ul>\n<ul>\n<li><strong>Population transitions and temperature change in Minas Gerais, Brazil: a multidimensional approach<\/strong><strong><br \/><\/strong>Peri\u00f3dico: Revista Brasileira de Estudos de Popula\u00e7\u00e3o<br \/>Alisson Fl\u00e1vio Barbieri; Gilvan Ramalho Guedes; Kenya Noronha; Bernardo Lanza Queiroz;\u00a0Edson Domingues; Jos\u00e9 Irineu Rangel Rigotti; Gl\u00e1ucia Possas da Motta; Fl\u00e1via L\u00facia Chein Feres; Francisco Cortezzi; Ulisses Cavalcanti Confalonieri; K\u00eania Barreiro de Souza<\/li>\n<li><strong>Uma An\u00e1lise dos impactos econ\u00f4micos e setoriais do programa farm\u00e1cia popular no Brasil<\/strong><strong><br \/><\/strong>Peri\u00f3dico: Pesquisa e Planejamento Econ\u00f4mico<br \/>Edson Domingues; M\u00f4nica Viegas Andrade; Fl\u00e1via L\u00facia Chein Feres;\u00a0Flaviane Souza Santiago;\u00a0Fernando Salgueiro Perobelli; Gl\u00e1ucia Possas da Motta<\/li>\n<li><strong>\u00cdndice relativo de qualidade de vida para os munic\u00edpios de Minas Gerais<\/strong><strong><br \/><\/strong>Peri\u00f3dico: Planejamento e Pol\u00edticas P\u00fablicas<br \/>D\u00e9bora Freire Cardoso;\u00a0Luiz Carlos de Santana Ribeiro<\/li>\n<\/ul>\n<p><strong>\u00a0<\/strong><\/p>\n<h1><strong>2014<\/strong><\/h1>\n<ul>\n<li><strong>Infraestrutura tur\u00edstica no Nordeste: uma an\u00e1lise de proje\u00e7\u00e3o de impactos do Programa de Desenvolvimento do Turismo no Nordeste<\/strong><strong><br \/><\/strong>Peri\u00f3dico: Revista Econ\u00f4mica do Nordeste<br \/>Francisca Diana Ferreira Viana\u00a0;\u00a0Edson Domingues; Clelio Campolina Diniz<\/li>\n<li><strong>Mudan\u00e7as no Mercado de Servi\u00e7os Dom\u00e9sticos: uma An\u00e1lise da evolu\u00e7\u00e3o dos sal\u00e1rios no per\u00edodo 2006-2011<\/strong><strong><br \/><\/strong>Peri\u00f3dico:\u00a0Economia Aplicada<br \/>K\u00eania Barreiro de Souza;\u00a0Edson Domingues<\/li>\n<\/ul>\n<ul>\n<li><strong>Blessing or curse: Impacts of the Brazilian Pre-Salt oil exploration<\/strong><strong><br \/><\/strong>Peri\u00f3dico: Economia<br \/>Aline Souza Magalh\u00e3es;\u00a0Edson Domingues<\/li>\n<\/ul>\n<ul>\n<li><strong>The World Financial Crisis in Brazil: Industry and Regional Economic Impacts<\/strong><strong><br \/><\/strong>Peri\u00f3dico: Journal of International Business and Economics<br \/>Edson Domingues; Aline Souza Magalh\u00e3es; Admir Antonio Betarelli Junior<u>;<\/u>\u00a0Terciane Sabadini Carvalho\u00a0;\u00a0Flaviane Souza Santiago<\/li>\n<li><strong>Efeitos econ\u00f4micos da proposta de redu\u00e7\u00e3o tarif\u00e1ria sobre as opera\u00e7\u00f5es dom\u00e9sticas de cabotagem no Brasil<\/strong><strong><br \/><\/strong>Peri\u00f3dico: Pesquisa e Planejamento Econ\u00f4mico<br \/>Admir Antonio Betarelli Junior; Edson Domingues<\/li>\n<\/ul>\n<ul>\n<li><strong>Mapeamento e proje\u00e7\u00e3o da demanda por engenheiros por categoria, setor e microrregi\u00f5es brasileiras<\/strong><strong><br \/><\/strong>Peri\u00f3dico: Pesquisa e Planejamento Econ\u00f4mico<br \/>K\u00eania Barreiro de Souza; Edson Domingues<\/li>\n<\/ul>\n<p><strong>\u00a0<\/strong><\/p>\n<h1><strong>2011 <\/strong><\/h1>\n<ul>\n<li><strong>Assessing the ex ante economic impacts of transportation infrastructure policies in Brazil.<\/strong><strong><br \/><\/strong>Peri\u00f3dico: Journal of Development Effectiveness<br \/>Eduardo Amaral Haddad; Fernando Salgueiro Perobelli; Edson Domingues<\/li>\n<li><strong>Quanto vale o show? Impactos econ\u00f4micos dos investimentos da Copa do Mundo 2014 no Brasil.<\/strong><strong><br \/><\/strong>Peri\u00f3dico: Estudos Econ\u00f4micos<br \/>Edson Domingues; Aline Souza Magalh\u00e3es; Admir Antonio Betarelli Junior<\/li>\n<li><strong>Cen\u00e1rios de Mudan\u00e7as Clim\u00e1ticas e Agricultura no Brasil: impactos econ\u00f4micos na Regi\u00e3o Nordeste.<\/strong><strong><br \/><\/strong>Peri\u00f3dico: Revista Econ\u00f4mica do Nordeste<br \/>Edson Domingues; Aline Souza Magalh\u00e3es; Ricardo Machado Ruiz<\/li>\n<\/ul>\n<p><strong>\u00a0<\/strong><\/p>\n<h1><strong>2010<\/strong><\/h1>\n<ul>\n<li><strong>Climate change and population migration in Brazil\u2019s Northeast: scenarios for 2025-2050.<\/strong><strong><br \/><\/strong>Peri\u00f3dico: Population and Environment<br \/>Alisson Fl\u00e1vio Barbieri; Edson Domingues; Bernardo Lanza Queiroz; Ricardo Machado Ruiz; Jos\u00e9 Irineu Rangel Rigotti; Jos\u00e9 Alberto Magno de Carvalho; Marco Fl\u00e1vio da Cunha Resende<\/li>\n<li><strong>Commuting to work and residential choices in the metropolitan area of Belo Horizonte.<\/strong><strong><br \/><\/strong>Per\u00ed\u00f3dico: Urban public economics review<br \/>Rubens Augusto de Miranda; Edson Domingues<\/li>\n<\/ul>\n<p><strong>\u00a0<\/strong><\/p>\n<h1><strong>2009<\/strong><\/h1>\n<ul>\n<li><strong>Infra-estrutura, crescimento e desigualdade regional: uma proje\u00e7\u00e3o dos impactos dos investimentos do PAC em Minas Gerais<\/strong><strong>.<br \/><\/strong>Peri\u00f3dico: Pesquisa e Planejamento Econ\u00f4mico<br \/>Edson Domingues; Aline Souza Magalh\u00e3es; Weslem Rodrigues Faria<\/li>\n<\/ul>\n<p><strong>\u00a0<\/strong><\/p>\n<h1><strong>2008<\/strong><\/h1>\n<ul>\n<li><strong>Sensitivity Analysis in Applied General Equilibrium Models: an Empirical Assessment for Mercosur Free Trade Areas Agreements.<\/strong><strong><br \/><\/strong>Peri\u00f3dico: The Quarterly Review of Economics and Finance<br \/>Edson Domingues; Eduardo Amaral Haddad; Geoffrey J.D. Hewings<\/li>\n<li><strong>Rela\u00e7\u00f5es interestaduais e intersetoriais de com\u00e9rcio no Brasil: Uma an\u00e1lise gravitacional e regional.<\/strong><strong><br \/><\/strong>Peri\u00f3dico: Revista Brasileira de Estudos Regionais e Urbanos<br \/>Edson Domingues; Aline Souza Magalh\u00e3es;<\/li>\n<\/ul>\n<ul>\n<li><strong>Aglomera\u00e7\u00f5es Econ\u00f4micas no Sul-Sudeste e no NordesteBrasileiro: Escalas, Estruturas e Diferenciais.<\/strong><strong><br \/><\/strong>Per\u00ed\u00f3dicos: Estudos Econ\u00f4micos<br \/>Ricardo Machado Ruiz; Edson Domingues<\/li>\n<\/ul>\n<p><strong>\u00a0<\/strong><\/p>\n<h1><strong>2006<\/strong><\/h1>\n<ul>\n<li><strong>Impactos Setoriais e Regionais da Alca: Proje\u00e7\u00f5es para a Economia Brasileira.<\/strong><strong><br \/><\/strong>Per\u00ed\u00f3dico: Pesquisa e Planejamento Econ\u00f4mico<br \/>Edson Domingues; Eduardo Amaral Haddad<\/li>\n<li><strong>Aglomera\u00e7\u00f5es industriais e tecnol\u00f3gicas: origem do capital, inova\u00e7\u00e3o e localiza\u00e7\u00e3o.<\/strong><strong><br \/><\/strong>Per\u00ed\u00f3dico: Economia e Sociedade<br \/>Edson Domingues; Ricardo Machado Ruiz<\/li>\n<\/ul>\n<p><strong>\u00a0<\/strong><\/p>\n<h1><strong>2005 <\/strong><\/h1>\n<ul>\n<li><strong>Sensitivity analysis in computable general equilibrium models: An Application for the Regional <\/strong><strong>Efects of the Free Trade Area of the Americas (FTAA).<br \/><\/strong>Per\u00ed\u00f3dico: Revista de Econometria<br \/>Edson Domingues; Eduardo Amaral Haddad<\/li>\n<li><strong>Brazil-Argentina Trade and its Impacts on Brazilian States.<\/strong><strong><br \/><\/strong>Peri\u00f3dico: Investigaciones Regionales<br \/>Eduardo Amaral Haddad; Edson Domingues; Fernando Salgueiro Perobelli<\/li>\n<li><strong>Aglomera\u00e7\u00f5es e Periferias Industriais no Brasil e no Nordeste.<\/strong><strong><br \/><\/strong>Peri\u00f3dico: Revista Econ\u00f4mica do Nordeste<br \/>Edson Domingues<\/li>\n<\/ul>\n<p><strong>\u00a0<\/strong><\/p>\n<h1><strong>2004<\/strong><\/h1>\n<ul>\n<li><strong>Impactos Inter-Regionais de Estrat\u00e9gias de Pol\u00edtica Comercial para o Brasil.<\/strong><strong><br \/><\/strong>Peri\u00f3dico: Economia<br \/>Edson Domingues; Mauro Borges Lemos<\/li>\n<\/ul>\n<p><strong>\u00a0<\/strong><\/p>\n<h1><strong>2003 <\/strong><\/h1>\n<ul>\n<li><strong>Pol\u00edtica Tribut\u00e1ria e Re-localiza\u00e7\u00e3o.<\/strong><strong><br \/><\/strong>Peri\u00f3dico: Revista Brasileira de Economia<br \/>Edson Domingues; Eduardo Amaral Haddad<\/li>\n<\/ul>\n<p><strong>\u00a0<\/strong><\/p>\n<h1><strong>2002<\/strong><\/h1>\n<ul>\n<li><strong>Structural changes in the brazilian interregional economic system, 1985-1997: holistic matrix interpretation.<\/strong><strong><br \/><\/strong>Per\u00ed\u00f3dico: Australasian Journal of Regional Studies<br \/>Edson Domingues; Geoffrey J.D. Hewings; Eduardo Amaral Haddad<\/li>\n<li><strong>Regional effects of economic integration: the case of Brazil.<\/strong><strong><br \/><\/strong>Per\u00ed\u00f3dico: Journal of Policy Modeling<br \/>Eduardo Amaral Haddad; Edson Domingues; Fernando Salgueiro Perobelli<\/li>\n<\/ul>\n<p><strong>\u00a0<\/strong><\/p>\n<h1><strong>2001<\/strong><\/h1>\n<ul>\n<li><strong>Um modelo aplicado de equil\u00edbrio geral para a economia brasileira: proje\u00e7\u00f5es setoriais para 1999-2004.<\/strong><strong><br \/><\/strong>Per\u00ed\u00f3dico: Estudos Econ\u00f4micos<br \/>Eduardo Amaral Haddad; Edson Domingues<strong>\u00a0<\/strong><\/li>\n<\/ul>\n<ul>\n<li><strong>Impactos das exporta\u00e7\u00f5es sobre a estrutura setorial e de qualifica\u00e7\u00e3o do emprego no Brasil.<\/strong><strong><br \/><\/strong>Peri\u00f3dico: Economia<br \/>Edson Domingues; Fernanda Leite Lopez de Leon; Eduardo Amaral Haddad<\/li>\n<\/ul>\n<p><strong>\u00a0<\/strong><\/p>\n<h1><strong>2000<\/strong><\/h1>\n<ul>\n<li><strong>Evolu\u00e7\u00e3o recente da produ\u00e7\u00e3o e importa\u00e7\u00e3o de autom\u00f3veis no Brasil.<\/strong><strong><br \/><\/strong>Per\u00ed\u00f3dico: Revista de Economia<br \/>Edson Domingues<\/li>\n<\/ul>\n\n\n<p class=\"wp-block-paragraph\"><\/p>\n","protected":false},"excerpt":{"rendered":"<p>2017 Controlling deforestation in the Brazilian Amazon: Regional economic impacts and land-use changePeri\u00f3dico: Land use policyTerciane Sabadini Carvalho; Edson Domingues Structuring investment and regional inequalities in the Brazilian NortheastPeri\u00f3dico: Regional&#8230; <\/p>\n","protected":false},"author":15,"featured_media":0,"parent":0,"menu_order":0,"comment_status":"closed","ping_status":"closed","template":"","meta":{"_crdt_document":"","_exactmetrics_skip_tracking":false,"_exactmetrics_sitenote_active":false,"_exactmetrics_sitenote_note":"","_exactmetrics_sitenote_category":0,"footnotes":""},"class_list":["post-61","page","type-page","status-publish","hentry"],"_links":{"self":[{"href":"https:\/\/pesquisas.face.ufmg.br\/nemea\/wp-json\/wp\/v2\/pages\/61","targetHints":{"allow":["GET"]}}],"collection":[{"href":"https:\/\/pesquisas.face.ufmg.br\/nemea\/wp-json\/wp\/v2\/pages"}],"about":[{"href":"https:\/\/pesquisas.face.ufmg.br\/nemea\/wp-json\/wp\/v2\/types\/page"}],"author":[{"embeddable":true,"href":"https:\/\/pesquisas.face.ufmg.br\/nemea\/wp-json\/wp\/v2\/users\/15"}],"replies":[{"embeddable":true,"href":"https:\/\/pesquisas.face.ufmg.br\/nemea\/wp-json\/wp\/v2\/comments?post=61"}],"version-history":[{"count":18,"href":"https:\/\/pesquisas.face.ufmg.br\/nemea\/wp-json\/wp\/v2\/pages\/61\/revisions"}],"predecessor-version":[{"id":711,"href":"https:\/\/pesquisas.face.ufmg.br\/nemea\/wp-json\/wp\/v2\/pages\/61\/revisions\/711"}],"wp:attachment":[{"href":"https:\/\/pesquisas.face.ufmg.br\/nemea\/wp-json\/wp\/v2\/media?parent=61"}],"curies":[{"name":"wp","href":"https:\/\/api.w.org\/{rel}","templated":true}]}}