{"id":59,"date":"2017-06-13T09:16:48","date_gmt":"2017-06-13T12:16:48","guid":{"rendered":"http:\/\/pesquisas.face.ufmg.br\/nemea\/?page_id=59"},"modified":"2024-06-07T13:53:40","modified_gmt":"2024-06-07T16:53:40","slug":"alunos-de-pos-graduacao","status":"publish","type":"page","link":"https:\/\/pesquisas.face.ufmg.br\/nemea\/alunos-de-pos-graduacao\/","title":{"rendered":"Alunos de P\u00f3s-Gradua\u00e7\u00e3o"},"content":{"rendered":"<h2 class=\"nome\" style=\"text-align: left\"><strong><img loading=\"lazy\" decoding=\"async\" class=\"wp-image-709  alignleft\" src=\"http:\/\/pesquisas.face.ufmg.br\/nemea\/wp-content\/uploads\/sites\/20\/2021\/02\/servletrecuperafoto-1.png\" alt=\"\" width=\"284\" height=\"349\" \/>Stephanie Lucas Sousa<br \/>\n<\/strong><\/h2>\n<p style=\"text-align: left\">Mestre em Economia pela Universidade Federal de Minas Gerais<\/p>\n<p style=\"text-align: left\"><strong>Tema de Pesquisa:<\/strong> ACORDO MERCOSUL &#8211; UNI\u00c3O EUROPEIA: Uma an\u00e1lise dos impactos econ\u00f4micos da liberaliza\u00e7\u00e3o tarif\u00e1ria entre os dois blocos.<br \/>\n<strong>Orientador:<\/strong> D\u00e9bora Freire Cardoso<br \/>\n<strong>Co-orientadores:<\/strong> Aline Souza Magalh\u00e3es e Edson Paulo Domingues<\/p>\n<p style=\"text-align: left\"><span style=\"color: #ffffff\">&#8211;<\/span><\/p>\n<p style=\"text-align: left\"><span style=\"color: #ffffff\">&#8211;<\/span><\/p>\n<h2 style=\"text-align: left\"><\/h2>\n<p style=\"text-align: left\"><span style=\"color: #ffffff\">&#8211;<\/span><\/p>\n<h2 style=\"text-align: left\"><\/h2>\n<p style=\"text-align: left\"><span style=\"color: #ffffff\">&#8211;<\/span><\/p>\n<h2 style=\"text-align: left\"><\/h2>\n<h2 style=\"text-align: left\"><\/h2>\n<h2 class=\"nome\" style=\"text-align: left\"><\/h2>\n<h2 class=\"nome\" style=\"text-align: left\"><\/h2>\n<h2 class=\"nome\" style=\"text-align: left\"><strong><img loading=\"lazy\" decoding=\"async\" class=\"wp-image-707  alignleft\" src=\"http:\/\/pesquisas.face.ufmg.br\/nemea\/wp-content\/uploads\/sites\/20\/2021\/02\/thumbnail_IMG_20201219_160011-1-225x300.jpg\" alt=\"\" width=\"300\" height=\"398\" \/><br \/>\nOlga Hianni Portugal Vieira<br \/>\n<\/strong><\/h2>\n<p style=\"text-align: left\">Doutoranda em Economia pela Universidade Federal de Minas Gerais<\/p>\n<p><strong>Tema de Pesquisa:<\/strong> Tributa\u00e7\u00e3o e desigualdade.<br \/>\n<strong>Orientador:<\/strong> D\u00e9bora Freire.<\/p>\n<p style=\"text-align: left\"><span style=\"color: #ffffff\">&#8211;<\/span><\/p>\n<p style=\"text-align: left\"><span style=\"color: #ffffff\">&#8211;<\/span><\/p>\n<p style=\"text-align: left\"><span style=\"color: #ffffff\">&#8211;<\/span><\/p>\n<p style=\"text-align: left\"><span style=\"color: #ffffff\">&#8211;<\/span><\/p>\n<p style=\"text-align: left\"><span style=\"color: #ffffff\">&#8211;<\/span><\/p>\n<p style=\"text-align: left\"><span style=\"color: #ffffff\">&#8211;<\/span><\/p>\n<p style=\"text-align: left\"><span style=\"color: #ffffff\">&#8211;<\/span><\/p>\n<p style=\"text-align: left\"><span style=\"color: #ffffff\">&#8211;<\/span><\/p>\n<p style=\"text-align: left\"><span style=\"color: #ffffff\">&#8211;<\/span><\/p>\n<h2 style=\"text-align: left\"><\/h2>\n<h2 style=\"text-align: left\"><\/h2>\n<p><strong style=\"color: inherit;font-size: 1.95em\"><img loading=\"lazy\" decoding=\"async\" class=\"wp-image-705  alignleft\" src=\"http:\/\/pesquisas.face.ufmg.br\/nemea\/wp-content\/uploads\/sites\/20\/2021\/02\/WhatsApp-Image-2021-02-22-at-14.53.14-1-225x300.jpeg\" alt=\"\" width=\"302\" height=\"402\" srcset=\"https:\/\/pesquisas.face.ufmg.br\/nemea\/wp-content\/uploads\/sites\/20\/2021\/02\/WhatsApp-Image-2021-02-22-at-14.53.14-1-225x300.jpeg 225w, https:\/\/pesquisas.face.ufmg.br\/nemea\/wp-content\/uploads\/sites\/20\/2021\/02\/WhatsApp-Image-2021-02-22-at-14.53.14-1-768x1024.jpeg 768w, https:\/\/pesquisas.face.ufmg.br\/nemea\/wp-content\/uploads\/sites\/20\/2021\/02\/WhatsApp-Image-2021-02-22-at-14.53.14-1.jpeg 960w\" sizes=\"auto, (max-width: 302px) 100vw, 302px\" \/><\/strong><\/p>\n<h2 class=\"nome\" style=\"text-align: left\"><strong><br \/>\nArtur Baker de Carvalho<br \/>\n<\/strong><\/h2>\n<p style=\"text-align: left\">Mestrando em Economia pela Universidade Federal de Minas Gerais<br \/>\nGradua\u00e7\u00e3o em Ci\u00eancias Econ\u00f4micas pela Universidade Federal do Par\u00e1 (2018)<\/p>\n<p><strong>Tema de Pesquisa:<\/strong> Desigualdades regionais, federalismo fiscal e transfer\u00eancias constitucionais.<br \/>\n<strong>Orientador:<\/strong> D\u00e9bora Freire Cardoso e Pedro Vasconcelos Maia do Amaral.<\/p>\n<h2><\/h2>\n<p style=\"text-align: left\"><span style=\"color: #ffffff\">&#8211;<\/span><\/p>\n<p style=\"text-align: left\"><span style=\"color: #ffffff\">&#8211;<\/span><\/p>\n<p style=\"text-align: left\"><span style=\"color: #ffffff\">&#8211;<\/span><\/p>\n<p style=\"text-align: left\"><span style=\"color: #ffffff\">&#8211;<\/span><\/p>\n<h2 style=\"text-align: left\"><\/h2>\n<p style=\"text-align: left\"><span style=\"color: #ffffff\">&#8211;<\/span><\/p>\n<h2 style=\"text-align: left\"><\/h2>\n<h2 style=\"text-align: left\"><\/h2>\n<h2 class=\"nome\" style=\"text-align: left\"><strong><br \/>\n<img loading=\"lazy\" decoding=\"async\" class=\"wp-image-225 alignleft\" src=\"http:\/\/pesquisas.face.ufmg.br\/nemea\/wp-content\/uploads\/sites\/20\/2017\/06\/Bruna-Stein-Ciasca.png\" alt=\"\" width=\"300\" height=\"300\" srcset=\"https:\/\/pesquisas.face.ufmg.br\/nemea\/wp-content\/uploads\/sites\/20\/2017\/06\/Bruna-Stein-Ciasca.png 219w, https:\/\/pesquisas.face.ufmg.br\/nemea\/wp-content\/uploads\/sites\/20\/2017\/06\/Bruna-Stein-Ciasca-150x150.png 150w\" sizes=\"auto, (max-width: 300px) 100vw, 300px\" \/>Bruna Stein Ciasca<\/strong><\/h2>\n<p style=\"text-align: left\">Doutoranda em Economia pela Universidade Federal de Minas Gerais<br \/>\nMestrado em Economia dos Recursos Naturais e do Meio Ambiente pela Universidade Paris I Panth\u00e9on-Sorbonne (2008)<br \/>\nGradua\u00e7\u00e3o em Ci\u00eancias Econ\u00f4micas pela Universidade Paris I Panth\u00e9on-Sorbonne (2006)<\/p>\n<p style=\"text-align: left\"><strong>Tema de Pesquisa:<\/strong>\u00a0O objetivo espec\u00edfico \u00e9 avaliar a influ\u00eancia da atividade agropecu\u00e1ria sobre os recursos h\u00eddricos destacando m\u00e9tricas e indicadores para internaliz\u00e1-los no Sistema de Contas Nacionais (SCN) do Brasil a partir da metodologia <em>System of Environmental-Economic Accounting <\/em>(SEEA) e analisar os instrumentos econ\u00f4micos de incentivo \u00e0 conserva\u00e7\u00e3o para garantir a manuten\u00e7\u00e3o do estoque e fluxo dos recursos h\u00eddricos, vinculando o sistema de contas econ\u00f4micas-ambientais \u00e0 fundamenta\u00e7\u00e3o da pol\u00edtica p\u00fablica de conserva\u00e7\u00e3o. Pretende-se, a partir de dados sobre a atividade agropecu\u00e1ria (modelos de produ\u00e7\u00e3o, uso e ocupa\u00e7\u00e3o do solo, demanda h\u00eddrica, dentre outros) e dos cadernos SEEA Framework, <em>SEEA Water, SEEA for Ecosystem Services,<\/em> e SEEA <em>for Agriculture, Forest and Fisheries<\/em>, analisar as potenciais altera\u00e7\u00f5es f\u00edsicas e econ\u00f4micas do setor agropecu\u00e1rio sobre os recursos h\u00eddricos, uma vez que este depende integralmente do insumo \u00e1gua para irriga\u00e7\u00e3o e dessedenta\u00e7\u00e3o animal influenciando na demanda de \u00e1gua, e que, atrav\u00e9s das mudan\u00e7as no uso e ocupa\u00e7\u00e3o do solo, altera a capacidade de recarga h\u00eddrica, influenciando na oferta h\u00eddrica.<br \/>\n<strong>Orientador:<\/strong>\u00a0Edson Paulo Domingues<\/p>\n<p style=\"text-align: left\"><a href=\"http:\/\/lattes.cnpq.br\/4985627279286661\" target=\"_blank\" rel=\"noopener noreferrer\">Curr\u00edculo Lattes<\/a><\/p>\n<p style=\"text-align: left\"><span style=\"color: #ffffff\">&#8211;<\/span><\/p>\n<h2 style=\"text-align: left\"><strong><img loading=\"lazy\" decoding=\"async\" class=\"wp-image-226 size-medium alignleft\" src=\"http:\/\/pesquisas.face.ufmg.br\/nemea\/wp-content\/uploads\/sites\/20\/2017\/06\/Celso-Bissoli-Sessa-300x300.jpg\" alt=\"\" width=\"300\" height=\"300\" srcset=\"https:\/\/pesquisas.face.ufmg.br\/nemea\/wp-content\/uploads\/sites\/20\/2017\/06\/Celso-Bissoli-Sessa-300x300.jpg 300w, https:\/\/pesquisas.face.ufmg.br\/nemea\/wp-content\/uploads\/sites\/20\/2017\/06\/Celso-Bissoli-Sessa-150x150.jpg 150w, https:\/\/pesquisas.face.ufmg.br\/nemea\/wp-content\/uploads\/sites\/20\/2017\/06\/Celso-Bissoli-Sessa.jpg 336w\" sizes=\"auto, (max-width: 300px) 100vw, 300px\" \/>Celso Bissoli Sessa<\/strong><\/h2>\n<p>Professor do Departamento de Economia da Universidade Federal do Esp\u00edrito Santo (UFES)<\/p>\n<p>Doutorando em Economia pela Universidade Federal de Minas Gerais<br \/>\nMestrado em Economia pela Universidade Federal do Esp\u00edrito Santo (2009)<br \/>\nGradua\u00e7\u00e3o em Ci\u00eancias Econ\u00f4micas pela Universidade Federal do Esp\u00edrito Santo (2006)<\/p>\n<p><strong>Linhas de Pesquisa<\/strong>:\u00a0Economia Regional, M\u00e9todos Quantitativos em Economia, Equil\u00edbrio Geral Comput\u00e1vel.<\/p>\n<p style=\"text-align: left\"><a href=\"http:\/\/lattes.cnpq.br\/2412019938676749\" target=\"_blank\" rel=\"noopener noreferrer\">Curr\u00edculo Lattes<\/a><\/p>\n<p style=\"text-align: left\"><span style=\"color: #ffffff\">&#8211;<\/span><\/p>\n<p style=\"text-align: left\"><span style=\"color: #ffffff\">&#8211;<\/span><span style=\"color: #ffffff\">&#8211;<\/span><\/p>\n<h2 style=\"text-align: left\"><strong><img loading=\"lazy\" decoding=\"async\" class=\"wp-image-227 size-medium alignleft\" src=\"http:\/\/pesquisas.face.ufmg.br\/nemea\/wp-content\/uploads\/sites\/20\/2017\/06\/Diego-300x300.jpg\" alt=\"\" width=\"300\" height=\"300\" srcset=\"https:\/\/pesquisas.face.ufmg.br\/nemea\/wp-content\/uploads\/sites\/20\/2017\/06\/Diego-300x300.jpg 300w, https:\/\/pesquisas.face.ufmg.br\/nemea\/wp-content\/uploads\/sites\/20\/2017\/06\/Diego-150x150.jpg 150w, https:\/\/pesquisas.face.ufmg.br\/nemea\/wp-content\/uploads\/sites\/20\/2017\/06\/Diego-500x500.jpg 500w, https:\/\/pesquisas.face.ufmg.br\/nemea\/wp-content\/uploads\/sites\/20\/2017\/06\/Diego.jpg 759w\" sizes=\"auto, (max-width: 300px) 100vw, 300px\" \/>Diego Nobuhiko Miyajima<\/strong><\/h2>\n<p style=\"text-align: left\">Mestrando em Economia pela Universidade Federal de Minas Gerais<br \/>\nGradua\u00e7\u00e3o em Ci\u00eancias Econ\u00f4micas pela Universidade Federal Rural do Rio de Janeiro (2014)<\/p>\n<p style=\"text-align: left\">O tema atual da pesquisa (disserta\u00e7\u00e3o) \u00e9 avalia\u00e7\u00e3o dos impactos econ\u00f4micos das mudan\u00e7as clim\u00e1ticas na Amaz\u00f4nia Legal, sendo utilizada a metodologia de equil\u00edbrio geral comput\u00e1vel para analisar os aspectos regionais e setoriais ao decorrer do estudo.<br \/>\n<strong>Orientadores:<\/strong>\u00a0Edson Paulo Domingues e Aline Magalh\u00e3es<\/p>\n<p style=\"text-align: left\"><a href=\"http:\/\/lattes.cnpq.br\/3817304115193682\" target=\"_blank\" rel=\"noopener noreferrer\">Curr\u00edculo Lattes<\/a><\/p>\n<p style=\"text-align: left\"><span style=\"color: #ffffff\">&#8211;<\/span><\/p>\n<p style=\"text-align: left\"><span style=\"color: #ffffff\">&#8211;<\/span><\/p>\n<p style=\"text-align: left\"><span style=\"color: #ffffff\">&#8211;<\/span><\/p>\n<h2 class=\"nome\" style=\"text-align: left\"><img loading=\"lazy\" decoding=\"async\" class=\"wp-image-266 size-medium alignleft\" src=\"http:\/\/pesquisas.face.ufmg.br\/nemea\/wp-content\/uploads\/sites\/20\/2017\/06\/Gessica-300x300.jpg\" alt=\"\" width=\"300\" height=\"300\" srcset=\"https:\/\/pesquisas.face.ufmg.br\/nemea\/wp-content\/uploads\/sites\/20\/2017\/06\/Gessica-300x300.jpg 300w, https:\/\/pesquisas.face.ufmg.br\/nemea\/wp-content\/uploads\/sites\/20\/2017\/06\/Gessica-150x150.jpg 150w, https:\/\/pesquisas.face.ufmg.br\/nemea\/wp-content\/uploads\/sites\/20\/2017\/06\/Gessica-768x768.jpg 768w, https:\/\/pesquisas.face.ufmg.br\/nemea\/wp-content\/uploads\/sites\/20\/2017\/06\/Gessica-500x500.jpg 500w, https:\/\/pesquisas.face.ufmg.br\/nemea\/wp-content\/uploads\/sites\/20\/2017\/06\/Gessica.jpg 960w\" sizes=\"auto, (max-width: 300px) 100vw, 300px\" \/>Gessica Cardoso Pereira de Souza<\/h2>\n<p style=\"text-align: left\">Doutoranda em Economia pela Universidade Federal de Minas Gerais<br \/>\nMestrado em Economia\u00a0pela Universidade Federal de Vi\u00e7osa (2017)<br \/>\nGradua\u00e7\u00e3o em Ci\u00eancias Econ\u00f4micas pela Universidade Federal de Juiz de Fora (2014)<\/p>\n<p style=\"text-align: left\"><strong>Linhas de Pesquisa<\/strong>: Economia Regional e Urbana, Economia dos Recursos Naturais.<\/p>\n<p style=\"text-align: left\"><a href=\"http:\/\/lattes.cnpq.br\/0512507770315278\" target=\"_blank\" rel=\"noopener noreferrer\">Curr\u00edculo Lattes<\/a><\/p>\n<p style=\"text-align: left\"><span style=\"color: #ffffff\">&#8211;<\/span><\/p>\n<p style=\"text-align: left\"><span style=\"color: #ffffff\">&#8211;<\/span><\/p>\n<p style=\"text-align: left\"><span style=\"color: #ffffff\">&#8211;<\/span><\/p>\n<p style=\"text-align: left\"><span style=\"color: #ffffff\">&#8211;<\/span><\/p>\n<h2 style=\"text-align: left\"><strong><img loading=\"lazy\" decoding=\"async\" class=\"alignnone size-medium wp-image-535 alignleft\" src=\"http:\/\/pesquisas.face.ufmg.br\/nemea\/wp-content\/uploads\/sites\/20\/2019\/03\/guilherme-300x300.jpg\" alt=\"\" width=\"300\" height=\"300\" srcset=\"https:\/\/pesquisas.face.ufmg.br\/nemea\/wp-content\/uploads\/sites\/20\/2019\/03\/guilherme-300x300.jpg 300w, https:\/\/pesquisas.face.ufmg.br\/nemea\/wp-content\/uploads\/sites\/20\/2019\/03\/guilherme-150x150.jpg 150w, https:\/\/pesquisas.face.ufmg.br\/nemea\/wp-content\/uploads\/sites\/20\/2019\/03\/guilherme-500x498.jpg 500w, https:\/\/pesquisas.face.ufmg.br\/nemea\/wp-content\/uploads\/sites\/20\/2019\/03\/guilherme.jpg 720w\" sizes=\"auto, (max-width: 300px) 100vw, 300px\" \/>Guilherme Silva Cardoso<\/strong><\/h2>\n<p style=\"text-align: left\">Doutorando em Economia pela Universidade Federal de Minas Gerais<br \/>\nMestrado em Economia pela Universidade Federal de Minas Gerais (2019)<br \/>\nGradua\u00e7\u00e3o em Ci\u00eancias Econ\u00f4micas pela Universidade Federal de Juiz de Fora (2016)<\/p>\n<p style=\"text-align: left\"><strong>Tema de Pesquisa<\/strong>: Avalia\u00e7\u00e3o dos impactos sist\u00eamicos de pol\u00edticas fiscais, com \u00eanfase no papel gasto p\u00fablico e distribui\u00e7\u00e3o de renda das fam\u00edlias.<\/p>\n<p style=\"text-align: left\"><strong>Orientadores<\/strong>: D\u00e9bora Freire Cardoso e Edson Paulo Domingues<\/p>\n<p style=\"text-align: left\"><a href=\"http:\/\/lattes.cnpq.br\/8205601137142589\" target=\"_blank\" rel=\"noopener noreferrer\">Curr\u00edculo Lattes<\/a><\/p>\n<p style=\"text-align: left\"><span style=\"color: #ffffff\">&#8211;<\/span><\/p>\n<p style=\"text-align: left\"><span style=\"color: #ffffff\">&#8211;<\/span><\/p>\n<p style=\"text-align: left\"><span style=\"color: #ffffff\">&#8211;<\/span><\/p>\n<h2 style=\"text-align: left\"><strong><img loading=\"lazy\" decoding=\"async\" class=\"wp-image-229 size-medium alignleft\" src=\"http:\/\/pesquisas.face.ufmg.br\/nemea\/wp-content\/uploads\/sites\/20\/2017\/06\/Mariana-Nahas-300x300.jpg\" alt=\"\" width=\"300\" height=\"300\" srcset=\"https:\/\/pesquisas.face.ufmg.br\/nemea\/wp-content\/uploads\/sites\/20\/2017\/06\/Mariana-Nahas-300x300.jpg 300w, https:\/\/pesquisas.face.ufmg.br\/nemea\/wp-content\/uploads\/sites\/20\/2017\/06\/Mariana-Nahas-150x150.jpg 150w, https:\/\/pesquisas.face.ufmg.br\/nemea\/wp-content\/uploads\/sites\/20\/2017\/06\/Mariana-Nahas.jpg 369w\" sizes=\"auto, (max-width: 300px) 100vw, 300px\" \/>Mariana Medeiros Pereira Leite Pedrosa Nahas<\/strong><\/h2>\n<p style=\"text-align: left\">Doutoranda em Economia pela Universidade Federal de Minas Gerais<br \/>\nMestrado em Economia\u00a0pela Universidade Federal de Minas Gerais (2014)<br \/>\nGradua\u00e7\u00e3o em Ci\u00eancias Econ\u00f4micas pela Universidade Federal de Minas Gerais (2009)<\/p>\n<p style=\"text-align: left\">Linhas de Pesquisa: Economia Regional, Minera\u00e7\u00e3o, Modelo Insumo-Produto, An\u00e1lise Espacial e Minas Gerais.<\/p>\n<p style=\"text-align: left\"><a href=\"http:\/\/lattes.cnpq.br\/7124474251916751\" target=\"_blank\" rel=\"noopener noreferrer\">Curr\u00edculo Lattes<\/a><\/p>\n<p style=\"text-align: left\"><span style=\"color: #ffffff\">&#8211;<\/span><\/p>\n<p style=\"text-align: left\"><span style=\"color: #ffffff\">&#8211;<\/span><\/p>\n<p style=\"text-align: left\"><span style=\"color: #ffffff\">&#8211;<\/span><\/p>\n<p style=\"text-align: left\"><span style=\"color: #ffffff\">&#8211;<\/span><\/p>\n<h2 style=\"text-align: left\"><strong><img loading=\"lazy\" decoding=\"async\" class=\"wp-image-230 size-medium alignleft\" src=\"http:\/\/pesquisas.face.ufmg.br\/nemea\/wp-content\/uploads\/sites\/20\/2017\/06\/Micaele-Martins-de-Carvalho-300x300.jpg\" alt=\"\" width=\"300\" height=\"300\" srcset=\"https:\/\/pesquisas.face.ufmg.br\/nemea\/wp-content\/uploads\/sites\/20\/2017\/06\/Micaele-Martins-de-Carvalho-300x300.jpg 300w, https:\/\/pesquisas.face.ufmg.br\/nemea\/wp-content\/uploads\/sites\/20\/2017\/06\/Micaele-Martins-de-Carvalho-150x150.jpg 150w, https:\/\/pesquisas.face.ufmg.br\/nemea\/wp-content\/uploads\/sites\/20\/2017\/06\/Micaele-Martins-de-Carvalho-500x500.jpg 500w, https:\/\/pesquisas.face.ufmg.br\/nemea\/wp-content\/uploads\/sites\/20\/2017\/06\/Micaele-Martins-de-Carvalho.jpg 604w\" sizes=\"auto, (max-width: 300px) 100vw, 300px\" \/>Micaele Martins de Carvalho<\/strong><\/h2>\n<p style=\"text-align: left\">Doutoranda em Economia pela Universidade Federal de Minas Gerais<br \/>\nMestrado em Economia\u00a0pela Universidade Federal de Minas Gerais (2017)<br \/>\nGradua\u00e7\u00e3o em Ci\u00eancias Econ\u00f4micas pela Universidade Federal de Vi\u00e7osa (2015)<\/p>\n<p style=\"text-align: left\"><strong>Linhas de Pesquisa<\/strong>: A energia \u00e9 elemento chave para o desenvolvimento do pa\u00eds. Diante da necessidade de atender a sua demanda crescente de forma sustent\u00e1vel e segura, as fontes renov\u00e1veis ganham espa\u00e7o como alternativas \u00e0s fontes poluidoras em todo o mundo. Devido \u00e0 import\u00e2ncia crescente da quest\u00e3o ambiental no setor energ\u00e9tico, busca-se analisar os impactos socioecon\u00f4micos da diversifica\u00e7\u00e3o da matriz energ\u00e9tica atrav\u00e9s do aumento do uso de fontes renov\u00e1veis alternativas como solar, e\u00f3lica e de biomassa.<br \/>\n<strong>Orientadores:<\/strong>\u00a0Edson Paulo Domingues e Aline Magalh\u00e3es<\/p>\n<p style=\"text-align: left\"><a href=\"http:\/\/lattes.cnpq.br\/4701018309893636\" target=\"_blank\" rel=\"noopener noreferrer\">Curr\u00edculo Lattes<\/a><\/p>\n<p style=\"text-align: left\"><span style=\"color: #ffffff\">&#8211;<\/span><\/p>\n<h1 style=\"text-align: left\"><strong><img loading=\"lazy\" decoding=\"async\" class=\"wp-image-231 alignleft\" src=\"http:\/\/pesquisas.face.ufmg.br\/nemea\/wp-content\/uploads\/sites\/20\/2017\/06\/Rafael-Faria-de-Abreu-Campos.jpg\" alt=\"\" width=\"300\" height=\"300\" srcset=\"https:\/\/pesquisas.face.ufmg.br\/nemea\/wp-content\/uploads\/sites\/20\/2017\/06\/Rafael-Faria-de-Abreu-Campos.jpg 216w, https:\/\/pesquisas.face.ufmg.br\/nemea\/wp-content\/uploads\/sites\/20\/2017\/06\/Rafael-Faria-de-Abreu-Campos-150x150.jpg 150w\" sizes=\"auto, (max-width: 300px) 100vw, 300px\" \/>Rafael Faria de Abreu Campos<\/strong><\/h1>\n<p style=\"text-align: left\">Doutorando em Economia pela Universidade Federal de Minas Gerais<br \/>\nMestrado em Economia Aplicada pela Universidade Federal de Vi\u00e7osa (2016)<br \/>\nGradua\u00e7\u00e3o em Ci\u00eancias Econ\u00f4micas \u00a0pela Universidade Federal de Vi\u00e7osa (2014)<\/p>\n<p style=\"text-align: left\"><strong>Tema de Pesquisa: <\/strong>Consiste em pesquisas na tem\u00e1tica da economia dos recursos naturais e ambientais. Trabalha no desenvolvimento de modelos multidisciplinares de simula\u00e7\u00e3o \u2013 aplicados a essa tem\u00e1tica \u2013 via, principalmente, Modelagem Baseada em Agentes, Din\u00e2mica de Sistemas, An\u00e1lise de Redes Sociais e M\u00e9todos Quantitativos. Seu principal objetivo \u00e9 o de contribuir no entendimento da quest\u00e3o econ\u00f4mica envolvida no uso e conserva\u00e7\u00e3o dos recursos naturais e ambientais de modo a auxiliar a formula\u00e7\u00e3o de pol\u00edticas p\u00fablicas eficientes em termos de difus\u00e3o de pr\u00e1ticas sustent\u00e1veis no meio rural brasileiro.<br \/>\n<strong>Orientador:<\/strong>\u00a0Edson Paulo Domingues<\/p>\n<p style=\"text-align: left\"><a href=\"http:\/\/lattes.cnpq.br\/5407436872880213\" target=\"_blank\" rel=\"noopener noreferrer\">Curr\u00edculo Lattes<\/a><\/p>\n<p style=\"text-align: left\"><span style=\"color: #ffffff\">&#8211;<\/span><\/p>\n<h1 style=\"text-align: left\"><strong><img loading=\"lazy\" decoding=\"async\" class=\"size-medium wp-image-234 alignleft\" src=\"http:\/\/pesquisas.face.ufmg.br\/nemea\/wp-content\/uploads\/sites\/20\/2017\/06\/Tarik-298x300.png\" alt=\"\" width=\"298\" height=\"300\" srcset=\"https:\/\/pesquisas.face.ufmg.br\/nemea\/wp-content\/uploads\/sites\/20\/2017\/06\/Tarik-298x300.png 298w, https:\/\/pesquisas.face.ufmg.br\/nemea\/wp-content\/uploads\/sites\/20\/2017\/06\/Tarik-150x150.png 150w, https:\/\/pesquisas.face.ufmg.br\/nemea\/wp-content\/uploads\/sites\/20\/2017\/06\/Tarik.png 477w\" sizes=\"auto, (max-width: 298px) 100vw, 298px\" \/>Tarik Marques do Prado Tanure<\/strong><\/h1>\n<p style=\"text-align: left\">Doutorando em Economia pela Universidade Federal de Minas Gerais<br \/>\nMestrado em Economia pela Universidade Federal de Uberl\u00e2ndia (2012)<br \/>\nGradua\u00e7\u00e3o em Economia pela Universidade Federal de Uberl\u00e2ndia (2009)<\/p>\n<p style=\"text-align: left\"><strong>Linhas de Pesquisa<\/strong>:\u00a0Economia Rural, Desenvolvimento Territorial Rural e Modelagem atrav\u00e9s de Equil\u00edbrio Geral Comput\u00e1vel.<\/p>\n<p style=\"text-align: left\"><a href=\"http:\/\/lattes.cnpq.br\/0541484900314597\" target=\"_blank\" rel=\"noopener noreferrer\">Curr\u00edculo Lattes<\/a><\/p>\n<p style=\"text-align: left\"><span style=\"color: #ffffff\">&#8211;<\/span><\/p>\n<p><span style=\"color: #ffffff\">&#8211;<\/span><\/p>\n<p><span style=\"color: #ffffff\">&#8211;<\/span><\/p>\n<p style=\"text-align: left\"><span style=\"color: #ffffff\">&#8211;<\/span><\/p>\n<p style=\"text-align: left\"><span style=\"color: #ffffff\">&#8211;<\/span><\/p>\n<p style=\"text-align: left\"><span style=\"color: #ffffff\">&#8211;<\/span><\/p>\n<h2 style=\"text-align: left\"><strong><img loading=\"lazy\" decoding=\"async\" class=\"wp-image-232 alignleft\" src=\"http:\/\/pesquisas.face.ufmg.br\/nemea\/wp-content\/uploads\/sites\/20\/2017\/06\/Thiago-2.jpg\" alt=\"\" width=\"300\" height=\"302\" srcset=\"https:\/\/pesquisas.face.ufmg.br\/nemea\/wp-content\/uploads\/sites\/20\/2017\/06\/Thiago-2.jpg 161w, https:\/\/pesquisas.face.ufmg.br\/nemea\/wp-content\/uploads\/sites\/20\/2017\/06\/Thiago-2-150x150.jpg 150w\" sizes=\"auto, (max-width: 300px) 100vw, 300px\" \/>Thiago Cavalcante Simonato<\/strong><\/h2>\n<p style=\"text-align: left\">Doutorando em Economia pela Universidade de S\u00e3o Paulo<br \/>\nMestrado em Economia\u00a0pela Universidade Federal de Minas Gerais (2017)<br \/>\nGradua\u00e7\u00e3o em Ci\u00eancias Econ\u00f4micas pela Universidade Federal Rural do Rio de Janeiro (2013)<\/p>\n<p style=\"text-align: left\"><a href=\"http:\/\/lattes.cnpq.br\/5194357485744008\" target=\"_blank\" rel=\"noopener noreferrer\">Curr\u00edculo Lattes<\/a><\/p>\n<p class=\"nome\" style=\"text-align: left\">\n","protected":false},"excerpt":{"rendered":"<p>Stephanie Lucas Sousa Mestre em Economia pela Universidade Federal de Minas Gerais Tema de Pesquisa: ACORDO MERCOSUL &#8211; UNI\u00c3O EUROPEIA: Uma an\u00e1lise dos impactos econ\u00f4micos da liberaliza\u00e7\u00e3o tarif\u00e1ria entre os&#8230; <\/p>\n","protected":false},"author":15,"featured_media":0,"parent":0,"menu_order":0,"comment_status":"closed","ping_status":"closed","template":"","meta":{"_crdt_document":"","_exactmetrics_skip_tracking":false,"_exactmetrics_sitenote_active":false,"_exactmetrics_sitenote_note":"","_exactmetrics_sitenote_category":0,"footnotes":""},"class_list":["post-59","page","type-page","status-publish","hentry"],"_links":{"self":[{"href":"https:\/\/pesquisas.face.ufmg.br\/nemea\/wp-json\/wp\/v2\/pages\/59","targetHints":{"allow":["GET"]}}],"collection":[{"href":"https:\/\/pesquisas.face.ufmg.br\/nemea\/wp-json\/wp\/v2\/pages"}],"about":[{"href":"https:\/\/pesquisas.face.ufmg.br\/nemea\/wp-json\/wp\/v2\/types\/page"}],"author":[{"embeddable":true,"href":"https:\/\/pesquisas.face.ufmg.br\/nemea\/wp-json\/wp\/v2\/users\/15"}],"replies":[{"embeddable":true,"href":"https:\/\/pesquisas.face.ufmg.br\/nemea\/wp-json\/wp\/v2\/comments?post=59"}],"version-history":[{"count":37,"href":"https:\/\/pesquisas.face.ufmg.br\/nemea\/wp-json\/wp\/v2\/pages\/59\/revisions"}],"predecessor-version":[{"id":773,"href":"https:\/\/pesquisas.face.ufmg.br\/nemea\/wp-json\/wp\/v2\/pages\/59\/revisions\/773"}],"wp:attachment":[{"href":"https:\/\/pesquisas.face.ufmg.br\/nemea\/wp-json\/wp\/v2\/media?parent=59"}],"curies":[{"name":"wp","href":"https:\/\/api.w.org\/{rel}","templated":true}]}}