{"id":559,"date":"2019-06-21T21:48:32","date_gmt":"2019-06-22T00:48:32","guid":{"rendered":"http:\/\/pesquisas.face.ufmg.br\/nemea\/?page_id=559"},"modified":"2019-06-21T23:09:17","modified_gmt":"2019-06-22T02:09:17","slug":"equilibrio-geral-aplicado-ii","status":"publish","type":"page","link":"https:\/\/pesquisas.face.ufmg.br\/nemea\/equilibrio-geral-aplicado-ii\/","title":{"rendered":"Equil\u00edbrio Geral Aplicado II"},"content":{"rendered":"<p><span style=\"color: #d94a4a\"><strong>Professores<\/strong><\/span><\/p>\n<p>Edson\u00a0Domingues (<a href=\"http:\/\/lattes.cnpq.br\/2059703319050475\">Lattes<\/a>) <br data-rich-text-line-break=\"true\" \/>Aline Souza Magalh\u00e3es\u00a0(<a href=\"http:\/\/lattes.cnpq.br\/2334700749602128\">Lattes<\/a>) <br data-rich-text-line-break=\"true\" \/>D\u00e9bora Freire Cardoso (<a href=\"http:\/\/lattes.cnpq.br\/4775441040633035\">Lattes<\/a>)<\/p>\n<p><br data-rich-text-line-break=\"true\" \/><span style=\"color: #d94a4a\"><strong>Descri\u00e7\u00e3o<br \/>\n<\/strong><\/span><\/p>\n<p>O objetivo do curso \u00e9 prover aos alunos experiencia e conhecimento na utiliza\u00e7\u00e3o do Gempack (<strong>G<\/strong>eneral <strong>E<\/strong>quilibrium <strong>M<\/strong>odeling <strong>PACK<\/strong>age). O Gempack \u00e9 um conjunto de programas de modelagem econ\u00f4mica projetado para construir e resolver modelos de equil\u00edbrio geral comput\u00e1vel (EGC). Ele pode lidar com uma ampla gama de comportamento econ\u00f4mico e cont\u00e9m recursos poderosos para resolver modelos em est\u00e1tica comparativa, din\u00e2mica recursiva e intertemporais. O Gempack calcula solu\u00e7\u00f5es precisas de um modelo econ\u00f4mico, a partir de uma representa\u00e7\u00e3o alg\u00e9brica das equa\u00e7\u00f5es. Essas equa\u00e7\u00f5es podem ser escritas como equa\u00e7\u00f5es de n\u00edveis, equa\u00e7\u00f5es linearizadas ou uma mistura dessas duas.<\/p>\n<p>O Gempack \u00e9 reconhecido como o software mais completo para modelos aplicados de equil\u00edbrio geral em larga escala, de econ\u00f4mica reais. Ele tem ampla utiliza\u00e7\u00e3o em artigos acad\u00eamicos, teses e projetos de pesquisa, em diversos temas (vide links abaixo). O Gempack foi desenvolvido no Centre of Policy Studies (CoPS), o grupo de pesquisadores em modelos de equil\u00edbrio geral aplicado sediado na Victoria University (Melbourne, Austr\u00e1lia). O programa tem atualiza\u00e7\u00f5es e desenvolvimentos frequentes, que o mantem como ferramenta atualizada e amplia sua gama de utiliza\u00e7\u00f5es. O Cedeplar possui a licen\u00e7a mais completa do Gempack para sua utiliza\u00e7\u00e3o em seus cursos, pesquisas, teses e artigos cient\u00edficos.<\/p>\n<p>O curso possibilitar\u00e1 o conhecimento pratico para a constru\u00e7\u00e3o da base de dados de modelos EGC, partindo do caso especifico de um modelo para a economia brasileira. O aluno ter\u00e1 um entendimento completo de como as informa\u00e7\u00f5es mais recentes dispon\u00edveis para a economia brasileira (matriz de insumo-produto, tabelas de recursos e usos) s\u00e3o trabalhados para formarem a base de dados central de um modelo EGC. Na etapa final o aluno construir\u00e1 uma aplica\u00e7\u00e3o do modelo EGC para economia brasileira, com apresenta\u00e7\u00e3o e discuss\u00e3o em sala.<\/p>\n<p><strong>Programa completo (<a href=\"http:\/\/pesquisas.face.ufmg.br\/nemea\/wp-content\/uploads\/sites\/20\/2019\/06\/Programa_ECN-936.pdf\">pdf<\/a>)<\/strong><\/p>\n","protected":false},"excerpt":{"rendered":"<p>Professores Edson\u00a0Domingues (Lattes) Aline Souza Magalh\u00e3es\u00a0(Lattes) D\u00e9bora Freire Cardoso (Lattes) Descri\u00e7\u00e3o O objetivo do curso \u00e9 prover aos alunos experiencia e conhecimento na utiliza\u00e7\u00e3o do Gempack (General Equilibrium Modeling PACKage)&#8230;. <\/p>\n","protected":false},"author":15,"featured_media":0,"parent":0,"menu_order":0,"comment_status":"closed","ping_status":"closed","template":"","meta":{"_crdt_document":"","_exactmetrics_skip_tracking":false,"_exactmetrics_sitenote_active":false,"_exactmetrics_sitenote_note":"","_exactmetrics_sitenote_category":0,"footnotes":""},"class_list":["post-559","page","type-page","status-publish","hentry"],"_links":{"self":[{"href":"https:\/\/pesquisas.face.ufmg.br\/nemea\/wp-json\/wp\/v2\/pages\/559","targetHints":{"allow":["GET"]}}],"collection":[{"href":"https:\/\/pesquisas.face.ufmg.br\/nemea\/wp-json\/wp\/v2\/pages"}],"about":[{"href":"https:\/\/pesquisas.face.ufmg.br\/nemea\/wp-json\/wp\/v2\/types\/page"}],"author":[{"embeddable":true,"href":"https:\/\/pesquisas.face.ufmg.br\/nemea\/wp-json\/wp\/v2\/users\/15"}],"replies":[{"embeddable":true,"href":"https:\/\/pesquisas.face.ufmg.br\/nemea\/wp-json\/wp\/v2\/comments?post=559"}],"version-history":[{"count":5,"href":"https:\/\/pesquisas.face.ufmg.br\/nemea\/wp-json\/wp\/v2\/pages\/559\/revisions"}],"predecessor-version":[{"id":591,"href":"https:\/\/pesquisas.face.ufmg.br\/nemea\/wp-json\/wp\/v2\/pages\/559\/revisions\/591"}],"wp:attachment":[{"href":"https:\/\/pesquisas.face.ufmg.br\/nemea\/wp-json\/wp\/v2\/media?parent=559"}],"curies":[{"name":"wp","href":"https:\/\/api.w.org\/{rel}","templated":true}]}}