{"id":558,"date":"2019-06-21T21:48:32","date_gmt":"2019-06-22T00:48:32","guid":{"rendered":"http:\/\/pesquisas.face.ufmg.br\/nemea\/?page_id=558"},"modified":"2019-06-21T23:08:20","modified_gmt":"2019-06-22T02:08:20","slug":"equilibrio-geral-aplicado","status":"publish","type":"page","link":"https:\/\/pesquisas.face.ufmg.br\/nemea\/equilibrio-geral-aplicado\/","title":{"rendered":"Equil\u00edbrio Geral Aplicado"},"content":{"rendered":"<p><span style=\"color: #d94a4a\"><strong>Professores<\/strong><\/span><\/p>\n<p>Edson\u00a0Domingues (<a href=\"http:\/\/lattes.cnpq.br\/2059703319050475\">Lattes<\/a>) <br data-rich-text-line-break=\"true\" \/>Aline Souza Magalh\u00e3es\u00a0(<a href=\"http:\/\/lattes.cnpq.br\/2334700749602128\">Lattes<\/a>) <br data-rich-text-line-break=\"true\" \/>D\u00e9bora Freire Cardoso (<a href=\"http:\/\/lattes.cnpq.br\/4775441040633035\">Lattes<\/a>) <br data-rich-text-line-break=\"true\" \/><br data-rich-text-line-break=\"true\" \/><span style=\"color: #d94a4a\"><strong>Descri\u00e7\u00e3o<\/strong><\/span><\/p>\n<p>O objetivo primordial do curso \u00e9 apresentar ao aluno um instrumental aplicado de an\u00e1lise econ\u00f4mica, notadamente de modelos de simula\u00e7\u00e3o. Assim, a \u00eanfase do curso est\u00e1 na especifica\u00e7\u00e3o e implementa\u00e7\u00e3o de modelos aplicados de equil\u00edbrio geral, ou modelos de equil\u00edbrio geral comput\u00e1vel (EGC). Modelos EGC t\u00eam sido aplicados numa ampla gama de t\u00f3picos (pol\u00edticas comerciais, pol\u00edticas tribut\u00e1rias, meio-ambiente, impactos sobre pobreza e desigualdade) e para diferentes espa\u00e7os econ\u00f4micos (global, nacional, inter-regional ou regional).<\/p>\n<p>Os t\u00f3picos do curso envolvem aspectos te\u00f3ricos e de implementa\u00e7\u00e3o de modelos EGC. Estes ser\u00e3o abordados a partir de modelos documentados na literatura e dispon\u00edveis para utiliza\u00e7\u00e3o durante o curso. O curso \u00e9 conclu\u00eddo com a discuss\u00e3o da aplica\u00e7\u00e3o de modelos EGC em economia regional.<\/p>\n<p><strong>Programa completo (<a href=\"http:\/\/pesquisas.face.ufmg.br\/nemea\/wp-content\/uploads\/sites\/20\/2019\/06\/Programa_ECN979-.pdf\">pdf<\/a>)<\/strong><\/p>\n","protected":false},"excerpt":{"rendered":"<p>Professores Edson\u00a0Domingues (Lattes) Aline Souza Magalh\u00e3es\u00a0(Lattes) D\u00e9bora Freire Cardoso (Lattes) Descri\u00e7\u00e3o O objetivo primordial do curso \u00e9 apresentar ao aluno um instrumental aplicado de an\u00e1lise econ\u00f4mica, notadamente de modelos de&#8230; <\/p>\n","protected":false},"author":15,"featured_media":0,"parent":0,"menu_order":0,"comment_status":"closed","ping_status":"closed","template":"","meta":{"_crdt_document":"","_exactmetrics_skip_tracking":false,"_exactmetrics_sitenote_active":false,"_exactmetrics_sitenote_note":"","_exactmetrics_sitenote_category":0,"footnotes":""},"class_list":["post-558","page","type-page","status-publish","hentry"],"_links":{"self":[{"href":"https:\/\/pesquisas.face.ufmg.br\/nemea\/wp-json\/wp\/v2\/pages\/558","targetHints":{"allow":["GET"]}}],"collection":[{"href":"https:\/\/pesquisas.face.ufmg.br\/nemea\/wp-json\/wp\/v2\/pages"}],"about":[{"href":"https:\/\/pesquisas.face.ufmg.br\/nemea\/wp-json\/wp\/v2\/types\/page"}],"author":[{"embeddable":true,"href":"https:\/\/pesquisas.face.ufmg.br\/nemea\/wp-json\/wp\/v2\/users\/15"}],"replies":[{"embeddable":true,"href":"https:\/\/pesquisas.face.ufmg.br\/nemea\/wp-json\/wp\/v2\/comments?post=558"}],"version-history":[{"count":12,"href":"https:\/\/pesquisas.face.ufmg.br\/nemea\/wp-json\/wp\/v2\/pages\/558\/revisions"}],"predecessor-version":[{"id":590,"href":"https:\/\/pesquisas.face.ufmg.br\/nemea\/wp-json\/wp\/v2\/pages\/558\/revisions\/590"}],"wp:attachment":[{"href":"https:\/\/pesquisas.face.ufmg.br\/nemea\/wp-json\/wp\/v2\/media?parent=558"}],"curies":[{"name":"wp","href":"https:\/\/api.w.org\/{rel}","templated":true}]}}