{"id":55,"date":"2017-06-13T09:10:56","date_gmt":"2017-06-13T12:10:56","guid":{"rendered":"http:\/\/pesquisas.face.ufmg.br\/nemea\/?page_id=55"},"modified":"2017-06-15T01:39:09","modified_gmt":"2017-06-15T04:39:09","slug":"coordenadores","status":"publish","type":"page","link":"https:\/\/pesquisas.face.ufmg.br\/nemea\/coordenadores\/","title":{"rendered":"Coordenadores"},"content":{"rendered":"<h2><strong><img loading=\"lazy\" decoding=\"async\" class=\" wp-image-156 alignleft\" src=\"http:\/\/pesquisas.face.ufmg.br\/nemea\/wp-content\/uploads\/sites\/20\/2017\/06\/Edson_Domingues_ufmg-201x300.jpg\" alt=\"\" width=\"200\" height=\"299\" srcset=\"https:\/\/pesquisas.face.ufmg.br\/nemea\/wp-content\/uploads\/sites\/20\/2017\/06\/Edson_Domingues_ufmg-201x300.jpg 201w, https:\/\/pesquisas.face.ufmg.br\/nemea\/wp-content\/uploads\/sites\/20\/2017\/06\/Edson_Domingues_ufmg-768x1144.jpg 768w, https:\/\/pesquisas.face.ufmg.br\/nemea\/wp-content\/uploads\/sites\/20\/2017\/06\/Edson_Domingues_ufmg-687x1024.jpg 687w, https:\/\/pesquisas.face.ufmg.br\/nemea\/wp-content\/uploads\/sites\/20\/2017\/06\/Edson_Domingues_ufmg-500x745.jpg 500w, https:\/\/pesquisas.face.ufmg.br\/nemea\/wp-content\/uploads\/sites\/20\/2017\/06\/Edson_Domingues_ufmg.jpg 1944w\" sizes=\"auto, (max-width: 200px) 100vw, 200px\" \/>Edson Paulo Domingues<\/strong><\/h2>\n<p>Professor do Departamento de Economia da Universidade Federal de Minas Gerais<\/p>\n<p>Doutorado em Economia pela Universidade de S\u00e3o Paulo (2002)<br \/>\nMestrado em Economia de Empresas pela Funda\u00e7\u00e3o Get\u00falio Vargas &#8211; SP (1998)<br \/>\nGradua\u00e7\u00e3o em Economia pela Universidade de S\u00e3o Paulo (1995)<\/p>\n<p>Presidente da Associa\u00e7\u00e3o Brasileira de Estudos Regionais (ABER)<\/p>\n<p>Linhas de Pesquisa: Equil\u00edbrio Geral Comput\u00e1vel, Economia Regional, Economia do Meio Ambiente, Mudan\u00e7as Clim\u00e1ticas e Pol\u00edticas Comerciais e Tribut\u00e1rias.<\/p>\n<p><a href=\"http:\/\/lattes.cnpq.br\/2059703319050475\" target=\"_blank\" rel=\"noopener\">Curr\u00edculo Lattes<\/a><\/p>\n<p>&nbsp;<\/p>\n<p>&nbsp;<\/p>\n<h2><strong><img loading=\"lazy\" decoding=\"async\" class=\" wp-image-111 alignleft\" src=\"http:\/\/pesquisas.face.ufmg.br\/nemea\/wp-content\/uploads\/sites\/20\/2017\/06\/Aline-Souza-Magalh\u00e3es-216x300.jpg\" alt=\"\" width=\"200\" height=\"278\" srcset=\"https:\/\/pesquisas.face.ufmg.br\/nemea\/wp-content\/uploads\/sites\/20\/2017\/06\/Aline-Souza-Magalh\u00e3es-216x300.jpg 216w, https:\/\/pesquisas.face.ufmg.br\/nemea\/wp-content\/uploads\/sites\/20\/2017\/06\/Aline-Souza-Magalh\u00e3es-768x1066.jpg 768w, https:\/\/pesquisas.face.ufmg.br\/nemea\/wp-content\/uploads\/sites\/20\/2017\/06\/Aline-Souza-Magalh\u00e3es-738x1024.jpg 738w, https:\/\/pesquisas.face.ufmg.br\/nemea\/wp-content\/uploads\/sites\/20\/2017\/06\/Aline-Souza-Magalh\u00e3es-500x694.jpg 500w, https:\/\/pesquisas.face.ufmg.br\/nemea\/wp-content\/uploads\/sites\/20\/2017\/06\/Aline-Souza-Magalh\u00e3es.jpg 1249w\" sizes=\"auto, (max-width: 200px) 100vw, 200px\" \/>Aline Souza Magalh\u00e3es<\/strong><\/h2>\n<p>Professora do Departamento de Economia da Universidade Federal de Minas Gerais<\/p>\n<p>Doutorado em Economia pela Universidade Federal de Minas Gerais (2013)<br \/>\nMestrado em Economia pela Universidade Federal de Minas Gerais (2009)<br \/>\nGradua\u00e7\u00e3o em Ci\u00eancias Econ\u00f4micas pela Universidade Federal de Minas Gerais (2006)<\/p>\n<p>Linhas de Pesquisa:\u00a0Economia do Meio Ambiente, Economia Regional e Urbana, M\u00e9todos e Modelos Matem\u00e1ticos, Equil\u00edbrio Geral Comput\u00e1vel e Economia das Mudan\u00e7as Clim\u00e1ticas.<\/p>\n<p><a href=\"http:\/\/lattes.cnpq.br\/2334700749602128\" target=\"_blank\" rel=\"noopener\">Curr\u00edculo Lattes<\/a><\/p>\n","protected":false},"excerpt":{"rendered":"<p>Edson Paulo Domingues Professor do Departamento de Economia da Universidade Federal de Minas Gerais Doutorado em Economia pela Universidade de S\u00e3o Paulo (2002) Mestrado em Economia de Empresas pela Funda\u00e7\u00e3o&#8230; <\/p>\n","protected":false},"author":15,"featured_media":0,"parent":0,"menu_order":0,"comment_status":"closed","ping_status":"closed","template":"","meta":{"_crdt_document":"","_exactmetrics_skip_tracking":false,"_exactmetrics_sitenote_active":false,"_exactmetrics_sitenote_note":"","_exactmetrics_sitenote_category":0,"footnotes":""},"class_list":["post-55","page","type-page","status-publish","hentry"],"_links":{"self":[{"href":"https:\/\/pesquisas.face.ufmg.br\/nemea\/wp-json\/wp\/v2\/pages\/55","targetHints":{"allow":["GET"]}}],"collection":[{"href":"https:\/\/pesquisas.face.ufmg.br\/nemea\/wp-json\/wp\/v2\/pages"}],"about":[{"href":"https:\/\/pesquisas.face.ufmg.br\/nemea\/wp-json\/wp\/v2\/types\/page"}],"author":[{"embeddable":true,"href":"https:\/\/pesquisas.face.ufmg.br\/nemea\/wp-json\/wp\/v2\/users\/15"}],"replies":[{"embeddable":true,"href":"https:\/\/pesquisas.face.ufmg.br\/nemea\/wp-json\/wp\/v2\/comments?post=55"}],"version-history":[{"count":13,"href":"https:\/\/pesquisas.face.ufmg.br\/nemea\/wp-json\/wp\/v2\/pages\/55\/revisions"}],"predecessor-version":[{"id":238,"href":"https:\/\/pesquisas.face.ufmg.br\/nemea\/wp-json\/wp\/v2\/pages\/55\/revisions\/238"}],"wp:attachment":[{"href":"https:\/\/pesquisas.face.ufmg.br\/nemea\/wp-json\/wp\/v2\/media?parent=55"}],"curies":[{"name":"wp","href":"https:\/\/api.w.org\/{rel}","templated":true}]}}