{"id":466,"date":"2019-02-27T21:56:48","date_gmt":"2019-02-28T00:56:48","guid":{"rendered":"http:\/\/pesquisas.face.ufmg.br\/nemea\/?page_id=466"},"modified":"2019-02-27T22:41:54","modified_gmt":"2019-02-28T01:41:54","slug":"contato","status":"publish","type":"page","link":"https:\/\/pesquisas.face.ufmg.br\/nemea\/contato\/","title":{"rendered":"Contato"},"content":{"rendered":"<div id=\"pl-466\"  class=\"panel-layout\" ><div id=\"pg-466-0\"  class=\"panel-grid panel-no-style\" ><div id=\"pgc-466-0-0\"  class=\"panel-grid-cell\" ><div id=\"panel-466-0-0-0\" class=\"so-panel widget widget_sow-headline panel-first-child\" data-index=\"0\" ><div\n\t\t\t\n\t\t\tclass=\"so-widget-sow-headline so-widget-sow-headline-default-d1b7f4c7ca6b-466\"\n\t\t\t\n\t\t><div class=\"sow-headline-container \">\n\t<\/div>\n<\/div><\/div><div id=\"panel-466-0-0-1\" class=\"so-panel widget widget_sow-contact-form panel-last-child\" data-index=\"1\" ><div class=\"panel-widget-style panel-widget-style-for-466-0-0-1\" ><div\n\t\t\t\n\t\t\tclass=\"so-widget-sow-contact-form so-widget-sow-contact-form-default-931224669a35-466\"\n\t\t\t\n\t\t>\t<form\n\t\taction=\"\/nemea\/wp-json\/wp\/v2\/pages\/466\"\n\t\tmethod=\"POST\"\n\t\tclass=\"sow-contact-form\"\n\t\tid=\"contact-form-a9c0\"\n\t>\n\n\t\t\n\t\t\t\t\t<div class=\"sow-form-field sow-form-field-name\">\n\t\t\t\t<label class=\"sow-form-field-label-above\" for=\"sow-contact-form-field-nome-1\">\n\t\t\t\t<strong>\n\t\t\t\t\tNome\t\t\t\t\t\t\t\t\t<\/strong>\n\t\t\t<\/label>\n\t\t\t\t\t\t\t<div class=\"sow-field-container\">\n\t\t\t\t\t\t\t<input\n\t\t\ttype=\"text\"\n\t\t\tname=\"nome-1\"\n\t\t\tid=\"sow-contact-form-field-nome-1\"\n\t\t\tvalue=\"\"\n\t\t\tclass=\"sow-text-field\"\n\t\t\t\t\t\t\t\t\/>\n\t\t\t\t\t\t<\/div>\n\t\t\t\t\t\t\t<\/div>\n\t\t\t\t\t\t<div class=\"sow-form-field sow-form-field-email\">\n\t\t\t\t<label class=\"sow-form-field-label-above\" for=\"sow-contact-form-field-endereco-de-email-1\">\n\t\t\t\t<strong>\n\t\t\t\t\tEndere\u00e7o de Email\t\t\t\t\t\t\t\t\t<\/strong>\n\t\t\t<\/label>\n\t\t\t\t\t\t\t<div class=\"sow-field-container\">\n\t\t\t\t\t\t\t<input\n\t\t\ttype=\"email\"\n\t\t\tname=\"endereco-de-email-1\"\n\t\t\tid=\"sow-contact-form-field-endereco-de-email-1\"\n\t\t\tvalue=\"\"\n\t\t\tclass=\"sow-text-field\"\t\t\t\t\t\t\t\t\/>\n\t\t\t\t\t\t<\/div>\n\t\t\t\t\t\t\t<\/div>\n\t\t\t\t\t\t<div class=\"sow-form-field sow-form-field-subject\">\n\t\t\t\t<label class=\"sow-form-field-label-above\" for=\"sow-contact-form-field-assunto-1\">\n\t\t\t\t<strong>\n\t\t\t\t\tAssunto\t\t\t\t\t\t\t\t\t<\/strong>\n\t\t\t<\/label>\n\t\t\t\t\t\t\t<div class=\"sow-field-container\">\n\t\t\t\t\t\t\t<input\n\t\t\ttype=\"text\"\n\t\t\tname=\"assunto-1\"\n\t\t\tid=\"sow-contact-form-field-assunto-1\"\n\t\t\tvalue=\"\"\n\t\t\tclass=\"sow-text-field\"\n\t\t\t\t\t\t\t\t\/>\n\t\t\t\t\t\t<\/div>\n\t\t\t\t\t\t\t<\/div>\n\t\t\t\t\t\t<div class=\"sow-form-field sow-form-field-textarea\">\n\t\t\t\t<label class=\"sow-form-field-label-above\" for=\"sow-contact-form-field-mensagem-1\">\n\t\t\t\t<strong>\n\t\t\t\t\tMensagem\t\t\t\t\t\t\t\t\t<\/strong>\n\t\t\t<\/label>\n\t\t\t\t\t\t\t<div class=\"sow-field-container\">\n\t\t\t\t\t\t\t<textarea\n\t\t\tname=\"mensagem-1\"\n\t\t\tid=\"sow-contact-form-field-mensagem-1\"\n\t\t\trows=\"10\"\n\t\t\t\t\t\t\t\t><\/textarea>\n\t\t\t\t\t\t<\/div>\n\t\t\t\t\t\t\t<\/div>\n\t\t\t\n\t\t\n\t\t<div class=\"sow-submit-wrapper \n\t\tsow-submit-styled\t\t\">\n\n\t\t\t<button\n\t\t\t\ttype=\"submit\"\n\t\t\t\tclass=\"sow-submit\n\t\t\t\t\t\t\t\t\"\n\t\t\t\t\t\t\t>\n\t\t\t\tEnviar\t\t\t<\/button>\n\t\t<\/div>\n\t\t\t\t<input\n\t\t\ttype=\"hidden\"\n\t\t\tname=\"instance_hash-1\"\n\t\t\tvalue=\"a9c07dd8\"\n\t\t\/>\n\n\t\t<input type=\"hidden\" id=\"_wpnonce\" name=\"_wpnonce\" value=\"adc5a6f491\" \/><input type=\"hidden\" name=\"_wp_http_referer\" value=\"\/nemea\/wp-json\/wp\/v2\/pages\/466\" \/>\t<\/form>\n\t<\/div><\/div><\/div><\/div><div id=\"pgc-466-0-1\"  class=\"panel-grid-cell\" ><div id=\"panel-466-0-1-0\" class=\"so-panel widget widget_siteorigin-panels-builder panel-first-child panel-last-child\" data-index=\"2\" ><div id=\"pl-w5c773906653d8\"  class=\"panel-layout\" ><div id=\"pg-w5c773906653d8-0\"  class=\"panel-grid panel-no-style\" ><div id=\"pgc-w5c773906653d8-0-0\"  class=\"panel-grid-cell\" ><div id=\"panel-w5c773906653d8-0-0-0\" class=\"so-panel widget widget_text panel-first-child panel-last-child\" data-index=\"0\" >\t\t\t<div class=\"textwidget\"><p>&nbsp;<\/p>\n<p>&nbsp;<\/p>\n<p><strong>NEMEA &#8211; N\u00facleo de Estudos em Modelagem Econ\u00f4mica Ambiental e Aplicada<\/strong><\/p>\n<p>Centro de Desenvolvimento e Planejamento Regional &#8211; CEDEPLAR\/UFMG<\/p>\n<p>Faculdade de Ci\u00eancias Econ\u00f4micas &#8211; 3\u00ba Andar<\/p>\n<p>Avenida Presidente Ant\u00f4nio Carlos, 6627 &#8211; Pampulha<\/p>\n<p>CEP: 31270-901 &#8211;\u00a0Belo Horizonte, MG<\/p>\n<p>(<a title=\"veja o mapa\" href=\"http:\/\/goo.gl\/7fNsw6\" target=\"_blank\" rel=\"noopener\">Localiza\u00e7\u00e3o<\/a>)<\/p>\n<p>&nbsp;<\/p>\n<p>E-mail:\u00a0<a href=\"mailto:epdomin@cedeplar.ufmg.br\">epdomin@cedeplar.ufmg.br<\/a><\/p>\n<p>Telefone: (31) 3409-7092<\/p>\n<p>Fax: (31) 3409-7203<\/p>\n<\/div>\n\t\t<\/div><\/div><\/div><\/div><\/div><\/div><\/div><\/div>","protected":false},"excerpt":{"rendered":"<p>Nome Endere\u00e7o de Email Assunto Mensagem Enviar &nbsp; &nbsp; NEMEA &#8211; N\u00facleo de Estudos em Modelagem Econ\u00f4mica Ambiental e Aplicada Centro de Desenvolvimento e Planejamento Regional &#8211; CEDEPLAR\/UFMG Faculdade de&#8230; <\/p>\n","protected":false},"author":15,"featured_media":0,"parent":0,"menu_order":0,"comment_status":"closed","ping_status":"closed","template":"","meta":{"_crdt_document":"","_exactmetrics_skip_tracking":false,"_exactmetrics_sitenote_active":false,"_exactmetrics_sitenote_note":"","_exactmetrics_sitenote_category":0,"footnotes":""},"class_list":["post-466","page","type-page","status-publish","hentry"],"_links":{"self":[{"href":"https:\/\/pesquisas.face.ufmg.br\/nemea\/wp-json\/wp\/v2\/pages\/466","targetHints":{"allow":["GET"]}}],"collection":[{"href":"https:\/\/pesquisas.face.ufmg.br\/nemea\/wp-json\/wp\/v2\/pages"}],"about":[{"href":"https:\/\/pesquisas.face.ufmg.br\/nemea\/wp-json\/wp\/v2\/types\/page"}],"author":[{"embeddable":true,"href":"https:\/\/pesquisas.face.ufmg.br\/nemea\/wp-json\/wp\/v2\/users\/15"}],"replies":[{"embeddable":true,"href":"https:\/\/pesquisas.face.ufmg.br\/nemea\/wp-json\/wp\/v2\/comments?post=466"}],"version-history":[{"count":27,"href":"https:\/\/pesquisas.face.ufmg.br\/nemea\/wp-json\/wp\/v2\/pages\/466\/revisions"}],"predecessor-version":[{"id":502,"href":"https:\/\/pesquisas.face.ufmg.br\/nemea\/wp-json\/wp\/v2\/pages\/466\/revisions\/502"}],"wp:attachment":[{"href":"https:\/\/pesquisas.face.ufmg.br\/nemea\/wp-json\/wp\/v2\/media?parent=466"}],"curies":[{"name":"wp","href":"https:\/\/api.w.org\/{rel}","templated":true}]}}