{"id":2,"date":"2017-01-27T14:27:41","date_gmt":"2017-01-27T16:27:41","guid":{"rendered":"http:\/\/pesquisas.face.ufmg.br\/nemea\/?page_id=2"},"modified":"2017-08-01T22:51:40","modified_gmt":"2017-08-02T01:51:40","slug":"grupo","status":"publish","type":"page","link":"https:\/\/pesquisas.face.ufmg.br\/nemea\/grupo\/","title":{"rendered":"NEMEA"},"content":{"rendered":"<p>O NEMEA &#8211; N\u00facleo de Estudos em Modelagem Econ\u00f4mica e Ambiental Aplicada, do Cedeplar-UFMG, aborda o desenvolvimento de modelos econ\u00f4micos multi-disciplinares aplicados a quest\u00f5es da economia brasileira em diversos temas: meio-ambiente, recursos naturais, ocupa\u00e7\u00e3o e uso do solo; desenvolvimento econ\u00f4mico e regional; politica industrial e comercial; sa\u00fade; mercado de trabalho e desigualdade de rend<span class=\"text_exposed_show\">a. O foco s\u00e3o modelos estat\u00edsticos e de simula\u00e7\u00e3o aplicados ao entendimento da quest\u00e3o econ\u00f4mica envolvida e que contribuam para a formula\u00e7\u00e3o de pol\u00edticas publicas. O grupo \u00e9 coordenado pelos professores Edson Paulo Domingues e Aline Souza Magalh\u00e3es.<\/span><\/p>\n","protected":false},"excerpt":{"rendered":"<p>O NEMEA &#8211; N\u00facleo de Estudos em Modelagem Econ\u00f4mica e Ambiental Aplicada, do Cedeplar-UFMG, aborda o desenvolvimento de modelos econ\u00f4micos multi-disciplinares aplicados a quest\u00f5es da economia brasileira em diversos temas:&#8230; <\/p>\n","protected":false},"author":15,"featured_media":0,"parent":0,"menu_order":0,"comment_status":"closed","ping_status":"closed","template":"","meta":{"_crdt_document":"","_exactmetrics_skip_tracking":false,"_exactmetrics_sitenote_active":false,"_exactmetrics_sitenote_note":"","_exactmetrics_sitenote_category":0,"footnotes":""},"class_list":["post-2","page","type-page","status-publish","hentry"],"_links":{"self":[{"href":"https:\/\/pesquisas.face.ufmg.br\/nemea\/wp-json\/wp\/v2\/pages\/2","targetHints":{"allow":["GET"]}}],"collection":[{"href":"https:\/\/pesquisas.face.ufmg.br\/nemea\/wp-json\/wp\/v2\/pages"}],"about":[{"href":"https:\/\/pesquisas.face.ufmg.br\/nemea\/wp-json\/wp\/v2\/types\/page"}],"author":[{"embeddable":true,"href":"https:\/\/pesquisas.face.ufmg.br\/nemea\/wp-json\/wp\/v2\/users\/15"}],"replies":[{"embeddable":true,"href":"https:\/\/pesquisas.face.ufmg.br\/nemea\/wp-json\/wp\/v2\/comments?post=2"}],"version-history":[{"count":3,"href":"https:\/\/pesquisas.face.ufmg.br\/nemea\/wp-json\/wp\/v2\/pages\/2\/revisions"}],"predecessor-version":[{"id":322,"href":"https:\/\/pesquisas.face.ufmg.br\/nemea\/wp-json\/wp\/v2\/pages\/2\/revisions\/322"}],"wp:attachment":[{"href":"https:\/\/pesquisas.face.ufmg.br\/nemea\/wp-json\/wp\/v2\/media?parent=2"}],"curies":[{"name":"wp","href":"https:\/\/api.w.org\/{rel}","templated":true}]}}