{"id":199,"date":"2017-06-14T11:42:25","date_gmt":"2017-06-14T14:42:25","guid":{"rendered":"http:\/\/pesquisas.face.ufmg.br\/nemea\/?page_id=199"},"modified":"2021-02-24T20:52:24","modified_gmt":"2021-02-24T23:52:24","slug":"teses","status":"publish","type":"page","link":"https:\/\/pesquisas.face.ufmg.br\/nemea\/teses\/","title":{"rendered":"Teses"},"content":{"rendered":"<h1><\/h1>\n<h1>2021<\/h1>\n<ul>\n<li class=\"pd-title\"><strong><a href=\"https:\/\/repositorio.ufmg.br\/handle\/1843\/33870\"><span style=\"color: #cc4949\">Mudan\u00e7as clim\u00e1ticas e agricultura no Brasil: impactos econ\u00f4micos regionais e por cultivo familiar e patronal.<\/span><\/a><br \/>\n<\/strong>Tarik Marques do Prado Tanure (<a href=\"http:\/\/lattes.cnpq.br\/0541484900314597\">Lattes<\/a>)<\/li>\n<li class=\"pd-title\"><strong><span style=\"color: #cc4949\">Cr\u00e9dito e produtividade rural no Brasil: uma an\u00e1lise por bioma e por setores familiares e patronais.<\/span><br \/>\n<\/strong>Rafael Faria de Abreu Campos (<a href=\"http:\/\/buscatextual.cnpq.br\/buscatextual\/visualizacv.do?metodo=apresentar&amp;id=K4332770H3\">Lattes<\/a>)<\/li>\n<\/ul>\n<h1><\/h1>\n<h1>2019<\/h1>\n<ul>\n<li class=\"pd-title\"><strong><span style=\"color: #cc4949\">Explora\u00e7\u00e3o de Recursos Naturais e Desigualdades Regionais no Brasil: uma aplica\u00e7\u00e3o de Modelo de Equil\u00edbrio Geral Comput\u00e1vel (EGC)<\/span><br \/>\n<\/strong>Celso Bissoli Sessa (<a href=\"http:\/\/lattes.cnpq.br\/2412019938676749\">Lattes<\/a>)<\/li>\n<\/ul>\n<h1><\/h1>\n<h1>2016<\/h1>\n<ul>\n<li class=\"pd-title\"><strong><a href=\"http:\/\/www.cedeplar.ufmg.br\/teses-e-dissertacoes\/economia\/teses\/category\/93-2016?download=345:capital-e-trabalho-no-brasil-no-seculo-xxi-o-impacto-de-politicas-de-transferencia-e-de-tributacao-sobre-desigualdade-consumo-e-estrutura-produtiva-debora-freire-cardoso\" target=\"_blank\" rel=\"noopener\">Capital e Trabalho no Brasil no S\u00e9culo XXI: o impacto de pol\u00edticas de transfer\u00eancia e de tributa\u00e7\u00e3o sobre desigualdade, consumo e estrutura produtiva<\/a><br \/>\n<\/strong>D\u00e9bora Freire Cardoso (<a href=\"http:\/\/lattes.cnpq.br\/4775441040633035\">Lattes<\/a>)<\/li>\n<li><strong><a href=\"https:\/\/www.cedeplar.ufmg.br\/teses-e-dissertacoes\/economia\/teses\/category\/93-2016?download=347:extremo-sul-da-bahia-caracterizacao-socioeconomica-e-os-impactos-da-expansao-do-setor-de-base-florestal-marcelino-serretti-leonel\" target=\"_blank\" rel=\"noopener\">Extremo sul da Bahia: caracteriza\u00e7\u00e3o socioecon\u00f4mica e os Impactos da expans\u00e3o do setor de base florestal<\/a><br \/>\n<\/strong>Marcelino Serretti Leonel (<a href=\"http:\/\/lattes.cnpq.br\/1543099536687790\">Lattes<\/a>)<\/li>\n<\/ul>\n<h1><\/h1>\n<h1>2015<\/h1>\n<ul>\n<li><strong><a href=\"http:\/\/www.cedeplar.ufmg.br\/teses-e-dissertacoes\/economia\/teses\/category\/92-2015?download=357:impactos-economicos-da-participacao-da-mulher-no-mercado-de-trabalho-brasileiro-uma-analise-de-equilibrio-geral-kenia-barreiro-de-souza\" target=\"_blank\" rel=\"noopener\">Impactos Econ\u00f4micos da Participa\u00e7\u00e3o da Mulher no Mercado de Trabalho Brasileiro: uma an\u00e1lise de Equil\u00edbrio Geral<\/a><br \/>\n<\/strong>K\u00eania Barreiro de Souza (<a href=\"http:\/\/lattes.cnpq.br\/2406392719606937\">Lattes<\/a>)<\/li>\n<li><strong><a href=\"http:\/\/www.cedeplar.ufmg.br\/teses-e-dissertacoes\/economia\/teses\/category\/92-2015?download=358:investimentos-estruturantes-e-desigualdades-regionais-na-regiao-nordeste-luiz-carlos-de-santana-ribeiro\" target=\"_blank\" rel=\"noopener\">Investimentos Estruturantes e Desigualdades Regionais na Regi\u00e3o Nordeste<\/a><br \/>\n<\/strong>Luiz Carlos de Santana Ribeiro (<a href=\"http:\/\/lattes.cnpq.br\/6813148558566741\">Lattes<\/a>)<\/li>\n<\/ul>\n<h1><\/h1>\n<h1>2014<\/h1>\n<ul>\n<li><strong><a href=\"http:\/\/www.cedeplar.ufmg.br\/teses-e-dissertacoes\/economia\/teses\/category\/91-2014?download=373:uso-do-solo-e-desmatamento-nas-regioes-da-amazonia-legal-brasileira-condicionantes-economicos-e-impactos-de-politicas-publicas-terciane-sabadini-carvalho\" target=\"_blank\" rel=\"noopener\">Uso do Solo e Desmatamento nas Regi\u00f5es da Amaz\u00f4nia Legal Brasileira: condicionantes econ\u00f4micos e impactos de pol\u00edticas p\u00fablicas<\/a><\/strong><br \/>\nTerciane Sabadini Carvalho (<a href=\"http:\/\/lattes.cnpq.br\/2333683888397456\">Lattes<\/a>)<\/li>\n<li><strong><a href=\"http:\/\/www.cedeplar.ufmg.br\/teses-e-dissertacoes\/economia\/teses\/category\/91-2014?download=586:projecoes-dos-impactos-economicos-decorrentes-das-mudancas-demograficas-no-brasil-para-o-periodo-de-2010-a-2050-flaviane-souza-santiago\" target=\"_blank\" rel=\"noopener\">Proje\u00e7\u00f5es dos Impactos Econ\u00f4micos Decorrentes das Mudan\u00e7as Demogr\u00e1ficas no Brasil para o Per\u00edodo de 2010 a 2050<\/a><\/strong><br \/>\nFlaviane Souza Santiago (<a href=\"http:\/\/lattes.cnpq.br\/0034437648716463\">Lattes<\/a>)<\/li>\n<\/ul>\n<h1><\/h1>\n<h1>2013<\/h1>\n<ul>\n<li><strong><a href=\"http:\/\/www.cedeplar.ufmg.br\/teses-e-dissertacoes\/economia\/teses\/category\/90-2013?download=377:um-modelo-de-equilibrio-geral-com-retornos-crescentes-de-escala-mercados-imperfeitos-e-barreiras-a-entrada-aplicacoes-para-setores-regulados-de-transporte-no-brasil-admir-antonio-betarelli-junior\" target=\"_blank\" rel=\"noopener\">Um Modelo de Equil\u00edbrio Geral com Retornos Crescentes de Escala, Mercados Imperfeitos e Barreiras \u00e0 Entrada: aplica\u00e7\u00f5es para setores regulados de transporte no Brasil<\/a><\/strong><br \/>\nAdmir Antonio Betarelli Junior (<a href=\"http:\/\/lattes.cnpq.br\/3620301469610793\">Lattes<\/a>)<\/li>\n<li><strong><a href=\"http:\/\/www.cedeplar.ufmg.br\/teses-e-dissertacoes\/economia\/teses\/category\/90-2013?download=378:economia-de-baixo-carbono-no-brasil-alternativas-de-politicas-e-custos-de-reducao-de-emissoes-de-gases-de-efeito-estufa-aline-souza-magalhaes\" target=\"_blank\" rel=\"noopener\">Economia de baixo carbono no Brasil: alternativas de pol\u00edticas e custos de redu\u00e7\u00e3o de emiss\u00f5es de gases de efeito estufa<\/a><\/strong><br \/>\nAline Souza Magalh\u00e3es\u00a0(<a href=\"http:\/\/lattes.cnpq.br\/2334700749602128\">Lattes<\/a>)<\/li>\n<li><strong><a href=\"http:\/\/www.cedeplar.ufmg.br\/teses-e-dissertacoes\/economia\/teses\/category\/90-2013?download=383:efeitos-economicos-da-expansao-da-oferta-de-petroleo-e-gas-natural-provenientes-do-pre-sal-brasileiro-leonardo-marcos-valladares\" target=\"_blank\" rel=\"noopener\">Efeitos Econ\u00f4micos da Expans\u00e3o da Oferta de Petr\u00f3leo e G\u00e1s Natural Provenientes do Pr\u00e9-Sal Brasileiro<\/a><\/strong><br \/>\nLeonardo Marcos Valladares (<a href=\"http:\/\/lattes.cnpq.br\/4143652491227736\">Lattes<\/a>)<\/li>\n<li><strong><a href=\"https:\/\/www.cedeplar.ufmg.br\/component\/phocadownload\/category\/90-2013?download=786:mudancas-estruturais-e-impactos-regionais-na-economia-brasileira-2003-2008-simulacoes-historicas-em-equilibrio-geral-computavel\" target=\"_blank\" rel=\"noopener\">Mudan\u00e7as estruturais e impactos regionais na economia brasileira 2003-2008: Simula\u00e7\u00f5es Hist\u00f3ricas em Equil\u00edbrio Geral Comput\u00e1vel<\/a><\/strong><br \/>\nHeder Carlos de Oliveira (<a href=\"http:\/\/lattes.cnpq.br\/5601625164045186\">Lattes<\/a>)<\/li>\n<\/ul>\n<h1><\/h1>\n<h1>2010<\/h1>\n<ul>\n<li><strong><a href=\"https:\/\/www.cedeplar.ufmg.br\/teses-e-dissertacoes\/economia\/teses\/category\/87-2010?download=399:atividade-turistica-e-desenvolvimento-economico-na-regiao-nordeste-do-brasil-francisca-diana-ferreira-viana\" target=\"_blank\" rel=\"noopener\">Atividade Tur\u00edstica e Desenvolvimento Econ\u00f4mico na Regi\u00e3o Nordeste do Brasil<\/a><\/strong><br \/>\nFrancisca Diana Ferreira Viana (<a href=\"http:\/\/lattes.cnpq.br\/2457355772474930\">Lattes<\/a>)<\/li>\n<\/ul>\n<h1><\/h1>\n<h1>2009<\/h1>\n<ul>\n<li><strong><a href=\"https:\/\/www.cedeplar.ufmg.br\/teses-e-dissertacoes\/economia\/teses\/category\/86-2009?download=992:carlos-eduardo-da-gama-torres\" target=\"_blank\" rel=\"noopener\">Transportes e desenvolvimento regional: uma an\u00e1lise de equil\u00edbrio geral comput\u00e1vel sobre os impactos na melhoria da infra-estrutura de transporte rodovi\u00e1rio em Minas Gerais<\/a><\/strong><br \/>\nCarlos Eduardo da Gama Torres (<a href=\"http:\/\/lattes.cnpq.br\/4036708418054112\">Lattes<\/a>)<\/li>\n<\/ul>\n","protected":false},"excerpt":{"rendered":"<p>2021 Mudan\u00e7as clim\u00e1ticas e agricultura no Brasil: impactos econ\u00f4micos regionais e por cultivo familiar e patronal. Tarik Marques do Prado Tanure (Lattes) Cr\u00e9dito e produtividade rural no Brasil: uma an\u00e1lise&#8230; <\/p>\n","protected":false},"author":15,"featured_media":0,"parent":0,"menu_order":0,"comment_status":"closed","ping_status":"closed","template":"","meta":{"_crdt_document":"","_exactmetrics_skip_tracking":false,"_exactmetrics_sitenote_active":false,"_exactmetrics_sitenote_note":"","_exactmetrics_sitenote_category":0,"footnotes":""},"class_list":["post-199","page","type-page","status-publish","hentry"],"_links":{"self":[{"href":"https:\/\/pesquisas.face.ufmg.br\/nemea\/wp-json\/wp\/v2\/pages\/199","targetHints":{"allow":["GET"]}}],"collection":[{"href":"https:\/\/pesquisas.face.ufmg.br\/nemea\/wp-json\/wp\/v2\/pages"}],"about":[{"href":"https:\/\/pesquisas.face.ufmg.br\/nemea\/wp-json\/wp\/v2\/types\/page"}],"author":[{"embeddable":true,"href":"https:\/\/pesquisas.face.ufmg.br\/nemea\/wp-json\/wp\/v2\/users\/15"}],"replies":[{"embeddable":true,"href":"https:\/\/pesquisas.face.ufmg.br\/nemea\/wp-json\/wp\/v2\/comments?post=199"}],"version-history":[{"count":14,"href":"https:\/\/pesquisas.face.ufmg.br\/nemea\/wp-json\/wp\/v2\/pages\/199\/revisions"}],"predecessor-version":[{"id":713,"href":"https:\/\/pesquisas.face.ufmg.br\/nemea\/wp-json\/wp\/v2\/pages\/199\/revisions\/713"}],"wp:attachment":[{"href":"https:\/\/pesquisas.face.ufmg.br\/nemea\/wp-json\/wp\/v2\/media?parent=199"}],"curies":[{"name":"wp","href":"https:\/\/api.w.org\/{rel}","templated":true}]}}