{"id":197,"date":"2017-06-14T11:19:02","date_gmt":"2017-06-14T14:19:02","guid":{"rendered":"http:\/\/pesquisas.face.ufmg.br\/nemea\/?page_id=197"},"modified":"2019-03-02T01:21:19","modified_gmt":"2019-03-02T04:21:19","slug":"dissertacoes","status":"publish","type":"page","link":"https:\/\/pesquisas.face.ufmg.br\/nemea\/dissertacoes\/","title":{"rendered":"Disserta\u00e7\u00f5es"},"content":{"rendered":"<h1>2019<\/h1>\n<ul>\n<li class=\"pd-title\"><strong><span style=\"color: #cc4949\">Impactos da austeridade fiscal no Brasil<\/span><br \/>\n<\/strong>Guilherme Silva Cardoso (<a href=\"http:\/\/lattes.cnpq.br\/8205601137142589\">Lattes<\/a>)<\/li>\n<\/ul>\n<h1><\/h1>\n<h1>2018<\/h1>\n<ul>\n<li class=\"pd-title\"><strong><a href=\"https:\/\/www.cedeplar.ufmg.br\/en\/component\/phocadownload\/category\/121-2018?download=847:diego-miyajima\" target=\"_blank\" rel=\"noopener noreferrer\">Cen\u00e1rio de mudan\u00e7as clim\u00e1ticas, efeitos sobre a produtividade agr\u00edcola e seus impactos econ\u00f4micos nas regi\u00f5es da Amaz\u00f4nia Legal Brasileira<\/a><br \/>\n<\/strong>Diego Nobuhiko Miyajima (<a href=\"http:\/\/lattes.cnpq.br\/3817304115193682\">Lattes<\/a>)<\/li>\n<\/ul>\n<h1><\/h1>\n<h1>2016<\/h1>\n<ul>\n<li class=\"pd-title\"><strong><a href=\"https:\/\/cedeplar.ufmg.br\/teses-e-dissertacoes\/economia\/dissertacoes\/category\/81-2017?download=738:projecao-dos-impactos-economicos-regionais-do-desastre-minerario-de-mariana-mg\" target=\"_blank\" rel=\"noopener noreferrer\">Avalia\u00e7\u00e3o dos Impactos econ\u00f4micos do desastre miner\u00e1rio de Mariana-MG<\/a><br \/>\n<\/strong>Thiago Cavalcante Simonato (<a href=\"http:\/\/lattes.cnpq.br\/5194357485744008\">Lattes<\/a>)<\/li>\n<li><strong><a href=\"http:\/\/www.bibliotecadigital.ufmg.br\/dspace\/bitstream\/handle\/1843\/FACE-ANHJMZ\/disserta__o_vers_o_final_micaelemartinsdecarvalho.pdf?sequence=1\" target=\"_blank\" rel=\"noopener noreferrer\">Energia solar fotovoltaica e seus impactos econ\u00f4micos em Minas Gerais<\/a><br \/>\n<\/strong>Micaele Martins Carvalho (<a href=\"http:\/\/lattes.cnpq.br\/4701018309893636\">Lattes<\/a>)<\/li>\n<\/ul>\n<h1><\/h1>\n<h1>2011<\/h1>\n<ul>\n<li><strong><a href=\"http:\/\/www.bibliotecadigital.ufmg.br\/dspace\/bitstream\/handle\/1843\/AMSA-8PBJBJ\/danielle_pinto_costa_vieira_28_08_2011.pdf?sequence=1\" target=\"_blank\" rel=\"noopener noreferrer\">An\u00e1lise econ\u00f4mica regional de projetos de infraestrutura rodovi\u00e1ria no Brasil<\/a><\/strong><br \/>\nDanielle Pinto Costa Vieira (<a href=\"http:\/\/lattes.cnpq.br\/8812769614141235\">Lattes<\/a>)<\/li>\n<\/ul>\n<h1><\/h1>\n<h1>2010<\/h1>\n<ul>\n<li><strong><a href=\"http:\/\/www.bibliotecadigital.ufmg.br\/dspace\/bitstream\/handle\/1843\/BUOS-8G3HGW\/disserta__o_julio_yukio_shimizu.pdf?sequence=1\" target=\"_blank\" rel=\"noopener noreferrer\">Proje\u00e7\u00e3o de impactos econ\u00f4micos do Programa Minha Casa, Minha Vida: Uma abordagem de Equil\u00edbrio Geral Comput\u00e1vel<\/a><\/strong><br \/>\nJulio Yukio Shimizu (<a href=\"http:\/\/lattes.cnpq.br\/9746441797588520\">Lattes<\/a>)<\/li>\n<\/ul>\n<h1><\/h1>\n<h1>2009<\/h1>\n<ul>\n<li><strong><a href=\"https:\/\/www.cedeplar.ufmg.br\/en\/component\/phocadownload\/category\/73-economia-dissertacoes-2009?download=981:weslem-rodrigues-faria\" target=\"_blank\" rel=\"noopener noreferrer\">Efeitos regionais de investimentos em infra-estrutura de transporte rodovi\u00e1rio<\/a><\/strong><br \/>\nWeslem Rodrigues Faria (<a href=\"http:\/\/lattes.cnpq.br\/4105225659516241\">Lattes<\/a>)<\/li>\n<li><strong><a href=\"https:\/\/www.cedeplar.ufmg.br\/en\/component\/phocadownload\/category\/73-economia-dissertacoes-2009?download=973:aline-souza-magalhaes\" target=\"_blank\" rel=\"noopener noreferrer\">O com\u00e9rcio por vias internas e seu papel sobre crescimento e desigualdade regional no Brasil<\/a><\/strong><br \/>\nAline Souza Magalh\u00e3es (<a href=\"http:\/\/lattes.cnpq.br\/2334700749602128\">Lattes<\/a>)<\/li>\n<\/ul>\n<h1><\/h1>\n<h1>2007<\/h1>\n<ul>\n<li><strong><a href=\"https:\/\/www.cedeplar.ufmg.br\/en\/component\/phocadownload\/category\/71-economia-dissertacoes-2007?download=955:elydia-mariana-goncalves-da-silva\" target=\"_blank\" rel=\"noopener noreferrer\">Cadeias Produtivas e Complexos Industriais da Economia Fluminense<\/a><\/strong><br \/>\nElydia Mariana Gon\u00e7alves da Silva (<a href=\"http:\/\/lattes.cnpq.br\/8510772049317941\">Lattes<\/a>)<\/li>\n<li><strong><a href=\"https:\/\/www.cedeplar.ufmg.br\/en\/component\/phocadownload\/category\/71-economia-dissertacoes-2007?download=962:rubens-augusto-de-miranda\" target=\"_blank\" rel=\"noopener noreferrer\">Jornada ao trabalho e escolhas residenciais: teoria e evid\u00eancia para a regi\u00e3o metropolitana de Belo Horizonte<\/a><\/strong><br \/>\nRubens Augusto de Miranda (<a href=\"http:\/\/lattes.cnpq.br\/1832902365064056\">Lattes<\/a>)<\/li>\n<\/ul>\n<h1><\/h1>\n<h1>2005<\/h1>\n<ul>\n<li><strong><a href=\"http:\/\/www.bibliotecadigital.ufmg.br\/dspace\/bitstream\/handle\/1843\/AMSA-7PFKLC\/disserta__o_heder_carlos_de_oliveira_2005.pdf?sequence=1\" target=\"_blank\" rel=\"noopener noreferrer\">Desigualdade Regional e os Fundos Constitucionais de Financiamento no Brasil<\/a><\/strong><br \/>\nHeder Carlos de Oliveira (<a href=\"http:\/\/lattes.cnpq.br\/5601625164045186\">Lattes<\/a>)<\/li>\n<\/ul>\n","protected":false},"excerpt":{"rendered":"<p>2019 Impactos da austeridade fiscal no Brasil Guilherme Silva Cardoso (Lattes) 2018 Cen\u00e1rio de mudan\u00e7as clim\u00e1ticas, efeitos sobre a produtividade agr\u00edcola e seus impactos econ\u00f4micos nas regi\u00f5es da Amaz\u00f4nia Legal&#8230; <\/p>\n","protected":false},"author":15,"featured_media":0,"parent":0,"menu_order":0,"comment_status":"closed","ping_status":"closed","template":"","meta":{"_crdt_document":"","_exactmetrics_skip_tracking":false,"_exactmetrics_sitenote_active":false,"_exactmetrics_sitenote_note":"","_exactmetrics_sitenote_category":0,"footnotes":""},"class_list":["post-197","page","type-page","status-publish","hentry"],"_links":{"self":[{"href":"https:\/\/pesquisas.face.ufmg.br\/nemea\/wp-json\/wp\/v2\/pages\/197","targetHints":{"allow":["GET"]}}],"collection":[{"href":"https:\/\/pesquisas.face.ufmg.br\/nemea\/wp-json\/wp\/v2\/pages"}],"about":[{"href":"https:\/\/pesquisas.face.ufmg.br\/nemea\/wp-json\/wp\/v2\/types\/page"}],"author":[{"embeddable":true,"href":"https:\/\/pesquisas.face.ufmg.br\/nemea\/wp-json\/wp\/v2\/users\/15"}],"replies":[{"embeddable":true,"href":"https:\/\/pesquisas.face.ufmg.br\/nemea\/wp-json\/wp\/v2\/comments?post=197"}],"version-history":[{"count":15,"href":"https:\/\/pesquisas.face.ufmg.br\/nemea\/wp-json\/wp\/v2\/pages\/197\/revisions"}],"predecessor-version":[{"id":532,"href":"https:\/\/pesquisas.face.ufmg.br\/nemea\/wp-json\/wp\/v2\/pages\/197\/revisions\/532"}],"wp:attachment":[{"href":"https:\/\/pesquisas.face.ufmg.br\/nemea\/wp-json\/wp\/v2\/media?parent=197"}],"curies":[{"name":"wp","href":"https:\/\/api.w.org\/{rel}","templated":true}]}}