{"id":135,"date":"2017-06-14T01:02:08","date_gmt":"2017-06-14T04:02:08","guid":{"rendered":"http:\/\/pesquisas.face.ufmg.br\/nemea\/?page_id=135"},"modified":"2019-02-27T22:12:45","modified_gmt":"2019-02-28T01:12:45","slug":"textos-para-discussao","status":"publish","type":"page","link":"https:\/\/pesquisas.face.ufmg.br\/nemea\/textos-para-discussao\/","title":{"rendered":"Textos para Discuss\u00e3o"},"content":{"rendered":"<h1><strong>2019<\/strong><\/h1>\n<ul>\n<li><strong><a href=\"http:\/\/www.cedeplar.ufmg.br\/pesquisas\/td\/TD%20595.pdf\" target=\"_blank\" rel=\"noopener noreferrer\">Economic impacts of the Vale-Cultura (Culture Voucher): A Computable General Equilibrium Model<\/a><\/strong><br \/>\nGustavo Fernandes Souza (<a href=\"http:\/\/lattes.cnpq.br\/8496316548511373\">Lattes<\/a>),\u00a0Ana Fl\u00e1via Machado\u00a0(<a href=\"http:\/\/lattes.cnpq.br\/9625562877284120\">Lattes<\/a>), Edson Paulo Domingues (<a href=\"http:\/\/lattes.cnpq.br\/5194357485744008\">Lattes<\/a>)<\/li>\n<\/ul>\n<h1><\/h1>\n<h1><strong>2018<\/strong><\/h1>\n<ul>\n<li><strong><a href=\"http:\/\/www.cedeplar.ufmg.br\/pesquisas\/td\/TD%20586.pdf\" target=\"_blank\" rel=\"noopener noreferrer\">Proje\u00e7\u00e3o dos Impactos Econ\u00f4micos Regionais do Desastre de Mariana-MG<\/a><\/strong><br \/>\nThiago Simonato (<a href=\"http:\/\/lattes.cnpq.br\/5194357485744008\">Lattes<\/a>), Edson Domingues (<a href=\"http:\/\/lattes.cnpq.br\/2059703319050475\">Lattes<\/a>), Aline Souza Magalh\u00e3es\u00a0(<a href=\"http:\/\/lattes.cnpq.br\/2334700749602128\">Lattes<\/a>)<\/li>\n<li><strong><a href=\"http:\/\/www.cedeplar.ufmg.br\/pesquisas\/td\/TD%20578.pdf\" target=\"_blank\" rel=\"noopener noreferrer\">Dissemina\u00e7\u00e3o de Informa\u00e7\u00f5es em Sistemas Socioecol\u00f3gicos: An\u00e1lise de um Modelo H\u00edbrido de Din\u00e2mica de Sistemas e Modelagem Baseada em Agentes<\/a><\/strong><br \/>\nRafael Faria de Abreu Campos (<a href=\"http:\/\/lattes.cnpq.br\/5407436872880213\">Lattes<\/a>),\u00a0D\u00eanis Ant\u00f4nio da Cunha (<a href=\"http:\/\/lattes.cnpq.br\/1033658951252242\">Lattes<\/a>),\u00a0Newton Paulo Bueno (<a href=\"http:\/\/lattes.cnpq.br\/8604220341604538\">Lattes<\/a>)<\/li>\n<\/ul>\n<h1><\/h1>\n<h1><strong>2017<\/strong><\/h1>\n<ul>\n<li><strong><a href=\"http:\/\/www.cedeplar.ufmg.br\/pesquisas\/td\/TD%20557.pdf\" target=\"_blank\" rel=\"noopener\">Assimetrias na Tributa\u00e7\u00e3o da Renda do Trabalho e do Capital: Impactos de Modifica\u00e7\u00f5es na Estrutura de Tributa\u00e7\u00e3o da Renda de Pessoa\u00a0F\u00edsica no Brasil<\/a><\/strong><br \/>\nD\u00e9bora Freire Cardoso (<a href=\"http:\/\/lattes.cnpq.br\/4775441040633035\">Lattes<\/a>), Edson Paulo Domingues (<a href=\"http:\/\/lattes.cnpq.br\/2059703319050475\">Lattes<\/a>) e\u00a0Gustavo Britto (<a href=\"http:\/\/lattes.cnpq.br\/5668137663316742\">Lattes<\/a>)<\/li>\n<li><strong><a href=\"http:\/\/www.cedeplar.ufmg.br\/pesquisas\/td\/TD%20556.pdf\" target=\"_blank\" rel=\"noopener\">Impactos Estruturais do Programa Bolsa Fam\u00edlia na Din\u00e2mica Recente da Economia Brasileira<\/a><br \/>\n<\/strong>D\u00e9bora Freire Cardoso (<a href=\"http:\/\/lattes.cnpq.br\/4775441040633035\">Lattes<\/a>), Edson Paulo Domingues (<a href=\"http:\/\/lattes.cnpq.br\/2059703319050475\">Lattes<\/a>) e\u00a0Gustavo Britto (<a href=\"http:\/\/lattes.cnpq.br\/5668137663316742\">Lattes<\/a>)<\/li>\n<li><strong><a href=\"http:\/\/www.cedeplar.ufmg.br\/pesquisas\/td\/TD%20551.pdf\" target=\"_blank\" rel=\"noopener\">O ciclo das commodities e crescimento regional desigual no Brasil: uma aplica\u00e7\u00e3o de equil\u00edbrio geral comput\u00e1vel (EGC)<\/a><br \/>\n<\/strong>Celso Bissoli Sessa (<a href=\"http:\/\/lattes.cnpq.br\/2412019938676749\">Lattes<\/a>), Thiago Cavalcante Simonato (<a href=\"http:\/\/lattes.cnpq.br\/5194357485744008\">Lattes<\/a>), Edson Paulo Domingues (<a href=\"http:\/\/lattes.cnpq.br\/2059703319050475\">Lattes<\/a>)<\/li>\n<\/ul>\n<h1><\/h1>\n<h1><strong>2016<\/strong><\/h1>\n<ul>\n<li><strong><a href=\"http:\/\/www.cedeplar.ufmg.br\/pesquisas\/td\/TD%20532.pdf\" target=\"_blank\" rel=\"noopener\">Matrizes de dist\u00e2ncias entre os distritos municipais no Brasil: um procedimento metodol\u00f3gico<\/a><br \/>\n<\/strong>Lucas Resende de Carvalho (<a href=\"http:\/\/lattes.cnpq.br\/5929119757187290\">Lattes<\/a>), Admir Antonio Betarelli Junior (<a href=\"http:\/\/lattes.cnpq.br\/3620301469610793\">Lattes<\/a>), Pedro Vasconcelos Maia do Amaral (<a href=\"http:\/\/lattes.cnpq.br\/9862252313257052\">Lattes<\/a>), Edson Paulo Domingues\u00a0(<a href=\"http:\/\/lattes.cnpq.br\/2059703319050475\">Lattes<\/a>)<\/li>\n<\/ul>\n<h1><\/h1>\n<h1><strong>2015<\/strong><\/h1>\n<ul>\n<li><strong><a href=\"http:\/\/www.cedeplar.ufmg.br\/pesquisas\/td\/TD%20529.pdf\" target=\"_blank\" rel=\"noopener\">Custo econ\u00f4mico da energia em Minas Gerais: impacto das eleva\u00e7\u00f5es de tarifas entre 2011 e 2015<\/a><br \/>\n<\/strong>K\u00eania Barreiro de Souza (<a href=\"http:\/\/lattes.cnpq.br\/2406392719606937\">Lattes<\/a>), Edson Paulo Domingues (<a href=\"http:\/\/lattes.cnpq.br\/2059703319050475\">Lattes<\/a>), Aline Souza Magalh\u00e3es\u00a0(<a href=\"http:\/\/lattes.cnpq.br\/2334700749602128\">Lattes<\/a>), Terciane Sabadini Carvalho (<a href=\"http:\/\/lattes.cnpq.br\/2333683888397456\">Lattes<\/a>)<\/li>\n<li><strong><a href=\"http:\/\/www.cedeplar.ufmg.br\/pesquisas\/td\/TD%20528.pdf\" target=\"_blank\" rel=\"noopener\">Quanto vale a \u00e1gua que usamos? Proje\u00e7\u00f5es dos impactos econ\u00f4micos de restri\u00e7\u00f5es ao uso e eleva\u00e7\u00e3o de pre\u00e7os da \u00e1gua na regi\u00e3o metropolitana de Belo Horizonte<\/a><br \/>\n<\/strong>Aline Souza Magalh\u00e3es\u00a0(<a href=\"http:\/\/lattes.cnpq.br\/2334700749602128\">Lattes<\/a>), Terciane Sabadini Carvalho (<a href=\"http:\/\/lattes.cnpq.br\/2333683888397456\">Lattes<\/a>), K\u00eania Barreiro de Souza (<a href=\"http:\/\/lattes.cnpq.br\/2406392719606937\">Lattes<\/a>), Edson Paulo Domingues\u00a0(<a href=\"http:\/\/lattes.cnpq.br\/2059703319050475\">Lattes<\/a>)<\/li>\n<\/ul>\n<h1><\/h1>\n<h1><strong>2013<\/strong><\/h1>\n<ul>\n<li><strong><a href=\"http:\/\/www.cedeplar.ufmg.br\/pesquisas\/td\/TD%20496.pdf\" target=\"_blank\" rel=\"noopener\">Impactos econ\u00f4micos da recente pol\u00edtica de revis\u00e3o tarif\u00e1ria do setor ferrovi\u00e1rio de carga no Brasil (2013-2025)<\/a><br \/>\n<\/strong>Admir Antonio Betarelli Junior (<a href=\"http:\/\/lattes.cnpq.br\/3620301469610793\">Lattes<\/a>) e Edson Domingues\u00a0(<a href=\"http:\/\/lattes.cnpq.br\/2059703319050475\">Lattes<\/a>)<\/li>\n<li><strong><a href=\"http:\/\/www.cedeplar.ufmg.br\/pesquisas\/td\/TD%20495.pdf\" target=\"_blank\" rel=\"noopener\">A din\u00e2mica do emprego na industrial brasileira: comportamento recente (2006-2010) e o efeito de restri\u00e7\u00f5es de m\u00e3o-de-obra especializada<\/a><br \/>\n<\/strong>Edson Domingues (<a href=\"http:\/\/lattes.cnpq.br\/2059703319050475\">Lattes<\/a>), Admir Antonio Betarelli Junior (<a href=\"http:\/\/lattes.cnpq.br\/3620301469610793\">Lattes<\/a>), Aline Souza Magalh\u00e3es\u00a0(<a href=\"http:\/\/lattes.cnpq.br\/2334700749602128\">Lattes<\/a>), D\u00e9bora Freire Cardoso (<a href=\"http:\/\/lattes.cnpq.br\/4775441040633035\">Lattes<\/a>), Flaviane Souza Santiago (<a href=\"http:\/\/lattes.cnpq.br\/0034437648716463\">Lattes<\/a>), Gl\u00e1ucia Possas da Motta (<a href=\"http:\/\/lattes.cnpq.br\/0375275405478018\">Lattes<\/a>), K\u00eania Barreiro de Souza (<a href=\"http:\/\/lattes.cnpq.br\/2406392719606937\">Lattes<\/a>), Terciane Sabadini Carvalho (<a href=\"http:\/\/lattes.cnpq.br\/2333683888397456\">Lattes<\/a>)<\/li>\n<li><strong><a href=\"https:\/\/www.cedeplar.ufmg.br\/publicacoes\/textos-para-discussao\/textos\/2013\/757-494-desmatamento-e-a-contribuicao-economica-da-floresta-na-amazonia?highlight=WyJkZXNtYXRhbWVudG8iLCJhIiwiY29udHJpYnVpXHUwMGU3XHUwMGUzbyIsImVjb25cdTAwZjRtaWNhIiwiZGEiLCJmbG9yZXN0YSIsIm5hIiwiYW1helx1MDBmNG5pYSIsImNvbnRyaWJ1aWNhbyBlY29ub21pY2EiLCJjb250cmlidWljYW8gZWNvbm9taWNhIGRhIiwiZWNvbm9taWNhIGRhIiwiZWNvbm9taWNhIGRhIGZsb3Jlc3RhIiwiZGEgZmxvcmVzdGEiLCJkYSBmbG9yZXN0YSBuYSIsImZsb3Jlc3RhIG5hIiwiZmxvcmVzdGEgbmEgYW1hem9uaWEiLCJuYSBhbWF6XHUwMGY0bmlhIl0=\">Desmatamento e a contribui\u00e7\u00e3o econ\u00f4mica da floresta na Amaz\u00f4nia<\/a><br \/>\n<\/strong>Terciane Sabadini Carvalho (<a href=\"http:\/\/lattes.cnpq.br\/2333683888397456\">Lattes<\/a>), Aline Souza Magalh\u00e3es\u00a0(<a href=\"http:\/\/lattes.cnpq.br\/2334700749602128\">Lattes<\/a>), Edson Domingues\u00a0(<a href=\"http:\/\/lattes.cnpq.br\/2059703319050475\">Lattes<\/a>)<\/li>\n<li><strong><a href=\"http:\/\/www.cedeplar.ufmg.br\/pesquisas\/td\/TD%20493.pdf\" target=\"_blank\" rel=\"noopener\">Desigualdades intrarregionais na regi\u00e3o nordeste: uma an\u00e1lise de decomposi\u00e7\u00e3o espacial<\/a><br \/>\n<\/strong>Fernando Perobelli (<a href=\"http:\/\/lattes.cnpq.br\/0592576058333460\">Lattes<\/a>), Edson Domingues (<a href=\"http:\/\/lattes.cnpq.br\/2059703319050475\">Lattes<\/a>), Luiz Carlos de Santana Ribeiro (<a href=\"http:\/\/lattes.cnpq.br\/6813148558566741\">Lattes<\/a>)<\/li>\n<li><strong><a href=\"http:\/\/www.cedeplar.ufmg.br\/pesquisas\/td\/TD%20492.pdf\" target=\"_blank\" rel=\"noopener\">Efeitos econ\u00f4micos da proposta de redu\u00e7\u00e3o tarif\u00e1ria sobre as opera\u00e7\u00f5es dom\u00e9sticas de cabotagem no Brasil (2013-2025)<\/a><br \/>\n<\/strong>Admir Antonio Betarelli Junior (<a href=\"http:\/\/lattes.cnpq.br\/3620301469610793\">Lattes<\/a>) e Edson Domingues\u00a0(<a href=\"http:\/\/lattes.cnpq.br\/2059703319050475\">Lattes<\/a>)<\/li>\n<li><strong><a href=\"http:\/\/www.cedeplar.ufmg.br\/pesquisas\/td\/TD%20491.pdf\" target=\"_blank\" rel=\"noopener\">Economia de baixo carbono no Brasil: alternativas de pol\u00edticas e custos de redu\u00e7\u00e3o de emiss\u00f5es de gases de efeito estufa<\/a><br \/>\n<\/strong>Aline Souza Magalh\u00e3es\u00a0(<a href=\"http:\/\/lattes.cnpq.br\/2334700749602128\">Lattes<\/a>), Edson Domingues\u00a0(<a href=\"http:\/\/lattes.cnpq.br\/2059703319050475\">Lattes<\/a>)<\/li>\n<\/ul>\n<h1><\/h1>\n<h1><strong>2012<\/strong><\/h1>\n<ul>\n<li><strong><a href=\"http:\/\/www.cedeplar.ufmg.br\/pesquisas\/td\/TD%20456.pdf\" target=\"_blank\" rel=\"noopener\">Crescimento, emprego e produ\u00e7\u00e3o setorial: efeitos da desonera\u00e7\u00e3o de tributos sobre a folha de sal\u00e1rios no Brasil<\/a><br \/>\n<\/strong>Edson Paulo Domingues (<a href=\"http:\/\/lattes.cnpq.br\/2059703319050475\">Lattes<\/a>), D\u00e9bora Freire Cardoso (<a href=\"http:\/\/lattes.cnpq.br\/4775441040633035\">Lattes<\/a>), K\u00eania Barreiro de Souza (<a href=\"http:\/\/lattes.cnpq.br\/2406392719606937\">Lattes<\/a>), Gl\u00e1ucia Possas da Motta (<a href=\"http:\/\/lattes.cnpq.br\/0375275405478018\">Lattes<\/a>), Terciane Sabadini Carvalho (<a href=\"http:\/\/lattes.cnpq.br\/2333683888397456\">Lattes<\/a>), Flaviane Souza Santiago (<a href=\"http:\/\/lattes.cnpq.br\/0034437648716463\">Lattes<\/a>), Aline Souza Magalh\u00e3es\u00a0(<a href=\"http:\/\/lattes.cnpq.br\/2334700749602128\">Lattes<\/a>), Admir Antonio Betarelli Junior (<a href=\"http:\/\/lattes.cnpq.br\/3620301469610793\">Lattes<\/a>)<\/li>\n<\/ul>\n<h1><\/h1>\n<h1><strong>2011<\/strong><\/h1>\n<ul>\n<li><strong><a href=\"http:\/\/www.cedeplar.ufmg.br\/pesquisas\/td\/TD%20424.pdf\" target=\"_blank\" rel=\"noopener\">An\u00e1lise da estrutura do setor sa\u00fade e sua inser\u00e7\u00e3o na economia brasileira utilizando as matrizes de insumo-produto de 2000 e 2005<\/a><br \/>\n<\/strong>M\u00f4nica Viegas Andrade (<a href=\"http:\/\/lattes.cnpq.br\/2085641989038025\">Lattes<\/a>), Edson Paulo Domingues (<a href=\"http:\/\/lattes.cnpq.br\/2059703319050475\">Lattes<\/a>), Fernando Salgueiro Perobelli (<a href=\"http:\/\/lattes.cnpq.br\/0592576058333460\">Lattes<\/a>), Flaviane Souza Santiago (<a href=\"http:\/\/lattes.cnpq.br\/0034437648716463\">Lattes<\/a>), Lucas Barbosa Rodrigues, Joilson de Assis Cabral (<a href=\"http:\/\/lattes.cnpq.br\/3912633890004376\">Lattes<\/a>)<\/li>\n<\/ul>\n","protected":false},"excerpt":{"rendered":"<p>2019 Economic impacts of the Vale-Cultura (Culture Voucher): A Computable General Equilibrium Model Gustavo Fernandes Souza (Lattes),\u00a0Ana Fl\u00e1via Machado\u00a0(Lattes), Edson Paulo Domingues (Lattes) 2018 Proje\u00e7\u00e3o dos Impactos Econ\u00f4micos Regionais do&#8230; <\/p>\n","protected":false},"author":15,"featured_media":0,"parent":0,"menu_order":0,"comment_status":"closed","ping_status":"closed","template":"","meta":{"_crdt_document":"","_exactmetrics_skip_tracking":false,"_exactmetrics_sitenote_active":false,"_exactmetrics_sitenote_note":"","_exactmetrics_sitenote_category":0,"footnotes":""},"class_list":["post-135","page","type-page","status-publish","hentry"],"_links":{"self":[{"href":"https:\/\/pesquisas.face.ufmg.br\/nemea\/wp-json\/wp\/v2\/pages\/135","targetHints":{"allow":["GET"]}}],"collection":[{"href":"https:\/\/pesquisas.face.ufmg.br\/nemea\/wp-json\/wp\/v2\/pages"}],"about":[{"href":"https:\/\/pesquisas.face.ufmg.br\/nemea\/wp-json\/wp\/v2\/types\/page"}],"author":[{"embeddable":true,"href":"https:\/\/pesquisas.face.ufmg.br\/nemea\/wp-json\/wp\/v2\/users\/15"}],"replies":[{"embeddable":true,"href":"https:\/\/pesquisas.face.ufmg.br\/nemea\/wp-json\/wp\/v2\/comments?post=135"}],"version-history":[{"count":31,"href":"https:\/\/pesquisas.face.ufmg.br\/nemea\/wp-json\/wp\/v2\/pages\/135\/revisions"}],"predecessor-version":[{"id":483,"href":"https:\/\/pesquisas.face.ufmg.br\/nemea\/wp-json\/wp\/v2\/pages\/135\/revisions\/483"}],"wp:attachment":[{"href":"https:\/\/pesquisas.face.ufmg.br\/nemea\/wp-json\/wp\/v2\/media?parent=135"}],"curies":[{"name":"wp","href":"https:\/\/api.w.org\/{rel}","templated":true}]}}