{"id":8,"date":"2018-06-13T21:52:45","date_gmt":"2018-06-13T21:52:45","guid":{"rendered":"http:\/\/pesquisas.face.ufmg.br\/neg\/?page_id=8"},"modified":"2018-06-18T18:07:22","modified_gmt":"2018-06-18T18:07:22","slug":"projetos-de-pesquisa","status":"publish","type":"page","link":"https:\/\/pesquisas.face.ufmg.br\/neg\/projetos-de-pesquisa\/","title":{"rendered":"Projetos de pesquisa"},"content":{"rendered":"<h6>Inova\u00e7\u00e3o e cultura organizacional<\/h6>\n<ul>\n<li><strong><a href=\"http:\/\/pesquisas.face.ufmg.br\/neg\/redes-de-inovacao\/\"><span style=\"color: #333333\">Redes de inova\u00e7\u00e3o: um estudo explorat\u00f3rio do ecossistema local<\/span><\/a><\/strong><\/li>\n<li><span style=\"color: #333333\">Os resultados da satisfa\u00e7\u00e3o no trabalho na compara\u00e7\u00e3o p\u00fablico-privado: a cultura brasileira pode explicar? (Projeto financiado pela FAPEMIG).<\/span><\/li>\n<\/ul>\n<h6>Gest\u00e3o do conhecimento<\/h6>\n<ul>\n<li><span style=\"color: #333333\">Transmiss\u00e3o do conhecimento t\u00e1cito no ambiente industrial: um estudo comparativo entre Brasil e Indon\u00e9sia (Projeto parcialmente financiado pelo Pontikes Research Center).<\/span><\/li>\n<li><span style=\"color: #333333\">Transmiss\u00e3o do conhecimento t\u00e1cito no ambiente industrial: o papel da organiza\u00e7\u00e3o com agente facilitador (Projeto parcialmente financiado pela UFMG \u2013 PRPq).<\/span><\/li>\n<\/ul>\n<h6>Gest\u00e3o internacional<\/h6>\n<ul>\n<li><span style=\"color: #333333\">Impactos organizacionais do Investimento Direto Estrangeiro na economia brasileira: an\u00e1lise da transfer\u00eancia de recursos entre organiza\u00e7\u00f5es (Projeto financiado pelo CNPq).<\/span><\/li>\n<\/ul>\n","protected":false},"excerpt":{"rendered":"<p>Inova\u00e7\u00e3o e cultura organizacional Redes de inova\u00e7\u00e3o: um estudo explorat\u00f3rio do ecossistema local Os resultados da satisfa\u00e7\u00e3o no trabalho na compara\u00e7\u00e3o p\u00fablico-privado: a cultura brasileira pode explicar? (Projeto financiado pela [&hellip;]<\/p>\n","protected":false},"author":1,"featured_media":0,"parent":0,"menu_order":0,"comment_status":"closed","ping_status":"closed","template":"","meta":{"_crdt_document":"","content-type":"","_exactmetrics_skip_tracking":false,"_exactmetrics_sitenote_active":false,"_exactmetrics_sitenote_note":"","_exactmetrics_sitenote_category":0,"footnotes":""},"class_list":["post-8","page","type-page","status-publish","hentry"],"_links":{"self":[{"href":"https:\/\/pesquisas.face.ufmg.br\/neg\/wp-json\/wp\/v2\/pages\/8","targetHints":{"allow":["GET"]}}],"collection":[{"href":"https:\/\/pesquisas.face.ufmg.br\/neg\/wp-json\/wp\/v2\/pages"}],"about":[{"href":"https:\/\/pesquisas.face.ufmg.br\/neg\/wp-json\/wp\/v2\/types\/page"}],"author":[{"embeddable":true,"href":"https:\/\/pesquisas.face.ufmg.br\/neg\/wp-json\/wp\/v2\/users\/1"}],"replies":[{"embeddable":true,"href":"https:\/\/pesquisas.face.ufmg.br\/neg\/wp-json\/wp\/v2\/comments?post=8"}],"version-history":[{"count":6,"href":"https:\/\/pesquisas.face.ufmg.br\/neg\/wp-json\/wp\/v2\/pages\/8\/revisions"}],"predecessor-version":[{"id":123,"href":"https:\/\/pesquisas.face.ufmg.br\/neg\/wp-json\/wp\/v2\/pages\/8\/revisions\/123"}],"wp:attachment":[{"href":"https:\/\/pesquisas.face.ufmg.br\/neg\/wp-json\/wp\/v2\/media?parent=8"}],"curies":[{"name":"wp","href":"https:\/\/api.w.org\/{rel}","templated":true}]}}