{"id":219,"date":"2020-12-28T20:17:46","date_gmt":"2020-12-28T20:17:46","guid":{"rendered":"http:\/\/pesquisas.face.ufmg.br\/neg\/?page_id=219"},"modified":"2020-12-28T20:18:16","modified_gmt":"2020-12-28T20:18:16","slug":"feedback","status":"publish","type":"page","link":"https:\/\/pesquisas.face.ufmg.br\/neg\/feedback\/","title":{"rendered":"Feedback"},"content":{"rendered":"<div id=\"pl-219\"  class=\"panel-layout\" ><div id=\"pg-219-0\"  class=\"panel-grid panel-no-style\" ><div id=\"pgc-219-0-0\"  class=\"panel-grid-cell\" ><div id=\"panel-219-0-0-0\" class=\"so-panel widget widget_sow-contact-form panel-first-child panel-last-child\" data-index=\"0\" ><div\n\t\t\t\n\t\t\tclass=\"so-widget-sow-contact-form so-widget-sow-contact-form-default-1dceae4ce411-219\"\n\t\t\t\n\t\t><h3 class=\"widget-title\">Deixe sua opini\u00e3o aqui<\/h3>\t<form\n\t\taction=\"\/neg\/wp-json\/wp\/v2\/pages\/219\"\n\t\tmethod=\"POST\"\n\t\tclass=\"sow-contact-form\"\n\t\tid=\"contact-form-fa84\"\n\t>\n\n\t\t\n\t\t\t\t\t<div class=\"sow-form-field sow-form-field-textarea\">\n\t\t\t\t<label class=\"sow-form-field-label-above\" for=\"sow-contact-form-field-deixe-suas-impressoes-sobre-o-livro-1\">\n\t\t\t\t<strong>\n\t\t\t\t\tDeixe suas impress\u00f5es sobre o livro. \t\t\t\t\t\t\t\t\t<\/strong>\n\t\t\t<\/label>\n\t\t\t\t\t\t\t<div class=\"sow-field-container\">\n\t\t\t\t\t\t\t<textarea\n\t\t\tname=\"deixe-suas-impressoes-sobre-o-livro-1\"\n\t\t\tid=\"sow-contact-form-field-deixe-suas-impressoes-sobre-o-livro-1\"\n\t\t\trows=\"10\"\n\t\t\t\t\t\taria-describedby=\"sow-contact-form-field-deixe-suas-impressoes-sobre-o-livro-1-description\" \t\t><\/textarea>\n\t\t\t\t\t\t\t\t<div\n\t\t\t\t\t\t\tclass=\"sow-form-field-description\"\n\t\t\t\t\t\t\tid=\"sow-contact-form-field-deixe-suas-impressoes-sobre-o-livro-1-description\"\n\t\t\t\t\t\t>\n\t\t\t\t\t\t\tO que podemos melhorar para a pr\u00f3xima edi\u00e7\u00e3o? Quais os pontos positivos?\t\t\t\t\t\t<\/div>\n\t\t\t\t\t\t\t\t\t\t<\/div>\n\t\t\t\t\t\t\t<\/div>\n\t\t\t\t\t\t<div class=\"sow-form-field sow-form-field-text\">\n\t\t\t\t<label class=\"sow-form-field-label-above\" for=\"sow-contact-form-field-voce-econtrou-algum-erro-no-livro-1\">\n\t\t\t\t<strong>\n\t\t\t\t\tVoc\u00ea econtrou algum erro no livro?\t\t\t\t\t\t\t\t\t<\/strong>\n\t\t\t<\/label>\n\t\t\t\t\t\t\t<div class=\"sow-field-container\">\n\t\t\t\t\t\t\t<input\n\t\t\ttype=\"text\"\n\t\t\tname=\"voce-econtrou-algum-erro-no-livro-1\"\n\t\t\tid=\"sow-contact-form-field-voce-econtrou-algum-erro-no-livro-1\"\n\t\t\tvalue=\"\"\n\t\t\tclass=\"sow-text-field\"\t\t\taria-describedby=\"sow-contact-form-field-voce-econtrou-algum-erro-no-livro-1-description\" \t\t\t\t\t\/>\n\t\t\t\t\t\t\t\t<div\n\t\t\t\t\t\t\tclass=\"sow-form-field-description\"\n\t\t\t\t\t\t\tid=\"sow-contact-form-field-voce-econtrou-algum-erro-no-livro-1-description\"\n\t\t\t\t\t\t>\n\t\t\t\t\t\t\tSe poss\u00edvel, indique o n\u00famero da p\u00e1gina.\t\t\t\t\t\t<\/div>\n\t\t\t\t\t\t\t\t\t\t<\/div>\n\t\t\t\t\t\t\t<\/div>\n\t\t\t\t\t\t<div class=\"sow-form-field sow-form-field-name\">\n\t\t\t\t<label class=\"sow-form-field-label-above\" for=\"sow-contact-form-field-coloque-aqui-seu-nome-1\">\n\t\t\t\t<strong>\n\t\t\t\t\tColoque aqui seu nome:\t\t\t\t\t\t\t\t\t<\/strong>\n\t\t\t<\/label>\n\t\t\t\t\t\t\t<div class=\"sow-field-container\">\n\t\t\t\t\t\t\t<input\n\t\t\ttype=\"text\"\n\t\t\tname=\"coloque-aqui-seu-nome-1\"\n\t\t\tid=\"sow-contact-form-field-coloque-aqui-seu-nome-1\"\n\t\t\tvalue=\"\"\n\t\t\tclass=\"sow-text-field\"\n\t\t\t\t\t\taria-describedby=\"sow-contact-form-field-coloque-aqui-seu-nome-1-description\" \t\t\/>\n\t\t\t\t\t\t\t\t<div\n\t\t\t\t\t\t\tclass=\"sow-form-field-description\"\n\t\t\t\t\t\t\tid=\"sow-contact-form-field-coloque-aqui-seu-nome-1-description\"\n\t\t\t\t\t\t>\n\t\t\t\t\t\t\tEsse campo \u00e9 opcional\t\t\t\t\t\t<\/div>\n\t\t\t\t\t\t\t\t\t\t<\/div>\n\t\t\t\t\t\t\t<\/div>\n\t\t\t\t\t\t<div class=\"sow-form-field sow-form-field-email\">\n\t\t\t\t<label class=\"sow-form-field-label-above\" for=\"sow-contact-form-field-deixe-seu-email-que-entraremos-em-contato-1\">\n\t\t\t\t<strong>\n\t\t\t\t\tDeixe seu email que entraremos em contato:\t\t\t\t\t\t\t\t\t<\/strong>\n\t\t\t<\/label>\n\t\t\t\t\t\t\t<div class=\"sow-field-container\">\n\t\t\t\t\t\t\t<input\n\t\t\ttype=\"email\"\n\t\t\tname=\"deixe-seu-email-que-entraremos-em-contato-1\"\n\t\t\tid=\"sow-contact-form-field-deixe-seu-email-que-entraremos-em-contato-1\"\n\t\t\tvalue=\"\"\n\t\t\tclass=\"sow-text-field\"\t\t\taria-describedby=\"sow-contact-form-field-deixe-seu-email-que-entraremos-em-contato-1-description\" \t\t\t\t\t\/>\n\t\t\t\t\t\t\t\t<div\n\t\t\t\t\t\t\tclass=\"sow-form-field-description\"\n\t\t\t\t\t\t\tid=\"sow-contact-form-field-deixe-seu-email-que-entraremos-em-contato-1-description\"\n\t\t\t\t\t\t>\n\t\t\t\t\t\t\tEsse campo \u00e9 opcional\t\t\t\t\t\t<\/div>\n\t\t\t\t\t\t\t\t\t\t<\/div>\n\t\t\t\t\t\t\t<\/div>\n\t\t\t\n\t\t\n\t\t<div class=\"sow-submit-wrapper \n\t\tsow-submit-styled\t\t\">\n\n\t\t\t<button\n\t\t\t\ttype=\"submit\"\n\t\t\t\tclass=\"sow-submit\n\t\t\t\t\t\t\t\t\"\n\t\t\t\t\t\t\t>\n\t\t\t\tEnviar\t\t\t<\/button>\n\t\t<\/div>\n\t\t\t\t<input\n\t\t\ttype=\"hidden\"\n\t\t\tname=\"instance_hash-1\"\n\t\t\tvalue=\"fa845623\"\n\t\t\/>\n\n\t\t<input type=\"hidden\" id=\"_wpnonce\" name=\"_wpnonce\" value=\"2c4d30ebbc\" \/><input type=\"hidden\" name=\"_wp_http_referer\" value=\"\/neg\/wp-json\/wp\/v2\/pages\/219\" \/>\t<\/form>\n\t<\/div><\/div><\/div><\/div><\/div>","protected":false},"excerpt":{"rendered":"<p>Deixe sua opini\u00e3o aqui Deixe suas impress\u00f5es sobre o livro. O que podemos melhorar para a pr\u00f3xima edi\u00e7\u00e3o? Quais os pontos positivos? Voc\u00ea econtrou algum erro no livro? Se poss\u00edvel, [&hellip;]<\/p>\n","protected":false},"author":16,"featured_media":0,"parent":0,"menu_order":0,"comment_status":"closed","ping_status":"closed","template":"","meta":{"_crdt_document":"","content-type":"","_exactmetrics_skip_tracking":false,"_exactmetrics_sitenote_active":false,"_exactmetrics_sitenote_note":"","_exactmetrics_sitenote_category":0,"footnotes":""},"class_list":["post-219","page","type-page","status-publish","hentry"],"_links":{"self":[{"href":"https:\/\/pesquisas.face.ufmg.br\/neg\/wp-json\/wp\/v2\/pages\/219","targetHints":{"allow":["GET"]}}],"collection":[{"href":"https:\/\/pesquisas.face.ufmg.br\/neg\/wp-json\/wp\/v2\/pages"}],"about":[{"href":"https:\/\/pesquisas.face.ufmg.br\/neg\/wp-json\/wp\/v2\/types\/page"}],"author":[{"embeddable":true,"href":"https:\/\/pesquisas.face.ufmg.br\/neg\/wp-json\/wp\/v2\/users\/16"}],"replies":[{"embeddable":true,"href":"https:\/\/pesquisas.face.ufmg.br\/neg\/wp-json\/wp\/v2\/comments?post=219"}],"version-history":[{"count":2,"href":"https:\/\/pesquisas.face.ufmg.br\/neg\/wp-json\/wp\/v2\/pages\/219\/revisions"}],"predecessor-version":[{"id":222,"href":"https:\/\/pesquisas.face.ufmg.br\/neg\/wp-json\/wp\/v2\/pages\/219\/revisions\/222"}],"wp:attachment":[{"href":"https:\/\/pesquisas.face.ufmg.br\/neg\/wp-json\/wp\/v2\/media?parent=219"}],"curies":[{"name":"wp","href":"https:\/\/api.w.org\/{rel}","templated":true}]}}