{"id":2,"date":"2015-11-13T12:36:52","date_gmt":"2015-11-13T12:36:52","guid":{"rendered":"http:\/\/pesquisas.face.ufmg.br\/neg\/?page_id=2"},"modified":"2018-06-14T12:17:02","modified_gmt":"2018-06-14T12:17:02","slug":"pagina-exemplo","status":"publish","type":"page","link":"https:\/\/pesquisas.face.ufmg.br\/neg\/","title":{"rendered":"O NEG"},"content":{"rendered":"<p style=\"text-align: left\"><span style=\"color: #333333\">O NEG tem como objetivo principal realizar pesquisas te\u00f3ricas e aplicadas sobre gest\u00e3o da inova\u00e7\u00e3o, gest\u00e3o do conhecimento e gest\u00e3o internacional. <\/span><span style=\"color: #333333\">Os pesquisadores do NEG testam e desenvolvem modelos te\u00f3ricos, al\u00e9m de realizar pesquisas explorat\u00f3rias relacionadas as redes de inova\u00e7\u00e3o e estudos co-evolutivos. <\/span><span style=\"color: #333333\">O N\u00facleo de Estudos em Gest\u00e3o Organizacional e Tecnologias Gerenciais \u00e9 formado por professores, estudantes de gradua\u00e7\u00e3o e p\u00f3s-gradua\u00e7\u00e3o e profissionais de diversas \u00e1reas do conhecimento<\/span><\/p>\n<p>&nbsp;<\/p>\n","protected":false},"excerpt":{"rendered":"<p>O NEG tem como objetivo principal realizar pesquisas te\u00f3ricas e aplicadas sobre gest\u00e3o da inova\u00e7\u00e3o, gest\u00e3o do conhecimento e gest\u00e3o internacional. Os pesquisadores do NEG testam e desenvolvem modelos te\u00f3ricos, [&hellip;]<\/p>\n","protected":false},"author":1,"featured_media":0,"parent":0,"menu_order":0,"comment_status":"closed","ping_status":"closed","template":"","meta":{"_crdt_document":"","content-type":"","_exactmetrics_skip_tracking":false,"_exactmetrics_sitenote_active":false,"_exactmetrics_sitenote_note":"","_exactmetrics_sitenote_category":0,"footnotes":""},"class_list":["post-2","page","type-page","status-publish","hentry"],"_links":{"self":[{"href":"https:\/\/pesquisas.face.ufmg.br\/neg\/wp-json\/wp\/v2\/pages\/2","targetHints":{"allow":["GET"]}}],"collection":[{"href":"https:\/\/pesquisas.face.ufmg.br\/neg\/wp-json\/wp\/v2\/pages"}],"about":[{"href":"https:\/\/pesquisas.face.ufmg.br\/neg\/wp-json\/wp\/v2\/types\/page"}],"author":[{"embeddable":true,"href":"https:\/\/pesquisas.face.ufmg.br\/neg\/wp-json\/wp\/v2\/users\/1"}],"replies":[{"embeddable":true,"href":"https:\/\/pesquisas.face.ufmg.br\/neg\/wp-json\/wp\/v2\/comments?post=2"}],"version-history":[{"count":12,"href":"https:\/\/pesquisas.face.ufmg.br\/neg\/wp-json\/wp\/v2\/pages\/2\/revisions"}],"predecessor-version":[{"id":158,"href":"https:\/\/pesquisas.face.ufmg.br\/neg\/wp-json\/wp\/v2\/pages\/2\/revisions\/158"}],"wp:attachment":[{"href":"https:\/\/pesquisas.face.ufmg.br\/neg\/wp-json\/wp\/v2\/media?parent=2"}],"curies":[{"name":"wp","href":"https:\/\/api.w.org\/{rel}","templated":true}]}}