{"id":171,"date":"2020-05-02T16:17:10","date_gmt":"2020-05-02T16:17:10","guid":{"rendered":"http:\/\/pesquisas.face.ufmg.br\/neg\/?page_id=171"},"modified":"2020-12-28T21:32:44","modified_gmt":"2020-12-28T21:32:44","slug":"downloads","status":"publish","type":"page","link":"https:\/\/pesquisas.face.ufmg.br\/neg\/downloads\/","title":{"rendered":"Livro &#8211; TCC, Disserta\u00e7\u00f5es e Teses"},"content":{"rendered":"\n<div class=\"wp-block-group\"><div class=\"wp-block-group__inner-container is-layout-flow wp-block-group-is-layout-flow\">\n<div class=\"wp-block-image\"><figure class=\"alignleft\"><a href=\"https:\/\/www.amazon.com.br\/gp\/product\/6558402491\/ref=ox_sc_act_title_1?smid=A3780S2XI8SHQ9&amp;psc=1\" target=\"_blank\" rel=\"noreferrer noopener\"><img loading=\"lazy\" decoding=\"async\" width=\"300\" height=\"300\" src=\"http:\/\/pesquisas.face.ufmg.br\/neg\/wp-content\/uploads\/sites\/11\/2020\/12\/2916_600X600_post_face-300x300.png\" alt=\"\" class=\"wp-image-181\" title=\"https:\/\/www.amazon.com.br\/gp\/product\/6558402491\/ref=ox_sc_act_title_1?smid=A3780S2XI8SHQ9&amp;psc=1\" srcset=\"https:\/\/pesquisas.face.ufmg.br\/neg\/wp-content\/uploads\/sites\/11\/2020\/12\/2916_600X600_post_face-300x300.png 300w, https:\/\/pesquisas.face.ufmg.br\/neg\/wp-content\/uploads\/sites\/11\/2020\/12\/2916_600X600_post_face-150x150.png 150w, https:\/\/pesquisas.face.ufmg.br\/neg\/wp-content\/uploads\/sites\/11\/2020\/12\/2916_600X600_post_face.png 600w\" sizes=\"auto, (max-width: 300px) 100vw, 300px\" \/><\/a><\/figure><\/div>\n\n\n\n<h4 class=\"wp-block-heading\"><strong><span style=\"color: #210f31\" class=\"ugb-highlight\">Metodologia de Pesquisa em Gest\u00e3o<\/span><\/strong><\/h4>\n\n\n\n<p class=\"wp-block-paragraph\">Este livro explica de forma simples, direta e esquematizada como escrever seu trabalho acad\u00eamico. Voc\u00ea encontrar\u00e1 aqui informa\u00e7\u00f5es essenciais que ir\u00e3o te ajudar a estruturar seu trabalho, desde a coloca\u00e7\u00e3o da pergunta de pesquisa at\u00e9 a reda\u00e7\u00e3o final. Voc\u00ea ir\u00e1 entender quais s\u00e3o os principais elementos da introdu\u00e7\u00e3o e como estruturar o referencial te\u00f3rico. O cap\u00edtulo mais temido pelos estudantes \u2013 o de metodologia de pesquisa \u2013 \u00e9 desmistificado neste livro. Voc\u00ea receber\u00e1 informa\u00e7\u00f5es importantes para a pesquisa de campo, focando nas estrat\u00e9gias mais usadas em gest\u00e3o, que s\u00e3o o estudo de caso e o <em>survey<\/em>.<\/p>\n\n\n\n<div class=\"wp-block-ugb-separator alignfull ugb-separator ugb-3523427 ugb-separator--v2 ugb-separator--design-slant-1 ugb--hide-tablet ugb--hide-mobile\" aria-hidden=\"true\"><style>.ugb-3523427.ugb-separator{margin-top:109px !important;margin-bottom:-1px !important}.ugb-3523427 .ugb-separator__shadow,.ugb-3523427 .ugb-separator__layer-1{transform:scaleX(1)}@media screen and (min-width:768px){.ugb-3523427 .ugb-separator__svg-wrapper{height:30px !important}}@media screen and (max-width:1025px){.ugb-3523427.ugb-separator{margin-top:-1px !important;margin-bottom:-1px !important}}@media screen and (max-width:768px){.ugb-3523427.ugb-separator{margin-top:-1px !important;margin-bottom:-1px !important}}<\/style><div class=\"ugb-inner-block\"><div class=\"ugb-block-content\"><div class=\"ugb-separator__top-pad\"><\/div><div class=\"ugb-separator__svg-wrapper\"><div class=\"ugb-separator__svg-inner ugb-separator-wrapper\"><svg viewbox=\"0 0 1600 200\" xmlns=\"http:\/\/www.w3.org\/2000\/svg\" class=\"ugb-separator__layer-1\" preserveaspectratio=\"none\" aria-hidden=\"true\"><path class=\"slant-1_svg__st2\" d=\"M-10 210h1620V.5L-10 183.9z\"><\/path><\/svg><\/div><\/div><div class=\"ugb-separator__bottom-pad\"><\/div><\/div><\/div><\/div>\n<\/div><\/div>\n\n\n\n<div class=\"wp-block-ugb-heading ugb-heading ugb-9fa4683 ugb-main-block\"><div class=\"ugb-inner-block\"><div class=\"ugb-block-content\"><h2 class=\"ugb-heading__title\"><br>Material de Apoio<\/h2><\/div><\/div><\/div>\n\n\n\n<p class=\"wp-block-paragraph\"><span style=\"color: #000000\" class=\"ugb-highlight\"><a href=\"https:\/\/pesquisas.face.ufmg.br\/neg\/feedback\/\" target=\"_blank\" rel=\"noreferrer noopener\">Colabore conosco e deixe sua opini\u00e3o sobre o livro aqui.<\/a><\/span><\/p>\n\n\n\n<p class=\"wp-block-paragraph\"><\/p>\n\n\n\n<p class=\"wp-block-paragraph\"><\/p>\n\n\n\n<p class=\"wp-block-paragraph\"><\/p>\n\n\n\n<h4 class=\"wp-block-heading\"><strong><span style=\"color: #807e7e\" class=\"ugb-highlight\">Material para download:<\/span><\/strong><\/h4>\n\n\n\n<p class=\"wp-block-paragraph\"><span style=\"color: #000000\" class=\"ugb-highlight\"><a rel=\"noreferrer noopener\" href=\"https:\/\/repositorio.ufmg.br\/static\/politica\/\/diretrizes-para-normalizacao-de-trabalhos-academicos-da-UFMG.pdf\" target=\"_blank\">Manual da FACE &#8211; Diretrizes para normaliza\u00e7\u00e3o de trabalhos acad\u00eamicos<\/a><\/span><\/p>\n\n\n\n<p class=\"wp-block-paragraph\"><span style=\"color: #000000\" class=\"ugb-highlight\"><a rel=\"noreferrer noopener\" href=\"http:\/\/pesquisas.face.ufmg.br\/neg\/wp-content\/uploads\/sites\/11\/2020\/12\/Exemplo-editavel-Capa.docx\" target=\"_blank\">Exemplo Edit\u00e1vel elementos pr\u00e9-textuais e p\u00f3s-textuais para download<\/a><\/span><\/p>\n\n\n\n<p class=\"wp-block-paragraph\"><span style=\"color: #000000\" class=\"ugb-highlight\"><a rel=\"noreferrer noopener\" href=\"http:\/\/pesquisas.face.ufmg.br\/neg\/wp-content\/uploads\/sites\/11\/2020\/12\/TCLE-exemplos.docx\" target=\"_blank\">Exemplo Edit\u00e1vel Carta de Consentimento para entrevistas e question\u00e1rios<\/a><\/span><\/p>\n\n\n\n<div class=\"wp-block-group\"><div class=\"wp-block-group__inner-container is-layout-flow wp-block-group-is-layout-flow\">\n<div class=\"wp-block-ugb-heading ugb-heading ugb-2198006 ugb-main-block\"><div class=\"ugb-inner-block\"><div class=\"ugb-block-content\"><h2 class=\"ugb-heading__title\"><br><br><span style=\"color: #646363\" class=\"ugb-highlight\">Exemplos para download<\/span><\/h2><p class=\"ugb-heading__subtitle\"><span style=\"color: #000000\" class=\"ugb-highlight\">Acesse aqui as disserta\u00e7\u00f5es e teses e veja exemplos de perguntas de pesquisa, objetivos geral e espec\u00edficos:<\/span><\/p><\/div><\/div><\/div>\n\n\n\n<p class=\"wp-block-paragraph\"><a href=\"http:\/\/pesquisas.face.ufmg.br\/neg\/wp-content\/uploads\/sites\/11\/2020\/12\/Livia.pdf\" target=\"_blank\" rel=\"noreferrer noopener\">NEVES, L. A. Natural-RBV e gest\u00e3o de RH: os caminhos para a vantagem competitiva sustent\u00e1vel. 2018. 125f. Tese (Doutorado em Administra\u00e7\u00e3o) &#8211; Universidade Federal de Minas Gerais, 2018.<\/a><\/p>\n<\/div><\/div>\n\n\n\n<p class=\"wp-block-paragraph\"><a rel=\"noopener noreferrer\" href=\"http:\/\/pesquisas.face.ufmg.br\/neg\/wp-content\/uploads\/sites\/11\/2020\/05\/Disserta\u00e7\u00e3o-Camila-Amaro-Quintas.pdf\" target=\"_blank\">QUINTAS, C. Mudan\u00e7a organizacional em empresas h\u00edbridas: an\u00e1lise das respostas individuais de trabalhadores \u00e0 implanta\u00e7\u00e3o da avalia\u00e7\u00e3o de desempenho. 2017. 82f. Disserta\u00e7\u00e3o (Mestrado em Administra\u00e7\u00e3o) \u2013 Universidade Federal de Minas Gerais, Belo Horizonte, 2017. <\/a><\/p>\n\n\n\n<p class=\"wp-block-paragraph\"><a href=\"http:\/\/pesquisas.face.ufmg.br\/neg\/wp-content\/uploads\/sites\/11\/2020\/12\/Renata.pdf\" target=\"_blank\" rel=\"noreferrer noopener\">POLICARPO, R. V. S. A influ\u00eancia do comportamento de lideran\u00e7a nas rea\u00e7\u00f5es individuais \u00e0 mudan\u00e7a: estudo sobre a cria\u00e7\u00e3o e constitui\u00e7\u00e3o do IFMG. 2016. 164f. Tese (Doutorado em Administra\u00e7\u00e3o) &#8211; Universidade Federal de Minas Gerais, Belo Horizonte, 2016.<\/a><\/p>\n\n\n\n<p class=\"wp-block-paragraph\"><\/p>\n\n\n\n<div class=\"wp-block-ugb-heading ugb-heading ugb-119d683 ugb-main-block\"><div class=\"ugb-inner-block\"><div class=\"ugb-block-content\"><p class=\"ugb-heading__subtitle\">Contatos<br>renatasg@face.ufmg.br<br><br><\/p><\/div><\/div><\/div>\n\n\n\n<p class=\"wp-block-paragraph\"><\/p>\n","protected":false},"excerpt":{"rendered":"<p>Metodologia de Pesquisa em Gest\u00e3o Este livro explica de forma simples, direta e esquematizada como escrever seu trabalho acad\u00eamico. Voc\u00ea encontrar\u00e1 aqui informa\u00e7\u00f5es essenciais que ir\u00e3o te ajudar a estruturar [&hellip;]<\/p>\n","protected":false},"author":16,"featured_media":0,"parent":0,"menu_order":0,"comment_status":"closed","ping_status":"closed","template":"","meta":{"_crdt_document":"","content-type":"","_exactmetrics_skip_tracking":false,"_exactmetrics_sitenote_active":false,"_exactmetrics_sitenote_note":"","_exactmetrics_sitenote_category":0,"footnotes":""},"class_list":["post-171","page","type-page","status-publish","hentry"],"_links":{"self":[{"href":"https:\/\/pesquisas.face.ufmg.br\/neg\/wp-json\/wp\/v2\/pages\/171","targetHints":{"allow":["GET"]}}],"collection":[{"href":"https:\/\/pesquisas.face.ufmg.br\/neg\/wp-json\/wp\/v2\/pages"}],"about":[{"href":"https:\/\/pesquisas.face.ufmg.br\/neg\/wp-json\/wp\/v2\/types\/page"}],"author":[{"embeddable":true,"href":"https:\/\/pesquisas.face.ufmg.br\/neg\/wp-json\/wp\/v2\/users\/16"}],"replies":[{"embeddable":true,"href":"https:\/\/pesquisas.face.ufmg.br\/neg\/wp-json\/wp\/v2\/comments?post=171"}],"version-history":[{"count":15,"href":"https:\/\/pesquisas.face.ufmg.br\/neg\/wp-json\/wp\/v2\/pages\/171\/revisions"}],"predecessor-version":[{"id":230,"href":"https:\/\/pesquisas.face.ufmg.br\/neg\/wp-json\/wp\/v2\/pages\/171\/revisions\/230"}],"wp:attachment":[{"href":"https:\/\/pesquisas.face.ufmg.br\/neg\/wp-json\/wp\/v2\/media?parent=171"}],"curies":[{"name":"wp","href":"https:\/\/api.w.org\/{rel}","templated":true}]}}