{"id":13,"date":"2015-11-13T12:52:10","date_gmt":"2015-11-13T12:52:10","guid":{"rendered":"http:\/\/pesquisas.face.ufmg.br\/neg\/?page_id=13"},"modified":"2015-11-13T12:52:10","modified_gmt":"2015-11-13T12:52:10","slug":"publicacoes","status":"publish","type":"page","link":"https:\/\/pesquisas.face.ufmg.br\/neg\/publicacoes\/","title":{"rendered":"Publica\u00e7\u00f5es"},"content":{"rendered":"<p>ALBUQUERQUE, A. L.; OLIVEIRA, J. L. Os processos de socializa\u00e7\u00e3o dos sucessores em empresas familiares: o desafio de construir a transi\u00e7\u00e3o multigeracional. Revista de Ci\u00eancias da Administra\u00e7\u00e3o, v. 39, p. 236-249, 2014.<\/p>\n<p>ALBUQUERQUE, A. L.; PEREIRA, R.D.; OLIVEIRA, J. L. Sucessoras invis\u00edveis: o impacto das quest\u00f5es de g\u00eanero no processo de sucess\u00e3o em empresas familiares. Gest\u00e3o e Planejamento, v. 15, p. 305-320, 2014.<\/p>\n<p>BERTUCCI, J. L. O.; FERNANDINO, J. Arquiteturas Organizacionais para a \u00c1rea de P&amp;D em empresas do Setor El\u00e9trico Brasileiro: Em Busca do Modelo Ideal. RAC Eletr\u00f4nica, v. 15, p. 1073-1093, 2010.<\/p>\n<p>BERTUCCI, J. L. O.; PIMENTEL, T. D.; PEREIRA, R.D. Mecanismos de governan\u00e7a e processos de sucess\u00e3o: um estudo sobre a influ\u00eancia dos elementos de governan\u00e7a corporativa na orienta\u00e7\u00e3o do processo sucess\u00f3rio em uma empresa familiar. Revista Brasileira de Gest\u00e3o de Neg\u00f3cios (S\u00e3o Paulo), v. 11, p. 152-167, 2009.<\/p>\n<p>BORGES, A. F.; LESCURA, C.; OLIVEIRA, J. L. O campo de pesquisas sobre empresas familiares no Brasil: analise da produ\u00e7\u00e3o cient\u00edfica no per\u00edodo 1997-2009. Organiza\u00e7\u00f5es &amp; Sociedade (Online), v. 19, p. 315-332, 2012.<\/p>\n<p>BORGES, Renata S. G. Are public employees really less satisfied than private sector workers?: A comparative study in Brazil. Revista de Administra\u00e7\u00e3o P\u00fablica, v. 47, p.1477 &#8211; 1496, 2013.<\/p>\n<p>BORGES, Renata. Tacit knowledge sharing between IT workers: The role of organizational culture, personality, and social environment. Management Research Review, v. 36, p. 89 &#8211; 108, 2013. (<a href=\"http:\/\/dx.doi.org\/10.1108\/01409171311284602\">http:\/\/dx.doi.org\/10.1108\/01409171311284602<\/a>)<\/p>\n<p>CASTRO, J. M. D.; DINIZ, D. M.; DRESSLER, M.; DUARTE, R. G.; CARVALHO, R.B. Fatores determinantes em processos de transfer\u00eancia de conhecimentos: um estudo de caso na Embrapa Milho e Sorgo e firmas licenciadas. Revista de Administra\u00e7\u00e3o P\u00fablica (Impresso), v. 47, p. 1283-1306, 2013.<\/p>\n<p>CHILD, John; DUARTE, R. G.; TANURE, Betania; RODRIGUES, Suzana Braga. Access to tacit knowledge by executives retention in cross-border acquisitions. Brazilian Administration Review, v. 9, p. 329-350, 2012.<\/p>\n<p>DIAS, M. A. M. J.; BORGES, Renata S. G. Estilos de lideran\u00e7a e desempenho no setor p\u00fablico. REAd. Revista Eletr\u00f4nica de Administra\u00e7\u00e3o, v. 21, p. 200 &#8211; 221, 2015. (<a href=\"http:\/\/dx.doi.org\/10.1590\/1413-2311.0542014.53468\">http:\/\/dx.doi.org\/10.1590\/1413-2311.0542014.53468<\/a>)<\/p>\n<p>DUARTE, R. G.; CASTRO, Jos\u00e9 M\u00e1rcio de; MIURA, Irene Kazumi; MORAES, R. A.; FEIJO, J.; ZAARA, J. FDI inflows, transfer of knowledge, and absorptive capacity: the case of Mozambique. African Journal of Business Management, v. 8, p. 14-24, 2014.<\/p>\n<p>DUARTE, R. G.; CASTRO, Jos\u00e9 M\u00e1rcio de; CRUZ, A. L. A.; MIURA, Irene Kazumi. O papel dos relacionamentos interpessoais na internacionaliza\u00e7\u00e3o de IES. Educa\u00e7\u00e3o em Revista (UFMG. Impresso), v. 28, p. 343-370, 2012.<\/p>\n<p>ESPER, L. T. ; REZENDE, S\u00e9rgio Fernando Loureiro; VERSIANI, Angela Fran\u00e7a; LOPES, H. E. G.; GUIMAR\u00c3ES, Liliane de Oliveira; DUARTE, R. G. Rela\u00e7\u00f5es de poder e mudan\u00e7as p\u00f3s aquisi\u00e7\u00e3o internacional na rede de relacionamentos da aquirida. Revista de Administra\u00e7\u00e3o Contempor\u00e2nea (Impresso), v. 14, p. 7, 2010.<\/p>\n<p>JUNQUEIRA, L. R.; OLIVEIRA, J. L.; BRESSAN, A. A.; BERTUCCI, L. A. Alavancagem Financeira como Estrat\u00e9gia de Financiamento do Processo de Crescimento de Empresas Brasileiras de Capital Aberto no Per\u00edodo 1995-2002. E &amp; G. Economia e Gest\u00e3o, v. 11, p. 1-17, 2010.<\/p>\n<p>LANA, I.; BORGES, Renata S. G.; REIS, I. C. Foreign Trade &amp; Infrastructure: The Brazilian Small Business Reality. iBusiness (Online), v. 06, p. 44 &#8211; 51, 2014. (<a href=\"http:\/\/dx.doi.org\/10.4236\/ib.2014.62006\">http:\/\/dx.doi.org\/10.4236\/ib.2014.62006<\/a>)<\/p>\n<p>MARQUES, A. L.; BORGES, enata S. G.; MORAIS, K.; SILVA, M. C. Rela\u00e7\u00f5es entre resist\u00eancia a mudan\u00e7a e comprometimento organizacional em servidores p\u00fablicos de Minas Gerais. Revista de Administra\u00e7\u00e3o Contempor\u00e2nea, v. 18, p. 161 \u2013 175, 2014. (<a href=\"http:\/\/dx.doi.org\/10.1590\/S1415-65552014000200004\">http:\/\/dx.doi.org\/10.1590\/S1415-65552014000200004<\/a>)<\/p>\n<p>MENEZES, R. S. S.; OLIVEIRA, J. L. . An\u00e1lise do discurso de &#8216;mulheres de neg\u00f3cios&#8217; associadas \u00e0 Business Professional Women. REGE Revista de Gest\u00e3o, v. 20, p. 2013-440, 2013.<\/p>\n<p>OLIVEIRA, J. L.; ALVARES, E.; PINHEIRO, A.S.; PIMENTEL, T. D. A governan\u00e7a corporativa como elemento mediador na empresa familiar. Faces: Revista de Administra\u00e7\u00e3o (Belo Horizonte. Online), v. 11, p. 105-122, 2011.<\/p>\n<p>OLIVEIRA, J. L.; BARRETO, R. O.; SOUZA, M. M. P.; CALBINO, D. O que eu vou ser quando crescer? As representa\u00e7\u00f5es Sociais de alunos ingressantes em um curso de Administra\u00e7\u00e3o. Administra\u00e7\u00e3o: Ensino e Pesquisa (RAEP), v. 12, p. 237-264, 2011.<\/p>\n<p>OLIVEIRA, J. L.; ALBUQUERQUE, A.L.; PEREIRA, R. D. De Filho do Dono a Dirigente Ilustre: caminhos e descaminhos no processo de constru\u00e7\u00e3o de legitimidade de sucessores em organiza\u00e7\u00f5es familiares. RAUSP-e (S\u00e3o Paulo), v. 48, p. 21-33, 2013.<\/p>\n<p>OLIVEIRA, J. L.; ALBUQUERQUE, A.L; PEREIRA, R.D . Governan\u00e7a, sucess\u00e3o e profissionaliza\u00e7\u00e3o em uma empresa familiar: (re)arranjando o lugar da fam\u00edlia multigeracional. Revista Brasileira de Gest\u00e3o de Neg\u00f3cios (S\u00e3o Paulo. Impresso), v. 14, p. 176, 2012.<\/p>\n<p>PEREIRA, R. D.; OLIVEIRA, J. L.; CARRIERI, A. P. O poder, a anal\u00edtica foucaultiana e poss\u00edveis (des)caminhos: reflex\u00f5es sobre as rela\u00e7\u00f5es de poder em organiza\u00e7\u00f5es familiares. Gest\u00e3o.Org, v. 10, p. 623-652, 2012.<\/p>\n<p>RODRIGUES, Suzana Braga; DUARTE, R. G.; CARRIERI, Alexandre de P\u00e1dua. Indigenous or imported knowledge in Brazilian management studies: a quest for legitimacy?. Management and Organization Review (Online), v. 8, p. 211-232, 2012.<\/p>\n<p>SILVA, K. V. M.; OLIVEIRA, J. L. An\u00e1lise da din\u00e2mica de funcionamento de conselhos de administra\u00e7\u00e3o na perspectiva de conselheiros: (des)construindo as racionalidades dos discursos dos atores. Revista Gest\u00e3o &amp; Tecnologia, v. 14, p. 102-133, 2014.<\/p>\n<p>SILVA, Marco Aur\u00e9lio Costa da; DUARTE, R. G.; CASTRO, Jos\u00e9 M\u00e1rcio de; ARAUJO, A.R. Outsourcing de TI e redefini\u00e7\u00e3o do papel da subsidi\u00e1ria: um estudo comparativo entre as subsidi\u00e1rias brasileira e indiana de uma multinacional americana. Revista de Gest\u00e3o da Tecnologia e Sistemas de Informa\u00e7\u00e3o (Online), v. 6, p. 175-204, 2009.<\/p>\n<p>SOUZA, E. R.; OLIVEIRA, J. L. Espelho, espelho meu: o que fa\u00e7o \u00e9 igual ao que v\u00eas que fa\u00e7o? O impacto das a\u00e7\u00f5es de responsabilidade social na imagem corporativa de uma empresa do setor el\u00e9trico. Pretexto (Belo Horizonte. Online), v. 14, p. 40-59, 2013.<\/p>\n<p>VASCONCELOS, G. M. R.; OLIVEIRA, J. L. Imers\u00e3o social e institucional e capacidades: o setor cal\u00e7adista de Nova Serrana. RAE (Impresso), v. 52, p. 531-545, 2012<\/p>\n","protected":false},"excerpt":{"rendered":"<p>ALBUQUERQUE, A. L.; OLIVEIRA, J. L. Os processos de socializa\u00e7\u00e3o dos sucessores em empresas familiares: o desafio de construir a transi\u00e7\u00e3o multigeracional. Revista de Ci\u00eancias da Administra\u00e7\u00e3o, v. 39, p. [&hellip;]<\/p>\n","protected":false},"author":1,"featured_media":0,"parent":0,"menu_order":0,"comment_status":"closed","ping_status":"closed","template":"","meta":{"_crdt_document":"","content-type":"","_exactmetrics_skip_tracking":false,"_exactmetrics_sitenote_active":false,"_exactmetrics_sitenote_note":"","_exactmetrics_sitenote_category":0,"footnotes":""},"class_list":["post-13","page","type-page","status-publish","hentry"],"_links":{"self":[{"href":"https:\/\/pesquisas.face.ufmg.br\/neg\/wp-json\/wp\/v2\/pages\/13","targetHints":{"allow":["GET"]}}],"collection":[{"href":"https:\/\/pesquisas.face.ufmg.br\/neg\/wp-json\/wp\/v2\/pages"}],"about":[{"href":"https:\/\/pesquisas.face.ufmg.br\/neg\/wp-json\/wp\/v2\/types\/page"}],"author":[{"embeddable":true,"href":"https:\/\/pesquisas.face.ufmg.br\/neg\/wp-json\/wp\/v2\/users\/1"}],"replies":[{"embeddable":true,"href":"https:\/\/pesquisas.face.ufmg.br\/neg\/wp-json\/wp\/v2\/comments?post=13"}],"version-history":[{"count":1,"href":"https:\/\/pesquisas.face.ufmg.br\/neg\/wp-json\/wp\/v2\/pages\/13\/revisions"}],"predecessor-version":[{"id":14,"href":"https:\/\/pesquisas.face.ufmg.br\/neg\/wp-json\/wp\/v2\/pages\/13\/revisions\/14"}],"wp:attachment":[{"href":"https:\/\/pesquisas.face.ufmg.br\/neg\/wp-json\/wp\/v2\/media?parent=13"}],"curies":[{"name":"wp","href":"https:\/\/api.w.org\/{rel}","templated":true}]}}