{"id":9,"date":"2015-11-12T18:10:06","date_gmt":"2015-11-12T18:10:06","guid":{"rendered":"http:\/\/pesquisas.face.ufmg.br\/neecim-tur\/?page_id=9"},"modified":"2015-11-12T18:10:23","modified_gmt":"2015-11-12T18:10:23","slug":"objetivos-e-atuacao","status":"publish","type":"page","link":"https:\/\/pesquisas.face.ufmg.br\/neecim-tur\/objetivos-e-atuacao\/","title":{"rendered":"Objetivos e Atua\u00e7\u00e3o"},"content":{"rendered":"<ul>\n<li>Formar pesquisadores de alto n\u00edvel para a realiza\u00e7\u00e3o de estudos na \u00e1rea de Marketing e Turismo.<\/li>\n<li>Promover atividades de extens\u00e3o e divulga\u00e7\u00e3o cient\u00edfica.<\/li>\n<li>Contribuir para o campo do conhecimento do Marketing e de Turismo, por meio de pesquisas sobre temas ligados \u00e0 Gest\u00e3o da Comunica\u00e7\u00e3o Mercadol\u00f3gica e \u00e0 Gest\u00e3o da Comunica\u00e7\u00e3o em Turismo.<\/li>\n<\/ul>\n","protected":false},"excerpt":{"rendered":"<p>Formar pesquisadores de alto n\u00edvel para a realiza\u00e7\u00e3o de estudos na \u00e1rea de Marketing e Turismo. Promover atividades de extens\u00e3o e divulga\u00e7\u00e3o cient\u00edfica. Contribuir para o campo do conhecimento do &hellip; <a href=\"https:\/\/pesquisas.face.ufmg.br\/neecim-tur\/objetivos-e-atuacao\/\" class=\"more-link\">Continue reading <span class=\"screen-reader-text\">Objetivos e Atua\u00e7\u00e3o<\/span><\/a><\/p>\n","protected":false},"author":1,"featured_media":0,"parent":0,"menu_order":0,"comment_status":"closed","ping_status":"closed","template":"","meta":{"_crdt_document":"","_exactmetrics_skip_tracking":false,"_exactmetrics_sitenote_active":false,"_exactmetrics_sitenote_note":"","_exactmetrics_sitenote_category":0,"footnotes":""},"class_list":["post-9","page","type-page","status-publish","hentry"],"_links":{"self":[{"href":"https:\/\/pesquisas.face.ufmg.br\/neecim-tur\/wp-json\/wp\/v2\/pages\/9","targetHints":{"allow":["GET"]}}],"collection":[{"href":"https:\/\/pesquisas.face.ufmg.br\/neecim-tur\/wp-json\/wp\/v2\/pages"}],"about":[{"href":"https:\/\/pesquisas.face.ufmg.br\/neecim-tur\/wp-json\/wp\/v2\/types\/page"}],"author":[{"embeddable":true,"href":"https:\/\/pesquisas.face.ufmg.br\/neecim-tur\/wp-json\/wp\/v2\/users\/1"}],"replies":[{"embeddable":true,"href":"https:\/\/pesquisas.face.ufmg.br\/neecim-tur\/wp-json\/wp\/v2\/comments?post=9"}],"version-history":[{"count":1,"href":"https:\/\/pesquisas.face.ufmg.br\/neecim-tur\/wp-json\/wp\/v2\/pages\/9\/revisions"}],"predecessor-version":[{"id":10,"href":"https:\/\/pesquisas.face.ufmg.br\/neecim-tur\/wp-json\/wp\/v2\/pages\/9\/revisions\/10"}],"wp:attachment":[{"href":"https:\/\/pesquisas.face.ufmg.br\/neecim-tur\/wp-json\/wp\/v2\/media?parent=9"}],"curies":[{"name":"wp","href":"https:\/\/api.w.org\/{rel}","templated":true}]}}