{"id":2,"date":"2015-11-12T17:32:16","date_gmt":"2015-11-12T17:32:16","guid":{"rendered":"http:\/\/pesquisas.face.ufmg.br\/neecim-tur\/?page_id=2"},"modified":"2016-01-06T23:19:36","modified_gmt":"2016-01-06T23:19:36","slug":"pagina-exemplo","status":"publish","type":"page","link":"https:\/\/pesquisas.face.ufmg.br\/neecim-tur\/","title":{"rendered":"O N\u00facleo"},"content":{"rendered":"<p>Criado em 2008, o NEECIM-TUR \u00e9 um n\u00facleo de pesquisa certificado pelo CNPQ e coordenado pela Profa Dra Marlusa Gosling que busca desenvolver estudos no campo do Marketing e do Turismo. As pesquisas realizadas abrangem temas de estrate\u0301gias de marketing, marketing tur\u00edstico, marketing de relacionamento, marketing de servi\u00e7os, marketing digital e comunica\u00e7\u00e3o integrada de Marketing.<\/p>\n<p>Atualmente, uma das linhas estruturantes do NEECIM-TUR \u00e9 o marketing tur\u00edstico, abordado a partir de percep\u00e7\u00f5es, desejos e experi\u00eancias de turistas. Pesquisas relacionadas a temas como Marketing de Relacionamento, Imagem, Atratividade e Competitividade de Destinos Turi\u0301sticos, Branding, Come\u0301rcio Eletro\u0302nico e Marketing na Era Digital, Qualidade de Servi\u00e7os, entre outros, esta\u0303o em processo de desenvolvimento no NEECIM-TUR. A maioria dos trabalhos realizados no n\u00facleo \u00e9 financiada por entidades de fomento e apoio a\u0300 pesquisa cienti\u0301fica, sendo que alguns deles s\u00e3o realizados em parceria com o\u0301rga\u0303os governamentais e empresas privadas.<\/p>\n<p>A equipe do NEECIM-TUR tem sido premiada nacional e internacionalmente. As premia\u00e7\u00f5es mais recentes incluem men\u00e7\u00f5es honrosas de melhores artigos no ANPTUR 2014, no evento INTERNATIONAL CONFERENCE ON INNOVATION AND ENTREPRENEURSHIP IN MARKETING AND CONSUMER BEHAVIOUR, 2013 e World Association for Sustainable Development (WASD) Annual Conference 2013.\u00a0A partir da indica\u00e7\u00e3o da WASD, a coordenadora do NEECIM-TUR, profa Dra Marlusa Gosling, foi convidada a ser membro do Editorial Advisory Board of World Journal of Entrepreneurship, Management and Sustainable Development (WJEMSD) e regional editor for Latin America.<\/p>\n","protected":false},"excerpt":{"rendered":"<p>Criado em 2008, o NEECIM-TUR \u00e9 um n\u00facleo de pesquisa certificado pelo CNPQ e coordenado pela Profa Dra Marlusa Gosling que busca desenvolver estudos no campo do Marketing e do &hellip; <a href=\"https:\/\/pesquisas.face.ufmg.br\/neecim-tur\/\" class=\"more-link\">Continue reading <span class=\"screen-reader-text\">O N\u00facleo<\/span><\/a><\/p>\n","protected":false},"author":1,"featured_media":0,"parent":0,"menu_order":0,"comment_status":"closed","ping_status":"closed","template":"","meta":{"_crdt_document":"","_exactmetrics_skip_tracking":false,"_exactmetrics_sitenote_active":false,"_exactmetrics_sitenote_note":"","_exactmetrics_sitenote_category":0,"footnotes":""},"class_list":["post-2","page","type-page","status-publish","hentry"],"_links":{"self":[{"href":"https:\/\/pesquisas.face.ufmg.br\/neecim-tur\/wp-json\/wp\/v2\/pages\/2","targetHints":{"allow":["GET"]}}],"collection":[{"href":"https:\/\/pesquisas.face.ufmg.br\/neecim-tur\/wp-json\/wp\/v2\/pages"}],"about":[{"href":"https:\/\/pesquisas.face.ufmg.br\/neecim-tur\/wp-json\/wp\/v2\/types\/page"}],"author":[{"embeddable":true,"href":"https:\/\/pesquisas.face.ufmg.br\/neecim-tur\/wp-json\/wp\/v2\/users\/1"}],"replies":[{"embeddable":true,"href":"https:\/\/pesquisas.face.ufmg.br\/neecim-tur\/wp-json\/wp\/v2\/comments?post=2"}],"version-history":[{"count":3,"href":"https:\/\/pesquisas.face.ufmg.br\/neecim-tur\/wp-json\/wp\/v2\/pages\/2\/revisions"}],"predecessor-version":[{"id":81,"href":"https:\/\/pesquisas.face.ufmg.br\/neecim-tur\/wp-json\/wp\/v2\/pages\/2\/revisions\/81"}],"wp:attachment":[{"href":"https:\/\/pesquisas.face.ufmg.br\/neecim-tur\/wp-json\/wp\/v2\/media?parent=2"}],"curies":[{"name":"wp","href":"https:\/\/api.w.org\/{rel}","templated":true}]}}