{"id":15,"date":"2015-11-12T18:11:59","date_gmt":"2015-11-12T18:11:59","guid":{"rendered":"http:\/\/pesquisas.face.ufmg.br\/neecim-tur\/?page_id=15"},"modified":"2015-11-12T18:11:59","modified_gmt":"2015-11-12T18:11:59","slug":"trabalhos-academicos","status":"publish","type":"page","link":"https:\/\/pesquisas.face.ufmg.br\/neecim-tur\/trabalhos-academicos\/","title":{"rendered":"Trabalhos Acad\u00eamicos"},"content":{"rendered":"<h3>Projetos em Andamento<\/h3>\n<ul>\n<li>O Marketing de Museus como Instrumento de Inclus\u00e3o e Cidadania: Aumentando Aprendizagem, a Satisfa\u00e7\u00e3o e a Recomenda\u00e7\u00e3o de Visitantes<\/li>\n<li>Estudos de comunica\u00e7\u00e3o e marketing em turismo\/lazer<\/li>\n<li>Marketing em museus<\/li>\n<li>Marketing tur\u00edstico e lazer<\/li>\n<li>Estrat\u00e9gias de marketing na trilhas do Ecoturismo mineiro<\/li>\n<li>Atributos da rede hoteleira de BH<\/li>\n<li>Empreededorismo no setor tur\u00edstico em MG<\/li>\n<li>Comportamento de consumidor de alimentos org\u00e2nicos<\/li>\n<li>BH que eu amo: percep\u00e7\u00f5es dos residentes sobre a nossa cidade<\/li>\n<li>Atratitividade tur\u00edstica de Ouro Preto<\/li>\n<li>Gest\u00e3o por Categorias<\/li>\n<li>Marketing banc\u00e1rio e iniciativas de responsabilidade social: o que h\u00e1 por tr\u00e1s do discurso<\/li>\n<li>Estudos de Comunica\u00e7\u00e3o e Marketing em Turismo\/Lazer<\/li>\n<\/ul>\n","protected":false},"excerpt":{"rendered":"<p>Projetos em Andamento O Marketing de Museus como Instrumento de Inclus\u00e3o e Cidadania: Aumentando Aprendizagem, a Satisfa\u00e7\u00e3o e a Recomenda\u00e7\u00e3o de Visitantes Estudos de comunica\u00e7\u00e3o e marketing em turismo\/lazer Marketing &hellip; <a href=\"https:\/\/pesquisas.face.ufmg.br\/neecim-tur\/trabalhos-academicos\/\" class=\"more-link\">Continue reading <span class=\"screen-reader-text\">Trabalhos Acad\u00eamicos<\/span><\/a><\/p>\n","protected":false},"author":1,"featured_media":0,"parent":0,"menu_order":0,"comment_status":"closed","ping_status":"closed","template":"","meta":{"_crdt_document":"","_exactmetrics_skip_tracking":false,"_exactmetrics_sitenote_active":false,"_exactmetrics_sitenote_note":"","_exactmetrics_sitenote_category":0,"footnotes":""},"class_list":["post-15","page","type-page","status-publish","hentry"],"_links":{"self":[{"href":"https:\/\/pesquisas.face.ufmg.br\/neecim-tur\/wp-json\/wp\/v2\/pages\/15","targetHints":{"allow":["GET"]}}],"collection":[{"href":"https:\/\/pesquisas.face.ufmg.br\/neecim-tur\/wp-json\/wp\/v2\/pages"}],"about":[{"href":"https:\/\/pesquisas.face.ufmg.br\/neecim-tur\/wp-json\/wp\/v2\/types\/page"}],"author":[{"embeddable":true,"href":"https:\/\/pesquisas.face.ufmg.br\/neecim-tur\/wp-json\/wp\/v2\/users\/1"}],"replies":[{"embeddable":true,"href":"https:\/\/pesquisas.face.ufmg.br\/neecim-tur\/wp-json\/wp\/v2\/comments?post=15"}],"version-history":[{"count":1,"href":"https:\/\/pesquisas.face.ufmg.br\/neecim-tur\/wp-json\/wp\/v2\/pages\/15\/revisions"}],"predecessor-version":[{"id":17,"href":"https:\/\/pesquisas.face.ufmg.br\/neecim-tur\/wp-json\/wp\/v2\/pages\/15\/revisions\/17"}],"wp:attachment":[{"href":"https:\/\/pesquisas.face.ufmg.br\/neecim-tur\/wp-json\/wp\/v2\/media?parent=15"}],"curies":[{"name":"wp","href":"https:\/\/api.w.org\/{rel}","templated":true}]}}