{"id":12,"date":"2015-11-12T18:11:05","date_gmt":"2015-11-12T18:11:05","guid":{"rendered":"http:\/\/pesquisas.face.ufmg.br\/neecim-tur\/?page_id=12"},"modified":"2016-01-06T23:35:08","modified_gmt":"2016-01-06T23:35:08","slug":"linhas-de-pesquisa","status":"publish","type":"page","link":"https:\/\/pesquisas.face.ufmg.br\/neecim-tur\/linhas-de-pesquisa\/","title":{"rendered":"Linhas de pesquisa"},"content":{"rendered":"<ul>\n<li>O NEECIM-TUR atua, no Cepead, em duas linhas, Estrat\u00e9gia, Inova\u00e7\u00e3o e Marketing (EIM) e Gest\u00e3o de Opera\u00e7\u00f5es e Log\u00edstica (GOL). Os temas de interesse de pesquisa do N\u00facleo, abordados em ambas as linhas em que se insere, \u00a0 abrangem os seguintes aspectos (embora n\u00e3o se restrinjam a eles):\n<ul>\n<li>Marketing Tur\u00edstico<\/li>\n<li>Marketing de Relacionamento<\/li>\n<li>Marketing de Servi\u00e7os<\/li>\n<li>Estrat\u00e9gias de Comunica\u00e7\u00e3o de Marketing<\/li>\n<li>Gest\u00e3o da Comunica\u00e7\u00e3o em Turismo<\/li>\n<li>Gest\u00e3o da Comunica\u00e7\u00e3o Mercadol\u00f3gica<\/li>\n<li>Marketing na era digital<\/li>\n<li>Responsabilidade social e ambiental no marketing<\/li>\n<li>Qualidade dos servi\u00e7os<\/li>\n<li>Branding<\/li>\n<\/ul>\n<\/li>\n<\/ul>\n","protected":false},"excerpt":{"rendered":"<p>O NEECIM-TUR atua, no Cepead, em duas linhas, Estrat\u00e9gia, Inova\u00e7\u00e3o e Marketing (EIM) e Gest\u00e3o de Opera\u00e7\u00f5es e Log\u00edstica (GOL). Os temas de interesse de pesquisa do N\u00facleo, abordados em &hellip; <a href=\"https:\/\/pesquisas.face.ufmg.br\/neecim-tur\/linhas-de-pesquisa\/\" class=\"more-link\">Continue reading <span class=\"screen-reader-text\">Linhas de pesquisa<\/span><\/a><\/p>\n","protected":false},"author":1,"featured_media":0,"parent":0,"menu_order":0,"comment_status":"closed","ping_status":"closed","template":"","meta":{"_crdt_document":"","_exactmetrics_skip_tracking":false,"_exactmetrics_sitenote_active":false,"_exactmetrics_sitenote_note":"","_exactmetrics_sitenote_category":0,"footnotes":""},"class_list":["post-12","page","type-page","status-publish","hentry"],"_links":{"self":[{"href":"https:\/\/pesquisas.face.ufmg.br\/neecim-tur\/wp-json\/wp\/v2\/pages\/12","targetHints":{"allow":["GET"]}}],"collection":[{"href":"https:\/\/pesquisas.face.ufmg.br\/neecim-tur\/wp-json\/wp\/v2\/pages"}],"about":[{"href":"https:\/\/pesquisas.face.ufmg.br\/neecim-tur\/wp-json\/wp\/v2\/types\/page"}],"author":[{"embeddable":true,"href":"https:\/\/pesquisas.face.ufmg.br\/neecim-tur\/wp-json\/wp\/v2\/users\/1"}],"replies":[{"embeddable":true,"href":"https:\/\/pesquisas.face.ufmg.br\/neecim-tur\/wp-json\/wp\/v2\/comments?post=12"}],"version-history":[{"count":3,"href":"https:\/\/pesquisas.face.ufmg.br\/neecim-tur\/wp-json\/wp\/v2\/pages\/12\/revisions"}],"predecessor-version":[{"id":85,"href":"https:\/\/pesquisas.face.ufmg.br\/neecim-tur\/wp-json\/wp\/v2\/pages\/12\/revisions\/85"}],"wp:attachment":[{"href":"https:\/\/pesquisas.face.ufmg.br\/neecim-tur\/wp-json\/wp\/v2\/media?parent=12"}],"curies":[{"name":"wp","href":"https:\/\/api.w.org\/{rel}","templated":true}]}}