{"id":2,"date":"2015-11-05T17:11:14","date_gmt":"2015-11-05T17:11:14","guid":{"rendered":"http:\/\/pesquisas.face.ufmg.br\/nec-gprt\/?page_id=2"},"modified":"2015-11-05T17:21:29","modified_gmt":"2015-11-05T17:21:29","slug":"pagina-exemplo","status":"publish","type":"page","link":"https:\/\/pesquisas.face.ufmg.br\/nectrama\/","title":{"rendered":"O N\u00facleo"},"content":{"rendered":"<p>O Nec-GPRT prop\u00f5e-se como espa\u00e7o interdisciplinar de constru\u00e7\u00e3o de um conhecimento cient\u00edfico comprometido com a possibilidade do devir da emancipa\u00e7\u00e3o humana dentro do escopo de duas grandes \u00e1reas tem\u00e1ticas das Ci\u00eancias Administrativas, a Gest\u00e3o de Pessoas e as Rela\u00e7\u00f5es de Trabalho. Para tanto, tem como interesses centrais: 1) a an\u00e1lise cr\u00edtica das teorias e t\u00e9cnicas desenvolvidas com o objetivo de maximiza\u00e7\u00e3o da produtividade da for\u00e7a subjetiva de trabalho e seus desdobramentos sobre a constitui\u00e7\u00e3o da subjetividade do trabalhador; e, 2) as rela\u00e7\u00f5es sociais estabelecidas nas inst\u00e2ncias pol\u00edtica e cultural que s\u00e3o engendradas pela necessidade hist\u00f3rica do controle do processo de trabalho sob o modo antag\u00f4nico da sociabilidade humana. Os pesquisadores do Nec-GPRT buscam compreender as rela\u00e7\u00f5es rec\u00edprocas entre as duas \u00e1reas tem\u00e1ticas, agregando em suas pesquisas aspectos filos\u00f3ficos, sociol\u00f3gicos, psicol\u00f3gicos e econ\u00f4micos que possibilitem a compreens\u00e3o dos fen\u00f4menos estudados em sua totalidade, historicidade e materialidade, conferindo dessa forma um car\u00e1ter radical (ir \u00e0 raiz de) \u00e0 cr\u00edtica.<\/p>\n<p>O Nec-GPRT constitui-se tamb\u00e9m como espa\u00e7o de converg\u00eancia de discuss\u00f5es efetuadas em dois grupos de pesquisa registrados no CNPq por meio dos pesquisadores reunidos nesse N\u00facleo, bem como por pesquisadores individuais que tencionam colaborar com a forma\u00e7\u00e3o e consolida\u00e7\u00e3o de um pensamento cr\u00edtico na \u00e1rea de Gest\u00e3o de Pessoas e Rela\u00e7\u00f5es de Trabalho. Os Grupos s\u00e3o: TraMa (Trabalho e Marxismo) e EPPEO (Economia Pol\u00edtica do Poder em Estudos Organizacionais).<\/p>\n","protected":false},"excerpt":{"rendered":"<p>O Nec-GPRT prop\u00f5e-se como espa\u00e7o interdisciplinar de constru\u00e7\u00e3o de um conhecimento cient\u00edfico comprometido com a possibilidade do devir da emancipa\u00e7\u00e3o humana dentro do escopo de duas grandes \u00e1reas tem\u00e1ticas das &hellip; <a href=\"https:\/\/pesquisas.face.ufmg.br\/nectrama\/\" class=\"more-link\">Continue reading <span class=\"screen-reader-text\">O N\u00facleo<\/span><\/a><\/p>\n","protected":false},"author":1,"featured_media":0,"parent":0,"menu_order":0,"comment_status":"closed","ping_status":"closed","template":"","meta":{"_crdt_document":"","_exactmetrics_skip_tracking":false,"_exactmetrics_sitenote_active":false,"_exactmetrics_sitenote_note":"","_exactmetrics_sitenote_category":0,"footnotes":""},"class_list":["post-2","page","type-page","status-publish","hentry"],"_links":{"self":[{"href":"https:\/\/pesquisas.face.ufmg.br\/nectrama\/wp-json\/wp\/v2\/pages\/2","targetHints":{"allow":["GET"]}}],"collection":[{"href":"https:\/\/pesquisas.face.ufmg.br\/nectrama\/wp-json\/wp\/v2\/pages"}],"about":[{"href":"https:\/\/pesquisas.face.ufmg.br\/nectrama\/wp-json\/wp\/v2\/types\/page"}],"author":[{"embeddable":true,"href":"https:\/\/pesquisas.face.ufmg.br\/nectrama\/wp-json\/wp\/v2\/users\/1"}],"replies":[{"embeddable":true,"href":"https:\/\/pesquisas.face.ufmg.br\/nectrama\/wp-json\/wp\/v2\/comments?post=2"}],"version-history":[{"count":1,"href":"https:\/\/pesquisas.face.ufmg.br\/nectrama\/wp-json\/wp\/v2\/pages\/2\/revisions"}],"predecessor-version":[{"id":7,"href":"https:\/\/pesquisas.face.ufmg.br\/nectrama\/wp-json\/wp\/v2\/pages\/2\/revisions\/7"}],"wp:attachment":[{"href":"https:\/\/pesquisas.face.ufmg.br\/nectrama\/wp-json\/wp\/v2\/media?parent=2"}],"curies":[{"name":"wp","href":"https:\/\/api.w.org\/{rel}","templated":true}]}}