{"id":17,"date":"2015-11-05T17:40:32","date_gmt":"2015-11-05T17:40:32","guid":{"rendered":"http:\/\/pesquisas.face.ufmg.br\/nec-gprt\/?page_id=17"},"modified":"2015-11-05T17:42:24","modified_gmt":"2015-11-05T17:42:24","slug":"participantes","status":"publish","type":"page","link":"https:\/\/pesquisas.face.ufmg.br\/nectrama\/participantes\/","title":{"rendered":"Participantes"},"content":{"rendered":"<h3>Coordenadora do N\u00facleo<\/h3>\n<p>Deise Luiza da Silva Ferraz, Dra.(Coordenadora) <br \/>email: deiseluiza@face.ufmg.br  <br \/>Telefone: 55-31-34097241<\/p>\n<h3>Pesquisadores Colaboradores de Outros N\u00facleos do Cepead<\/h3>\n<p>Kely Paiva, Dra. \u2013 UFMG<\/p>\n<p>Marcos de Moura Paula \u2013 Universidade Federal de Minas Gerais<\/p>\n<p>Aritana Souza Dutra de Melo &#8211; IFPI (instituto Federal do Piaui)<\/p>\n<h3>Estudantes de Doutorado do Cepead<\/h3>\n<p>Aline F\u00e1bia Guerra<\/p>\n<h3>Estudantes de Mestrado do Cepead<\/h3>\n<p>Marcos de Moura Paula \u2013 Universidade Federal de Minas Gerais<\/p>\n<p>Aritana Souza Dutra de Melo&nbsp;\u2013 Universidade Federal de Minas Gerais<\/p>\n<p>Patricia Abreu&nbsp;\u2013 Universidade Federal de Minas Gerais<\/p>\n<h3>Bolsista de Inicia\u00e7\u00e3o Cient\u00edfica<\/h3>\n<p>Lucas Gomes \u2013 Universidade Federal de Minas Gerais<\/p>\n<p>Henrique Coelho &#8211;&nbsp;Universidade Federal de Minas Gerais<\/p>\n<h3>Pesquisadores Colaboradores de Outras Institui\u00e7\u00f5es<\/h3>\n<p>Andrea Oltramari, Dra. \u2013 Universidade de Passo Fundo<\/p>\n<p>Elcemir Pa\u00e7o-Cunha, Dr. \u2013 Universidade Federal de Juiz de Fora<\/p>\n<p>Wescley Xavier, Dr \u2013 Faculdade de Administra\u00e7\u00e3o de Cataguases<\/p>\n<p>Renata Bicalho, Ms. \u2013 Universidade Federal de Juiz de Fora<\/p>\n<p>Val\u00e9ria Marucchi Martoni, Ms. \u2013 Universidade Federal de Ouro Preto<\/p>\n<p>Glauco L. Ara\u00fajo, Ms. \u2013 Universidade de Passo Fundo<\/p>\n<p>Joana Freitas, Ms. \u2013 Universidade Federal do Paran\u00e1<\/p>\n<p>Daniela Chamberlain, Ms. \u2013 Fae Centro Universit\u00e1rio<\/p>\n","protected":false},"excerpt":{"rendered":"<p>Coordenadora do N\u00facleo Deise Luiza da Silva Ferraz, Dra.(Coordenadora) email: deiseluiza@face.ufmg.br Telefone: 55-31-34097241 Pesquisadores Colaboradores de Outros N\u00facleos do Cepead Kely Paiva, Dra. \u2013 UFMG Marcos de Moura Paula \u2013 &hellip; <a href=\"https:\/\/pesquisas.face.ufmg.br\/nectrama\/participantes\/\" class=\"more-link\">Continue reading <span class=\"screen-reader-text\">Participantes<\/span><\/a><\/p>\n","protected":false},"author":1,"featured_media":0,"parent":0,"menu_order":0,"comment_status":"closed","ping_status":"closed","template":"","meta":{"_crdt_document":"","_exactmetrics_skip_tracking":false,"_exactmetrics_sitenote_active":false,"_exactmetrics_sitenote_note":"","_exactmetrics_sitenote_category":0,"footnotes":""},"class_list":["post-17","page","type-page","status-publish","hentry"],"_links":{"self":[{"href":"https:\/\/pesquisas.face.ufmg.br\/nectrama\/wp-json\/wp\/v2\/pages\/17","targetHints":{"allow":["GET"]}}],"collection":[{"href":"https:\/\/pesquisas.face.ufmg.br\/nectrama\/wp-json\/wp\/v2\/pages"}],"about":[{"href":"https:\/\/pesquisas.face.ufmg.br\/nectrama\/wp-json\/wp\/v2\/types\/page"}],"author":[{"embeddable":true,"href":"https:\/\/pesquisas.face.ufmg.br\/nectrama\/wp-json\/wp\/v2\/users\/1"}],"replies":[{"embeddable":true,"href":"https:\/\/pesquisas.face.ufmg.br\/nectrama\/wp-json\/wp\/v2\/comments?post=17"}],"version-history":[{"count":2,"href":"https:\/\/pesquisas.face.ufmg.br\/nectrama\/wp-json\/wp\/v2\/pages\/17\/revisions"}],"predecessor-version":[{"id":20,"href":"https:\/\/pesquisas.face.ufmg.br\/nectrama\/wp-json\/wp\/v2\/pages\/17\/revisions\/20"}],"wp:attachment":[{"href":"https:\/\/pesquisas.face.ufmg.br\/nectrama\/wp-json\/wp\/v2\/media?parent=17"}],"curies":[{"name":"wp","href":"https:\/\/api.w.org\/{rel}","templated":true}]}}