{"id":14,"date":"2015-11-05T17:39:05","date_gmt":"2015-11-05T17:39:05","guid":{"rendered":"http:\/\/pesquisas.face.ufmg.br\/nec-gprt\/?page_id=14"},"modified":"2015-11-05T17:39:05","modified_gmt":"2015-11-05T17:39:05","slug":"projetos-de-pesquisa","status":"publish","type":"page","link":"https:\/\/pesquisas.face.ufmg.br\/nectrama\/projetos-de-pesquisa\/","title":{"rendered":"Projetos de Pesquisa"},"content":{"rendered":"<h3>Pesquisas em Andamento<\/h3>\n<ul>\n<li>A Subjetividade Coletiva Dos Trabalhadores Grevista: Um Estudo na Grande Belo Horizonte (Linha de Pesquisa: Modelos Produtivos, Rela\u00e7\u00f5es e Organiza\u00e7\u00e3o do Trabalho). \u2013 Com financiamento<\/li>\n<li>\u201cLeia O Manual! De Pessoas?\u201d: Um Estudo Sobre a Forma\u00e7\u00e3o do Jovem Administrador de Recursos Humanos em \u00c9poca de Bacharelados e Tecn\u00f3logos (Linha de Pesquisa: Trabalho, Subjetividade e Superestrutura Ideol\u00f3gica).<\/li>\n<li>A Individualidade Moderna nas Media\u00e7\u00f5es Sociais (Linha de Pesquisa: Formas Coletivistas de Gest\u00e3o, Poder e Trabalho).<\/li>\n<li>\u201cManifEst(ud)antes\u201d: a forma\u00e7\u00e3o pol\u00edtica e\/ou de m\u00e3o de obra especializada?<\/li>\n<li>Desenvolvimento Social Equ\u00e2nime e Aut\u00f4nomo: as Contribui\u00e7\u00f5es de Tragtenberg para os Estudos das Contradi\u00e7\u00f5es da Autogest\u00e3o nas Pol\u00edticas P\u00fablicas de Gera\u00e7\u00e3o de Trabalho e Renda (IPEA\/CAPES: Edital 01\/2010 &#8211; Processo 177\/2010)<\/li>\n<li>Feminino em A\u00e7\u00e3o : O Movimento de Constitui\u00e7\u00e3o da Consci\u00eancia (CNPQ: Edital 20\/2010 &#8211; Processo: 402541\/2010-3)<\/li>\n<\/ul>\n","protected":false},"excerpt":{"rendered":"<p>Pesquisas em Andamento A Subjetividade Coletiva Dos Trabalhadores Grevista: Um Estudo na Grande Belo Horizonte (Linha de Pesquisa: Modelos Produtivos, Rela\u00e7\u00f5es e Organiza\u00e7\u00e3o do Trabalho). \u2013 Com financiamento \u201cLeia O &hellip; <a href=\"https:\/\/pesquisas.face.ufmg.br\/nectrama\/projetos-de-pesquisa\/\" class=\"more-link\">Continue reading <span class=\"screen-reader-text\">Projetos de Pesquisa<\/span><\/a><\/p>\n","protected":false},"author":1,"featured_media":0,"parent":0,"menu_order":0,"comment_status":"closed","ping_status":"closed","template":"","meta":{"_crdt_document":"","_exactmetrics_skip_tracking":false,"_exactmetrics_sitenote_active":false,"_exactmetrics_sitenote_note":"","_exactmetrics_sitenote_category":0,"footnotes":""},"class_list":["post-14","page","type-page","status-publish","hentry"],"_links":{"self":[{"href":"https:\/\/pesquisas.face.ufmg.br\/nectrama\/wp-json\/wp\/v2\/pages\/14","targetHints":{"allow":["GET"]}}],"collection":[{"href":"https:\/\/pesquisas.face.ufmg.br\/nectrama\/wp-json\/wp\/v2\/pages"}],"about":[{"href":"https:\/\/pesquisas.face.ufmg.br\/nectrama\/wp-json\/wp\/v2\/types\/page"}],"author":[{"embeddable":true,"href":"https:\/\/pesquisas.face.ufmg.br\/nectrama\/wp-json\/wp\/v2\/users\/1"}],"replies":[{"embeddable":true,"href":"https:\/\/pesquisas.face.ufmg.br\/nectrama\/wp-json\/wp\/v2\/comments?post=14"}],"version-history":[{"count":1,"href":"https:\/\/pesquisas.face.ufmg.br\/nectrama\/wp-json\/wp\/v2\/pages\/14\/revisions"}],"predecessor-version":[{"id":16,"href":"https:\/\/pesquisas.face.ufmg.br\/nectrama\/wp-json\/wp\/v2\/pages\/14\/revisions\/16"}],"wp:attachment":[{"href":"https:\/\/pesquisas.face.ufmg.br\/nectrama\/wp-json\/wp\/v2\/media?parent=14"}],"curies":[{"name":"wp","href":"https:\/\/api.w.org\/{rel}","templated":true}]}}