{"id":11,"date":"2015-11-05T17:24:45","date_gmt":"2015-11-05T17:24:45","guid":{"rendered":"http:\/\/pesquisas.face.ufmg.br\/nec-gprt\/?page_id=11"},"modified":"2015-11-05T17:38:10","modified_gmt":"2015-11-05T17:38:10","slug":"linhas-de-pesquisa","status":"publish","type":"page","link":"https:\/\/pesquisas.face.ufmg.br\/nectrama\/linhas-de-pesquisa\/","title":{"rendered":"Linhas de pesquisa"},"content":{"rendered":"<p>O Nec-GPRT \u00e9 constitu\u00eddo por cinco linhas de pesquisa que se complementam, s\u00e3o elas:<\/p>\n<ol>\n<li>Trabalho, Subjetividade e Superestrutura Ideol\u00f3gica;<\/li>\n<li>Modelos Produtivos, Rela\u00e7\u00f5es e Organiza\u00e7\u00e3o do Trabalho;<\/li>\n<li>Marxologia e Estudos Marxistas em Gest\u00e3o de Pessoas e Rela\u00e7\u00f5es de Trabalho;<\/li>\n<li>Formas Coletivistas de Gest\u00e3o, Poder e Trabalho;<\/li>\n<li>Estado, Poder e Pol\u00edticas P\u00fablicas de Trabalho e Educa\u00e7\u00e3o.<\/li>\n<\/ol>\n","protected":false},"excerpt":{"rendered":"<p>O Nec-GPRT \u00e9 constitu\u00eddo por cinco linhas de pesquisa que se complementam, s\u00e3o elas: Trabalho, Subjetividade e Superestrutura Ideol\u00f3gica; Modelos Produtivos, Rela\u00e7\u00f5es e Organiza\u00e7\u00e3o do Trabalho; Marxologia e Estudos Marxistas &hellip; <a href=\"https:\/\/pesquisas.face.ufmg.br\/nectrama\/linhas-de-pesquisa\/\" class=\"more-link\">Continue reading <span class=\"screen-reader-text\">Linhas de pesquisa<\/span><\/a><\/p>\n","protected":false},"author":1,"featured_media":0,"parent":0,"menu_order":0,"comment_status":"closed","ping_status":"closed","template":"","meta":{"_crdt_document":"","_exactmetrics_skip_tracking":false,"_exactmetrics_sitenote_active":false,"_exactmetrics_sitenote_note":"","_exactmetrics_sitenote_category":0,"footnotes":""},"class_list":["post-11","page","type-page","status-publish","hentry"],"_links":{"self":[{"href":"https:\/\/pesquisas.face.ufmg.br\/nectrama\/wp-json\/wp\/v2\/pages\/11","targetHints":{"allow":["GET"]}}],"collection":[{"href":"https:\/\/pesquisas.face.ufmg.br\/nectrama\/wp-json\/wp\/v2\/pages"}],"about":[{"href":"https:\/\/pesquisas.face.ufmg.br\/nectrama\/wp-json\/wp\/v2\/types\/page"}],"author":[{"embeddable":true,"href":"https:\/\/pesquisas.face.ufmg.br\/nectrama\/wp-json\/wp\/v2\/users\/1"}],"replies":[{"embeddable":true,"href":"https:\/\/pesquisas.face.ufmg.br\/nectrama\/wp-json\/wp\/v2\/comments?post=11"}],"version-history":[{"count":1,"href":"https:\/\/pesquisas.face.ufmg.br\/nectrama\/wp-json\/wp\/v2\/pages\/11\/revisions"}],"predecessor-version":[{"id":13,"href":"https:\/\/pesquisas.face.ufmg.br\/nectrama\/wp-json\/wp\/v2\/pages\/11\/revisions\/13"}],"wp:attachment":[{"href":"https:\/\/pesquisas.face.ufmg.br\/nectrama\/wp-json\/wp\/v2\/media?parent=11"}],"curies":[{"name":"wp","href":"https:\/\/api.w.org\/{rel}","templated":true}]}}