{"id":7,"date":"2015-11-12T14:06:56","date_gmt":"2015-11-12T14:06:56","guid":{"rendered":"http:\/\/pesquisas.face.ufmg.br\/necop\/?page_id=7"},"modified":"2015-11-12T14:06:56","modified_gmt":"2015-11-12T14:06:56","slug":"objetivos-e-atuacao","status":"publish","type":"page","link":"https:\/\/pesquisas.face.ufmg.br\/necop\/objetivos-e-atuacao\/","title":{"rendered":"Objetivos e atua\u00e7\u00e3o"},"content":{"rendered":"<p>Tendo como objetivo principal a compreens\u00e3o do comportamento das pessoas no \u00e2mbito das organiza\u00e7\u00f5es contempor\u00e2neas, o NECOP prop\u00f5e:<\/p>\n<ul>\n<li>conduzir pesquisas diferenciadas, considerando-se seus temas, enfoques e abordagens metodol\u00f3gicas;<\/li>\n<li>promover forma\u00e7\u00e3o de profissionais, por meio de orienta\u00e7\u00e3o de alunos em n\u00edvel de gradua\u00e7\u00e3o e p\u00f3s-gradua\u00e7\u00e3o, stritu e lato senso;<\/li>\n<li>desenvolver e disseminar conhecimento, por meio de pesquisas, publica\u00e7\u00f5es e participa\u00e7\u00e3o em eventos, acad\u00eamicos e n\u00e3o-acad\u00eamicos, nacionais e internacionais;<\/li>\n<li>promover aproxima\u00e7\u00e3o com a sociedade e o mercado, por meio de cursos de extens\u00e3o e consultorias, em suas \u00e1reas de expertise;<\/li>\n<li>promover aproxima\u00e7\u00e3o com outros pesquisadores e institui\u00e7\u00f5es, nacionais e internacionais, visando a manuten\u00e7\u00e3o das atividades anteriores.<\/li>\n<\/ul>\n","protected":false},"excerpt":{"rendered":"<p>Tendo como objetivo principal a compreens\u00e3o do comportamento das pessoas no \u00e2mbito das organiza\u00e7\u00f5es contempor\u00e2neas, o NECOP prop\u00f5e: conduzir pesquisas diferenciadas, considerando-se seus temas, enfoques e abordagens metodol\u00f3gicas; promover forma\u00e7\u00e3o &hellip; <a href=\"https:\/\/pesquisas.face.ufmg.br\/necop\/objetivos-e-atuacao\/\" class=\"more-link\">Continue reading <span class=\"screen-reader-text\">Objetivos e atua\u00e7\u00e3o<\/span><\/a><\/p>\n","protected":false},"author":1,"featured_media":0,"parent":0,"menu_order":0,"comment_status":"closed","ping_status":"closed","template":"","meta":{"_crdt_document":"","_exactmetrics_skip_tracking":false,"_exactmetrics_sitenote_active":false,"_exactmetrics_sitenote_note":"","_exactmetrics_sitenote_category":0,"footnotes":""},"class_list":["post-7","page","type-page","status-publish","hentry"],"_links":{"self":[{"href":"https:\/\/pesquisas.face.ufmg.br\/necop\/wp-json\/wp\/v2\/pages\/7","targetHints":{"allow":["GET"]}}],"collection":[{"href":"https:\/\/pesquisas.face.ufmg.br\/necop\/wp-json\/wp\/v2\/pages"}],"about":[{"href":"https:\/\/pesquisas.face.ufmg.br\/necop\/wp-json\/wp\/v2\/types\/page"}],"author":[{"embeddable":true,"href":"https:\/\/pesquisas.face.ufmg.br\/necop\/wp-json\/wp\/v2\/users\/1"}],"replies":[{"embeddable":true,"href":"https:\/\/pesquisas.face.ufmg.br\/necop\/wp-json\/wp\/v2\/comments?post=7"}],"version-history":[{"count":1,"href":"https:\/\/pesquisas.face.ufmg.br\/necop\/wp-json\/wp\/v2\/pages\/7\/revisions"}],"predecessor-version":[{"id":9,"href":"https:\/\/pesquisas.face.ufmg.br\/necop\/wp-json\/wp\/v2\/pages\/7\/revisions\/9"}],"wp:attachment":[{"href":"https:\/\/pesquisas.face.ufmg.br\/necop\/wp-json\/wp\/v2\/media?parent=7"}],"curies":[{"name":"wp","href":"https:\/\/api.w.org\/{rel}","templated":true}]}}