{"id":17,"date":"2015-11-12T16:36:14","date_gmt":"2015-11-12T16:36:14","guid":{"rendered":"http:\/\/pesquisas.face.ufmg.br\/necop\/?page_id=17"},"modified":"2015-11-12T16:36:14","modified_gmt":"2015-11-12T16:36:14","slug":"participantes","status":"publish","type":"page","link":"https:\/\/pesquisas.face.ufmg.br\/necop\/participantes\/","title":{"rendered":"Participantes"},"content":{"rendered":"<h3>Coordenadora do N\u00facleo<\/h3>\n<ul>\n<li>Kely C\u00e9sar Martins de Paiva, Dra.<br \/> Telefone: 55-31-34097245<\/li>\n<\/ul>\n<h3>Pesquisadores Colaboradores de Outros N\u00facleos do Cepead<\/h3>\n<ul>\n<li>Ant\u00f4nio Del Maestro, Dr. \u2013 Universidade Federal de Minas Gerais<\/li>\n<li>Deise Luiza da Silva Ferraz, Dra. \u2013 Universidade Federal de Minas Gerais<\/li>\n<li>Luiz Alex Silva Saraiva, Dr. \u2013 Universidade Federal de Minas Gerais<\/li>\n<\/ul>\n<h3>Estudantes de Mestrado do Cepead<\/h3>\n<ul>\n<li>David Franco \u2013 Universidade Federal de Minas Gerais<\/li>\n<li>Etienne Barbosa da Silva Moreira \u2013 Universidade Federal de Minas Gerais<\/li>\n<li>Michelle Rocha \u2013 Universidade Federal de Minas Gerais<\/li>\n<li>Juliana Est\u00e1cio Rios \u2013 Universidade Federal de Minas Gerais<\/li>\n<li>Alice de Freitas Oleto \u2013 Universidade Federal de Minas Gerais<\/li>\n<li>Deise Silva de Oliveira Nilles \u2013 Universidade Federal de Minas Gerais<\/li>\n<li>Lucas Tadeu Alves Pereira&nbsp;\u2013 Universidade Federal de Minas Gerais<\/li>\n<\/ul>\n<h3>Estudantes de Doutorado do Cepead<\/h3>\n<ul>\n<li>Maria Angela Nascimento Gomes\u2013 Universidade Federal de Minas Gerais, Universidade Federal de Lavras<\/li>\n<li>Jesu\u00edna Maria Pereira Ferreira \u2013 Universidade Federal de Minas Gerais<\/li>\n<\/ul>\n<h3>Bolsistas de Inicia\u00e7\u00e3o Cient\u00edfica<\/h3>\n<ul>\n<li>Jennifer Fernandes dos Reis&nbsp;\u2013 Universidade Federal de Minas Gerais, FAPEMIG<\/li>\n<li>Stef\u00e2nia de Castro Helmold&nbsp;\u2013 Universidade Federal de Minas Gerais, PIBIC<\/li>\n<\/ul>\n<h3>Pesquisadores Colaboradores de Outras Institui\u00e7\u00f5es<\/h3>\n<ul>\n<li>Andr\u00e9ia Poleto Oltramari, Dra. \u2013 Universidade de Passo Fundo<\/li>\n<li>Denise Clementino de Souza, Dra. \u2013 Universidade Federal de Pernambuco<\/li>\n<li>Diogo Henrique Helal, Dr. \u2013 Universidade Federal da Para\u00edba<\/li>\n<li>Fl\u00e1via Naves, Dra. \u2013 Universidade Federal de Lavras<\/li>\n<li>Jair Nascimento Santos, Dr. \u2013 UNIFACS<\/li>\n<li>Janete Fernandes Silva, Dra. \u2013 Universidade Federal do Mato Grosso<\/li>\n<li>Jos\u00e9 Ricardo da Costa Mendon\u00e7a, Dr. \u2013 Universidade Federal de Pernambuco<\/li>\n<li>Marlene Catarina de Oliveira Lopes Melo, Dra. \u2013 Faculdade Novos Horizontes<\/li>\n<li>M\u00f4nica Carvalho Alves Cappelle, Dra. \u2013 Universidade Federal de Lavras<\/li>\n<li>Michelle Regina Santana Dutra, Ms. \u2013 UNI-BH<\/li>\n<\/ul>\n<h3>Pesquisadores Volunt\u00e1rios<\/h3>\n<ul>\n<li>Mariana Branquinho Macedo, administradora (UFMG, 2014)<\/li>\n<li>Roberto Moreira Junior, graduando em Administra\u00e7\u00e3o (UFMG)<\/li>\n<\/ul>\n","protected":false},"excerpt":{"rendered":"<p>Coordenadora do N\u00facleo Kely C\u00e9sar Martins de Paiva, Dra. Telefone: 55-31-34097245 Pesquisadores Colaboradores de Outros N\u00facleos do Cepead Ant\u00f4nio Del Maestro, Dr. \u2013 Universidade Federal de Minas Gerais Deise Luiza &hellip; <a href=\"https:\/\/pesquisas.face.ufmg.br\/necop\/participantes\/\" class=\"more-link\">Continue reading <span class=\"screen-reader-text\">Participantes<\/span><\/a><\/p>\n","protected":false},"author":1,"featured_media":0,"parent":0,"menu_order":0,"comment_status":"closed","ping_status":"closed","template":"","meta":{"_crdt_document":"","_exactmetrics_skip_tracking":false,"_exactmetrics_sitenote_active":false,"_exactmetrics_sitenote_note":"","_exactmetrics_sitenote_category":0,"footnotes":""},"class_list":["post-17","page","type-page","status-publish","hentry"],"_links":{"self":[{"href":"https:\/\/pesquisas.face.ufmg.br\/necop\/wp-json\/wp\/v2\/pages\/17","targetHints":{"allow":["GET"]}}],"collection":[{"href":"https:\/\/pesquisas.face.ufmg.br\/necop\/wp-json\/wp\/v2\/pages"}],"about":[{"href":"https:\/\/pesquisas.face.ufmg.br\/necop\/wp-json\/wp\/v2\/types\/page"}],"author":[{"embeddable":true,"href":"https:\/\/pesquisas.face.ufmg.br\/necop\/wp-json\/wp\/v2\/users\/1"}],"replies":[{"embeddable":true,"href":"https:\/\/pesquisas.face.ufmg.br\/necop\/wp-json\/wp\/v2\/comments?post=17"}],"version-history":[{"count":1,"href":"https:\/\/pesquisas.face.ufmg.br\/necop\/wp-json\/wp\/v2\/pages\/17\/revisions"}],"predecessor-version":[{"id":19,"href":"https:\/\/pesquisas.face.ufmg.br\/necop\/wp-json\/wp\/v2\/pages\/17\/revisions\/19"}],"wp:attachment":[{"href":"https:\/\/pesquisas.face.ufmg.br\/necop\/wp-json\/wp\/v2\/media?parent=17"}],"curies":[{"name":"wp","href":"https:\/\/api.w.org\/{rel}","templated":true}]}}