{"id":13,"date":"2015-11-12T14:08:35","date_gmt":"2015-11-12T14:08:35","guid":{"rendered":"http:\/\/pesquisas.face.ufmg.br\/necop\/?page_id=13"},"modified":"2015-11-12T16:32:26","modified_gmt":"2015-11-12T16:32:26","slug":"projetos-de-pesquisa","status":"publish","type":"page","link":"https:\/\/pesquisas.face.ufmg.br\/necop\/projetos-de-pesquisa\/","title":{"rendered":"Projetos de pesquisa"},"content":{"rendered":"<p>O NECOP abriga os seguintes projetos de pesquisa:<\/p>\n<h4>Em Andamento<\/h4>\n<ul>\n<li>Comportamento e Diversidade: um estudo de caso com empregados de call center. (FAPEMIG, Demanda Universal, 2013-2015, coordenadora)<\/li>\n<li>Forma\u00e7\u00e3o de compet\u00eancias profissionais em alunos de cursos superiores de IES mineiras: comparando percep\u00e7\u00f5es de docentes e discentes. (FAPEMIG, Demanda Universal, 2012-2014, pesquisadora)<\/li>\n<li>Comportamento organizacional: um estudo qualitativo com jovens trabalhadores. (PrPQ\/UFMG, 2014-2015, coordenadora)<\/li>\n<li>Comportamento organizacional: um estudo com jovens trabalhadores. (PrPQ\/UFMG, Probic, 2014-2015, coordenadora)<\/li>\n<li>Comportamento e Diversidade: um estudo de caso com empregados de call center. (FAPEMIG, PPM, 2014-2016, coordenadora)<\/li>\n<li>Educa\u00e7\u00e3o a dist\u00e2ncia e compet\u00eancias profissionais nos cursos de gradua\u00e7\u00e3o em administra\u00e7\u00e3o e ci\u00eancias cont\u00e1beis: percep\u00e7\u00f5es de discentes de uma institui\u00e7\u00e3o particular mineira. (sem financiamento, coordenadora)<\/li>\n<\/ul>\n<h4>Finalizados recentemente<\/h4>\n<ul>\n<li>Comportamento organizacional: um estudo com jovens trabalhadores. (PrPQ\/UFMG, Doutor rec\u00e9m-contratado, 2013-2014, coordenadora)<\/li>\n<li>Aproximando o atual do esperado &#8211; uma pesquisa aplicada sobre atitudes, compet\u00eancias e capacita\u00e7\u00e3o docente para o uso da EAD no ensino de Administra\u00e7\u00e3o na gradua\u00e7\u00e3o e na p\u00f3s-gradua\u00e7\u00e3o (CAPES, PRO-ADM, 2009-2013, pesquisadora)<\/li>\n<li>Compet\u00eancias Profissionais e Gest\u00e3o de Compet\u00eancias em Profiss\u00f5es na \u00c1rea de Sa\u00fade: um estudo com m\u00e9dicos e enfermeiros em Minas Gerais (FAPEMIG, PPP, 2009-2011, coordenadora)<\/li>\n<\/ul>\n","protected":false},"excerpt":{"rendered":"<p>O NECOP abriga os seguintes projetos de pesquisa: Em Andamento Comportamento e Diversidade: um estudo de caso com empregados de call center. (FAPEMIG, Demanda Universal, 2013-2015, coordenadora) Forma\u00e7\u00e3o de compet\u00eancias &hellip; <a href=\"https:\/\/pesquisas.face.ufmg.br\/necop\/projetos-de-pesquisa\/\" class=\"more-link\">Continue reading <span class=\"screen-reader-text\">Projetos de pesquisa<\/span><\/a><\/p>\n","protected":false},"author":1,"featured_media":0,"parent":0,"menu_order":0,"comment_status":"closed","ping_status":"closed","template":"","meta":{"_crdt_document":"","_exactmetrics_skip_tracking":false,"_exactmetrics_sitenote_active":false,"_exactmetrics_sitenote_note":"","_exactmetrics_sitenote_category":0,"footnotes":""},"class_list":["post-13","page","type-page","status-publish","hentry"],"_links":{"self":[{"href":"https:\/\/pesquisas.face.ufmg.br\/necop\/wp-json\/wp\/v2\/pages\/13","targetHints":{"allow":["GET"]}}],"collection":[{"href":"https:\/\/pesquisas.face.ufmg.br\/necop\/wp-json\/wp\/v2\/pages"}],"about":[{"href":"https:\/\/pesquisas.face.ufmg.br\/necop\/wp-json\/wp\/v2\/types\/page"}],"author":[{"embeddable":true,"href":"https:\/\/pesquisas.face.ufmg.br\/necop\/wp-json\/wp\/v2\/users\/1"}],"replies":[{"embeddable":true,"href":"https:\/\/pesquisas.face.ufmg.br\/necop\/wp-json\/wp\/v2\/comments?post=13"}],"version-history":[{"count":2,"href":"https:\/\/pesquisas.face.ufmg.br\/necop\/wp-json\/wp\/v2\/pages\/13\/revisions"}],"predecessor-version":[{"id":16,"href":"https:\/\/pesquisas.face.ufmg.br\/necop\/wp-json\/wp\/v2\/pages\/13\/revisions\/16"}],"wp:attachment":[{"href":"https:\/\/pesquisas.face.ufmg.br\/necop\/wp-json\/wp\/v2\/media?parent=13"}],"curies":[{"name":"wp","href":"https:\/\/api.w.org\/{rel}","templated":true}]}}