{"id":10,"date":"2015-11-12T14:07:29","date_gmt":"2015-11-12T14:07:29","guid":{"rendered":"http:\/\/pesquisas.face.ufmg.br\/necop\/?page_id=10"},"modified":"2015-11-12T14:07:29","modified_gmt":"2015-11-12T14:07:29","slug":"linhas-de-pesquisa","status":"publish","type":"page","link":"https:\/\/pesquisas.face.ufmg.br\/necop\/linhas-de-pesquisa\/","title":{"rendered":"Linhas de pesquisa"},"content":{"rendered":"<p>O NECOP \u00e9 constitu\u00eddo por duas linhas de pesquisa que se complementam, a saber:<\/p>\n<ul>\n<li>Comportamento Humano: estudos sobre temas intitulados \u201ccl\u00e1ssicos\u201d (como motiva\u00e7\u00e3o, processo decis\u00f3rio, lideran\u00e7a, comunica\u00e7\u00e3o, conflito, mudan\u00e7a e cultura), \u201ctradicionais\u201d (como qualidade de vida, estresse e comprometimento) e \u201cemergentes\u201d (como burnout, v\u00ednculos, atitudes retaliat\u00f3rias, justi\u00e7a organizacional, valores pessoais, organizacionais, do trabalho, profissionais, prazer e sofrimento no trabalho, dentre outros);<\/li>\n<li>Gest\u00e3o de Pessoas: estudos sobre atividades tradicionais (recrutamento e sele\u00e7\u00e3o, treinamento e desenvolvimento, remunera\u00e7\u00e3o e benef\u00edcios, cargos e carreiras, avalia\u00e7\u00e3o funcional, sa\u00fade e seguran\u00e7a ocupacional) e contempor\u00e2neas de gest\u00e3o de pessoas (compet\u00eancias profissionais e laborais, gest\u00e3o de\/por compet\u00eancias, diversidade, dentre outros), incluindo-se fun\u00e7\u00e3o gerencial.<\/li>\n<\/ul>\n","protected":false},"excerpt":{"rendered":"<p>O NECOP \u00e9 constitu\u00eddo por duas linhas de pesquisa que se complementam, a saber: Comportamento Humano: estudos sobre temas intitulados \u201ccl\u00e1ssicos\u201d (como motiva\u00e7\u00e3o, processo decis\u00f3rio, lideran\u00e7a, comunica\u00e7\u00e3o, conflito, mudan\u00e7a e &hellip; <a href=\"https:\/\/pesquisas.face.ufmg.br\/necop\/linhas-de-pesquisa\/\" class=\"more-link\">Continue reading <span class=\"screen-reader-text\">Linhas de pesquisa<\/span><\/a><\/p>\n","protected":false},"author":1,"featured_media":0,"parent":0,"menu_order":0,"comment_status":"closed","ping_status":"closed","template":"","meta":{"_crdt_document":"","_exactmetrics_skip_tracking":false,"_exactmetrics_sitenote_active":false,"_exactmetrics_sitenote_note":"","_exactmetrics_sitenote_category":0,"footnotes":""},"class_list":["post-10","page","type-page","status-publish","hentry"],"_links":{"self":[{"href":"https:\/\/pesquisas.face.ufmg.br\/necop\/wp-json\/wp\/v2\/pages\/10","targetHints":{"allow":["GET"]}}],"collection":[{"href":"https:\/\/pesquisas.face.ufmg.br\/necop\/wp-json\/wp\/v2\/pages"}],"about":[{"href":"https:\/\/pesquisas.face.ufmg.br\/necop\/wp-json\/wp\/v2\/types\/page"}],"author":[{"embeddable":true,"href":"https:\/\/pesquisas.face.ufmg.br\/necop\/wp-json\/wp\/v2\/users\/1"}],"replies":[{"embeddable":true,"href":"https:\/\/pesquisas.face.ufmg.br\/necop\/wp-json\/wp\/v2\/comments?post=10"}],"version-history":[{"count":1,"href":"https:\/\/pesquisas.face.ufmg.br\/necop\/wp-json\/wp\/v2\/pages\/10\/revisions"}],"predecessor-version":[{"id":12,"href":"https:\/\/pesquisas.face.ufmg.br\/necop\/wp-json\/wp\/v2\/pages\/10\/revisions\/12"}],"wp:attachment":[{"href":"https:\/\/pesquisas.face.ufmg.br\/necop\/wp-json\/wp\/v2\/media?parent=10"}],"curies":[{"name":"wp","href":"https:\/\/api.w.org\/{rel}","templated":true}]}}