{"id":2,"date":"2015-11-11T16:48:55","date_gmt":"2015-11-11T16:48:55","guid":{"rendered":"http:\/\/pesquisas.face.ufmg.br\/necom\/?page_id=2"},"modified":"2015-11-12T12:51:34","modified_gmt":"2015-11-12T12:51:34","slug":"pagina-exemplo","status":"publish","type":"page","link":"https:\/\/pesquisas.face.ufmg.br\/necom\/","title":{"rendered":"O N\u00facleo"},"content":{"rendered":"<p>O N\u00facleo, fundado em 1988, desenvolve pesquisa, ensino e consultoria em tr\u00eas grandes campos tem\u00e1ticos: Comportamento Humano nas Organiza\u00e7\u00f5es; Mudan\u00e7a e Desenvolvimento Organizacional; Gest\u00e3o de Pessoas. <\/p>\n<p>1. Comportamento Humano nas Organiza\u00e7\u00f5es: seus mais recentes estudos nesta \u00e1rea est\u00e3o centrados nos temas qualidade de vida, stress e comprometimento organizacional; motiva\u00e7\u00e3o, lideran\u00e7a, conflito e tomada de decis\u00e3o.<\/p>\n<p>2. Mudan\u00e7a e Desenvolvimento Organizacional: seus mais recentes estudos nesta \u00e1rea centram-se na compreens\u00e3o dos impactos das mudan\u00e7as organizacionais no clima, comprometimento, qualidade de vida, estresse e identidade e valores dos trabalhadores. Focaliza tamb\u00e9m a compreens\u00e3o de fatores que potencializam a resist\u00eancia individual \u00e0 mudan\u00e7a. <\/p>\n<p>3. Gest\u00e3o de Pessoas: seus mais recentes estudos est\u00e3o centrados na motiva\u00e7\u00e3o e desempenho, remunera\u00e7\u00e3o e carreira, treinamento e desenvolvimento, pol\u00edticas de capta\u00e7\u00e3o e movimenta\u00e7\u00e3o de pessoal, pol\u00edticas e estrat\u00e9gias de gest\u00e3o da sa\u00fade e seguran\u00e7a no trabalho, inclus\u00e3o de grupos minorit\u00e1rios no mercado de trabalho (g\u00eanero e carreira gerencial, portadores de defici\u00eancia \u2013 PPDs).<\/p>\n<p>Al\u00e9m da pesquisa, o N\u00facleo atua em programas de consultoria oferecendo cursos de capacita\u00e7\u00e3o e desenvolvimento de alta e m\u00e9dia gerencias, ressaltando as dimens\u00f5es da lideran\u00e7a organizacional, percep\u00e7\u00e3o, motiva\u00e7\u00e3o, administra\u00e7\u00e3o de conflitos e tomada de decis\u00e3o organizacional. O N\u00facleo vem realizando tamb\u00e9m consultoria em clima organizacional (com metodologia pr\u00f3pria), diagn\u00f3stico para mudan\u00e7a e inova\u00e7\u00e3o organizacional e reestrutura\u00e7\u00e3o de empresas p\u00fablicas e privadas.<\/p>\n","protected":false},"excerpt":{"rendered":"<p>O N\u00facleo, fundado em 1988, desenvolve pesquisa, ensino e consultoria em tr\u00eas grandes campos tem\u00e1ticos: Comportamento Humano nas Organiza\u00e7\u00f5es; Mudan\u00e7a e Desenvolvimento Organizacional; Gest\u00e3o de Pessoas. 1. Comportamento Humano nas &hellip; <a href=\"https:\/\/pesquisas.face.ufmg.br\/necom\/\" class=\"more-link\">Continue reading <span class=\"screen-reader-text\">O N\u00facleo<\/span><\/a><\/p>\n","protected":false},"author":1,"featured_media":0,"parent":0,"menu_order":0,"comment_status":"closed","ping_status":"closed","template":"","meta":{"_crdt_document":"","_exactmetrics_skip_tracking":false,"_exactmetrics_sitenote_active":false,"_exactmetrics_sitenote_note":"","_exactmetrics_sitenote_category":0,"footnotes":""},"class_list":["post-2","page","type-page","status-publish","hentry"],"_links":{"self":[{"href":"https:\/\/pesquisas.face.ufmg.br\/necom\/wp-json\/wp\/v2\/pages\/2","targetHints":{"allow":["GET"]}}],"collection":[{"href":"https:\/\/pesquisas.face.ufmg.br\/necom\/wp-json\/wp\/v2\/pages"}],"about":[{"href":"https:\/\/pesquisas.face.ufmg.br\/necom\/wp-json\/wp\/v2\/types\/page"}],"author":[{"embeddable":true,"href":"https:\/\/pesquisas.face.ufmg.br\/necom\/wp-json\/wp\/v2\/users\/1"}],"replies":[{"embeddable":true,"href":"https:\/\/pesquisas.face.ufmg.br\/necom\/wp-json\/wp\/v2\/comments?post=2"}],"version-history":[{"count":3,"href":"https:\/\/pesquisas.face.ufmg.br\/necom\/wp-json\/wp\/v2\/pages\/2\/revisions"}],"predecessor-version":[{"id":7,"href":"https:\/\/pesquisas.face.ufmg.br\/necom\/wp-json\/wp\/v2\/pages\/2\/revisions\/7"}],"wp:attachment":[{"href":"https:\/\/pesquisas.face.ufmg.br\/necom\/wp-json\/wp\/v2\/media?parent=2"}],"curies":[{"name":"wp","href":"https:\/\/api.w.org\/{rel}","templated":true}]}}